{"id":2403,"date":"2021-03-16T11:17:14","date_gmt":"2021-03-16T10:17:14","guid":{"rendered":"https:\/\/emasweden.com\/produkt\/forrivare-hd-s60-txf350-1200\/"},"modified":"2023-09-01T09:40:32","modified_gmt":"2023-09-01T07:40:32","slug":"forrivare-hd-s60-txf350-1200","status":"publish","type":"product","link":"https:\/\/emastaging.hemsida.eu\/no\/produkt\/forrivare-hd-s60-txf350-1200\/","title":{"rendered":"HD F\u00f6rrivare (HD-S60-TXF350-1200)"},"content":{"rendered":"<p><strong>HD F\u00f6rrivare (HD-S60-TXF350-1200)<\/strong><\/p>\n<p>F\u00f6rrivare. Anv\u00e4nds f\u00f6r att underl\u00e4tta vid pl\u00f6jning med t ex kabelplog.<br \/>\nEj att f\u00f6rv\u00e4xlas med en tj\u00e4lrivare.<\/p>\n<p>&nbsp;<\/p>\n<p>\u2013\u00a0<a href=\"https:\/\/www.ssab.com\/sv-se\/varumarken-och-produkter\/hardox\/produktprogram\/450\"><strong>HARDOX 450<\/strong><\/a>\u00a0i slitytor<\/p>\n<p>\u2013 TXF350<\/p>\n","protected":false},"excerpt":{"rendered":"<p>HD F\u00f6rrivare (HD-S60-TXF350-1200) F\u00f6rrivare. Anv\u00e4nds f\u00f6r att underl\u00e4tta vid pl\u00f6jning med t ex kabelplog. Ej att f\u00f6rv\u00e4xlas med en tj\u00e4lrivare. &nbsp; \u2013\u00a0HARDOX 450\u00a0i slitytor \u2013 TXF350<\/p>\n","protected":false},"featured_media":2670,"template":"","meta":{"_mi_skip_tracking":false,"_monsterinsights_sitenote_active":false,"_monsterinsights_sitenote_note":"","_monsterinsights_sitenote_category":0},"product_cat":[1028,65],"product_tag":[],"yoast_head":"<!-- This site is optimized with the Yoast SEO plugin v21.2 - https:\/\/yoast.com\/wordpress\/plugins\/seo\/ -->\n<title>HD F\u00f6rrivare (HD-S60-TXF350-1200) - EMA Sverige<\/title>\n<meta name=\"description\" content=\"HD F\u00f6rrivare (HD-S60-TXF350-1200) - EMA Sverige - F\u00f6rrivare. Anv\u00e4nds f\u00f6r att underl\u00e4tta vid pl\u00f6jning med t ex kabelplog. HARDOX 450 i alla slitytor.\" \/>\n<meta name=\"robots\" content=\"noindex, follow, max-snippet:-1, max-image-preview:large, max-video-preview:-1\" \/>\n<meta property=\"og:locale\" content=\"nb_NO\" \/>\n<meta property=\"og:type\" content=\"article\" \/>\n<meta property=\"og:title\" content=\"HD F\u00f6rrivare (HD-S60-TXF350-1200) - EMA Sverige\" \/>\n<meta property=\"og:description\" content=\"HD F\u00f6rrivare (HD-S60-TXF350-1200) - EMA Sverige - F\u00f6rrivare. Anv\u00e4nds f\u00f6r att underl\u00e4tta vid pl\u00f6jning med t ex kabelplog. HARDOX 450 i alla slitytor.\" \/>\n<meta property=\"og:url\" content=\"https:\/\/emastaging.hemsida.eu\/no\/produkt\/forrivare-hd-s60-txf350-1200\/\" \/>\n<meta property=\"og:site_name\" content=\"EMA Sverige\" \/>\n<meta property=\"article:modified_time\" content=\"2023-09-01T07:40:32+00:00\" \/>\n<meta property=\"og:image\" content=\"https:\/\/emastaging.hemsida.eu\/wp-content\/uploads\/2021\/03\/7299052_1.jpg\" \/>\n\t<meta property=\"og:image:width\" content=\"1000\" \/>\n\t<meta property=\"og:image:height\" content=\"750\" \/>\n\t<meta property=\"og:image:type\" content=\"image\/jpeg\" \/>\n<meta name=\"twitter:card\" content=\"summary_large_image\" \/>\n<meta name=\"twitter:label1\" content=\"Ansl. lesetid\" \/>\n\t<meta name=\"twitter:data1\" content=\"1 minutt\" \/>\n<script type=\"application\/ld+json\" class=\"yoast-schema-graph\">{\"@context\":\"https:\/\/schema.org\",\"@graph\":[{\"@type\":\"WebPage\",\"@id\":\"https:\/\/emastaging.hemsida.eu\/no\/produkt\/forrivare-hd-s60-txf350-1200\/\",\"url\":\"https:\/\/emastaging.hemsida.eu\/no\/produkt\/forrivare-hd-s60-txf350-1200\/\",\"name\":\"HD F\u00f6rrivare (HD-S60-TXF350-1200) - EMA Sverige\",\"isPartOf\":{\"@id\":\"https:\/\/emastaging.hemsida.eu\/no\/#website\"},\"datePublished\":\"2021-03-16T10:17:14+00:00\",\"dateModified\":\"2023-09-01T07:40:32+00:00\",\"description\":\"HD F\u00f6rrivare (HD-S60-TXF350-1200) - EMA Sverige - F\u00f6rrivare. Anv\u00e4nds f\u00f6r att underl\u00e4tta vid pl\u00f6jning med t ex kabelplog. HARDOX 450 i alla slitytor.\",\"breadcrumb\":{\"@id\":\"https:\/\/emastaging.hemsida.eu\/no\/produkt\/forrivare-hd-s60-txf350-1200\/#breadcrumb\"},\"inLanguage\":\"nb-NO\",\"potentialAction\":[{\"@type\":\"ReadAction\",\"target\":[\"https:\/\/emastaging.hemsida.eu\/no\/produkt\/forrivare-hd-s60-txf350-1200\/\"]}]},{\"@type\":\"BreadcrumbList\",\"@id\":\"https:\/\/emastaging.hemsida.eu\/no\/produkt\/forrivare-hd-s60-txf350-1200\/#breadcrumb\",\"itemListElement\":[{\"@type\":\"ListItem\",\"position\":1,\"name\":\"Hjem\",\"item\":\"https:\/\/emastaging.hemsida.eu\/no\/ema-sverige\/\"},{\"@type\":\"ListItem\",\"position\":2,\"name\":\"Butik\",\"item\":\"https:\/\/emastaging.hemsida.eu\/no\/butik\/\"},{\"@type\":\"ListItem\",\"position\":3,\"name\":\"HD F\u00f6rrivare (HD-S60-TXF350-1200)\"}]},{\"@type\":\"WebSite\",\"@id\":\"https:\/\/emastaging.hemsida.eu\/no\/#website\",\"url\":\"https:\/\/emastaging.hemsida.eu\/no\/\",\"name\":\"EMA Sverige\",\"description\":\"\",\"potentialAction\":[{\"@type\":\"SearchAction\",\"target\":{\"@type\":\"EntryPoint\",\"urlTemplate\":\"https:\/\/emastaging.hemsida.eu\/no\/?s={search_term_string}\"},\"query-input\":\"required name=search_term_string\"}],\"inLanguage\":\"nb-NO\"}]}<\/script>\n<!-- \/ Yoast SEO plugin. -->","yoast_head_json":{"title":"HD F\u00f6rrivare (HD-S60-TXF350-1200) - EMA Sverige","description":"HD F\u00f6rrivare (HD-S60-TXF350-1200) - EMA Sverige - F\u00f6rrivare. Anv\u00e4nds f\u00f6r att underl\u00e4tta vid pl\u00f6jning med t ex kabelplog. HARDOX 450 i alla slitytor.","robots":{"index":"noindex","follow":"follow","max-snippet":"max-snippet:-1","max-image-preview":"max-image-preview:large","max-video-preview":"max-video-preview:-1"},"og_locale":"nb_NO","og_type":"article","og_title":"HD F\u00f6rrivare (HD-S60-TXF350-1200) - EMA Sverige","og_description":"HD F\u00f6rrivare (HD-S60-TXF350-1200) - EMA Sverige - F\u00f6rrivare. Anv\u00e4nds f\u00f6r att underl\u00e4tta vid pl\u00f6jning med t ex kabelplog. HARDOX 450 i alla slitytor.","og_url":"https:\/\/emastaging.hemsida.eu\/no\/produkt\/forrivare-hd-s60-txf350-1200\/","og_site_name":"EMA Sverige","article_modified_time":"2023-09-01T07:40:32+00:00","og_image":[{"width":1000,"height":750,"url":"https:\/\/emastaging.hemsida.eu\/wp-content\/uploads\/2021\/03\/7299052_1.jpg","type":"image\/jpeg"}],"twitter_card":"summary_large_image","twitter_misc":{"Ansl. lesetid":"1 minutt"},"schema":{"@context":"https:\/\/schema.org","@graph":[{"@type":"WebPage","@id":"https:\/\/emastaging.hemsida.eu\/no\/produkt\/forrivare-hd-s60-txf350-1200\/","url":"https:\/\/emastaging.hemsida.eu\/no\/produkt\/forrivare-hd-s60-txf350-1200\/","name":"HD F\u00f6rrivare (HD-S60-TXF350-1200) - EMA Sverige","isPartOf":{"@id":"https:\/\/emastaging.hemsida.eu\/no\/#website"},"datePublished":"2021-03-16T10:17:14+00:00","dateModified":"2023-09-01T07:40:32+00:00","description":"HD F\u00f6rrivare (HD-S60-TXF350-1200) - EMA Sverige - F\u00f6rrivare. Anv\u00e4nds f\u00f6r att underl\u00e4tta vid pl\u00f6jning med t ex kabelplog. HARDOX 450 i alla slitytor.","breadcrumb":{"@id":"https:\/\/emastaging.hemsida.eu\/no\/produkt\/forrivare-hd-s60-txf350-1200\/#breadcrumb"},"inLanguage":"nb-NO","potentialAction":[{"@type":"ReadAction","target":["https:\/\/emastaging.hemsida.eu\/no\/produkt\/forrivare-hd-s60-txf350-1200\/"]}]},{"@type":"BreadcrumbList","@id":"https:\/\/emastaging.hemsida.eu\/no\/produkt\/forrivare-hd-s60-txf350-1200\/#breadcrumb","itemListElement":[{"@type":"ListItem","position":1,"name":"Hjem","item":"https:\/\/emastaging.hemsida.eu\/no\/ema-sverige\/"},{"@type":"ListItem","position":2,"name":"Butik","item":"https:\/\/emastaging.hemsida.eu\/no\/butik\/"},{"@type":"ListItem","position":3,"name":"HD F\u00f6rrivare (HD-S60-TXF350-1200)"}]},{"@type":"WebSite","@id":"https:\/\/emastaging.hemsida.eu\/no\/#website","url":"https:\/\/emastaging.hemsida.eu\/no\/","name":"EMA Sverige","description":"","potentialAction":[{"@type":"SearchAction","target":{"@type":"EntryPoint","urlTemplate":"https:\/\/emastaging.hemsida.eu\/no\/?s={search_term_string}"},"query-input":"required name=search_term_string"}],"inLanguage":"nb-NO"}]}},"_links":{"self":[{"href":"https:\/\/emastaging.hemsida.eu\/no\/wp-json\/wp\/v2\/product\/2403"}],"collection":[{"href":"https:\/\/emastaging.hemsida.eu\/no\/wp-json\/wp\/v2\/product"}],"about":[{"href":"https:\/\/emastaging.hemsida.eu\/no\/wp-json\/wp\/v2\/types\/product"}],"wp:featuredmedia":[{"embeddable":true,"href":"https:\/\/emastaging.hemsida.eu\/no\/wp-json\/wp\/v2\/media\/2670"}],"wp:attachment":[{"href":"https:\/\/emastaging.hemsida.eu\/no\/wp-json\/wp\/v2\/media?parent=2403"}],"wp:term":[{"taxonomy":"product_cat","embeddable":true,"href":"https:\/\/emastaging.hemsida.eu\/no\/wp-json\/wp\/v2\/product_cat?post=2403"},{"taxonomy":"product_tag","embeddable":true,"href":"https:\/\/emastaging.hemsida.eu\/no\/wp-json\/wp\/v2\/product_tag?post=2403"}],"curies":[{"name":"wp","href":"https:\/\/api.w.org\/{rel}","templated":true}]}}