{"id":2396,"date":"2021-03-16T11:16:53","date_gmt":"2021-03-16T10:16:53","guid":{"rendered":"https:\/\/emasweden.com\/produkt\/tjalkrok-hd-s90-tx550\/"},"modified":"2023-09-01T09:40:28","modified_gmt":"2023-09-01T07:40:28","slug":"hd-tjalkrok-tx550-s90","status":"publish","type":"product","link":"https:\/\/emastaging.hemsida.eu\/no\/produkt\/hd-tjalkrok-tx550-s90\/","title":{"rendered":"HD Tj\u00e4lkrok &#8211; TX550 &#8211; S90"},"content":{"rendered":"<p><sup>HD Tj\u00e4lkrok &#8211; TX550 &#8211; S90<\/sup><br \/>\n\u2013  Heavy duty (HD) \u00e4r kraftpaketet i v\u00e5rt produktsortiment. H\u00e4r tummas det inte p\u00e5<br \/>\nn\u00e5got n\u00e4r det kommer till material. Detta kraftpaket anv\u00e4nds mest av brukare som<br \/>\nst\u00e4ller mycket h\u00f6ga krav p\u00e5 sina produkter och d\u00e4r man ofta arbetar i material samt<br \/>\nmilj\u00f6er som kr\u00e4ver det lilla extra n\u00e4r det kommer till t\u00e5lighet. <\/p>\n<p>\u2022\tRobust design<br \/>\n<br \/>\u2022\tKonstruerad f\u00f6r ett kontinuerligt samt kr\u00e4vande arbete<br \/>\n<br \/>\u2022\tHardox\u00ae 450 i alla slitytor<br \/>\n<br \/>\u2022\tCAT tandsystem<br \/>\n<br \/>\u2022\tBred rygg f\u00f6r enkel och s\u00e4ker avst\u00e4llning &#8211; den breda ryggen ger \u00e4ven ett b\u00e4ttre moth\u00e5ll<\/p>\n","protected":false},"excerpt":{"rendered":"<p>HD Tj\u00e4lkrok &#8211; TX550 &#8211; S90 \u2013 Heavy duty (HD) \u00e4r kraftpaketet i v\u00e5rt produktsortiment. H\u00e4r tummas det inte p\u00e5 n\u00e5got n\u00e4r det kommer till material. Detta kraftpaket anv\u00e4nds mest av brukare som st\u00e4ller mycket h\u00f6ga krav p\u00e5 sina produkter och d\u00e4r man ofta arbetar i material samt milj\u00f6er som kr\u00e4ver det lilla extra n\u00e4r [&hellip;]<\/p>\n","protected":false},"featured_media":2646,"template":"","meta":{"_mi_skip_tracking":false,"_monsterinsights_sitenote_active":false,"_monsterinsights_sitenote_note":"","_monsterinsights_sitenote_category":0},"product_cat":[65,656],"product_tag":[],"yoast_head":"<!-- This site is optimized with the Yoast SEO plugin v21.2 - https:\/\/yoast.com\/wordpress\/plugins\/seo\/ -->\n<title>HD Tj\u00e4lkrok - TX550 - S90 - EMA Sverige<\/title>\n<meta name=\"description\" content=\"EMA HD Tj\u00e4lkrok - TX550 - S90. Hardox\u00ae 450 i alla slitytor, konstruerad f\u00f6r ett kontinuerligt samt kr\u00e4vande arbete.\" \/>\n<meta name=\"robots\" content=\"noindex, follow, max-snippet:-1, max-image-preview:large, max-video-preview:-1\" \/>\n<meta property=\"og:locale\" content=\"nb_NO\" \/>\n<meta property=\"og:type\" content=\"article\" \/>\n<meta property=\"og:title\" content=\"HD Tj\u00e4lkrok - TX550 - S90 - EMA Sverige\" \/>\n<meta property=\"og:description\" content=\"EMA HD Tj\u00e4lkrok - TX550 - S90. Hardox\u00ae 450 i alla slitytor, konstruerad f\u00f6r ett kontinuerligt samt kr\u00e4vande arbete.\" \/>\n<meta property=\"og:url\" content=\"https:\/\/emastaging.hemsida.eu\/no\/produkt\/hd-tjalkrok-tx550-s90\/\" \/>\n<meta property=\"og:site_name\" content=\"EMA Sverige\" \/>\n<meta property=\"article:modified_time\" content=\"2023-09-01T07:40:28+00:00\" \/>\n<meta property=\"og:image\" content=\"https:\/\/emastaging.hemsida.eu\/wp-content\/uploads\/2021\/03\/7299011_1.jpg\" \/>\n\t<meta property=\"og:image:width\" content=\"1000\" \/>\n\t<meta property=\"og:image:height\" content=\"750\" \/>\n\t<meta property=\"og:image:type\" content=\"image\/jpeg\" \/>\n<meta name=\"twitter:card\" content=\"summary_large_image\" \/>\n<meta name=\"twitter:label1\" content=\"Ansl. lesetid\" \/>\n\t<meta name=\"twitter:data1\" content=\"1 minutt\" \/>\n<script type=\"application\/ld+json\" class=\"yoast-schema-graph\">{\"@context\":\"https:\/\/schema.org\",\"@graph\":[{\"@type\":\"WebPage\",\"@id\":\"https:\/\/emastaging.hemsida.eu\/no\/produkt\/hd-tjalkrok-tx550-s90\/\",\"url\":\"https:\/\/emastaging.hemsida.eu\/no\/produkt\/hd-tjalkrok-tx550-s90\/\",\"name\":\"HD Tj\u00e4lkrok - TX550 - S90 - EMA Sverige\",\"isPartOf\":{\"@id\":\"https:\/\/emastaging.hemsida.eu\/no\/#website\"},\"datePublished\":\"2021-03-16T10:16:53+00:00\",\"dateModified\":\"2023-09-01T07:40:28+00:00\",\"description\":\"EMA HD Tj\u00e4lkrok - TX550 - S90. Hardox\u00ae 450 i alla slitytor, konstruerad f\u00f6r ett kontinuerligt samt kr\u00e4vande arbete.\",\"breadcrumb\":{\"@id\":\"https:\/\/emastaging.hemsida.eu\/no\/produkt\/hd-tjalkrok-tx550-s90\/#breadcrumb\"},\"inLanguage\":\"nb-NO\",\"potentialAction\":[{\"@type\":\"ReadAction\",\"target\":[\"https:\/\/emastaging.hemsida.eu\/no\/produkt\/hd-tjalkrok-tx550-s90\/\"]}]},{\"@type\":\"BreadcrumbList\",\"@id\":\"https:\/\/emastaging.hemsida.eu\/no\/produkt\/hd-tjalkrok-tx550-s90\/#breadcrumb\",\"itemListElement\":[{\"@type\":\"ListItem\",\"position\":1,\"name\":\"Hjem\",\"item\":\"https:\/\/emastaging.hemsida.eu\/no\/ema-sverige\/\"},{\"@type\":\"ListItem\",\"position\":2,\"name\":\"Butik\",\"item\":\"https:\/\/emastaging.hemsida.eu\/no\/butik\/\"},{\"@type\":\"ListItem\",\"position\":3,\"name\":\"HD Tj\u00e4lkrok &#8211; TX550 &#8211; S90\"}]},{\"@type\":\"WebSite\",\"@id\":\"https:\/\/emastaging.hemsida.eu\/no\/#website\",\"url\":\"https:\/\/emastaging.hemsida.eu\/no\/\",\"name\":\"EMA Sverige\",\"description\":\"\",\"potentialAction\":[{\"@type\":\"SearchAction\",\"target\":{\"@type\":\"EntryPoint\",\"urlTemplate\":\"https:\/\/emastaging.hemsida.eu\/no\/?s={search_term_string}\"},\"query-input\":\"required name=search_term_string\"}],\"inLanguage\":\"nb-NO\"}]}<\/script>\n<!-- \/ Yoast SEO plugin. -->","yoast_head_json":{"title":"HD Tj\u00e4lkrok - TX550 - S90 - EMA Sverige","description":"EMA HD Tj\u00e4lkrok - TX550 - S90. Hardox\u00ae 450 i alla slitytor, konstruerad f\u00f6r ett kontinuerligt samt kr\u00e4vande arbete.","robots":{"index":"noindex","follow":"follow","max-snippet":"max-snippet:-1","max-image-preview":"max-image-preview:large","max-video-preview":"max-video-preview:-1"},"og_locale":"nb_NO","og_type":"article","og_title":"HD Tj\u00e4lkrok - TX550 - S90 - EMA Sverige","og_description":"EMA HD Tj\u00e4lkrok - TX550 - S90. Hardox\u00ae 450 i alla slitytor, konstruerad f\u00f6r ett kontinuerligt samt kr\u00e4vande arbete.","og_url":"https:\/\/emastaging.hemsida.eu\/no\/produkt\/hd-tjalkrok-tx550-s90\/","og_site_name":"EMA Sverige","article_modified_time":"2023-09-01T07:40:28+00:00","og_image":[{"width":1000,"height":750,"url":"https:\/\/emastaging.hemsida.eu\/wp-content\/uploads\/2021\/03\/7299011_1.jpg","type":"image\/jpeg"}],"twitter_card":"summary_large_image","twitter_misc":{"Ansl. lesetid":"1 minutt"},"schema":{"@context":"https:\/\/schema.org","@graph":[{"@type":"WebPage","@id":"https:\/\/emastaging.hemsida.eu\/no\/produkt\/hd-tjalkrok-tx550-s90\/","url":"https:\/\/emastaging.hemsida.eu\/no\/produkt\/hd-tjalkrok-tx550-s90\/","name":"HD Tj\u00e4lkrok - TX550 - S90 - EMA Sverige","isPartOf":{"@id":"https:\/\/emastaging.hemsida.eu\/no\/#website"},"datePublished":"2021-03-16T10:16:53+00:00","dateModified":"2023-09-01T07:40:28+00:00","description":"EMA HD Tj\u00e4lkrok - TX550 - S90. Hardox\u00ae 450 i alla slitytor, konstruerad f\u00f6r ett kontinuerligt samt kr\u00e4vande arbete.","breadcrumb":{"@id":"https:\/\/emastaging.hemsida.eu\/no\/produkt\/hd-tjalkrok-tx550-s90\/#breadcrumb"},"inLanguage":"nb-NO","potentialAction":[{"@type":"ReadAction","target":["https:\/\/emastaging.hemsida.eu\/no\/produkt\/hd-tjalkrok-tx550-s90\/"]}]},{"@type":"BreadcrumbList","@id":"https:\/\/emastaging.hemsida.eu\/no\/produkt\/hd-tjalkrok-tx550-s90\/#breadcrumb","itemListElement":[{"@type":"ListItem","position":1,"name":"Hjem","item":"https:\/\/emastaging.hemsida.eu\/no\/ema-sverige\/"},{"@type":"ListItem","position":2,"name":"Butik","item":"https:\/\/emastaging.hemsida.eu\/no\/butik\/"},{"@type":"ListItem","position":3,"name":"HD Tj\u00e4lkrok &#8211; TX550 &#8211; S90"}]},{"@type":"WebSite","@id":"https:\/\/emastaging.hemsida.eu\/no\/#website","url":"https:\/\/emastaging.hemsida.eu\/no\/","name":"EMA Sverige","description":"","potentialAction":[{"@type":"SearchAction","target":{"@type":"EntryPoint","urlTemplate":"https:\/\/emastaging.hemsida.eu\/no\/?s={search_term_string}"},"query-input":"required name=search_term_string"}],"inLanguage":"nb-NO"}]}},"_links":{"self":[{"href":"https:\/\/emastaging.hemsida.eu\/no\/wp-json\/wp\/v2\/product\/2396"}],"collection":[{"href":"https:\/\/emastaging.hemsida.eu\/no\/wp-json\/wp\/v2\/product"}],"about":[{"href":"https:\/\/emastaging.hemsida.eu\/no\/wp-json\/wp\/v2\/types\/product"}],"wp:featuredmedia":[{"embeddable":true,"href":"https:\/\/emastaging.hemsida.eu\/no\/wp-json\/wp\/v2\/media\/2646"}],"wp:attachment":[{"href":"https:\/\/emastaging.hemsida.eu\/no\/wp-json\/wp\/v2\/media?parent=2396"}],"wp:term":[{"taxonomy":"product_cat","embeddable":true,"href":"https:\/\/emastaging.hemsida.eu\/no\/wp-json\/wp\/v2\/product_cat?post=2396"},{"taxonomy":"product_tag","embeddable":true,"href":"https:\/\/emastaging.hemsida.eu\/no\/wp-json\/wp\/v2\/product_tag?post=2396"}],"curies":[{"name":"wp","href":"https:\/\/api.w.org\/{rel}","templated":true}]}}