{"id":2378,"date":"2021-03-16T11:16:07","date_gmt":"2021-03-16T10:16:07","guid":{"rendered":"https:\/\/emasweden.com\/produkt\/hd-va-skopa-1050l-1000mm-s80\/"},"modified":"2023-09-01T09:40:14","modified_gmt":"2023-09-01T07:40:14","slug":"hd-va-skopa-1050l-1000mm-s80","status":"publish","type":"product","link":"https:\/\/emastaging.hemsida.eu\/no\/produkt\/hd-va-skopa-1050l-1000mm-s80\/","title":{"rendered":"HD VA-Skopa 1050L &#8211; 1000mm &#8211; S80"},"content":{"rendered":"<p><sup>HD VA-Skopa 1050L &#8211; 1000mm &#8211; S80<\/sup><br \/>\nHeavy duty (HD) \u00e4r kraftpaketet i v\u00e5rt produktsortiment. H\u00e4r tummas det inte p\u00e5 n\u00e5got n\u00e4r det kommer till material. Produkterna utrustas med slitribbor i botten samt att produkterna ofta \u00e4r gr\u00f6vre dimensionerande. <\/p>\n<p>Detta kraftpaket anv\u00e4nds mest av brukare som st\u00e4ller mycket h\u00f6ga krav p\u00e5 sina produkter och d\u00e4r man ofta arbetar i material samt milj\u00f6er som kr\u00e4ver det lilla extra n\u00e4r det kommer till t\u00e5lighet. Denna kategori av skopor \u00e4r ofta tyngre d\u00e5 man anv\u00e4nder extra st\u00e5l, men detta resulterar i att man f\u00e5r en mycket slitstark skopa.<\/p>\n<p>\u2022\tSk\u00e4r i 500 Brinell <a href=\"https:\/\/www.borox.se\/produkter\/skopst\u00e5l\" target=\"_blank\" rel=\"noopener\">BOROX<\/a><br \/>\n<br \/>\u2022\tSlitskydd p\u00e5 sidorna, gavel fram, botten<br \/>\noch slitribbor i <a href=\"https:\/\/www.ssab.com\/products\/brands\/hardox\/products\/hardox-450\" target=\"_blank\" rel=\"noopener\">HARDOX\u00ae 450<\/a><br \/>\n<br \/>\u2022\tSkopan \u00e4r framtagen tillsammans med maskinf\u00f6rare<br \/>\n<br \/>\u2022\tL\u00e5ng botten och l\u00e5ga sidor ger god tunnlingsf\u00f6rm\u00e5ga<\/p>\n","protected":false},"excerpt":{"rendered":"<p>HD VA-Skopa 1050L &#8211; 1000mm &#8211; S80 Heavy duty (HD) \u00e4r kraftpaketet i v\u00e5rt produktsortiment. H\u00e4r tummas det inte p\u00e5 n\u00e5got n\u00e4r det kommer till material. Produkterna utrustas med slitribbor i botten samt att produkterna ofta \u00e4r gr\u00f6vre dimensionerande. Detta kraftpaket anv\u00e4nds mest av brukare som st\u00e4ller mycket h\u00f6ga krav p\u00e5 sina produkter och d\u00e4r [&hellip;]<\/p>\n","protected":false},"featured_media":1336,"template":"","meta":{"_mi_skip_tracking":false,"_monsterinsights_sitenote_active":false,"_monsterinsights_sitenote_note":"","_monsterinsights_sitenote_category":0},"product_cat":[65,219],"product_tag":[],"yoast_head":"<!-- This site is optimized with the Yoast SEO plugin v21.2 - https:\/\/yoast.com\/wordpress\/plugins\/seo\/ -->\n<title>HD VA-Skopa 1050L - 1000mm - S80 - EMA Sverige<\/title>\n<meta name=\"description\" content=\"HD VA-Skopa 1050L - 1000mm - S80. Sk\u00e4r i 500 Brinell Borox, Slitskydd p\u00e5 sidorna, gavel fram, botten och slitribbor i 450 Hardox\u00ae\" \/>\n<meta name=\"robots\" content=\"noindex, follow, max-snippet:-1, max-image-preview:large, max-video-preview:-1\" \/>\n<meta property=\"og:locale\" content=\"nb_NO\" \/>\n<meta property=\"og:type\" content=\"article\" \/>\n<meta property=\"og:title\" content=\"HD VA-Skopa 1050L - 1000mm - S80 - EMA Sverige\" \/>\n<meta property=\"og:description\" content=\"HD VA-Skopa 1050L - 1000mm - S80. Sk\u00e4r i 500 Brinell Borox, Slitskydd p\u00e5 sidorna, gavel fram, botten och slitribbor i 450 Hardox\u00ae\" \/>\n<meta property=\"og:url\" content=\"https:\/\/emastaging.hemsida.eu\/no\/produkt\/hd-va-skopa-1050l-1000mm-s80\/\" \/>\n<meta property=\"og:site_name\" content=\"EMA Sverige\" \/>\n<meta property=\"article:modified_time\" content=\"2023-09-01T07:40:14+00:00\" \/>\n<meta property=\"og:image\" content=\"https:\/\/emastaging.hemsida.eu\/wp-content\/uploads\/2021\/01\/7298152_1.jpg\" \/>\n\t<meta property=\"og:image:width\" content=\"1000\" \/>\n\t<meta property=\"og:image:height\" content=\"750\" \/>\n\t<meta property=\"og:image:type\" content=\"image\/jpeg\" \/>\n<meta name=\"twitter:card\" content=\"summary_large_image\" \/>\n<meta name=\"twitter:label1\" content=\"Ansl. lesetid\" \/>\n\t<meta name=\"twitter:data1\" content=\"1 minutt\" \/>\n<script type=\"application\/ld+json\" class=\"yoast-schema-graph\">{\"@context\":\"https:\/\/schema.org\",\"@graph\":[{\"@type\":\"WebPage\",\"@id\":\"https:\/\/emastaging.hemsida.eu\/no\/produkt\/hd-va-skopa-1050l-1000mm-s80\/\",\"url\":\"https:\/\/emastaging.hemsida.eu\/no\/produkt\/hd-va-skopa-1050l-1000mm-s80\/\",\"name\":\"HD VA-Skopa 1050L - 1000mm - S80 - EMA Sverige\",\"isPartOf\":{\"@id\":\"https:\/\/emastaging.hemsida.eu\/no\/#website\"},\"datePublished\":\"2021-03-16T10:16:07+00:00\",\"dateModified\":\"2023-09-01T07:40:14+00:00\",\"description\":\"HD VA-Skopa 1050L - 1000mm - S80. Sk\u00e4r i 500 Brinell Borox, Slitskydd p\u00e5 sidorna, gavel fram, botten och slitribbor i 450 Hardox\u00ae\",\"breadcrumb\":{\"@id\":\"https:\/\/emastaging.hemsida.eu\/no\/produkt\/hd-va-skopa-1050l-1000mm-s80\/#breadcrumb\"},\"inLanguage\":\"nb-NO\",\"potentialAction\":[{\"@type\":\"ReadAction\",\"target\":[\"https:\/\/emastaging.hemsida.eu\/no\/produkt\/hd-va-skopa-1050l-1000mm-s80\/\"]}]},{\"@type\":\"BreadcrumbList\",\"@id\":\"https:\/\/emastaging.hemsida.eu\/no\/produkt\/hd-va-skopa-1050l-1000mm-s80\/#breadcrumb\",\"itemListElement\":[{\"@type\":\"ListItem\",\"position\":1,\"name\":\"Hjem\",\"item\":\"https:\/\/emastaging.hemsida.eu\/no\/ema-sverige\/\"},{\"@type\":\"ListItem\",\"position\":2,\"name\":\"Butik\",\"item\":\"https:\/\/emastaging.hemsida.eu\/no\/butik\/\"},{\"@type\":\"ListItem\",\"position\":3,\"name\":\"HD VA-Skopa 1050L &#8211; 1000mm &#8211; S80\"}]},{\"@type\":\"WebSite\",\"@id\":\"https:\/\/emastaging.hemsida.eu\/no\/#website\",\"url\":\"https:\/\/emastaging.hemsida.eu\/no\/\",\"name\":\"EMA Sverige\",\"description\":\"\",\"potentialAction\":[{\"@type\":\"SearchAction\",\"target\":{\"@type\":\"EntryPoint\",\"urlTemplate\":\"https:\/\/emastaging.hemsida.eu\/no\/?s={search_term_string}\"},\"query-input\":\"required name=search_term_string\"}],\"inLanguage\":\"nb-NO\"}]}<\/script>\n<!-- \/ Yoast SEO plugin. -->","yoast_head_json":{"title":"HD VA-Skopa 1050L - 1000mm - S80 - EMA Sverige","description":"HD VA-Skopa 1050L - 1000mm - S80. Sk\u00e4r i 500 Brinell Borox, Slitskydd p\u00e5 sidorna, gavel fram, botten och slitribbor i 450 Hardox\u00ae","robots":{"index":"noindex","follow":"follow","max-snippet":"max-snippet:-1","max-image-preview":"max-image-preview:large","max-video-preview":"max-video-preview:-1"},"og_locale":"nb_NO","og_type":"article","og_title":"HD VA-Skopa 1050L - 1000mm - S80 - EMA Sverige","og_description":"HD VA-Skopa 1050L - 1000mm - S80. Sk\u00e4r i 500 Brinell Borox, Slitskydd p\u00e5 sidorna, gavel fram, botten och slitribbor i 450 Hardox\u00ae","og_url":"https:\/\/emastaging.hemsida.eu\/no\/produkt\/hd-va-skopa-1050l-1000mm-s80\/","og_site_name":"EMA Sverige","article_modified_time":"2023-09-01T07:40:14+00:00","og_image":[{"width":1000,"height":750,"url":"https:\/\/emastaging.hemsida.eu\/wp-content\/uploads\/2021\/01\/7298152_1.jpg","type":"image\/jpeg"}],"twitter_card":"summary_large_image","twitter_misc":{"Ansl. lesetid":"1 minutt"},"schema":{"@context":"https:\/\/schema.org","@graph":[{"@type":"WebPage","@id":"https:\/\/emastaging.hemsida.eu\/no\/produkt\/hd-va-skopa-1050l-1000mm-s80\/","url":"https:\/\/emastaging.hemsida.eu\/no\/produkt\/hd-va-skopa-1050l-1000mm-s80\/","name":"HD VA-Skopa 1050L - 1000mm - S80 - EMA Sverige","isPartOf":{"@id":"https:\/\/emastaging.hemsida.eu\/no\/#website"},"datePublished":"2021-03-16T10:16:07+00:00","dateModified":"2023-09-01T07:40:14+00:00","description":"HD VA-Skopa 1050L - 1000mm - S80. Sk\u00e4r i 500 Brinell Borox, Slitskydd p\u00e5 sidorna, gavel fram, botten och slitribbor i 450 Hardox\u00ae","breadcrumb":{"@id":"https:\/\/emastaging.hemsida.eu\/no\/produkt\/hd-va-skopa-1050l-1000mm-s80\/#breadcrumb"},"inLanguage":"nb-NO","potentialAction":[{"@type":"ReadAction","target":["https:\/\/emastaging.hemsida.eu\/no\/produkt\/hd-va-skopa-1050l-1000mm-s80\/"]}]},{"@type":"BreadcrumbList","@id":"https:\/\/emastaging.hemsida.eu\/no\/produkt\/hd-va-skopa-1050l-1000mm-s80\/#breadcrumb","itemListElement":[{"@type":"ListItem","position":1,"name":"Hjem","item":"https:\/\/emastaging.hemsida.eu\/no\/ema-sverige\/"},{"@type":"ListItem","position":2,"name":"Butik","item":"https:\/\/emastaging.hemsida.eu\/no\/butik\/"},{"@type":"ListItem","position":3,"name":"HD VA-Skopa 1050L &#8211; 1000mm &#8211; S80"}]},{"@type":"WebSite","@id":"https:\/\/emastaging.hemsida.eu\/no\/#website","url":"https:\/\/emastaging.hemsida.eu\/no\/","name":"EMA Sverige","description":"","potentialAction":[{"@type":"SearchAction","target":{"@type":"EntryPoint","urlTemplate":"https:\/\/emastaging.hemsida.eu\/no\/?s={search_term_string}"},"query-input":"required name=search_term_string"}],"inLanguage":"nb-NO"}]}},"_links":{"self":[{"href":"https:\/\/emastaging.hemsida.eu\/no\/wp-json\/wp\/v2\/product\/2378"}],"collection":[{"href":"https:\/\/emastaging.hemsida.eu\/no\/wp-json\/wp\/v2\/product"}],"about":[{"href":"https:\/\/emastaging.hemsida.eu\/no\/wp-json\/wp\/v2\/types\/product"}],"wp:featuredmedia":[{"embeddable":true,"href":"https:\/\/emastaging.hemsida.eu\/no\/wp-json\/wp\/v2\/media\/1336"}],"wp:attachment":[{"href":"https:\/\/emastaging.hemsida.eu\/no\/wp-json\/wp\/v2\/media?parent=2378"}],"wp:term":[{"taxonomy":"product_cat","embeddable":true,"href":"https:\/\/emastaging.hemsida.eu\/no\/wp-json\/wp\/v2\/product_cat?post=2378"},{"taxonomy":"product_tag","embeddable":true,"href":"https:\/\/emastaging.hemsida.eu\/no\/wp-json\/wp\/v2\/product_tag?post=2378"}],"curies":[{"name":"wp","href":"https:\/\/api.w.org\/{rel}","templated":true}]}}