{"id":2356,"date":"2021-03-16T11:15:13","date_gmt":"2021-03-16T10:15:13","guid":{"rendered":"https:\/\/emasweden.com\/produkt\/hd-planeringsbalk-3500mm-utan-faste\/"},"modified":"2023-09-01T09:39:55","modified_gmt":"2023-09-01T07:39:55","slug":"hd-planeringsbalk-3500mm-utan-faste","status":"publish","type":"product","link":"https:\/\/emastaging.hemsida.eu\/no\/produkt\/hd-planeringsbalk-3500mm-utan-faste\/","title":{"rendered":"HD Planeringsbalk 3500mm &#8211; Utan F\u00e4ste"},"content":{"rendered":"<p><sup>HD Planeringsbalk 3500mm &#8211; Utan F\u00e4ste<\/sup><br \/>\n\u2013 Planeringsbalken som med sin mycket stabila konstruktion g\u00f6r succ\u00e9 i entreprenadsverige d\u00e5 du f\u00e5r med dig material i balken samtidigt som du effektivt kan planera och justera stora ytor. P\u00e5 v\u00e5r Heavy Duty modell har vi \u00f6kat upp med Hardox\u00ae 450 i hela inre och yttre f\u00f6rst\u00e4rkningarna, inte bara p\u00e5 gavlarna som i standard modellerna. Det inneb\u00e4r att \u00e4ven hela sidorna \u00e4r nu i Hardox\u00ae 450, allt f\u00f6r en l\u00e4ngre och mer h\u00e5llbar totalekonomi.<\/p>\n<p>\u2022\tBorox sk\u00e4rst\u00e5l<br \/>\n<br \/>\u2022\tHardox\u00ae 450 i slitytor och hela sidan<br \/>\n<br \/>\u2022\tInre och yttre f\u00f6rst\u00e4rkningar f\u00f6r \u00f6kad vridstyvhet<br \/>\n<br \/>\u2022\tMycket effektivt redskap n\u00e4r man justerar stora ytor<\/p>\n","protected":false},"excerpt":{"rendered":"<p>HD Planeringsbalk 3500mm &#8211; Utan F\u00e4ste \u2013 Planeringsbalken som med sin mycket stabila konstruktion g\u00f6r succ\u00e9 i entreprenadsverige d\u00e5 du f\u00e5r med dig material i balken samtidigt som du effektivt kan planera och justera stora ytor. P\u00e5 v\u00e5r Heavy Duty modell har vi \u00f6kat upp med Hardox\u00ae 450 i hela inre och yttre f\u00f6rst\u00e4rkningarna, inte [&hellip;]<\/p>\n","protected":false},"featured_media":2597,"template":"","meta":{"_mi_skip_tracking":false,"_monsterinsights_sitenote_active":false,"_monsterinsights_sitenote_note":"","_monsterinsights_sitenote_category":0},"product_cat":[65,35],"product_tag":[],"yoast_head":"<!-- This site is optimized with the Yoast SEO plugin v21.2 - https:\/\/yoast.com\/wordpress\/plugins\/seo\/ -->\n<title>HD Planeringsbalk 3500mm - Utan F\u00e4ste - EMA Sverige<\/title>\n<meta name=\"description\" content=\"HD Planeringsbalk 3500mm - Utan F\u00e4ste. Borox sk\u00e4rst\u00e5l, Hardox\u00ae 450 i slitytor och hela sidan. Mycket effektivt redskap n\u00e4r man justerar stora ytor\" \/>\n<meta name=\"robots\" content=\"noindex, follow, max-snippet:-1, max-image-preview:large, max-video-preview:-1\" \/>\n<meta property=\"og:locale\" content=\"nb_NO\" \/>\n<meta property=\"og:type\" content=\"article\" \/>\n<meta property=\"og:title\" content=\"HD Planeringsbalk 3500mm - Utan F\u00e4ste - EMA Sverige\" \/>\n<meta property=\"og:description\" content=\"HD Planeringsbalk 3500mm - Utan F\u00e4ste. Borox sk\u00e4rst\u00e5l, Hardox\u00ae 450 i slitytor och hela sidan. Mycket effektivt redskap n\u00e4r man justerar stora ytor\" \/>\n<meta property=\"og:url\" content=\"https:\/\/emastaging.hemsida.eu\/no\/produkt\/hd-planeringsbalk-3500mm-utan-faste\/\" \/>\n<meta property=\"og:site_name\" content=\"EMA Sverige\" \/>\n<meta property=\"article:modified_time\" content=\"2023-09-01T07:39:55+00:00\" \/>\n<meta property=\"og:image\" content=\"https:\/\/emastaging.hemsida.eu\/wp-content\/uploads\/2021\/03\/7296028_1.jpg\" \/>\n\t<meta property=\"og:image:width\" content=\"1000\" \/>\n\t<meta property=\"og:image:height\" content=\"750\" \/>\n\t<meta property=\"og:image:type\" content=\"image\/jpeg\" \/>\n<meta name=\"twitter:card\" content=\"summary_large_image\" \/>\n<meta name=\"twitter:label1\" content=\"Ansl. lesetid\" \/>\n\t<meta name=\"twitter:data1\" content=\"1 minutt\" \/>\n<script type=\"application\/ld+json\" class=\"yoast-schema-graph\">{\"@context\":\"https:\/\/schema.org\",\"@graph\":[{\"@type\":\"WebPage\",\"@id\":\"https:\/\/emastaging.hemsida.eu\/no\/produkt\/hd-planeringsbalk-3500mm-utan-faste\/\",\"url\":\"https:\/\/emastaging.hemsida.eu\/no\/produkt\/hd-planeringsbalk-3500mm-utan-faste\/\",\"name\":\"HD Planeringsbalk 3500mm - Utan F\u00e4ste - EMA Sverige\",\"isPartOf\":{\"@id\":\"https:\/\/emastaging.hemsida.eu\/no\/#website\"},\"datePublished\":\"2021-03-16T10:15:13+00:00\",\"dateModified\":\"2023-09-01T07:39:55+00:00\",\"description\":\"HD Planeringsbalk 3500mm - Utan F\u00e4ste. Borox sk\u00e4rst\u00e5l, Hardox\u00ae 450 i slitytor och hela sidan. Mycket effektivt redskap n\u00e4r man justerar stora ytor\",\"breadcrumb\":{\"@id\":\"https:\/\/emastaging.hemsida.eu\/no\/produkt\/hd-planeringsbalk-3500mm-utan-faste\/#breadcrumb\"},\"inLanguage\":\"nb-NO\",\"potentialAction\":[{\"@type\":\"ReadAction\",\"target\":[\"https:\/\/emastaging.hemsida.eu\/no\/produkt\/hd-planeringsbalk-3500mm-utan-faste\/\"]}]},{\"@type\":\"BreadcrumbList\",\"@id\":\"https:\/\/emastaging.hemsida.eu\/no\/produkt\/hd-planeringsbalk-3500mm-utan-faste\/#breadcrumb\",\"itemListElement\":[{\"@type\":\"ListItem\",\"position\":1,\"name\":\"Hjem\",\"item\":\"https:\/\/emastaging.hemsida.eu\/no\/ema-sverige\/\"},{\"@type\":\"ListItem\",\"position\":2,\"name\":\"Butik\",\"item\":\"https:\/\/emastaging.hemsida.eu\/no\/butik\/\"},{\"@type\":\"ListItem\",\"position\":3,\"name\":\"HD Planeringsbalk 3500mm &#8211; Utan F\u00e4ste\"}]},{\"@type\":\"WebSite\",\"@id\":\"https:\/\/emastaging.hemsida.eu\/no\/#website\",\"url\":\"https:\/\/emastaging.hemsida.eu\/no\/\",\"name\":\"EMA Sverige\",\"description\":\"\",\"potentialAction\":[{\"@type\":\"SearchAction\",\"target\":{\"@type\":\"EntryPoint\",\"urlTemplate\":\"https:\/\/emastaging.hemsida.eu\/no\/?s={search_term_string}\"},\"query-input\":\"required name=search_term_string\"}],\"inLanguage\":\"nb-NO\"}]}<\/script>\n<!-- \/ Yoast SEO plugin. -->","yoast_head_json":{"title":"HD Planeringsbalk 3500mm - Utan F\u00e4ste - EMA Sverige","description":"HD Planeringsbalk 3500mm - Utan F\u00e4ste. Borox sk\u00e4rst\u00e5l, Hardox\u00ae 450 i slitytor och hela sidan. Mycket effektivt redskap n\u00e4r man justerar stora ytor","robots":{"index":"noindex","follow":"follow","max-snippet":"max-snippet:-1","max-image-preview":"max-image-preview:large","max-video-preview":"max-video-preview:-1"},"og_locale":"nb_NO","og_type":"article","og_title":"HD Planeringsbalk 3500mm - Utan F\u00e4ste - EMA Sverige","og_description":"HD Planeringsbalk 3500mm - Utan F\u00e4ste. Borox sk\u00e4rst\u00e5l, Hardox\u00ae 450 i slitytor och hela sidan. Mycket effektivt redskap n\u00e4r man justerar stora ytor","og_url":"https:\/\/emastaging.hemsida.eu\/no\/produkt\/hd-planeringsbalk-3500mm-utan-faste\/","og_site_name":"EMA Sverige","article_modified_time":"2023-09-01T07:39:55+00:00","og_image":[{"width":1000,"height":750,"url":"https:\/\/emastaging.hemsida.eu\/wp-content\/uploads\/2021\/03\/7296028_1.jpg","type":"image\/jpeg"}],"twitter_card":"summary_large_image","twitter_misc":{"Ansl. lesetid":"1 minutt"},"schema":{"@context":"https:\/\/schema.org","@graph":[{"@type":"WebPage","@id":"https:\/\/emastaging.hemsida.eu\/no\/produkt\/hd-planeringsbalk-3500mm-utan-faste\/","url":"https:\/\/emastaging.hemsida.eu\/no\/produkt\/hd-planeringsbalk-3500mm-utan-faste\/","name":"HD Planeringsbalk 3500mm - Utan F\u00e4ste - EMA Sverige","isPartOf":{"@id":"https:\/\/emastaging.hemsida.eu\/no\/#website"},"datePublished":"2021-03-16T10:15:13+00:00","dateModified":"2023-09-01T07:39:55+00:00","description":"HD Planeringsbalk 3500mm - Utan F\u00e4ste. Borox sk\u00e4rst\u00e5l, Hardox\u00ae 450 i slitytor och hela sidan. Mycket effektivt redskap n\u00e4r man justerar stora ytor","breadcrumb":{"@id":"https:\/\/emastaging.hemsida.eu\/no\/produkt\/hd-planeringsbalk-3500mm-utan-faste\/#breadcrumb"},"inLanguage":"nb-NO","potentialAction":[{"@type":"ReadAction","target":["https:\/\/emastaging.hemsida.eu\/no\/produkt\/hd-planeringsbalk-3500mm-utan-faste\/"]}]},{"@type":"BreadcrumbList","@id":"https:\/\/emastaging.hemsida.eu\/no\/produkt\/hd-planeringsbalk-3500mm-utan-faste\/#breadcrumb","itemListElement":[{"@type":"ListItem","position":1,"name":"Hjem","item":"https:\/\/emastaging.hemsida.eu\/no\/ema-sverige\/"},{"@type":"ListItem","position":2,"name":"Butik","item":"https:\/\/emastaging.hemsida.eu\/no\/butik\/"},{"@type":"ListItem","position":3,"name":"HD Planeringsbalk 3500mm &#8211; Utan F\u00e4ste"}]},{"@type":"WebSite","@id":"https:\/\/emastaging.hemsida.eu\/no\/#website","url":"https:\/\/emastaging.hemsida.eu\/no\/","name":"EMA Sverige","description":"","potentialAction":[{"@type":"SearchAction","target":{"@type":"EntryPoint","urlTemplate":"https:\/\/emastaging.hemsida.eu\/no\/?s={search_term_string}"},"query-input":"required name=search_term_string"}],"inLanguage":"nb-NO"}]}},"_links":{"self":[{"href":"https:\/\/emastaging.hemsida.eu\/no\/wp-json\/wp\/v2\/product\/2356"}],"collection":[{"href":"https:\/\/emastaging.hemsida.eu\/no\/wp-json\/wp\/v2\/product"}],"about":[{"href":"https:\/\/emastaging.hemsida.eu\/no\/wp-json\/wp\/v2\/types\/product"}],"wp:featuredmedia":[{"embeddable":true,"href":"https:\/\/emastaging.hemsida.eu\/no\/wp-json\/wp\/v2\/media\/2597"}],"wp:attachment":[{"href":"https:\/\/emastaging.hemsida.eu\/no\/wp-json\/wp\/v2\/media?parent=2356"}],"wp:term":[{"taxonomy":"product_cat","embeddable":true,"href":"https:\/\/emastaging.hemsida.eu\/no\/wp-json\/wp\/v2\/product_cat?post=2356"},{"taxonomy":"product_tag","embeddable":true,"href":"https:\/\/emastaging.hemsida.eu\/no\/wp-json\/wp\/v2\/product_tag?post=2356"}],"curies":[{"name":"wp","href":"https:\/\/api.w.org\/{rel}","templated":true}]}}