{"id":2234,"date":"2021-03-16T11:08:05","date_gmt":"2021-03-16T10:08:05","guid":{"rendered":"https:\/\/emasweden.com\/produkt\/std-kabelskopa-50l-300mm-s30-150-2\/"},"modified":"2023-09-01T09:38:35","modified_gmt":"2023-09-01T07:38:35","slug":"std-kabelskopa-50l-300mm-s30-150-2","status":"publish","type":"product","link":"https:\/\/emastaging.hemsida.eu\/no\/produkt\/std-kabelskopa-50l-300mm-s30-150-2\/","title":{"rendered":"Std Kabelskopa 50L &#8211; 300mm &#8211; S30\/150"},"content":{"rendered":"<p><sup>Std Kabelskopa 50L &#8211; 300mm &#8211; S30\/150<\/sup><br \/>\nKabelskopor standard duty<br \/>\n<br \/>\u2013  Standard duty (STD) \u00e4r v\u00e5ran mycket prisv\u00e4rda del av v\u00e5rat sortiment utan att n\u00e5gonstans tumma p\u00e5 kvalit\u00e9n. HARDOX anv\u00e4nds p\u00e5 de ytor d\u00e4r det \u00e4r stor p\u00e5frestning p\u00e5 materialet vilket resulterar i att man f\u00e5r en produkt med l\u00e5ng livsl\u00e4ngd. Denna produkt v\u00e4nder sig till v\u00e5ra anv\u00e4ndare som st\u00e4ller h\u00f6ga krav p\u00e5 sina produkter, d\u00e4r man v\u00e4rdes\u00e4tter en h\u00f6g prestanda och som i l\u00e4ngden bidrar till en b\u00e4ttre totalekonomi.<\/p>\n<p>\u2022\tSk\u00e4r i 500 Brinell <a href=\"https:\/\/www.borox.se\/produkter\/skopst\u00e5l\" target=\"_blank\" rel=\"noopener\">BOROX<\/a><br \/>\n<br \/>\u2022\tSvep, slitskydd p\u00e5 sidorna och botten i <a href=\"https:\/\/www.ssab.com\/products\/brands\/hardox\/products\/hardox-450\" target=\"_blank\" rel=\"noopener\">HARDOX 450<\/a><br \/>\n<br \/>\u2022\tSkopan \u00e4r framtagen tillsammans med maskinf\u00f6rare<br \/>\n<br \/>\u2022\tModern design med l\u00e5ng botten<br \/>\n<br \/>\u2022\tEn konisk kabelskopa medf\u00f6r att materialet inte fastnar lika l\u00e4tt i skopan. Den ger \u00e4ven ett bredare och stabilare schakt<\/p>\n","protected":false},"excerpt":{"rendered":"<p>Std Kabelskopa 50L &#8211; 300mm &#8211; S30\/150 Kabelskopor standard duty \u2013 Standard duty (STD) \u00e4r v\u00e5ran mycket prisv\u00e4rda del av v\u00e5rat sortiment utan att n\u00e5gonstans tumma p\u00e5 kvalit\u00e9n. HARDOX anv\u00e4nds p\u00e5 de ytor d\u00e4r det \u00e4r stor p\u00e5frestning p\u00e5 materialet vilket resulterar i att man f\u00e5r en produkt med l\u00e5ng livsl\u00e4ngd. Denna produkt v\u00e4nder sig [&hellip;]<\/p>\n","protected":false},"featured_media":1269,"template":"","meta":{"_mi_skip_tracking":false,"_monsterinsights_sitenote_active":false,"_monsterinsights_sitenote_note":"","_monsterinsights_sitenote_category":0},"product_cat":[65,38],"product_tag":[],"yoast_head":"<!-- This site is optimized with the Yoast SEO plugin v21.2 - https:\/\/yoast.com\/wordpress\/plugins\/seo\/ -->\n<title>Std Kabelskopa 50L - 300mm - S30\/150 - EMA Sverige<\/title>\n<meta name=\"description\" content=\"Std Kabelskopa 50L - 300mm - S30\/150. Sk\u00e4r i 500 Brinell BOROX. Svep, slitskydd p\u00e5 sidorna och botten i 450 HARDOX.\" \/>\n<meta name=\"robots\" content=\"noindex, follow, max-snippet:-1, max-image-preview:large, max-video-preview:-1\" \/>\n<meta property=\"og:locale\" content=\"nb_NO\" \/>\n<meta property=\"og:type\" content=\"article\" \/>\n<meta property=\"og:title\" content=\"Std Kabelskopa 50L - 300mm - S30\/150 - EMA Sverige\" \/>\n<meta property=\"og:description\" content=\"Std Kabelskopa 50L - 300mm - S30\/150. Sk\u00e4r i 500 Brinell BOROX. Svep, slitskydd p\u00e5 sidorna och botten i 450 HARDOX.\" \/>\n<meta property=\"og:url\" content=\"https:\/\/emastaging.hemsida.eu\/no\/produkt\/std-kabelskopa-50l-300mm-s30-150-2\/\" \/>\n<meta property=\"og:site_name\" content=\"EMA Sverige\" \/>\n<meta property=\"article:modified_time\" content=\"2023-09-01T07:38:35+00:00\" \/>\n<meta property=\"og:image\" content=\"https:\/\/emastaging.hemsida.eu\/wp-content\/uploads\/2021\/01\/7293010_1.jpg\" \/>\n\t<meta property=\"og:image:width\" content=\"1000\" \/>\n\t<meta property=\"og:image:height\" content=\"750\" \/>\n\t<meta property=\"og:image:type\" content=\"image\/jpeg\" \/>\n<meta name=\"twitter:card\" content=\"summary_large_image\" \/>\n<meta name=\"twitter:label1\" content=\"Ansl. lesetid\" \/>\n\t<meta name=\"twitter:data1\" content=\"1 minutt\" \/>\n<script type=\"application\/ld+json\" class=\"yoast-schema-graph\">{\"@context\":\"https:\/\/schema.org\",\"@graph\":[{\"@type\":\"WebPage\",\"@id\":\"https:\/\/emastaging.hemsida.eu\/no\/produkt\/std-kabelskopa-50l-300mm-s30-150-2\/\",\"url\":\"https:\/\/emastaging.hemsida.eu\/no\/produkt\/std-kabelskopa-50l-300mm-s30-150-2\/\",\"name\":\"Std Kabelskopa 50L - 300mm - S30\/150 - EMA Sverige\",\"isPartOf\":{\"@id\":\"https:\/\/emastaging.hemsida.eu\/no\/#website\"},\"datePublished\":\"2021-03-16T10:08:05+00:00\",\"dateModified\":\"2023-09-01T07:38:35+00:00\",\"description\":\"Std Kabelskopa 50L - 300mm - S30\/150. Sk\u00e4r i 500 Brinell BOROX. Svep, slitskydd p\u00e5 sidorna och botten i 450 HARDOX.\",\"breadcrumb\":{\"@id\":\"https:\/\/emastaging.hemsida.eu\/no\/produkt\/std-kabelskopa-50l-300mm-s30-150-2\/#breadcrumb\"},\"inLanguage\":\"nb-NO\",\"potentialAction\":[{\"@type\":\"ReadAction\",\"target\":[\"https:\/\/emastaging.hemsida.eu\/no\/produkt\/std-kabelskopa-50l-300mm-s30-150-2\/\"]}]},{\"@type\":\"BreadcrumbList\",\"@id\":\"https:\/\/emastaging.hemsida.eu\/no\/produkt\/std-kabelskopa-50l-300mm-s30-150-2\/#breadcrumb\",\"itemListElement\":[{\"@type\":\"ListItem\",\"position\":1,\"name\":\"Hjem\",\"item\":\"https:\/\/emastaging.hemsida.eu\/no\/ema-sverige\/\"},{\"@type\":\"ListItem\",\"position\":2,\"name\":\"Butik\",\"item\":\"https:\/\/emastaging.hemsida.eu\/no\/butik\/\"},{\"@type\":\"ListItem\",\"position\":3,\"name\":\"Std Kabelskopa 50L &#8211; 300mm &#8211; S30\/150\"}]},{\"@type\":\"WebSite\",\"@id\":\"https:\/\/emastaging.hemsida.eu\/no\/#website\",\"url\":\"https:\/\/emastaging.hemsida.eu\/no\/\",\"name\":\"EMA Sverige\",\"description\":\"\",\"potentialAction\":[{\"@type\":\"SearchAction\",\"target\":{\"@type\":\"EntryPoint\",\"urlTemplate\":\"https:\/\/emastaging.hemsida.eu\/no\/?s={search_term_string}\"},\"query-input\":\"required name=search_term_string\"}],\"inLanguage\":\"nb-NO\"}]}<\/script>\n<!-- \/ Yoast SEO plugin. -->","yoast_head_json":{"title":"Std Kabelskopa 50L - 300mm - S30\/150 - EMA Sverige","description":"Std Kabelskopa 50L - 300mm - S30\/150. Sk\u00e4r i 500 Brinell BOROX. Svep, slitskydd p\u00e5 sidorna och botten i 450 HARDOX.","robots":{"index":"noindex","follow":"follow","max-snippet":"max-snippet:-1","max-image-preview":"max-image-preview:large","max-video-preview":"max-video-preview:-1"},"og_locale":"nb_NO","og_type":"article","og_title":"Std Kabelskopa 50L - 300mm - S30\/150 - EMA Sverige","og_description":"Std Kabelskopa 50L - 300mm - S30\/150. Sk\u00e4r i 500 Brinell BOROX. Svep, slitskydd p\u00e5 sidorna och botten i 450 HARDOX.","og_url":"https:\/\/emastaging.hemsida.eu\/no\/produkt\/std-kabelskopa-50l-300mm-s30-150-2\/","og_site_name":"EMA Sverige","article_modified_time":"2023-09-01T07:38:35+00:00","og_image":[{"width":1000,"height":750,"url":"https:\/\/emastaging.hemsida.eu\/wp-content\/uploads\/2021\/01\/7293010_1.jpg","type":"image\/jpeg"}],"twitter_card":"summary_large_image","twitter_misc":{"Ansl. lesetid":"1 minutt"},"schema":{"@context":"https:\/\/schema.org","@graph":[{"@type":"WebPage","@id":"https:\/\/emastaging.hemsida.eu\/no\/produkt\/std-kabelskopa-50l-300mm-s30-150-2\/","url":"https:\/\/emastaging.hemsida.eu\/no\/produkt\/std-kabelskopa-50l-300mm-s30-150-2\/","name":"Std Kabelskopa 50L - 300mm - S30\/150 - EMA Sverige","isPartOf":{"@id":"https:\/\/emastaging.hemsida.eu\/no\/#website"},"datePublished":"2021-03-16T10:08:05+00:00","dateModified":"2023-09-01T07:38:35+00:00","description":"Std Kabelskopa 50L - 300mm - S30\/150. Sk\u00e4r i 500 Brinell BOROX. Svep, slitskydd p\u00e5 sidorna och botten i 450 HARDOX.","breadcrumb":{"@id":"https:\/\/emastaging.hemsida.eu\/no\/produkt\/std-kabelskopa-50l-300mm-s30-150-2\/#breadcrumb"},"inLanguage":"nb-NO","potentialAction":[{"@type":"ReadAction","target":["https:\/\/emastaging.hemsida.eu\/no\/produkt\/std-kabelskopa-50l-300mm-s30-150-2\/"]}]},{"@type":"BreadcrumbList","@id":"https:\/\/emastaging.hemsida.eu\/no\/produkt\/std-kabelskopa-50l-300mm-s30-150-2\/#breadcrumb","itemListElement":[{"@type":"ListItem","position":1,"name":"Hjem","item":"https:\/\/emastaging.hemsida.eu\/no\/ema-sverige\/"},{"@type":"ListItem","position":2,"name":"Butik","item":"https:\/\/emastaging.hemsida.eu\/no\/butik\/"},{"@type":"ListItem","position":3,"name":"Std Kabelskopa 50L &#8211; 300mm &#8211; S30\/150"}]},{"@type":"WebSite","@id":"https:\/\/emastaging.hemsida.eu\/no\/#website","url":"https:\/\/emastaging.hemsida.eu\/no\/","name":"EMA Sverige","description":"","potentialAction":[{"@type":"SearchAction","target":{"@type":"EntryPoint","urlTemplate":"https:\/\/emastaging.hemsida.eu\/no\/?s={search_term_string}"},"query-input":"required name=search_term_string"}],"inLanguage":"nb-NO"}]}},"_links":{"self":[{"href":"https:\/\/emastaging.hemsida.eu\/no\/wp-json\/wp\/v2\/product\/2234"}],"collection":[{"href":"https:\/\/emastaging.hemsida.eu\/no\/wp-json\/wp\/v2\/product"}],"about":[{"href":"https:\/\/emastaging.hemsida.eu\/no\/wp-json\/wp\/v2\/types\/product"}],"wp:featuredmedia":[{"embeddable":true,"href":"https:\/\/emastaging.hemsida.eu\/no\/wp-json\/wp\/v2\/media\/1269"}],"wp:attachment":[{"href":"https:\/\/emastaging.hemsida.eu\/no\/wp-json\/wp\/v2\/media?parent=2234"}],"wp:term":[{"taxonomy":"product_cat","embeddable":true,"href":"https:\/\/emastaging.hemsida.eu\/no\/wp-json\/wp\/v2\/product_cat?post=2234"},{"taxonomy":"product_tag","embeddable":true,"href":"https:\/\/emastaging.hemsida.eu\/no\/wp-json\/wp\/v2\/product_tag?post=2234"}],"curies":[{"name":"wp","href":"https:\/\/api.w.org\/{rel}","templated":true}]}}