{"id":2227,"date":"2021-03-16T11:07:40","date_gmt":"2021-03-16T10:07:40","guid":{"rendered":"https:\/\/emasweden.com\/produkt\/std-gallerskopa-250l-med-blad-1200mm-utan-faste\/"},"modified":"2023-09-01T09:38:29","modified_gmt":"2023-09-01T07:38:29","slug":"std-gallerskopa-250l-med-blad-1200mm-utan-faste","status":"publish","type":"product","link":"https:\/\/emastaging.hemsida.eu\/no\/produkt\/std-gallerskopa-250l-med-blad-1200mm-utan-faste\/","title":{"rendered":"Std Gallerskopa 250L med blad &#8211; 1200mm &#8211; Utan f\u00e4ste"},"content":{"rendered":"<p><sup>Std Gallerskopa 250L med blad &#8211; 1200mm &#8211; Utan f\u00e4ste<\/sup><br \/>\n\u2013 V\u00e5ra gallerskopor har formen av v\u00e5ra popul\u00e4ra planeringsskopor, dvs med l\u00e5ng botten. Vi har valt rundj\u00e4rn f\u00f6r b\u00e4sta s\u00e5llf\u00f6rm\u00e5ga och livsl\u00e4ngd.<br \/>\nDet kraftigt tilltagna sk\u00e4ret ger en stabilitet till hela skopkonstruktionen.<\/p>\n<p>\u2022\tRobust och unik design med en f\u00f6rl\u00e4ngd botten vilket ger effektiv s\u00e5llyta.<br \/>\n<br \/>\u2022\tSk\u00e4r i 500 brinell <a href=\"https:\/\/www.borox.se\/produkter\/skopst\u00e5l\" target=\"_blank\" rel=\"noopener\">BOROX<\/a>.<br \/>\n<br \/>\u2022\tSlitytor f\u00f6rst\u00e4rkta med <a href=\"https:\/\/www.ssab.com\/products\/brands\/hardox\/products\/hardox-450\" target=\"_blank\" rel=\"noopener\">HARDOX 450<\/a>.<br \/>\n<br \/>\u2022\tAxlarna inbyggda i konstruktionen f\u00f6r b\u00e4ttre h\u00e5llbarhet samt stabilitet.<\/p>\n","protected":false},"excerpt":{"rendered":"<p>Std Gallerskopa 250L med blad &#8211; 1200mm &#8211; Utan f\u00e4ste \u2013 V\u00e5ra gallerskopor har formen av v\u00e5ra popul\u00e4ra planeringsskopor, dvs med l\u00e5ng botten. Vi har valt rundj\u00e4rn f\u00f6r b\u00e4sta s\u00e5llf\u00f6rm\u00e5ga och livsl\u00e4ngd. Det kraftigt tilltagna sk\u00e4ret ger en stabilitet till hela skopkonstruktionen. \u2022 Robust och unik design med en f\u00f6rl\u00e4ngd botten vilket ger effektiv s\u00e5llyta. [&hellip;]<\/p>\n","protected":false},"featured_media":4125,"template":"","meta":{"_mi_skip_tracking":false,"_monsterinsights_sitenote_active":false,"_monsterinsights_sitenote_note":"","_monsterinsights_sitenote_category":0},"product_cat":[478,65],"product_tag":[],"yoast_head":"<!-- This site is optimized with the Yoast SEO plugin v21.2 - https:\/\/yoast.com\/wordpress\/plugins\/seo\/ -->\n<title>Std Gallerskopa 250L med blad - 1200mm - Utan f\u00e4ste - EMA Sverige<\/title>\n<meta name=\"description\" content=\"Std Gallerskopa 250L med blad - 1200mm - Utan f\u00e4ste. Robust med unik design med f\u00f6rl\u00e4ngd botten som ger effektiv s\u00e5llyta. Inbyggda axlar i konstruktion f\u00f6r b\u00e4ttre h\u00e5llbarhet samt stabilitet.\" \/>\n<meta name=\"robots\" content=\"noindex, follow, max-snippet:-1, max-image-preview:large, max-video-preview:-1\" \/>\n<meta property=\"og:locale\" content=\"nb_NO\" \/>\n<meta property=\"og:type\" content=\"article\" \/>\n<meta property=\"og:title\" content=\"Std Gallerskopa 250L med blad - 1200mm - Utan f\u00e4ste - EMA Sverige\" \/>\n<meta property=\"og:description\" content=\"Std Gallerskopa 250L med blad - 1200mm - Utan f\u00e4ste. Robust med unik design med f\u00f6rl\u00e4ngd botten som ger effektiv s\u00e5llyta. Inbyggda axlar i konstruktion f\u00f6r b\u00e4ttre h\u00e5llbarhet samt stabilitet.\" \/>\n<meta property=\"og:url\" content=\"https:\/\/emastaging.hemsida.eu\/no\/produkt\/std-gallerskopa-250l-med-blad-1200mm-utan-faste\/\" \/>\n<meta property=\"og:site_name\" content=\"EMA Sverige\" \/>\n<meta property=\"article:modified_time\" content=\"2023-09-01T07:38:29+00:00\" \/>\n<meta property=\"og:image\" content=\"https:\/\/emastaging.hemsida.eu\/wp-content\/uploads\/2021\/03\/7292110_1-2.jpg\" \/>\n\t<meta property=\"og:image:width\" content=\"1000\" \/>\n\t<meta property=\"og:image:height\" content=\"750\" \/>\n\t<meta property=\"og:image:type\" content=\"image\/jpeg\" \/>\n<meta name=\"twitter:card\" content=\"summary_large_image\" \/>\n<script type=\"application\/ld+json\" class=\"yoast-schema-graph\">{\"@context\":\"https:\/\/schema.org\",\"@graph\":[{\"@type\":\"WebPage\",\"@id\":\"https:\/\/emastaging.hemsida.eu\/no\/produkt\/std-gallerskopa-250l-med-blad-1200mm-utan-faste\/\",\"url\":\"https:\/\/emastaging.hemsida.eu\/no\/produkt\/std-gallerskopa-250l-med-blad-1200mm-utan-faste\/\",\"name\":\"Std Gallerskopa 250L med blad - 1200mm - Utan f\u00e4ste - EMA Sverige\",\"isPartOf\":{\"@id\":\"https:\/\/emastaging.hemsida.eu\/no\/#website\"},\"datePublished\":\"2021-03-16T10:07:40+00:00\",\"dateModified\":\"2023-09-01T07:38:29+00:00\",\"description\":\"Std Gallerskopa 250L med blad - 1200mm - Utan f\u00e4ste. Robust med unik design med f\u00f6rl\u00e4ngd botten som ger effektiv s\u00e5llyta. Inbyggda axlar i konstruktion f\u00f6r b\u00e4ttre h\u00e5llbarhet samt stabilitet.\",\"breadcrumb\":{\"@id\":\"https:\/\/emastaging.hemsida.eu\/no\/produkt\/std-gallerskopa-250l-med-blad-1200mm-utan-faste\/#breadcrumb\"},\"inLanguage\":\"nb-NO\",\"potentialAction\":[{\"@type\":\"ReadAction\",\"target\":[\"https:\/\/emastaging.hemsida.eu\/no\/produkt\/std-gallerskopa-250l-med-blad-1200mm-utan-faste\/\"]}]},{\"@type\":\"BreadcrumbList\",\"@id\":\"https:\/\/emastaging.hemsida.eu\/no\/produkt\/std-gallerskopa-250l-med-blad-1200mm-utan-faste\/#breadcrumb\",\"itemListElement\":[{\"@type\":\"ListItem\",\"position\":1,\"name\":\"Hjem\",\"item\":\"https:\/\/emastaging.hemsida.eu\/no\/ema-sverige\/\"},{\"@type\":\"ListItem\",\"position\":2,\"name\":\"Butik\",\"item\":\"https:\/\/emastaging.hemsida.eu\/no\/butik\/\"},{\"@type\":\"ListItem\",\"position\":3,\"name\":\"Std Gallerskopa 250L med blad &#8211; 1200mm &#8211; Utan f\u00e4ste\"}]},{\"@type\":\"WebSite\",\"@id\":\"https:\/\/emastaging.hemsida.eu\/no\/#website\",\"url\":\"https:\/\/emastaging.hemsida.eu\/no\/\",\"name\":\"EMA Sverige\",\"description\":\"\",\"potentialAction\":[{\"@type\":\"SearchAction\",\"target\":{\"@type\":\"EntryPoint\",\"urlTemplate\":\"https:\/\/emastaging.hemsida.eu\/no\/?s={search_term_string}\"},\"query-input\":\"required name=search_term_string\"}],\"inLanguage\":\"nb-NO\"}]}<\/script>\n<!-- \/ Yoast SEO plugin. -->","yoast_head_json":{"title":"Std Gallerskopa 250L med blad - 1200mm - Utan f\u00e4ste - EMA Sverige","description":"Std Gallerskopa 250L med blad - 1200mm - Utan f\u00e4ste. Robust med unik design med f\u00f6rl\u00e4ngd botten som ger effektiv s\u00e5llyta. Inbyggda axlar i konstruktion f\u00f6r b\u00e4ttre h\u00e5llbarhet samt stabilitet.","robots":{"index":"noindex","follow":"follow","max-snippet":"max-snippet:-1","max-image-preview":"max-image-preview:large","max-video-preview":"max-video-preview:-1"},"og_locale":"nb_NO","og_type":"article","og_title":"Std Gallerskopa 250L med blad - 1200mm - Utan f\u00e4ste - EMA Sverige","og_description":"Std Gallerskopa 250L med blad - 1200mm - Utan f\u00e4ste. Robust med unik design med f\u00f6rl\u00e4ngd botten som ger effektiv s\u00e5llyta. Inbyggda axlar i konstruktion f\u00f6r b\u00e4ttre h\u00e5llbarhet samt stabilitet.","og_url":"https:\/\/emastaging.hemsida.eu\/no\/produkt\/std-gallerskopa-250l-med-blad-1200mm-utan-faste\/","og_site_name":"EMA Sverige","article_modified_time":"2023-09-01T07:38:29+00:00","og_image":[{"width":1000,"height":750,"url":"https:\/\/emastaging.hemsida.eu\/wp-content\/uploads\/2021\/03\/7292110_1-2.jpg","type":"image\/jpeg"}],"twitter_card":"summary_large_image","schema":{"@context":"https:\/\/schema.org","@graph":[{"@type":"WebPage","@id":"https:\/\/emastaging.hemsida.eu\/no\/produkt\/std-gallerskopa-250l-med-blad-1200mm-utan-faste\/","url":"https:\/\/emastaging.hemsida.eu\/no\/produkt\/std-gallerskopa-250l-med-blad-1200mm-utan-faste\/","name":"Std Gallerskopa 250L med blad - 1200mm - Utan f\u00e4ste - EMA Sverige","isPartOf":{"@id":"https:\/\/emastaging.hemsida.eu\/no\/#website"},"datePublished":"2021-03-16T10:07:40+00:00","dateModified":"2023-09-01T07:38:29+00:00","description":"Std Gallerskopa 250L med blad - 1200mm - Utan f\u00e4ste. Robust med unik design med f\u00f6rl\u00e4ngd botten som ger effektiv s\u00e5llyta. Inbyggda axlar i konstruktion f\u00f6r b\u00e4ttre h\u00e5llbarhet samt stabilitet.","breadcrumb":{"@id":"https:\/\/emastaging.hemsida.eu\/no\/produkt\/std-gallerskopa-250l-med-blad-1200mm-utan-faste\/#breadcrumb"},"inLanguage":"nb-NO","potentialAction":[{"@type":"ReadAction","target":["https:\/\/emastaging.hemsida.eu\/no\/produkt\/std-gallerskopa-250l-med-blad-1200mm-utan-faste\/"]}]},{"@type":"BreadcrumbList","@id":"https:\/\/emastaging.hemsida.eu\/no\/produkt\/std-gallerskopa-250l-med-blad-1200mm-utan-faste\/#breadcrumb","itemListElement":[{"@type":"ListItem","position":1,"name":"Hjem","item":"https:\/\/emastaging.hemsida.eu\/no\/ema-sverige\/"},{"@type":"ListItem","position":2,"name":"Butik","item":"https:\/\/emastaging.hemsida.eu\/no\/butik\/"},{"@type":"ListItem","position":3,"name":"Std Gallerskopa 250L med blad &#8211; 1200mm &#8211; Utan f\u00e4ste"}]},{"@type":"WebSite","@id":"https:\/\/emastaging.hemsida.eu\/no\/#website","url":"https:\/\/emastaging.hemsida.eu\/no\/","name":"EMA Sverige","description":"","potentialAction":[{"@type":"SearchAction","target":{"@type":"EntryPoint","urlTemplate":"https:\/\/emastaging.hemsida.eu\/no\/?s={search_term_string}"},"query-input":"required name=search_term_string"}],"inLanguage":"nb-NO"}]}},"_links":{"self":[{"href":"https:\/\/emastaging.hemsida.eu\/no\/wp-json\/wp\/v2\/product\/2227"}],"collection":[{"href":"https:\/\/emastaging.hemsida.eu\/no\/wp-json\/wp\/v2\/product"}],"about":[{"href":"https:\/\/emastaging.hemsida.eu\/no\/wp-json\/wp\/v2\/types\/product"}],"wp:featuredmedia":[{"embeddable":true,"href":"https:\/\/emastaging.hemsida.eu\/no\/wp-json\/wp\/v2\/media\/4125"}],"wp:attachment":[{"href":"https:\/\/emastaging.hemsida.eu\/no\/wp-json\/wp\/v2\/media?parent=2227"}],"wp:term":[{"taxonomy":"product_cat","embeddable":true,"href":"https:\/\/emastaging.hemsida.eu\/no\/wp-json\/wp\/v2\/product_cat?post=2227"},{"taxonomy":"product_tag","embeddable":true,"href":"https:\/\/emastaging.hemsida.eu\/no\/wp-json\/wp\/v2\/product_tag?post=2227"}],"curies":[{"name":"wp","href":"https:\/\/api.w.org\/{rel}","templated":true}]}}