{"id":2200,"date":"2021-03-16T10:52:22","date_gmt":"2021-03-16T09:52:22","guid":{"rendered":"https:\/\/emasweden.com\/produkt\/ema-faste-bultat-s70-lilla-bultmonster\/"},"modified":"2023-09-01T09:38:10","modified_gmt":"2023-09-01T07:38:10","slug":"ema-faste-bultat-s70-lilla-bultmonster","status":"publish","type":"product","link":"https:\/\/emastaging.hemsida.eu\/no\/produkt\/ema-faste-bultat-s70-lilla-bultmonster\/","title":{"rendered":"Ema F\u00e4ste-Bultat S70 &#8211; Lilla bultm\u00f6nster"},"content":{"rendered":"<p>Ema F\u00e4ste-Bultat S70 &#8211; Lilla bultm\u00f6nster<\/p>\n<p>&nbsp;<\/p>\n<p>F\u00e4stet avser Kabelplog och Avj\u00e4mningsbalk.<\/p>\n<p>&nbsp;<\/p>\n<ul>\n<li><strong><a href=\"https:\/\/emastaging.hemsida.eu\/produkt-kategori\/gravmaskin\/avjamningsbalk\/\">Bl\u00e4ddra mellan de olika avj\u00e4mningsbalkarna h\u00e4r!<\/a><\/strong><\/li>\n<li><strong><a href=\"https:\/\/emastaging.hemsida.eu\/produkt-kategori\/gravmaskin\/kabelplog\/\">Bl\u00e4ddra mellan de olika kabelplogarna h\u00e4r!<\/a><\/strong><\/li>\n<\/ul>\n<p>&nbsp;<\/p>\n<p>&nbsp;<\/p>\n","protected":false},"excerpt":{"rendered":"<p>Ema F\u00e4ste-Bultat S70 &#8211; Lilla bultm\u00f6nster &nbsp; F\u00e4stet avser Kabelplog och Avj\u00e4mningsbalk. &nbsp; Bl\u00e4ddra mellan de olika avj\u00e4mningsbalkarna h\u00e4r! Bl\u00e4ddra mellan de olika kabelplogarna h\u00e4r! &nbsp; &nbsp;<\/p>\n","protected":false},"featured_media":5079,"template":"","meta":{"_mi_skip_tracking":false,"_monsterinsights_sitenote_active":false,"_monsterinsights_sitenote_note":"","_monsterinsights_sitenote_category":0},"product_cat":[1032,65],"product_tag":[],"yoast_head":"<!-- This site is optimized with the Yoast SEO plugin v21.2 - https:\/\/yoast.com\/wordpress\/plugins\/seo\/ -->\n<title>Ema F\u00e4ste-Bultat S70 - Lilla bultm\u00f6nster - EMA Sverige<\/title>\n<meta name=\"description\" content=\"Ema F\u00e4ste-Bultat S70 - Lilla bultm\u00f6nster - EMA Sverige - F\u00e4ste avser Kabelplog och Avj\u00e4mningsbalk. Passar till m\u00e5nga olika\" \/>\n<meta name=\"robots\" content=\"noindex, follow, max-snippet:-1, max-image-preview:large, max-video-preview:-1\" \/>\n<meta property=\"og:locale\" content=\"nb_NO\" \/>\n<meta property=\"og:type\" content=\"article\" \/>\n<meta property=\"og:title\" content=\"Ema F\u00e4ste-Bultat S70 - Lilla bultm\u00f6nster - EMA Sverige\" \/>\n<meta property=\"og:description\" content=\"Ema F\u00e4ste-Bultat S70 - Lilla bultm\u00f6nster - EMA Sverige - F\u00e4ste avser Kabelplog och Avj\u00e4mningsbalk. Passar till m\u00e5nga olika\" \/>\n<meta property=\"og:url\" content=\"https:\/\/emastaging.hemsida.eu\/no\/produkt\/ema-faste-bultat-s70-lilla-bultmonster\/\" \/>\n<meta property=\"og:site_name\" content=\"EMA Sverige\" \/>\n<meta property=\"article:modified_time\" content=\"2023-09-01T07:38:10+00:00\" \/>\n<meta property=\"og:image\" content=\"https:\/\/emastaging.hemsida.eu\/wp-content\/uploads\/2021\/01\/PRO-002869-07270015a.jpg\" \/>\n\t<meta property=\"og:image:width\" content=\"1000\" \/>\n\t<meta property=\"og:image:height\" content=\"750\" \/>\n\t<meta property=\"og:image:type\" content=\"image\/jpeg\" \/>\n<meta name=\"twitter:card\" content=\"summary_large_image\" \/>\n<meta name=\"twitter:label1\" content=\"Ansl. lesetid\" \/>\n\t<meta name=\"twitter:data1\" content=\"1 minutt\" \/>\n<script type=\"application\/ld+json\" class=\"yoast-schema-graph\">{\"@context\":\"https:\/\/schema.org\",\"@graph\":[{\"@type\":\"WebPage\",\"@id\":\"https:\/\/emastaging.hemsida.eu\/no\/produkt\/ema-faste-bultat-s70-lilla-bultmonster\/\",\"url\":\"https:\/\/emastaging.hemsida.eu\/no\/produkt\/ema-faste-bultat-s70-lilla-bultmonster\/\",\"name\":\"Ema F\u00e4ste-Bultat S70 - Lilla bultm\u00f6nster - EMA Sverige\",\"isPartOf\":{\"@id\":\"https:\/\/emastaging.hemsida.eu\/no\/#website\"},\"datePublished\":\"2021-03-16T09:52:22+00:00\",\"dateModified\":\"2023-09-01T07:38:10+00:00\",\"description\":\"Ema F\u00e4ste-Bultat S70 - Lilla bultm\u00f6nster - EMA Sverige - F\u00e4ste avser Kabelplog och Avj\u00e4mningsbalk. Passar till m\u00e5nga olika\",\"breadcrumb\":{\"@id\":\"https:\/\/emastaging.hemsida.eu\/no\/produkt\/ema-faste-bultat-s70-lilla-bultmonster\/#breadcrumb\"},\"inLanguage\":\"nb-NO\",\"potentialAction\":[{\"@type\":\"ReadAction\",\"target\":[\"https:\/\/emastaging.hemsida.eu\/no\/produkt\/ema-faste-bultat-s70-lilla-bultmonster\/\"]}]},{\"@type\":\"BreadcrumbList\",\"@id\":\"https:\/\/emastaging.hemsida.eu\/no\/produkt\/ema-faste-bultat-s70-lilla-bultmonster\/#breadcrumb\",\"itemListElement\":[{\"@type\":\"ListItem\",\"position\":1,\"name\":\"Hjem\",\"item\":\"https:\/\/emastaging.hemsida.eu\/no\/ema-sverige\/\"},{\"@type\":\"ListItem\",\"position\":2,\"name\":\"Butik\",\"item\":\"https:\/\/emastaging.hemsida.eu\/no\/butik\/\"},{\"@type\":\"ListItem\",\"position\":3,\"name\":\"Ema F\u00e4ste-Bultat S70 &#8211; Lilla bultm\u00f6nster\"}]},{\"@type\":\"WebSite\",\"@id\":\"https:\/\/emastaging.hemsida.eu\/no\/#website\",\"url\":\"https:\/\/emastaging.hemsida.eu\/no\/\",\"name\":\"EMA Sverige\",\"description\":\"\",\"potentialAction\":[{\"@type\":\"SearchAction\",\"target\":{\"@type\":\"EntryPoint\",\"urlTemplate\":\"https:\/\/emastaging.hemsida.eu\/no\/?s={search_term_string}\"},\"query-input\":\"required name=search_term_string\"}],\"inLanguage\":\"nb-NO\"}]}<\/script>\n<!-- \/ Yoast SEO plugin. -->","yoast_head_json":{"title":"Ema F\u00e4ste-Bultat S70 - Lilla bultm\u00f6nster - EMA Sverige","description":"Ema F\u00e4ste-Bultat S70 - Lilla bultm\u00f6nster - EMA Sverige - F\u00e4ste avser Kabelplog och Avj\u00e4mningsbalk. Passar till m\u00e5nga olika","robots":{"index":"noindex","follow":"follow","max-snippet":"max-snippet:-1","max-image-preview":"max-image-preview:large","max-video-preview":"max-video-preview:-1"},"og_locale":"nb_NO","og_type":"article","og_title":"Ema F\u00e4ste-Bultat S70 - Lilla bultm\u00f6nster - EMA Sverige","og_description":"Ema F\u00e4ste-Bultat S70 - Lilla bultm\u00f6nster - EMA Sverige - F\u00e4ste avser Kabelplog och Avj\u00e4mningsbalk. Passar till m\u00e5nga olika","og_url":"https:\/\/emastaging.hemsida.eu\/no\/produkt\/ema-faste-bultat-s70-lilla-bultmonster\/","og_site_name":"EMA Sverige","article_modified_time":"2023-09-01T07:38:10+00:00","og_image":[{"width":1000,"height":750,"url":"https:\/\/emastaging.hemsida.eu\/wp-content\/uploads\/2021\/01\/PRO-002869-07270015a.jpg","type":"image\/jpeg"}],"twitter_card":"summary_large_image","twitter_misc":{"Ansl. lesetid":"1 minutt"},"schema":{"@context":"https:\/\/schema.org","@graph":[{"@type":"WebPage","@id":"https:\/\/emastaging.hemsida.eu\/no\/produkt\/ema-faste-bultat-s70-lilla-bultmonster\/","url":"https:\/\/emastaging.hemsida.eu\/no\/produkt\/ema-faste-bultat-s70-lilla-bultmonster\/","name":"Ema F\u00e4ste-Bultat S70 - Lilla bultm\u00f6nster - EMA Sverige","isPartOf":{"@id":"https:\/\/emastaging.hemsida.eu\/no\/#website"},"datePublished":"2021-03-16T09:52:22+00:00","dateModified":"2023-09-01T07:38:10+00:00","description":"Ema F\u00e4ste-Bultat S70 - Lilla bultm\u00f6nster - EMA Sverige - F\u00e4ste avser Kabelplog och Avj\u00e4mningsbalk. Passar till m\u00e5nga olika","breadcrumb":{"@id":"https:\/\/emastaging.hemsida.eu\/no\/produkt\/ema-faste-bultat-s70-lilla-bultmonster\/#breadcrumb"},"inLanguage":"nb-NO","potentialAction":[{"@type":"ReadAction","target":["https:\/\/emastaging.hemsida.eu\/no\/produkt\/ema-faste-bultat-s70-lilla-bultmonster\/"]}]},{"@type":"BreadcrumbList","@id":"https:\/\/emastaging.hemsida.eu\/no\/produkt\/ema-faste-bultat-s70-lilla-bultmonster\/#breadcrumb","itemListElement":[{"@type":"ListItem","position":1,"name":"Hjem","item":"https:\/\/emastaging.hemsida.eu\/no\/ema-sverige\/"},{"@type":"ListItem","position":2,"name":"Butik","item":"https:\/\/emastaging.hemsida.eu\/no\/butik\/"},{"@type":"ListItem","position":3,"name":"Ema F\u00e4ste-Bultat S70 &#8211; Lilla bultm\u00f6nster"}]},{"@type":"WebSite","@id":"https:\/\/emastaging.hemsida.eu\/no\/#website","url":"https:\/\/emastaging.hemsida.eu\/no\/","name":"EMA Sverige","description":"","potentialAction":[{"@type":"SearchAction","target":{"@type":"EntryPoint","urlTemplate":"https:\/\/emastaging.hemsida.eu\/no\/?s={search_term_string}"},"query-input":"required name=search_term_string"}],"inLanguage":"nb-NO"}]}},"_links":{"self":[{"href":"https:\/\/emastaging.hemsida.eu\/no\/wp-json\/wp\/v2\/product\/2200"}],"collection":[{"href":"https:\/\/emastaging.hemsida.eu\/no\/wp-json\/wp\/v2\/product"}],"about":[{"href":"https:\/\/emastaging.hemsida.eu\/no\/wp-json\/wp\/v2\/types\/product"}],"wp:featuredmedia":[{"embeddable":true,"href":"https:\/\/emastaging.hemsida.eu\/no\/wp-json\/wp\/v2\/media\/5079"}],"wp:attachment":[{"href":"https:\/\/emastaging.hemsida.eu\/no\/wp-json\/wp\/v2\/media?parent=2200"}],"wp:term":[{"taxonomy":"product_cat","embeddable":true,"href":"https:\/\/emastaging.hemsida.eu\/no\/wp-json\/wp\/v2\/product_cat?post=2200"},{"taxonomy":"product_tag","embeddable":true,"href":"https:\/\/emastaging.hemsida.eu\/no\/wp-json\/wp\/v2\/product_tag?post=2200"}],"curies":[{"name":"wp","href":"https:\/\/api.w.org\/{rel}","templated":true}]}}