{"id":1806,"date":"2021-01-20T15:40:03","date_gmt":"2021-01-20T14:40:03","guid":{"rendered":"https:\/\/emasverigev2.adgrowthsites.se\/produkt\/ema-schaktkarra-med-tipp-8-ton-48-kubik-1-axel\/"},"modified":"2023-09-01T09:38:07","modified_gmt":"2023-09-01T07:38:07","slug":"ema-schaktkarra-med-tipp-8-ton-48-kubik-1-axel","status":"publish","type":"product","link":"https:\/\/emastaging.hemsida.eu\/no\/produkt\/ema-schaktkarra-med-tipp-8-ton-48-kubik-1-axel\/","title":{"rendered":"Dumperk\u00e4rra Med Tipp 8 ton 4,8 kubik 1-axel"},"content":{"rendered":"<p><sup>Dumperk\u00e4rra Med Tipp 8 ton 4,8 kubik 1-axel<\/sup><br \/>\n\u2013 BYGGDA F\u00d6R PROFFS<br \/>\nN\u00e4r vi g\u00f6r v\u00e5ra dumperk\u00e4rror g\u00f6r vi p\u00e5 samma s\u00e4tt som n\u00e4r vi g\u00f6r v\u00e5ra skopor, vi fr\u00e5gar anv\u00e4ndarna vad dom vill ha. Vi tummar aldrig p\u00e5 kvalit\u00e9n utan anv\u00e4nder alltid de b\u00e4sta komponenterna och sj\u00e4lvklart har \u00e4ven v\u00e5ra dumperk\u00e4rror certifieringen \u201dHardox\u00ae IN MY BODY\u201d<\/p>\n<p>Robust design, tillverkade i svenskt kvalitetsmaterial och konstruerade f\u00f6r ett effektivt arbete. EMA g\u00f6r dumperk\u00e4rror fr\u00e5n 6 till 10 ton, alla med l\u00e5ng dragarm, 55<br \/>\ngraders tippvinkel, hydraulisk bakl\u00e4m, flak i Hardox\u00ae 500, har rundad bakstam och har \u00f6glor bak och fram. V\u00e5ra 9 och 10-tons dumperk\u00e4rror har bladfj\u00e4dring som standard och samtliga modeller g\u00e5r att f\u00e5 med ramstyrning. Hur vill du ha din nya EMA dumperk\u00e4rra?<\/p>\n<p>\u2022 Rundad framstam f\u00f6r b\u00e4ttre materialhantering<\/p>\n<p>\u2022 F\u00e4ste f\u00f6r f\u00f6renklad ihopkoppling mellan maskin och k\u00e4rra<\/p>\n<p>\u2022 Fasade kanter in\u00e5t flaket<\/p>\n<p>\u2022 Sidor och botten Hardox\u00ae 500-tuf<\/p>\n<p>\u2022 Inv\u00e4ndiga surr\u00f6glor<\/p>\n<p>\u2022 Hydraulisk bakl\u00e4m<\/p>\n<p>\u2022 St\u00f6tf\u00e5ngare<\/p>\n<p>\u2022 Hydrauliska bromsar<\/p>\n<p>\u2022 L\u00e5sbar verktygsl\u00e5da<\/p>\n<p>\u2022 Handbroms<\/p>\n<p>\u2022 Justerbar drag\u00f6gla<\/p>\n<p>\u2022 Gummiupph\u00e4ngda sidomarkeringar<\/p>\n","protected":false},"excerpt":{"rendered":"[video width=\"2720\" height=\"1530\" mp4=\"https:\/\/emastaging.hemsida.eu\/wp-content\/uploads\/2021\/01\/MD80X-insta.mp4\"][\/video]\n","protected":false},"featured_media":8950,"template":"","meta":{"_mi_skip_tracking":false,"_monsterinsights_sitenote_active":false,"_monsterinsights_sitenote_note":"","_monsterinsights_sitenote_category":0},"product_cat":[2149],"product_tag":[],"yoast_head":"<!-- This site is optimized with the Yoast SEO plugin v21.2 - https:\/\/yoast.com\/wordpress\/plugins\/seo\/ -->\n<title>Dumperk\u00e4rra Med Tipp 8 ton 4,8 kubik 1-axel - EMA Sverige<\/title>\n<meta name=\"description\" content=\"Dumperk\u00e4rra Med Tipp 8 ton 4,8 kubik 1-axel. Robust design, tillverkade i svenskt kvalitetsmaterial. Fr\u00e5n 6 till 10 ton, alla med l\u00e5ng dragarm, flak i Hardox\u00ae 500\" \/>\n<meta name=\"robots\" content=\"noindex, follow, max-snippet:-1, max-image-preview:large, max-video-preview:-1\" \/>\n<meta property=\"og:locale\" content=\"nb_NO\" \/>\n<meta property=\"og:type\" content=\"article\" \/>\n<meta property=\"og:title\" content=\"Dumperk\u00e4rra Med Tipp 8 ton 4,8 kubik 1-axel - EMA Sverige\" \/>\n<meta property=\"og:description\" content=\"Dumperk\u00e4rra Med Tipp 8 ton 4,8 kubik 1-axel. Robust design, tillverkade i svenskt kvalitetsmaterial. Fr\u00e5n 6 till 10 ton, alla med l\u00e5ng dragarm, flak i Hardox\u00ae 500\" \/>\n<meta property=\"og:url\" content=\"https:\/\/emastaging.hemsida.eu\/no\/produkt\/ema-schaktkarra-med-tipp-8-ton-48-kubik-1-axel\/\" \/>\n<meta property=\"og:site_name\" content=\"EMA Sverige\" \/>\n<meta property=\"article:modified_time\" content=\"2023-09-01T07:38:07+00:00\" \/>\n<meta property=\"og:image\" content=\"https:\/\/emastaging.hemsida.eu\/wp-content\/uploads\/2021\/01\/MD80X-1.jpg\" \/>\n\t<meta property=\"og:image:width\" content=\"1000\" \/>\n\t<meta property=\"og:image:height\" content=\"750\" \/>\n\t<meta property=\"og:image:type\" content=\"image\/jpeg\" \/>\n<meta name=\"twitter:card\" content=\"summary_large_image\" \/>\n<meta name=\"twitter:label1\" content=\"Ansl. lesetid\" \/>\n\t<meta name=\"twitter:data1\" content=\"1 minutt\" \/>\n<script type=\"application\/ld+json\" class=\"yoast-schema-graph\">{\"@context\":\"https:\/\/schema.org\",\"@graph\":[{\"@type\":\"WebPage\",\"@id\":\"https:\/\/emastaging.hemsida.eu\/no\/produkt\/ema-schaktkarra-med-tipp-8-ton-48-kubik-1-axel\/\",\"url\":\"https:\/\/emastaging.hemsida.eu\/no\/produkt\/ema-schaktkarra-med-tipp-8-ton-48-kubik-1-axel\/\",\"name\":\"Dumperk\u00e4rra Med Tipp 8 ton 4,8 kubik 1-axel - EMA Sverige\",\"isPartOf\":{\"@id\":\"https:\/\/emastaging.hemsida.eu\/no\/#website\"},\"datePublished\":\"2021-01-20T14:40:03+00:00\",\"dateModified\":\"2023-09-01T07:38:07+00:00\",\"description\":\"Dumperk\u00e4rra Med Tipp 8 ton 4,8 kubik 1-axel. Robust design, tillverkade i svenskt kvalitetsmaterial. Fr\u00e5n 6 till 10 ton, alla med l\u00e5ng dragarm, flak i Hardox\u00ae 500\",\"breadcrumb\":{\"@id\":\"https:\/\/emastaging.hemsida.eu\/no\/produkt\/ema-schaktkarra-med-tipp-8-ton-48-kubik-1-axel\/#breadcrumb\"},\"inLanguage\":\"nb-NO\",\"potentialAction\":[{\"@type\":\"ReadAction\",\"target\":[\"https:\/\/emastaging.hemsida.eu\/no\/produkt\/ema-schaktkarra-med-tipp-8-ton-48-kubik-1-axel\/\"]}]},{\"@type\":\"BreadcrumbList\",\"@id\":\"https:\/\/emastaging.hemsida.eu\/no\/produkt\/ema-schaktkarra-med-tipp-8-ton-48-kubik-1-axel\/#breadcrumb\",\"itemListElement\":[{\"@type\":\"ListItem\",\"position\":1,\"name\":\"Hjem\",\"item\":\"https:\/\/emastaging.hemsida.eu\/no\/ema-sverige\/\"},{\"@type\":\"ListItem\",\"position\":2,\"name\":\"Butik\",\"item\":\"https:\/\/emastaging.hemsida.eu\/no\/butik\/\"},{\"@type\":\"ListItem\",\"position\":3,\"name\":\"Dumperk\u00e4rra Med Tipp 8 ton 4,8 kubik 1-axel\"}]},{\"@type\":\"WebSite\",\"@id\":\"https:\/\/emastaging.hemsida.eu\/no\/#website\",\"url\":\"https:\/\/emastaging.hemsida.eu\/no\/\",\"name\":\"EMA Sverige\",\"description\":\"\",\"potentialAction\":[{\"@type\":\"SearchAction\",\"target\":{\"@type\":\"EntryPoint\",\"urlTemplate\":\"https:\/\/emastaging.hemsida.eu\/no\/?s={search_term_string}\"},\"query-input\":\"required name=search_term_string\"}],\"inLanguage\":\"nb-NO\"}]}<\/script>\n<!-- \/ Yoast SEO plugin. -->","yoast_head_json":{"title":"Dumperk\u00e4rra Med Tipp 8 ton 4,8 kubik 1-axel - EMA Sverige","description":"Dumperk\u00e4rra Med Tipp 8 ton 4,8 kubik 1-axel. Robust design, tillverkade i svenskt kvalitetsmaterial. Fr\u00e5n 6 till 10 ton, alla med l\u00e5ng dragarm, flak i Hardox\u00ae 500","robots":{"index":"noindex","follow":"follow","max-snippet":"max-snippet:-1","max-image-preview":"max-image-preview:large","max-video-preview":"max-video-preview:-1"},"og_locale":"nb_NO","og_type":"article","og_title":"Dumperk\u00e4rra Med Tipp 8 ton 4,8 kubik 1-axel - EMA Sverige","og_description":"Dumperk\u00e4rra Med Tipp 8 ton 4,8 kubik 1-axel. Robust design, tillverkade i svenskt kvalitetsmaterial. Fr\u00e5n 6 till 10 ton, alla med l\u00e5ng dragarm, flak i Hardox\u00ae 500","og_url":"https:\/\/emastaging.hemsida.eu\/no\/produkt\/ema-schaktkarra-med-tipp-8-ton-48-kubik-1-axel\/","og_site_name":"EMA Sverige","article_modified_time":"2023-09-01T07:38:07+00:00","og_image":[{"width":1000,"height":750,"url":"https:\/\/emastaging.hemsida.eu\/wp-content\/uploads\/2021\/01\/MD80X-1.jpg","type":"image\/jpeg"}],"twitter_card":"summary_large_image","twitter_misc":{"Ansl. lesetid":"1 minutt"},"schema":{"@context":"https:\/\/schema.org","@graph":[{"@type":"WebPage","@id":"https:\/\/emastaging.hemsida.eu\/no\/produkt\/ema-schaktkarra-med-tipp-8-ton-48-kubik-1-axel\/","url":"https:\/\/emastaging.hemsida.eu\/no\/produkt\/ema-schaktkarra-med-tipp-8-ton-48-kubik-1-axel\/","name":"Dumperk\u00e4rra Med Tipp 8 ton 4,8 kubik 1-axel - EMA Sverige","isPartOf":{"@id":"https:\/\/emastaging.hemsida.eu\/no\/#website"},"datePublished":"2021-01-20T14:40:03+00:00","dateModified":"2023-09-01T07:38:07+00:00","description":"Dumperk\u00e4rra Med Tipp 8 ton 4,8 kubik 1-axel. Robust design, tillverkade i svenskt kvalitetsmaterial. Fr\u00e5n 6 till 10 ton, alla med l\u00e5ng dragarm, flak i Hardox\u00ae 500","breadcrumb":{"@id":"https:\/\/emastaging.hemsida.eu\/no\/produkt\/ema-schaktkarra-med-tipp-8-ton-48-kubik-1-axel\/#breadcrumb"},"inLanguage":"nb-NO","potentialAction":[{"@type":"ReadAction","target":["https:\/\/emastaging.hemsida.eu\/no\/produkt\/ema-schaktkarra-med-tipp-8-ton-48-kubik-1-axel\/"]}]},{"@type":"BreadcrumbList","@id":"https:\/\/emastaging.hemsida.eu\/no\/produkt\/ema-schaktkarra-med-tipp-8-ton-48-kubik-1-axel\/#breadcrumb","itemListElement":[{"@type":"ListItem","position":1,"name":"Hjem","item":"https:\/\/emastaging.hemsida.eu\/no\/ema-sverige\/"},{"@type":"ListItem","position":2,"name":"Butik","item":"https:\/\/emastaging.hemsida.eu\/no\/butik\/"},{"@type":"ListItem","position":3,"name":"Dumperk\u00e4rra Med Tipp 8 ton 4,8 kubik 1-axel"}]},{"@type":"WebSite","@id":"https:\/\/emastaging.hemsida.eu\/no\/#website","url":"https:\/\/emastaging.hemsida.eu\/no\/","name":"EMA Sverige","description":"","potentialAction":[{"@type":"SearchAction","target":{"@type":"EntryPoint","urlTemplate":"https:\/\/emastaging.hemsida.eu\/no\/?s={search_term_string}"},"query-input":"required name=search_term_string"}],"inLanguage":"nb-NO"}]}},"_links":{"self":[{"href":"https:\/\/emastaging.hemsida.eu\/no\/wp-json\/wp\/v2\/product\/1806"}],"collection":[{"href":"https:\/\/emastaging.hemsida.eu\/no\/wp-json\/wp\/v2\/product"}],"about":[{"href":"https:\/\/emastaging.hemsida.eu\/no\/wp-json\/wp\/v2\/types\/product"}],"wp:featuredmedia":[{"embeddable":true,"href":"https:\/\/emastaging.hemsida.eu\/no\/wp-json\/wp\/v2\/media\/8950"}],"wp:attachment":[{"href":"https:\/\/emastaging.hemsida.eu\/no\/wp-json\/wp\/v2\/media?parent=1806"}],"wp:term":[{"taxonomy":"product_cat","embeddable":true,"href":"https:\/\/emastaging.hemsida.eu\/no\/wp-json\/wp\/v2\/product_cat?post=1806"},{"taxonomy":"product_tag","embeddable":true,"href":"https:\/\/emastaging.hemsida.eu\/no\/wp-json\/wp\/v2\/product_tag?post=1806"}],"curies":[{"name":"wp","href":"https:\/\/api.w.org\/{rel}","templated":true}]}}