{"id":1665,"date":"2021-01-20T15:37:31","date_gmt":"2021-01-20T14:37:31","guid":{"rendered":"https:\/\/emasverigev2.adgrowthsites.se\/produkt\/hdr-bergskopa-2800l-deltaskar-5st-j550-tander-2040mm-smp105\/"},"modified":"2023-09-01T09:36:09","modified_gmt":"2023-09-01T07:36:09","slug":"hdr-bergskopa-2800l-deltaskar-5st-j550-tander-2040mm-smp105","status":"publish","type":"product","link":"https:\/\/emastaging.hemsida.eu\/no\/produkt\/hdr-bergskopa-2800l-deltaskar-5st-j550-tander-2040mm-smp105\/","title":{"rendered":"HDR Bergskopa 2800L deltask\u00e4r &#8211; 5st J550 t\u00e4nder &#8211; 2040mm &#8211; SMP105"},"content":{"rendered":"<p>HDR Bergskopa 2800L deltask\u00e4r &#8211; 5st J550 t\u00e4nder &#8211; 2040mm &#8211; SMP105 \u2013  Heavy Duty Rock, skopor i HDR serien byggs i dem mycket slitt\u00e5liga materialen Hardox 450 och 500. Produkterna i denna serie \u00e4r mycket robusta och designm\u00e4ssigt framtagna f\u00f6r att arbeta s\u00e5 effektivt som m\u00f6jligt i tuff milj\u00f6. Slitytorna \u00e4r placerade p\u00e5 de mest utsatta delarna, allt f\u00f6r att hela tiden skydda grundstommen. Skoporna i denna serien kan \u00e4ven utrustas efter individuella \u00f6nskem\u00e5l.<\/p>\n<p>\u2022\tSk\u00e4r i HARDOX 500<br \/>\n<br \/>\u2022\tBotten, kanter, ram och sidor i <a href=\"https:\/\/www.ssab.com\/products\/brands\/hardox\/products\/hardox-450\" target=\"_blank\" rel=\"noopener\">HARDOX<\/a> 450<br \/>\n<br \/>\u2022\tExtra slitskydd b\u00e5de \u00f6ver och under tandh\u00e5llare<br \/>\n<br \/>\u2022\tMj\u00f6lkt\u00e4nder som standarda<br \/>\n<br \/>\u2022\tSlitribbor inv\u00e4ndigt och utv\u00e4ndigt i <a href=\"https:\/\/www.ssab.com\/products\/brands\/hardox\/products\/hardox-500\" target=\"_blank\" rel=\"noopener\">HARDOX<\/a> 500<br \/>\n<br \/>\u2022\tRakt- eller deltask\u00e4r\n<\/ul>\n","protected":false},"excerpt":{"rendered":"<p>HDR Bergskopa 2800L deltask\u00e4r &#8211; 5st J550 t\u00e4nder &#8211; 2040mm &#8211; SMP105 \u2013 Heavy Duty Rock, skopor i HDR serien byggs i dem mycket slitt\u00e5liga materialen Hardox 450 och 500. Produkterna i denna serie \u00e4r mycket robusta och designm\u00e4ssigt framtagna f\u00f6r att arbeta s\u00e5 effektivt som m\u00f6jligt i tuff milj\u00f6. Slitytorna \u00e4r placerade p\u00e5 de [&hellip;]<\/p>\n","protected":false},"featured_media":3181,"template":"","meta":{"_mi_skip_tracking":false,"_monsterinsights_sitenote_active":false,"_monsterinsights_sitenote_note":"","_monsterinsights_sitenote_category":0},"product_cat":[356,65],"product_tag":[],"yoast_head":"<!-- This site is optimized with the Yoast SEO plugin v21.2 - https:\/\/yoast.com\/wordpress\/plugins\/seo\/ -->\n<title>HDR Bergskopa 2800L deltask\u00e4r - 5st J550 t\u00e4nder - 2040mm - SMP105 - EMA Sverige<\/title>\n<meta name=\"description\" content=\"HDR Bergskopa 2800L deltask\u00e4r - 5st J550 t\u00e4nder - 2040mm - SMP105 Slitribbor inv\u00e4ndigt &amp; utv\u00e4ndigt i HARDOX 500, Botten, kanter, ram och sidor i HARDOX 450\" \/>\n<meta name=\"robots\" content=\"noindex, follow, max-snippet:-1, max-image-preview:large, max-video-preview:-1\" \/>\n<meta property=\"og:locale\" content=\"nb_NO\" \/>\n<meta property=\"og:type\" content=\"article\" \/>\n<meta property=\"og:title\" content=\"HDR Bergskopa 2800L deltask\u00e4r - 5st J550 t\u00e4nder - 2040mm - SMP105 - EMA Sverige\" \/>\n<meta property=\"og:description\" content=\"HDR Bergskopa 2800L deltask\u00e4r - 5st J550 t\u00e4nder - 2040mm - SMP105 Slitribbor inv\u00e4ndigt &amp; utv\u00e4ndigt i HARDOX 500, Botten, kanter, ram och sidor i HARDOX 450\" \/>\n<meta property=\"og:url\" content=\"https:\/\/emastaging.hemsida.eu\/no\/produkt\/hdr-bergskopa-2800l-deltaskar-5st-j550-tander-2040mm-smp105\/\" \/>\n<meta property=\"og:site_name\" content=\"EMA Sverige\" \/>\n<meta property=\"article:modified_time\" content=\"2023-09-01T07:36:09+00:00\" \/>\n<meta property=\"og:image\" content=\"https:\/\/emastaging.hemsida.eu\/wp-content\/uploads\/2021\/01\/7291178_1.jpg\" \/>\n\t<meta property=\"og:image:width\" content=\"1000\" \/>\n\t<meta property=\"og:image:height\" content=\"750\" \/>\n\t<meta property=\"og:image:type\" content=\"image\/jpeg\" \/>\n<meta name=\"twitter:card\" content=\"summary_large_image\" \/>\n<meta name=\"twitter:label1\" content=\"Ansl. lesetid\" \/>\n\t<meta name=\"twitter:data1\" content=\"1 minutt\" \/>\n<script type=\"application\/ld+json\" class=\"yoast-schema-graph\">{\"@context\":\"https:\/\/schema.org\",\"@graph\":[{\"@type\":\"WebPage\",\"@id\":\"https:\/\/emastaging.hemsida.eu\/no\/produkt\/hdr-bergskopa-2800l-deltaskar-5st-j550-tander-2040mm-smp105\/\",\"url\":\"https:\/\/emastaging.hemsida.eu\/no\/produkt\/hdr-bergskopa-2800l-deltaskar-5st-j550-tander-2040mm-smp105\/\",\"name\":\"HDR Bergskopa 2800L deltask\u00e4r - 5st J550 t\u00e4nder - 2040mm - SMP105 - EMA Sverige\",\"isPartOf\":{\"@id\":\"https:\/\/emastaging.hemsida.eu\/no\/#website\"},\"datePublished\":\"2021-01-20T14:37:31+00:00\",\"dateModified\":\"2023-09-01T07:36:09+00:00\",\"description\":\"HDR Bergskopa 2800L deltask\u00e4r - 5st J550 t\u00e4nder - 2040mm - SMP105 Slitribbor inv\u00e4ndigt & utv\u00e4ndigt i HARDOX 500, Botten, kanter, ram och sidor i HARDOX 450\",\"breadcrumb\":{\"@id\":\"https:\/\/emastaging.hemsida.eu\/no\/produkt\/hdr-bergskopa-2800l-deltaskar-5st-j550-tander-2040mm-smp105\/#breadcrumb\"},\"inLanguage\":\"nb-NO\",\"potentialAction\":[{\"@type\":\"ReadAction\",\"target\":[\"https:\/\/emastaging.hemsida.eu\/no\/produkt\/hdr-bergskopa-2800l-deltaskar-5st-j550-tander-2040mm-smp105\/\"]}]},{\"@type\":\"BreadcrumbList\",\"@id\":\"https:\/\/emastaging.hemsida.eu\/no\/produkt\/hdr-bergskopa-2800l-deltaskar-5st-j550-tander-2040mm-smp105\/#breadcrumb\",\"itemListElement\":[{\"@type\":\"ListItem\",\"position\":1,\"name\":\"Hjem\",\"item\":\"https:\/\/emastaging.hemsida.eu\/no\/ema-sverige\/\"},{\"@type\":\"ListItem\",\"position\":2,\"name\":\"Butik\",\"item\":\"https:\/\/emastaging.hemsida.eu\/no\/butik\/\"},{\"@type\":\"ListItem\",\"position\":3,\"name\":\"HDR Bergskopa 2800L deltask\u00e4r &#8211; 5st J550 t\u00e4nder &#8211; 2040mm &#8211; SMP105\"}]},{\"@type\":\"WebSite\",\"@id\":\"https:\/\/emastaging.hemsida.eu\/no\/#website\",\"url\":\"https:\/\/emastaging.hemsida.eu\/no\/\",\"name\":\"EMA Sverige\",\"description\":\"\",\"potentialAction\":[{\"@type\":\"SearchAction\",\"target\":{\"@type\":\"EntryPoint\",\"urlTemplate\":\"https:\/\/emastaging.hemsida.eu\/no\/?s={search_term_string}\"},\"query-input\":\"required name=search_term_string\"}],\"inLanguage\":\"nb-NO\"}]}<\/script>\n<!-- \/ Yoast SEO plugin. -->","yoast_head_json":{"title":"HDR Bergskopa 2800L deltask\u00e4r - 5st J550 t\u00e4nder - 2040mm - SMP105 - EMA Sverige","description":"HDR Bergskopa 2800L deltask\u00e4r - 5st J550 t\u00e4nder - 2040mm - SMP105 Slitribbor inv\u00e4ndigt & utv\u00e4ndigt i HARDOX 500, Botten, kanter, ram och sidor i HARDOX 450","robots":{"index":"noindex","follow":"follow","max-snippet":"max-snippet:-1","max-image-preview":"max-image-preview:large","max-video-preview":"max-video-preview:-1"},"og_locale":"nb_NO","og_type":"article","og_title":"HDR Bergskopa 2800L deltask\u00e4r - 5st J550 t\u00e4nder - 2040mm - SMP105 - EMA Sverige","og_description":"HDR Bergskopa 2800L deltask\u00e4r - 5st J550 t\u00e4nder - 2040mm - SMP105 Slitribbor inv\u00e4ndigt & utv\u00e4ndigt i HARDOX 500, Botten, kanter, ram och sidor i HARDOX 450","og_url":"https:\/\/emastaging.hemsida.eu\/no\/produkt\/hdr-bergskopa-2800l-deltaskar-5st-j550-tander-2040mm-smp105\/","og_site_name":"EMA Sverige","article_modified_time":"2023-09-01T07:36:09+00:00","og_image":[{"width":1000,"height":750,"url":"https:\/\/emastaging.hemsida.eu\/wp-content\/uploads\/2021\/01\/7291178_1.jpg","type":"image\/jpeg"}],"twitter_card":"summary_large_image","twitter_misc":{"Ansl. lesetid":"1 minutt"},"schema":{"@context":"https:\/\/schema.org","@graph":[{"@type":"WebPage","@id":"https:\/\/emastaging.hemsida.eu\/no\/produkt\/hdr-bergskopa-2800l-deltaskar-5st-j550-tander-2040mm-smp105\/","url":"https:\/\/emastaging.hemsida.eu\/no\/produkt\/hdr-bergskopa-2800l-deltaskar-5st-j550-tander-2040mm-smp105\/","name":"HDR Bergskopa 2800L deltask\u00e4r - 5st J550 t\u00e4nder - 2040mm - SMP105 - EMA Sverige","isPartOf":{"@id":"https:\/\/emastaging.hemsida.eu\/no\/#website"},"datePublished":"2021-01-20T14:37:31+00:00","dateModified":"2023-09-01T07:36:09+00:00","description":"HDR Bergskopa 2800L deltask\u00e4r - 5st J550 t\u00e4nder - 2040mm - SMP105 Slitribbor inv\u00e4ndigt & utv\u00e4ndigt i HARDOX 500, Botten, kanter, ram och sidor i HARDOX 450","breadcrumb":{"@id":"https:\/\/emastaging.hemsida.eu\/no\/produkt\/hdr-bergskopa-2800l-deltaskar-5st-j550-tander-2040mm-smp105\/#breadcrumb"},"inLanguage":"nb-NO","potentialAction":[{"@type":"ReadAction","target":["https:\/\/emastaging.hemsida.eu\/no\/produkt\/hdr-bergskopa-2800l-deltaskar-5st-j550-tander-2040mm-smp105\/"]}]},{"@type":"BreadcrumbList","@id":"https:\/\/emastaging.hemsida.eu\/no\/produkt\/hdr-bergskopa-2800l-deltaskar-5st-j550-tander-2040mm-smp105\/#breadcrumb","itemListElement":[{"@type":"ListItem","position":1,"name":"Hjem","item":"https:\/\/emastaging.hemsida.eu\/no\/ema-sverige\/"},{"@type":"ListItem","position":2,"name":"Butik","item":"https:\/\/emastaging.hemsida.eu\/no\/butik\/"},{"@type":"ListItem","position":3,"name":"HDR Bergskopa 2800L deltask\u00e4r &#8211; 5st J550 t\u00e4nder &#8211; 2040mm &#8211; SMP105"}]},{"@type":"WebSite","@id":"https:\/\/emastaging.hemsida.eu\/no\/#website","url":"https:\/\/emastaging.hemsida.eu\/no\/","name":"EMA Sverige","description":"","potentialAction":[{"@type":"SearchAction","target":{"@type":"EntryPoint","urlTemplate":"https:\/\/emastaging.hemsida.eu\/no\/?s={search_term_string}"},"query-input":"required name=search_term_string"}],"inLanguage":"nb-NO"}]}},"_links":{"self":[{"href":"https:\/\/emastaging.hemsida.eu\/no\/wp-json\/wp\/v2\/product\/1665"}],"collection":[{"href":"https:\/\/emastaging.hemsida.eu\/no\/wp-json\/wp\/v2\/product"}],"about":[{"href":"https:\/\/emastaging.hemsida.eu\/no\/wp-json\/wp\/v2\/types\/product"}],"wp:featuredmedia":[{"embeddable":true,"href":"https:\/\/emastaging.hemsida.eu\/no\/wp-json\/wp\/v2\/media\/3181"}],"wp:attachment":[{"href":"https:\/\/emastaging.hemsida.eu\/no\/wp-json\/wp\/v2\/media?parent=1665"}],"wp:term":[{"taxonomy":"product_cat","embeddable":true,"href":"https:\/\/emastaging.hemsida.eu\/no\/wp-json\/wp\/v2\/product_cat?post=1665"},{"taxonomy":"product_tag","embeddable":true,"href":"https:\/\/emastaging.hemsida.eu\/no\/wp-json\/wp\/v2\/product_tag?post=1665"}],"curies":[{"name":"wp","href":"https:\/\/api.w.org\/{rel}","templated":true}]}}