{"id":1574,"date":"2021-01-20T15:35:41","date_gmt":"2021-01-20T14:35:41","guid":{"rendered":"https:\/\/emasverigev2.adgrowthsites.se\/produkt\/hd-planeringsbalk-med-blad-1800mm-s40\/"},"modified":"2023-09-28T23:20:32","modified_gmt":"2023-09-28T21:20:32","slug":"hd-planeringsbalk-med-blad-1800mm-s40","status":"publish","type":"product","link":"https:\/\/emastaging.hemsida.eu\/no\/produkt\/hd-planeringsbalk-med-blad-1800mm-s40\/","title":{"rendered":"HD Avj\u00e4mningsbalk med blad &#8211; 1800mm &#8211; S40"},"content":{"rendered":"<p><sup>HD Avj\u00e4mningsbalk med blad &#8211; 1800mm &#8211; S40<\/sup><br \/>\n\u2013 Vi har valt att ha skurna kanter p\u00e5 framsidan av avj\u00e4mningsbalken f\u00f6r att skapa<br \/>\nen skopdel vilket m\u00f6jligg\u00f6r att enkelt f\u00e5 med sig material, vi har \u00e4ven tagit fram en<br \/>\nmodell med \u00e4n st\u00f6rre skopdel f\u00f6r maskinisten som vill f\u00e5 med sig \u00e4n mer material,<br \/>\nv\u00e4nligen l\u00e4s om Avj\u00e4mningsbalk Med Skopa.<\/p>\n<p>Avj\u00e4mningsbalken har \u00e4ven en stor uppsamlingsyta i framkant vilket medf\u00f6r att n\u00e4r<br \/>\ndu jobbar med balken s\u00e5 har du hela tiden med dig gott om material som kan fylla<br \/>\nut oj\u00e4mnheter i marken. Balken f\u00f6ljer i tv\u00e5 alternativ med svetsat f\u00e4ste eller bultade<br \/>\nf\u00e4sten, detta g\u00f6r att man kan montera olika f\u00e4sten samt justera f\u00e4stet hur du vill att<br \/>\ndet skall sitta.<\/p>\n<p><sup>HD Avj\u00e4mningsbalk med blad &#8211; 1800mm &#8211; S40<\/sup><\/p>\n<ul>\n<li>Smidig produkt f\u00f6r justering och planering av material<\/li>\n<li><strong><a href=\"https:\/\/www.ssab.com\/sv-se\/varumarken-och-produkter\/hardox\/produktprogram\/450\">Hardox 450<\/a><\/strong> p\u00e5 utsatta slitdelar<\/li>\n<li>Den djupa konstruktionen g\u00f6r att den inte dyker ner i<br \/>\nmaterialet utan h\u00e5ller sig plan<\/li>\n<\/ul>\n<p>Bl\u00e4ddra bland andra Avj\u00e4mningsbalkar <a href=\"https:\/\/emastaging.hemsida.eu\/produkt-kategori\/gravmaskin\/avjamningsbalk\/\"><strong>h\u00e4r!<\/strong><\/a><\/p>\n","protected":false},"excerpt":{"rendered":"<p>HD Avj\u00e4mningsbalk med blad &#8211; 1800mm &#8211; S40 \u2013 Vi har valt att ha skurna kanter p\u00e5 framsidan av avj\u00e4mningsbalken f\u00f6r att skapa en skopdel vilket m\u00f6jligg\u00f6r att enkelt f\u00e5 med sig material, vi har \u00e4ven tagit fram en modell med \u00e4n st\u00f6rre skopdel f\u00f6r maskinisten som vill f\u00e5 med sig \u00e4n mer material, v\u00e4nligen [&hellip;]<\/p>\n","protected":false},"featured_media":5158,"template":"","meta":{"_mi_skip_tracking":false,"_monsterinsights_sitenote_active":false,"_monsterinsights_sitenote_note":"","_monsterinsights_sitenote_category":0},"product_cat":[1024,2885,65],"product_tag":[],"yoast_head":"<!-- This site is optimized with the Yoast SEO plugin v21.2 - https:\/\/yoast.com\/wordpress\/plugins\/seo\/ -->\n<title>HD Avj\u00e4mningsbalk med blad - 1800mm - S40 - EMA Sverige<\/title>\n<meta name=\"description\" content=\"HD Avj\u00e4mningsbalk med blad - 1800mm - S40 Smidig produkt f\u00f6r justering och planering av material. Hardox p\u00e5 utsatta slitdelar.\" \/>\n<meta name=\"robots\" content=\"noindex, follow, max-snippet:-1, max-image-preview:large, max-video-preview:-1\" \/>\n<meta property=\"og:locale\" content=\"nb_NO\" \/>\n<meta property=\"og:type\" content=\"article\" \/>\n<meta property=\"og:title\" content=\"HD Avj\u00e4mningsbalk med blad - 1800mm - S40 - EMA Sverige\" \/>\n<meta property=\"og:description\" content=\"HD Avj\u00e4mningsbalk med blad - 1800mm - S40 Smidig produkt f\u00f6r justering och planering av material. Hardox p\u00e5 utsatta slitdelar.\" \/>\n<meta property=\"og:url\" content=\"https:\/\/emastaging.hemsida.eu\/no\/produkt\/hd-planeringsbalk-med-blad-1800mm-s40\/\" \/>\n<meta property=\"og:site_name\" content=\"EMA Sverige\" \/>\n<meta property=\"article:modified_time\" content=\"2023-09-28T21:20:32+00:00\" \/>\n<meta property=\"og:image\" content=\"https:\/\/emastaging.hemsida.eu\/wp-content\/uploads\/2021\/01\/Gi-180GB-1-1.jpg\" \/>\n\t<meta property=\"og:image:width\" content=\"1000\" \/>\n\t<meta property=\"og:image:height\" content=\"750\" \/>\n\t<meta property=\"og:image:type\" content=\"image\/jpeg\" \/>\n<meta name=\"twitter:card\" content=\"summary_large_image\" \/>\n<meta name=\"twitter:label1\" content=\"Ansl. lesetid\" \/>\n\t<meta name=\"twitter:data1\" content=\"1 minutt\" \/>\n<script type=\"application\/ld+json\" class=\"yoast-schema-graph\">{\"@context\":\"https:\/\/schema.org\",\"@graph\":[{\"@type\":\"WebPage\",\"@id\":\"https:\/\/emastaging.hemsida.eu\/no\/produkt\/hd-planeringsbalk-med-blad-1800mm-s40\/\",\"url\":\"https:\/\/emastaging.hemsida.eu\/no\/produkt\/hd-planeringsbalk-med-blad-1800mm-s40\/\",\"name\":\"HD Avj\u00e4mningsbalk med blad - 1800mm - S40 - EMA Sverige\",\"isPartOf\":{\"@id\":\"https:\/\/emastaging.hemsida.eu\/no\/#website\"},\"datePublished\":\"2021-01-20T14:35:41+00:00\",\"dateModified\":\"2023-09-28T21:20:32+00:00\",\"description\":\"HD Avj\u00e4mningsbalk med blad - 1800mm - S40 Smidig produkt f\u00f6r justering och planering av material. Hardox p\u00e5 utsatta slitdelar.\",\"breadcrumb\":{\"@id\":\"https:\/\/emastaging.hemsida.eu\/no\/produkt\/hd-planeringsbalk-med-blad-1800mm-s40\/#breadcrumb\"},\"inLanguage\":\"nb-NO\",\"potentialAction\":[{\"@type\":\"ReadAction\",\"target\":[\"https:\/\/emastaging.hemsida.eu\/no\/produkt\/hd-planeringsbalk-med-blad-1800mm-s40\/\"]}]},{\"@type\":\"BreadcrumbList\",\"@id\":\"https:\/\/emastaging.hemsida.eu\/no\/produkt\/hd-planeringsbalk-med-blad-1800mm-s40\/#breadcrumb\",\"itemListElement\":[{\"@type\":\"ListItem\",\"position\":1,\"name\":\"Hjem\",\"item\":\"https:\/\/emastaging.hemsida.eu\/no\/ema-sverige\/\"},{\"@type\":\"ListItem\",\"position\":2,\"name\":\"Butik\",\"item\":\"https:\/\/emastaging.hemsida.eu\/no\/butik\/\"},{\"@type\":\"ListItem\",\"position\":3,\"name\":\"HD Avj\u00e4mningsbalk med blad &#8211; 1800mm &#8211; S40\"}]},{\"@type\":\"WebSite\",\"@id\":\"https:\/\/emastaging.hemsida.eu\/no\/#website\",\"url\":\"https:\/\/emastaging.hemsida.eu\/no\/\",\"name\":\"EMA Sverige\",\"description\":\"\",\"potentialAction\":[{\"@type\":\"SearchAction\",\"target\":{\"@type\":\"EntryPoint\",\"urlTemplate\":\"https:\/\/emastaging.hemsida.eu\/no\/?s={search_term_string}\"},\"query-input\":\"required name=search_term_string\"}],\"inLanguage\":\"nb-NO\"}]}<\/script>\n<!-- \/ Yoast SEO plugin. -->","yoast_head_json":{"title":"HD Avj\u00e4mningsbalk med blad - 1800mm - S40 - EMA Sverige","description":"HD Avj\u00e4mningsbalk med blad - 1800mm - S40 Smidig produkt f\u00f6r justering och planering av material. Hardox p\u00e5 utsatta slitdelar.","robots":{"index":"noindex","follow":"follow","max-snippet":"max-snippet:-1","max-image-preview":"max-image-preview:large","max-video-preview":"max-video-preview:-1"},"og_locale":"nb_NO","og_type":"article","og_title":"HD Avj\u00e4mningsbalk med blad - 1800mm - S40 - EMA Sverige","og_description":"HD Avj\u00e4mningsbalk med blad - 1800mm - S40 Smidig produkt f\u00f6r justering och planering av material. Hardox p\u00e5 utsatta slitdelar.","og_url":"https:\/\/emastaging.hemsida.eu\/no\/produkt\/hd-planeringsbalk-med-blad-1800mm-s40\/","og_site_name":"EMA Sverige","article_modified_time":"2023-09-28T21:20:32+00:00","og_image":[{"width":1000,"height":750,"url":"https:\/\/emastaging.hemsida.eu\/wp-content\/uploads\/2021\/01\/Gi-180GB-1-1.jpg","type":"image\/jpeg"}],"twitter_card":"summary_large_image","twitter_misc":{"Ansl. lesetid":"1 minutt"},"schema":{"@context":"https:\/\/schema.org","@graph":[{"@type":"WebPage","@id":"https:\/\/emastaging.hemsida.eu\/no\/produkt\/hd-planeringsbalk-med-blad-1800mm-s40\/","url":"https:\/\/emastaging.hemsida.eu\/no\/produkt\/hd-planeringsbalk-med-blad-1800mm-s40\/","name":"HD Avj\u00e4mningsbalk med blad - 1800mm - S40 - EMA Sverige","isPartOf":{"@id":"https:\/\/emastaging.hemsida.eu\/no\/#website"},"datePublished":"2021-01-20T14:35:41+00:00","dateModified":"2023-09-28T21:20:32+00:00","description":"HD Avj\u00e4mningsbalk med blad - 1800mm - S40 Smidig produkt f\u00f6r justering och planering av material. Hardox p\u00e5 utsatta slitdelar.","breadcrumb":{"@id":"https:\/\/emastaging.hemsida.eu\/no\/produkt\/hd-planeringsbalk-med-blad-1800mm-s40\/#breadcrumb"},"inLanguage":"nb-NO","potentialAction":[{"@type":"ReadAction","target":["https:\/\/emastaging.hemsida.eu\/no\/produkt\/hd-planeringsbalk-med-blad-1800mm-s40\/"]}]},{"@type":"BreadcrumbList","@id":"https:\/\/emastaging.hemsida.eu\/no\/produkt\/hd-planeringsbalk-med-blad-1800mm-s40\/#breadcrumb","itemListElement":[{"@type":"ListItem","position":1,"name":"Hjem","item":"https:\/\/emastaging.hemsida.eu\/no\/ema-sverige\/"},{"@type":"ListItem","position":2,"name":"Butik","item":"https:\/\/emastaging.hemsida.eu\/no\/butik\/"},{"@type":"ListItem","position":3,"name":"HD Avj\u00e4mningsbalk med blad &#8211; 1800mm &#8211; S40"}]},{"@type":"WebSite","@id":"https:\/\/emastaging.hemsida.eu\/no\/#website","url":"https:\/\/emastaging.hemsida.eu\/no\/","name":"EMA Sverige","description":"","potentialAction":[{"@type":"SearchAction","target":{"@type":"EntryPoint","urlTemplate":"https:\/\/emastaging.hemsida.eu\/no\/?s={search_term_string}"},"query-input":"required name=search_term_string"}],"inLanguage":"nb-NO"}]}},"_links":{"self":[{"href":"https:\/\/emastaging.hemsida.eu\/no\/wp-json\/wp\/v2\/product\/1574"}],"collection":[{"href":"https:\/\/emastaging.hemsida.eu\/no\/wp-json\/wp\/v2\/product"}],"about":[{"href":"https:\/\/emastaging.hemsida.eu\/no\/wp-json\/wp\/v2\/types\/product"}],"wp:featuredmedia":[{"embeddable":true,"href":"https:\/\/emastaging.hemsida.eu\/no\/wp-json\/wp\/v2\/media\/5158"}],"wp:attachment":[{"href":"https:\/\/emastaging.hemsida.eu\/no\/wp-json\/wp\/v2\/media?parent=1574"}],"wp:term":[{"taxonomy":"product_cat","embeddable":true,"href":"https:\/\/emastaging.hemsida.eu\/no\/wp-json\/wp\/v2\/product_cat?post=1574"},{"taxonomy":"product_tag","embeddable":true,"href":"https:\/\/emastaging.hemsida.eu\/no\/wp-json\/wp\/v2\/product_tag?post=1574"}],"curies":[{"name":"wp","href":"https:\/\/api.w.org\/{rel}","templated":true}]}}