{"id":14514,"date":"2023-03-30T14:58:56","date_gmt":"2023-03-30T12:58:56","guid":{"rendered":"https:\/\/emasweden.com\/?post_type=product&#038;p=14514"},"modified":"2023-09-28T23:23:10","modified_gmt":"2023-09-28T21:23:10","slug":"hd-avjamningsbalk-med-skopas-2300mm-utan-faste-ema-sverige","status":"publish","type":"product","link":"https:\/\/emastaging.hemsida.eu\/no\/produkt\/hd-avjamningsbalk-med-skopas-2300mm-utan-faste-ema-sverige\/","title":{"rendered":"HD Avj\u00e4mningsbalk med skopa &#8211; 2300mm &#8211; Utan f\u00e4ste"},"content":{"rendered":"<p><sup>HD Avj\u00e4mningsbalk med skopa &#8211; 2300mm &#8211; Utan f\u00e4ste<\/sup><br \/>\n\u2013 Smidig produkt f\u00f6r justering och planering av material.<\/p>\n<p>F\u00f6rh\u00f6jda delar p\u00e5 bak och framkant f\u00f6r att m\u00f6jligg\u00f6ra att nyttja balken p\u00e5 b\u00e4sta s\u00e4tt f\u00f6r uppsamling och utj\u00e4mning av material.<\/p>\n<p>Avj\u00e4mningsbalken har en st\u00f6rre skopa f\u00f6r b\u00e4ttre uppsamlingsyta i framkant vilket medf\u00f6r att n\u00e4r du jobbar med balken s\u00e5 har du hela tiden<br \/>\nmed dig gott om material som kan fylla ut oj\u00e4mnheter i marken.<\/p>\n<p><sup>HD Avj\u00e4mningsbalk med skopa &#8211; 2300mm &#8211; Utan f\u00e4ste<\/sup><\/p>\n<ul>\n<li><strong><a href=\"https:\/\/www.ssab.com\/sv-se\/varumarken-och-produkter\/hardox\/produktprogram\/450\">Hardox 450<\/a><\/strong> p\u00e5 utsatta slitdelar<\/li>\n<li><a href=\"https:\/\/emastaging.hemsida.eu\/produkt-kategori\/gravmaskin\/faste-kabelplog\/\"><strong>Bultat f\u00e4ste<\/strong><\/a> f\u00f6r ev. justering samt byte av f\u00e4ste<\/li>\n<li>Den djupa konstruktionen g\u00f6r att den inte dyker ner i<br \/>\nmaterialet utan h\u00e5ller sig plan<\/li>\n<li>Stor skopdel och f\u00f6rh\u00f6jd bakkant vilket m\u00f6jligg\u00f6r att enkelt<br \/>\nf\u00e5 med sig material<\/li>\n<\/ul>\n<p><strong><a href=\"https:\/\/emastaging.hemsida.eu\/produkt-kategori\/gravmaskin\/faste-kabelplog\/\">Bl\u00e4ddra mellan de olika f\u00e4stena h\u00e4r!<\/a><\/strong><\/p>\n","protected":false},"excerpt":{"rendered":"<p>HD Avj\u00e4mningsbalk med skopa &#8211; 2300mm &#8211; Utan f\u00e4ste \u2013 Smidig produkt f\u00f6r justering och planering av material. F\u00f6rh\u00f6jda delar p\u00e5 bak och framkant f\u00f6r att m\u00f6jligg\u00f6ra att nyttja balken p\u00e5 b\u00e4sta s\u00e4tt f\u00f6r uppsamling och utj\u00e4mning av material. Avj\u00e4mningsbalken har en st\u00f6rre skopa f\u00f6r b\u00e4ttre uppsamlingsyta i framkant vilket medf\u00f6r att n\u00e4r du jobbar [&hellip;]<\/p>\n","protected":false},"featured_media":0,"template":"","meta":{"_mi_skip_tracking":false,"_monsterinsights_sitenote_active":false,"_monsterinsights_sitenote_note":"","_monsterinsights_sitenote_category":0},"product_cat":[1024,2884,65],"product_tag":[],"yoast_head":"<!-- This site is optimized with the Yoast SEO plugin v21.2 - https:\/\/yoast.com\/wordpress\/plugins\/seo\/ -->\n<title>HD Avj\u00e4mningsbalk med skopa - 2300mm - Utan f\u00e4ste<\/title>\n<meta name=\"description\" content=\"HD Avj\u00e4mningsbalk med skopa - 2300mm - Utan f\u00e4ste - Utan f\u00e4ste. Hardox 450 p\u00e5 utsatta slitdelar. Stor skopdel och f\u00f6rh\u00f6jd bakkant. Bultat f\u00e4ste.\" \/>\n<meta name=\"robots\" content=\"noindex, follow, max-snippet:-1, max-image-preview:large, max-video-preview:-1\" \/>\n<meta property=\"og:locale\" content=\"nb_NO\" \/>\n<meta property=\"og:type\" content=\"article\" \/>\n<meta property=\"og:title\" content=\"HD Avj\u00e4mningsbalk med skopa - 2300mm - Utan f\u00e4ste\" \/>\n<meta property=\"og:description\" content=\"HD Avj\u00e4mningsbalk med skopa - 2300mm - Utan f\u00e4ste - Utan f\u00e4ste. Hardox 450 p\u00e5 utsatta slitdelar. Stor skopdel och f\u00f6rh\u00f6jd bakkant. Bultat f\u00e4ste.\" \/>\n<meta property=\"og:url\" content=\"https:\/\/emastaging.hemsida.eu\/no\/produkt\/hd-avjamningsbalk-med-skopas-2300mm-utan-faste-ema-sverige\/\" \/>\n<meta property=\"og:site_name\" content=\"EMA Sverige\" \/>\n<meta property=\"article:modified_time\" content=\"2023-09-28T21:23:10+00:00\" \/>\n<meta name=\"twitter:card\" content=\"summary_large_image\" \/>\n<meta name=\"twitter:label1\" content=\"Ansl. lesetid\" \/>\n\t<meta name=\"twitter:data1\" content=\"1 minutt\" \/>\n<script type=\"application\/ld+json\" class=\"yoast-schema-graph\">{\"@context\":\"https:\/\/schema.org\",\"@graph\":[{\"@type\":\"WebPage\",\"@id\":\"https:\/\/emastaging.hemsida.eu\/no\/produkt\/hd-avjamningsbalk-med-skopas-2300mm-utan-faste-ema-sverige\/\",\"url\":\"https:\/\/emastaging.hemsida.eu\/no\/produkt\/hd-avjamningsbalk-med-skopas-2300mm-utan-faste-ema-sverige\/\",\"name\":\"HD Avj\u00e4mningsbalk med skopa - 2300mm - Utan f\u00e4ste\",\"isPartOf\":{\"@id\":\"https:\/\/emastaging.hemsida.eu\/no\/#website\"},\"datePublished\":\"2023-03-30T12:58:56+00:00\",\"dateModified\":\"2023-09-28T21:23:10+00:00\",\"description\":\"HD Avj\u00e4mningsbalk med skopa - 2300mm - Utan f\u00e4ste - Utan f\u00e4ste. Hardox 450 p\u00e5 utsatta slitdelar. Stor skopdel och f\u00f6rh\u00f6jd bakkant. Bultat f\u00e4ste.\",\"breadcrumb\":{\"@id\":\"https:\/\/emastaging.hemsida.eu\/no\/produkt\/hd-avjamningsbalk-med-skopas-2300mm-utan-faste-ema-sverige\/#breadcrumb\"},\"inLanguage\":\"nb-NO\",\"potentialAction\":[{\"@type\":\"ReadAction\",\"target\":[\"https:\/\/emastaging.hemsida.eu\/no\/produkt\/hd-avjamningsbalk-med-skopas-2300mm-utan-faste-ema-sverige\/\"]}]},{\"@type\":\"BreadcrumbList\",\"@id\":\"https:\/\/emastaging.hemsida.eu\/no\/produkt\/hd-avjamningsbalk-med-skopas-2300mm-utan-faste-ema-sverige\/#breadcrumb\",\"itemListElement\":[{\"@type\":\"ListItem\",\"position\":1,\"name\":\"Hjem\",\"item\":\"https:\/\/emastaging.hemsida.eu\/no\/ema-sverige\/\"},{\"@type\":\"ListItem\",\"position\":2,\"name\":\"Butik\",\"item\":\"https:\/\/emastaging.hemsida.eu\/no\/butik\/\"},{\"@type\":\"ListItem\",\"position\":3,\"name\":\"HD Avj\u00e4mningsbalk med skopa &#8211; 2300mm &#8211; Utan f\u00e4ste\"}]},{\"@type\":\"WebSite\",\"@id\":\"https:\/\/emastaging.hemsida.eu\/no\/#website\",\"url\":\"https:\/\/emastaging.hemsida.eu\/no\/\",\"name\":\"EMA Sverige\",\"description\":\"\",\"potentialAction\":[{\"@type\":\"SearchAction\",\"target\":{\"@type\":\"EntryPoint\",\"urlTemplate\":\"https:\/\/emastaging.hemsida.eu\/no\/?s={search_term_string}\"},\"query-input\":\"required name=search_term_string\"}],\"inLanguage\":\"nb-NO\"}]}<\/script>\n<!-- \/ Yoast SEO plugin. -->","yoast_head_json":{"title":"HD Avj\u00e4mningsbalk med skopa - 2300mm - Utan f\u00e4ste","description":"HD Avj\u00e4mningsbalk med skopa - 2300mm - Utan f\u00e4ste - Utan f\u00e4ste. Hardox 450 p\u00e5 utsatta slitdelar. Stor skopdel och f\u00f6rh\u00f6jd bakkant. Bultat f\u00e4ste.","robots":{"index":"noindex","follow":"follow","max-snippet":"max-snippet:-1","max-image-preview":"max-image-preview:large","max-video-preview":"max-video-preview:-1"},"og_locale":"nb_NO","og_type":"article","og_title":"HD Avj\u00e4mningsbalk med skopa - 2300mm - Utan f\u00e4ste","og_description":"HD Avj\u00e4mningsbalk med skopa - 2300mm - Utan f\u00e4ste - Utan f\u00e4ste. Hardox 450 p\u00e5 utsatta slitdelar. Stor skopdel och f\u00f6rh\u00f6jd bakkant. Bultat f\u00e4ste.","og_url":"https:\/\/emastaging.hemsida.eu\/no\/produkt\/hd-avjamningsbalk-med-skopas-2300mm-utan-faste-ema-sverige\/","og_site_name":"EMA Sverige","article_modified_time":"2023-09-28T21:23:10+00:00","twitter_card":"summary_large_image","twitter_misc":{"Ansl. lesetid":"1 minutt"},"schema":{"@context":"https:\/\/schema.org","@graph":[{"@type":"WebPage","@id":"https:\/\/emastaging.hemsida.eu\/no\/produkt\/hd-avjamningsbalk-med-skopas-2300mm-utan-faste-ema-sverige\/","url":"https:\/\/emastaging.hemsida.eu\/no\/produkt\/hd-avjamningsbalk-med-skopas-2300mm-utan-faste-ema-sverige\/","name":"HD Avj\u00e4mningsbalk med skopa - 2300mm - Utan f\u00e4ste","isPartOf":{"@id":"https:\/\/emastaging.hemsida.eu\/no\/#website"},"datePublished":"2023-03-30T12:58:56+00:00","dateModified":"2023-09-28T21:23:10+00:00","description":"HD Avj\u00e4mningsbalk med skopa - 2300mm - Utan f\u00e4ste - Utan f\u00e4ste. Hardox 450 p\u00e5 utsatta slitdelar. Stor skopdel och f\u00f6rh\u00f6jd bakkant. Bultat f\u00e4ste.","breadcrumb":{"@id":"https:\/\/emastaging.hemsida.eu\/no\/produkt\/hd-avjamningsbalk-med-skopas-2300mm-utan-faste-ema-sverige\/#breadcrumb"},"inLanguage":"nb-NO","potentialAction":[{"@type":"ReadAction","target":["https:\/\/emastaging.hemsida.eu\/no\/produkt\/hd-avjamningsbalk-med-skopas-2300mm-utan-faste-ema-sverige\/"]}]},{"@type":"BreadcrumbList","@id":"https:\/\/emastaging.hemsida.eu\/no\/produkt\/hd-avjamningsbalk-med-skopas-2300mm-utan-faste-ema-sverige\/#breadcrumb","itemListElement":[{"@type":"ListItem","position":1,"name":"Hjem","item":"https:\/\/emastaging.hemsida.eu\/no\/ema-sverige\/"},{"@type":"ListItem","position":2,"name":"Butik","item":"https:\/\/emastaging.hemsida.eu\/no\/butik\/"},{"@type":"ListItem","position":3,"name":"HD Avj\u00e4mningsbalk med skopa &#8211; 2300mm &#8211; Utan f\u00e4ste"}]},{"@type":"WebSite","@id":"https:\/\/emastaging.hemsida.eu\/no\/#website","url":"https:\/\/emastaging.hemsida.eu\/no\/","name":"EMA Sverige","description":"","potentialAction":[{"@type":"SearchAction","target":{"@type":"EntryPoint","urlTemplate":"https:\/\/emastaging.hemsida.eu\/no\/?s={search_term_string}"},"query-input":"required name=search_term_string"}],"inLanguage":"nb-NO"}]}},"_links":{"self":[{"href":"https:\/\/emastaging.hemsida.eu\/no\/wp-json\/wp\/v2\/product\/14514"}],"collection":[{"href":"https:\/\/emastaging.hemsida.eu\/no\/wp-json\/wp\/v2\/product"}],"about":[{"href":"https:\/\/emastaging.hemsida.eu\/no\/wp-json\/wp\/v2\/types\/product"}],"wp:attachment":[{"href":"https:\/\/emastaging.hemsida.eu\/no\/wp-json\/wp\/v2\/media?parent=14514"}],"wp:term":[{"taxonomy":"product_cat","embeddable":true,"href":"https:\/\/emastaging.hemsida.eu\/no\/wp-json\/wp\/v2\/product_cat?post=14514"},{"taxonomy":"product_tag","embeddable":true,"href":"https:\/\/emastaging.hemsida.eu\/no\/wp-json\/wp\/v2\/product_tag?post=14514"}],"curies":[{"name":"wp","href":"https:\/\/api.w.org\/{rel}","templated":true}]}}