{"id":13193,"date":"2022-12-22T14:14:41","date_gmt":"2022-12-22T13:14:41","guid":{"rendered":"https:\/\/emasweden.com\/mitt-konto-2\/"},"modified":"2022-12-22T14:14:41","modified_gmt":"2022-12-22T13:14:41","slug":"mitt-konto-2","status":"publish","type":"page","link":"https:\/\/emastaging.hemsida.eu\/no\/mitt-konto-2\/","title":{"rendered":"Mitt konto"},"content":{"rendered":"\t\t<div data-elementor-type=\"wp-page\" data-elementor-id=\"13193\" class=\"elementor elementor-13193 elementor-9882\" data-elementor-post-type=\"page\">\n\t\t\t\t\t\t\t\t\t<section class=\"elementor-section elementor-top-section elementor-element elementor-element-191a612f elementor-section-boxed elementor-section-height-default elementor-section-height-default\" data-id=\"191a612f\" data-element_type=\"section\" data-settings=\"{&quot;background_background&quot;:&quot;classic&quot;,&quot;jet_parallax_layout_list&quot;:[]}\">\n\t\t\t\t\t\t<div class=\"elementor-container elementor-column-gap-no\">\n\t\t\t\t\t<div class=\"elementor-column elementor-col-100 elementor-top-column elementor-element elementor-element-1f805098\" data-id=\"1f805098\" data-element_type=\"column\">\n\t\t\t<div class=\"elementor-widget-wrap elementor-element-populated\">\n\t\t\t\t\t\t\t\t<div class=\"elementor-element elementor-element-625a5868 elementor-widget elementor-widget-heading\" data-id=\"625a5868\" data-element_type=\"widget\" data-widget_type=\"heading.default\">\n\t\t\t\t<div class=\"elementor-widget-container\">\n\t\t\t<h2 class=\"elementor-heading-title elementor-size-default\">Mitt konto<\/h2>\t\t<\/div>\n\t\t\t\t<\/div>\n\t\t\t\t<div class=\"elementor-element elementor-element-529ed56 elementor-widget elementor-widget-woocommerce-breadcrumb\" data-id=\"529ed56\" data-element_type=\"widget\" data-widget_type=\"woocommerce-breadcrumb.default\">\n\t\t\t\t<div class=\"elementor-widget-container\">\n\t\t\t<nav class=\"woocommerce-breadcrumb\">Hjem<\/nav>\t\t<\/div>\n\t\t\t\t<\/div>\n\t\t\t\t\t<\/div>\n\t\t<\/div>\n\t\t\t\t\t\t\t<\/div>\n\t\t<\/section>\n\t\t\t\t<section class=\"elementor-section elementor-top-section elementor-element elementor-element-417b716c section-flex elementor-section-boxed elementor-section-height-default elementor-section-height-default\" data-id=\"417b716c\" data-element_type=\"section\" data-settings=\"{&quot;background_background&quot;:&quot;classic&quot;,&quot;jet_parallax_layout_list&quot;:[]}\">\n\t\t\t\t\t\t<div class=\"elementor-container elementor-column-gap-no\">\n\t\t\t\t\t<div class=\"elementor-column elementor-col-50 elementor-top-column elementor-element elementor-element-83fb878 col-width-100\" data-id=\"83fb878\" data-element_type=\"column\">\n\t\t\t<div class=\"elementor-widget-wrap elementor-element-populated\">\n\t\t\t\t\t\t\t\t<div class=\"elementor-element elementor-element-fda3e19 elementor-widget__width-initial elementor-hidden-mobile elementor-widget elementor-widget-image\" data-id=\"fda3e19\" data-element_type=\"widget\" data-widget_type=\"image.default\">\n\t\t\t\t<div class=\"elementor-widget-container\">\n\t\t\t\t\t\t\t\t\t\t\t\t\t\t\t<img decoding=\"async\" src=\"https:\/\/secure.gravatar.com\/avatar\/?s=96&amp;d=mm&amp;r=g\" title=\"\" alt=\"\" loading=\"lazy\" \/>\t\t\t\t\t\t\t\t\t\t\t\t\t\t\t<\/div>\n\t\t\t\t<\/div>\n\t\t\t\t\t<\/div>\n\t\t<\/div>\n\t\t\t\t<div class=\"elementor-column elementor-col-50 elementor-top-column elementor-element elementor-element-61fcdd2 col-width-100\" data-id=\"61fcdd2\" data-element_type=\"column\">\n\t\t\t<div class=\"elementor-widget-wrap elementor-element-populated\">\n\t\t\t\t\t\t\t\t<div class=\"elementor-element elementor-element-466d61a e-my-account-tabs-vertical elementor-widget elementor-widget-woocommerce-my-account\" data-id=\"466d61a\" data-element_type=\"widget\" data-widget_type=\"woocommerce-my-account.default\">\n\t\t\t\t<div class=\"elementor-widget-container\">\n\t\t\t<div class=\"e-my-account-tab e-my-account-tab__ \">\t\t\t<span class=\"elementor-hidden\">[woocommerce_my_account]<\/span>\n\t\t\t<div class=\"woocommerce\">\n\n<div class=\"u-columns col2-set\" id=\"customer_login\">\n\n\t<div class=\"u-column1 col-1\">\n\n\n\t\t<h2>Innlogging<\/h2>\n\n\t\t<form class=\"woocommerce-form woocommerce-form-login login\" method=\"post\">\n\n\t\t\t\n\t\t\t<p class=\"woocommerce-form-row woocommerce-form-row--wide form-row form-row-wide\">\n\t\t\t\t<label for=\"username\">Brukernavn eller e-postadresse&nbsp;<span class=\"required\">*<\/span><\/label>\n\t\t\t\t<input type=\"text\" class=\"woocommerce-Input woocommerce-Input--text input-text\" name=\"username\" id=\"username\" autocomplete=\"username\" value=\"\" \/>\t\t\t<\/p>\n\t\t\t<p class=\"woocommerce-form-row woocommerce-form-row--wide form-row form-row-wide\">\n\t\t\t\t<label for=\"password\">Passord&nbsp;<span class=\"required\">*<\/span><\/label>\n\t\t\t\t<input class=\"woocommerce-Input woocommerce-Input--text input-text\" type=\"password\" name=\"password\" id=\"password\" autocomplete=\"current-password\" \/>\n\t\t\t<\/p>\n\n\t\t\t\n\t\t\t<p class=\"form-row\">\n\t\t\t\t<label class=\"woocommerce-form__label woocommerce-form__label-for-checkbox woocommerce-form-login__rememberme\">\n\t\t\t\t\t<input class=\"woocommerce-form__input woocommerce-form__input-checkbox\" name=\"rememberme\" type=\"checkbox\" id=\"rememberme\" value=\"forever\" \/> <span>Husk meg<\/span>\n\t\t\t\t<\/label>\n\t\t\t\t<input type=\"hidden\" id=\"woocommerce-login-nonce\" name=\"woocommerce-login-nonce\" value=\"0455bf2b78\" \/><input type=\"hidden\" name=\"_wp_http_referer\" value=\"\/no\/wp-json\/wp\/v2\/pages\/13193\" \/>\t\t\t\t<button type=\"submit\" class=\"woocommerce-button button woocommerce-form-login__submit wp-element-button\" name=\"login\" value=\"Logg inn\">Logg inn<\/button>\n\t\t\t<\/p>\n\t\t\t<p class=\"woocommerce-LostPassword lost_password\">\n\t\t\t\t<a href=\"https:\/\/emastaging.hemsida.eu\/no\/mitt-konto-2\/lost-password\/\">Mistet passordet ditt?<\/a>\n\t\t\t<\/p>\n\n\t\t\t\n\t\t<\/form>\n\n\n\t<\/div>\n\n\t<div class=\"u-column2 col-2\">\n\n\t\t<h2>Registrer<\/h2>\n\n\t\t<form method=\"post\" class=\"woocommerce-form woocommerce-form-register register\"  >\n\n\t\t\t\n\t\t\t\n\t\t\t<p class=\"woocommerce-form-row woocommerce-form-row--wide form-row form-row-wide\">\n\t\t\t\t<label for=\"reg_email\">E-postadresse&nbsp;<span class=\"required\">*<\/span><\/label>\n\t\t\t\t<input type=\"email\" class=\"woocommerce-Input woocommerce-Input--text input-text\" name=\"email\" id=\"reg_email\" autocomplete=\"email\" value=\"\" \/>\t\t\t<\/p>\n\n\t\t\t\n\t\t\t\t<p class=\"woocommerce-form-row woocommerce-form-row--wide form-row form-row-wide\">\n\t\t\t\t\t<label for=\"reg_password\">Passord&nbsp;<span class=\"required\">*<\/span><\/label>\n\t\t\t\t\t<input type=\"password\" class=\"woocommerce-Input woocommerce-Input--text input-text\" name=\"password\" id=\"reg_password\" autocomplete=\"new-password\" \/>\n\t\t\t\t<\/p>\n\n\t\t\t\n\t\t\t\n\t\t\t<p class=\"woocommerce-form-row form-row\">\n\t\t\t\t<input type=\"hidden\" id=\"woocommerce-register-nonce\" name=\"woocommerce-register-nonce\" value=\"a5368749b7\" \/><input type=\"hidden\" name=\"_wp_http_referer\" value=\"\/no\/wp-json\/wp\/v2\/pages\/13193\" \/>\t\t\t\t<button type=\"submit\" class=\"woocommerce-Button woocommerce-button button wp-element-button woocommerce-form-register__submit\" name=\"register\" value=\"Registrer\">Registrer<\/button>\n\t\t\t<\/p>\n\n\t\t\t\n\t\t<\/form>\n\n\t<\/div>\n\n<\/div>\n\n<\/div>\t\t<\/div>\n\t\t\t\t<\/div>\n\t\t\t\t<\/div>\n\t\t\t\t\t<\/div>\n\t\t<\/div>\n\t\t\t\t\t\t\t<\/div>\n\t\t<\/section>\n\t\t\t\t\t\t\t<\/div>\n\t\t","protected":false},"excerpt":{"rendered":"<p>Mitt konto Innlogging Brukernavn eller e-postadresse&nbsp;* Passord&nbsp;* Husk meg Logg inn Mistet passordet ditt? Registrer E-postadresse&nbsp;* Passord&nbsp;* Registrer Adminpanel Best\u00e4llningar Nedladdningar Adresser Kontouppgifter Logga ut Hej Amar (inte Amar? Logga ut) Fr\u00e5n din kontopanel kan du se dina senaste best\u00e4llningar, hantera dina leverans- och faktureringsadresser samt redigera ditt l\u00f6senord och kontouppgifter.<\/p>\n","protected":false},"author":246,"featured_media":0,"parent":0,"menu_order":0,"comment_status":"closed","ping_status":"closed","template":"","meta":{"_mi_skip_tracking":false,"_monsterinsights_sitenote_active":false,"_monsterinsights_sitenote_note":"","_monsterinsights_sitenote_category":0,"footnotes":""},"yoast_head":"<!-- This site is optimized with the Yoast SEO plugin v21.2 - https:\/\/yoast.com\/wordpress\/plugins\/seo\/ -->\n<title>Mitt konto - EMA Sverige<\/title>\n<meta name=\"robots\" content=\"noindex, follow, max-snippet:-1, max-image-preview:large, max-video-preview:-1\" \/>\n<meta property=\"og:locale\" content=\"nb_NO\" \/>\n<meta property=\"og:type\" content=\"article\" \/>\n<meta property=\"og:title\" content=\"Mitt konto - EMA Sverige\" \/>\n<meta property=\"og:description\" content=\"Mitt konto Innlogging Brukernavn eller e-postadresse&nbsp;* Passord&nbsp;* Husk meg Logg inn Mistet passordet ditt? Registrer E-postadresse&nbsp;* Passord&nbsp;* Registrer Adminpanel Best\u00e4llningar Nedladdningar Adresser Kontouppgifter Logga ut Hej Amar (inte Amar? Logga ut) Fr\u00e5n din kontopanel kan du se dina senaste best\u00e4llningar, hantera dina leverans- och faktureringsadresser samt redigera ditt l\u00f6senord och kontouppgifter.\" \/>\n<meta property=\"og:url\" content=\"https:\/\/emastaging.hemsida.eu\/no\/mitt-konto-2\/\" \/>\n<meta property=\"og:site_name\" content=\"EMA Sverige\" \/>\n<meta name=\"twitter:card\" content=\"summary_large_image\" \/>\n<script type=\"application\/ld+json\" class=\"yoast-schema-graph\">{\"@context\":\"https:\/\/schema.org\",\"@graph\":[{\"@type\":\"WebPage\",\"@id\":\"https:\/\/emastaging.hemsida.eu\/no\/mitt-konto-2\/\",\"url\":\"https:\/\/emastaging.hemsida.eu\/no\/mitt-konto-2\/\",\"name\":\"Mitt konto - EMA Sverige\",\"isPartOf\":{\"@id\":\"https:\/\/emastaging.hemsida.eu\/no\/#website\"},\"datePublished\":\"2022-12-22T13:14:41+00:00\",\"dateModified\":\"2022-12-22T13:14:41+00:00\",\"breadcrumb\":{\"@id\":\"https:\/\/emastaging.hemsida.eu\/no\/mitt-konto-2\/#breadcrumb\"},\"inLanguage\":\"nb-NO\",\"potentialAction\":[{\"@type\":\"ReadAction\",\"target\":[\"https:\/\/emastaging.hemsida.eu\/no\/mitt-konto-2\/\"]}]},{\"@type\":\"BreadcrumbList\",\"@id\":\"https:\/\/emastaging.hemsida.eu\/no\/mitt-konto-2\/#breadcrumb\",\"itemListElement\":[{\"@type\":\"ListItem\",\"position\":1,\"name\":\"Hjem\",\"item\":\"https:\/\/emastaging.hemsida.eu\/no\/ema-sverige\/\"},{\"@type\":\"ListItem\",\"position\":2,\"name\":\"Mitt konto\"}]},{\"@type\":\"WebSite\",\"@id\":\"https:\/\/emastaging.hemsida.eu\/no\/#website\",\"url\":\"https:\/\/emastaging.hemsida.eu\/no\/\",\"name\":\"EMA Sverige\",\"description\":\"\",\"potentialAction\":[{\"@type\":\"SearchAction\",\"target\":{\"@type\":\"EntryPoint\",\"urlTemplate\":\"https:\/\/emastaging.hemsida.eu\/no\/?s={search_term_string}\"},\"query-input\":\"required name=search_term_string\"}],\"inLanguage\":\"nb-NO\"}]}<\/script>\n<!-- \/ Yoast SEO plugin. -->","yoast_head_json":{"title":"Mitt konto - EMA Sverige","robots":{"index":"noindex","follow":"follow","max-snippet":"max-snippet:-1","max-image-preview":"max-image-preview:large","max-video-preview":"max-video-preview:-1"},"og_locale":"nb_NO","og_type":"article","og_title":"Mitt konto - EMA Sverige","og_description":"Mitt konto Innlogging Brukernavn eller e-postadresse&nbsp;* Passord&nbsp;* Husk meg Logg inn Mistet passordet ditt? Registrer E-postadresse&nbsp;* Passord&nbsp;* Registrer Adminpanel Best\u00e4llningar Nedladdningar Adresser Kontouppgifter Logga ut Hej Amar (inte Amar? Logga ut) Fr\u00e5n din kontopanel kan du se dina senaste best\u00e4llningar, hantera dina leverans- och faktureringsadresser samt redigera ditt l\u00f6senord och kontouppgifter.","og_url":"https:\/\/emastaging.hemsida.eu\/no\/mitt-konto-2\/","og_site_name":"EMA Sverige","twitter_card":"summary_large_image","schema":{"@context":"https:\/\/schema.org","@graph":[{"@type":"WebPage","@id":"https:\/\/emastaging.hemsida.eu\/no\/mitt-konto-2\/","url":"https:\/\/emastaging.hemsida.eu\/no\/mitt-konto-2\/","name":"Mitt konto - EMA Sverige","isPartOf":{"@id":"https:\/\/emastaging.hemsida.eu\/no\/#website"},"datePublished":"2022-12-22T13:14:41+00:00","dateModified":"2022-12-22T13:14:41+00:00","breadcrumb":{"@id":"https:\/\/emastaging.hemsida.eu\/no\/mitt-konto-2\/#breadcrumb"},"inLanguage":"nb-NO","potentialAction":[{"@type":"ReadAction","target":["https:\/\/emastaging.hemsida.eu\/no\/mitt-konto-2\/"]}]},{"@type":"BreadcrumbList","@id":"https:\/\/emastaging.hemsida.eu\/no\/mitt-konto-2\/#breadcrumb","itemListElement":[{"@type":"ListItem","position":1,"name":"Hjem","item":"https:\/\/emastaging.hemsida.eu\/no\/ema-sverige\/"},{"@type":"ListItem","position":2,"name":"Mitt konto"}]},{"@type":"WebSite","@id":"https:\/\/emastaging.hemsida.eu\/no\/#website","url":"https:\/\/emastaging.hemsida.eu\/no\/","name":"EMA Sverige","description":"","potentialAction":[{"@type":"SearchAction","target":{"@type":"EntryPoint","urlTemplate":"https:\/\/emastaging.hemsida.eu\/no\/?s={search_term_string}"},"query-input":"required name=search_term_string"}],"inLanguage":"nb-NO"}]}},"_links":{"self":[{"href":"https:\/\/emastaging.hemsida.eu\/no\/wp-json\/wp\/v2\/pages\/13193"}],"collection":[{"href":"https:\/\/emastaging.hemsida.eu\/no\/wp-json\/wp\/v2\/pages"}],"about":[{"href":"https:\/\/emastaging.hemsida.eu\/no\/wp-json\/wp\/v2\/types\/page"}],"author":[{"embeddable":true,"href":"https:\/\/emastaging.hemsida.eu\/no\/wp-json\/wp\/v2\/users\/246"}],"replies":[{"embeddable":true,"href":"https:\/\/emastaging.hemsida.eu\/no\/wp-json\/wp\/v2\/comments?post=13193"}],"version-history":[{"count":0,"href":"https:\/\/emastaging.hemsida.eu\/no\/wp-json\/wp\/v2\/pages\/13193\/revisions"}],"wp:attachment":[{"href":"https:\/\/emastaging.hemsida.eu\/no\/wp-json\/wp\/v2\/media?parent=13193"}],"curies":[{"name":"wp","href":"https:\/\/api.w.org\/{rel}","templated":true}]}}