{"id":2203,"date":"2021-03-16T10:53:01","date_gmt":"2021-03-16T09:53:01","guid":{"rendered":"https:\/\/emasweden.com\/produkt\/ema-krosspett-ror-2700mm-smp105\/"},"modified":"2023-09-01T09:38:11","modified_gmt":"2023-09-01T07:38:11","slug":"ema-krosspett-ror-2700mm-smp105","status":"publish","type":"product","link":"https:\/\/emastaging.hemsida.eu\/fi\/produkt\/ema-krosspett-ror-2700mm-smp105\/","title":{"rendered":"EMA Krosspett R\u00f6r 2700mm SMP105"},"content":{"rendered":"<p><sup>EMA Krosspett R\u00f6r 2700mm SMP105<\/sup><br \/>\n<br \/>\u2013  V\u00e5ra krosspett har utbytbara toppar.<\/p>\n","protected":false},"excerpt":{"rendered":"<p>EMA Krosspett R\u00f6r 2700mm SMP105 \u2013 V\u00e5ra krosspett har utbytbara toppar.<\/p>\n","protected":false},"featured_media":8897,"template":"","meta":{"_mi_skip_tracking":false,"_monsterinsights_sitenote_active":false,"_monsterinsights_sitenote_note":"","_monsterinsights_sitenote_category":0},"product_cat":[65,36],"product_tag":[],"yoast_head":"<!-- This site is optimized with the Yoast SEO plugin v21.2 - https:\/\/yoast.com\/wordpress\/plugins\/seo\/ -->\n<title>EMA Krosspett R\u00f6r 2700mm SMP105 - EMA Sverige<\/title>\n<meta name=\"description\" content=\"EMA Krosspett R\u00f6r 2700mm SMP105. - V\u00e5ra krosspett har utbytbara toppar\" \/>\n<meta name=\"robots\" content=\"noindex, follow, max-snippet:-1, max-image-preview:large, max-video-preview:-1\" \/>\n<meta property=\"og:locale\" content=\"fi_FI\" \/>\n<meta property=\"og:type\" content=\"article\" \/>\n<meta property=\"og:title\" content=\"EMA Krosspett R\u00f6r 2700mm SMP105 - EMA Sverige\" \/>\n<meta property=\"og:description\" content=\"EMA Krosspett R\u00f6r 2700mm SMP105. - V\u00e5ra krosspett har utbytbara toppar\" \/>\n<meta property=\"og:url\" content=\"https:\/\/emastaging.hemsida.eu\/fi\/produkt\/ema-krosspett-ror-2700mm-smp105\/\" \/>\n<meta property=\"og:site_name\" content=\"EMA Sverige\" \/>\n<meta property=\"article:modified_time\" content=\"2023-09-01T07:38:11+00:00\" \/>\n<meta property=\"og:image\" content=\"https:\/\/emastaging.hemsida.eu\/wp-content\/uploads\/2021\/03\/07271027-PRO-004969_b.jpg\" \/>\n\t<meta property=\"og:image:width\" content=\"1000\" \/>\n\t<meta property=\"og:image:height\" content=\"750\" \/>\n\t<meta property=\"og:image:type\" content=\"image\/jpeg\" \/>\n<meta name=\"twitter:card\" content=\"summary_large_image\" \/>\n<script type=\"application\/ld+json\" class=\"yoast-schema-graph\">{\"@context\":\"https:\/\/schema.org\",\"@graph\":[{\"@type\":\"WebPage\",\"@id\":\"https:\/\/emastaging.hemsida.eu\/fi\/produkt\/ema-krosspett-ror-2700mm-smp105\/\",\"url\":\"https:\/\/emastaging.hemsida.eu\/fi\/produkt\/ema-krosspett-ror-2700mm-smp105\/\",\"name\":\"EMA Krosspett R\u00f6r 2700mm SMP105 - EMA Sverige\",\"isPartOf\":{\"@id\":\"https:\/\/emastaging.hemsida.eu\/fi\/#website\"},\"datePublished\":\"2021-03-16T09:53:01+00:00\",\"dateModified\":\"2023-09-01T07:38:11+00:00\",\"description\":\"EMA Krosspett R\u00f6r 2700mm SMP105. - V\u00e5ra krosspett har utbytbara toppar\",\"breadcrumb\":{\"@id\":\"https:\/\/emastaging.hemsida.eu\/fi\/produkt\/ema-krosspett-ror-2700mm-smp105\/#breadcrumb\"},\"inLanguage\":\"fi\",\"potentialAction\":[{\"@type\":\"ReadAction\",\"target\":[\"https:\/\/emastaging.hemsida.eu\/fi\/produkt\/ema-krosspett-ror-2700mm-smp105\/\"]}]},{\"@type\":\"BreadcrumbList\",\"@id\":\"https:\/\/emastaging.hemsida.eu\/fi\/produkt\/ema-krosspett-ror-2700mm-smp105\/#breadcrumb\",\"itemListElement\":[{\"@type\":\"ListItem\",\"position\":1,\"name\":\"Hem\",\"item\":\"https:\/\/emastaging.hemsida.eu\/fi\/ema-ruotsi\/\"},{\"@type\":\"ListItem\",\"position\":2,\"name\":\"Tuoteryhm\u00e4t\",\"item\":\"https:\/\/emastaging.hemsida.eu\/fi\/tuoteryhmat\/\"},{\"@type\":\"ListItem\",\"position\":3,\"name\":\"EMA Krosspett R\u00f6r 2700mm SMP105\"}]},{\"@type\":\"WebSite\",\"@id\":\"https:\/\/emastaging.hemsida.eu\/fi\/#website\",\"url\":\"https:\/\/emastaging.hemsida.eu\/fi\/\",\"name\":\"EMA Sverige\",\"description\":\"\",\"potentialAction\":[{\"@type\":\"SearchAction\",\"target\":{\"@type\":\"EntryPoint\",\"urlTemplate\":\"https:\/\/emastaging.hemsida.eu\/fi\/?s={search_term_string}\"},\"query-input\":\"required name=search_term_string\"}],\"inLanguage\":\"fi\"}]}<\/script>\n<!-- \/ Yoast SEO plugin. -->","yoast_head_json":{"title":"EMA Krosspett R\u00f6r 2700mm SMP105 - EMA Sverige","description":"EMA Krosspett R\u00f6r 2700mm SMP105. - V\u00e5ra krosspett har utbytbara toppar","robots":{"index":"noindex","follow":"follow","max-snippet":"max-snippet:-1","max-image-preview":"max-image-preview:large","max-video-preview":"max-video-preview:-1"},"og_locale":"fi_FI","og_type":"article","og_title":"EMA Krosspett R\u00f6r 2700mm SMP105 - EMA Sverige","og_description":"EMA Krosspett R\u00f6r 2700mm SMP105. - V\u00e5ra krosspett har utbytbara toppar","og_url":"https:\/\/emastaging.hemsida.eu\/fi\/produkt\/ema-krosspett-ror-2700mm-smp105\/","og_site_name":"EMA Sverige","article_modified_time":"2023-09-01T07:38:11+00:00","og_image":[{"width":1000,"height":750,"url":"https:\/\/emastaging.hemsida.eu\/wp-content\/uploads\/2021\/03\/07271027-PRO-004969_b.jpg","type":"image\/jpeg"}],"twitter_card":"summary_large_image","schema":{"@context":"https:\/\/schema.org","@graph":[{"@type":"WebPage","@id":"https:\/\/emastaging.hemsida.eu\/fi\/produkt\/ema-krosspett-ror-2700mm-smp105\/","url":"https:\/\/emastaging.hemsida.eu\/fi\/produkt\/ema-krosspett-ror-2700mm-smp105\/","name":"EMA Krosspett R\u00f6r 2700mm SMP105 - EMA Sverige","isPartOf":{"@id":"https:\/\/emastaging.hemsida.eu\/fi\/#website"},"datePublished":"2021-03-16T09:53:01+00:00","dateModified":"2023-09-01T07:38:11+00:00","description":"EMA Krosspett R\u00f6r 2700mm SMP105. - V\u00e5ra krosspett har utbytbara toppar","breadcrumb":{"@id":"https:\/\/emastaging.hemsida.eu\/fi\/produkt\/ema-krosspett-ror-2700mm-smp105\/#breadcrumb"},"inLanguage":"fi","potentialAction":[{"@type":"ReadAction","target":["https:\/\/emastaging.hemsida.eu\/fi\/produkt\/ema-krosspett-ror-2700mm-smp105\/"]}]},{"@type":"BreadcrumbList","@id":"https:\/\/emastaging.hemsida.eu\/fi\/produkt\/ema-krosspett-ror-2700mm-smp105\/#breadcrumb","itemListElement":[{"@type":"ListItem","position":1,"name":"Hem","item":"https:\/\/emastaging.hemsida.eu\/fi\/ema-ruotsi\/"},{"@type":"ListItem","position":2,"name":"Tuoteryhm\u00e4t","item":"https:\/\/emastaging.hemsida.eu\/fi\/tuoteryhmat\/"},{"@type":"ListItem","position":3,"name":"EMA Krosspett R\u00f6r 2700mm SMP105"}]},{"@type":"WebSite","@id":"https:\/\/emastaging.hemsida.eu\/fi\/#website","url":"https:\/\/emastaging.hemsida.eu\/fi\/","name":"EMA Sverige","description":"","potentialAction":[{"@type":"SearchAction","target":{"@type":"EntryPoint","urlTemplate":"https:\/\/emastaging.hemsida.eu\/fi\/?s={search_term_string}"},"query-input":"required name=search_term_string"}],"inLanguage":"fi"}]}},"_links":{"self":[{"href":"https:\/\/emastaging.hemsida.eu\/fi\/wp-json\/wp\/v2\/product\/2203"}],"collection":[{"href":"https:\/\/emastaging.hemsida.eu\/fi\/wp-json\/wp\/v2\/product"}],"about":[{"href":"https:\/\/emastaging.hemsida.eu\/fi\/wp-json\/wp\/v2\/types\/product"}],"wp:featuredmedia":[{"embeddable":true,"href":"https:\/\/emastaging.hemsida.eu\/fi\/wp-json\/wp\/v2\/media\/8897"}],"wp:attachment":[{"href":"https:\/\/emastaging.hemsida.eu\/fi\/wp-json\/wp\/v2\/media?parent=2203"}],"wp:term":[{"taxonomy":"product_cat","embeddable":true,"href":"https:\/\/emastaging.hemsida.eu\/fi\/wp-json\/wp\/v2\/product_cat?post=2203"},{"taxonomy":"product_tag","embeddable":true,"href":"https:\/\/emastaging.hemsida.eu\/fi\/wp-json\/wp\/v2\/product_tag?post=2203"}],"curies":[{"name":"wp","href":"https:\/\/api.w.org\/{rel}","templated":true}]}}