{"id":2201,"date":"2021-03-16T10:52:51","date_gmt":"2021-03-16T09:52:51","guid":{"rendered":"https:\/\/emasweden.com\/produkt\/ema-krosspett-ror-2700mm-s80\/"},"modified":"2023-09-01T09:38:10","modified_gmt":"2023-09-01T07:38:10","slug":"ema-krosspett-ror-2700mm-s80","status":"publish","type":"product","link":"https:\/\/emastaging.hemsida.eu\/fi\/produkt\/ema-krosspett-ror-2700mm-s80\/","title":{"rendered":"EMA Krosspett R\u00f6r 2700mm S80"},"content":{"rendered":"<p><sup>Ema Krosspett R\u00f6r 2700mm S80<\/sup><br \/>\n<br \/>\u2013  V\u00e5ra krosspett har utbytbara toppar.<\/p>\n","protected":false},"excerpt":{"rendered":"<p>Ema Krosspett R\u00f6r 2700mm S80 \u2013 V\u00e5ra krosspett har utbytbara toppar.<\/p>\n","protected":false},"featured_media":0,"template":"","meta":{"_mi_skip_tracking":false,"_monsterinsights_sitenote_active":false,"_monsterinsights_sitenote_note":"","_monsterinsights_sitenote_category":0},"product_cat":[65,36],"product_tag":[],"yoast_head":"<!-- This site is optimized with the Yoast SEO plugin v21.2 - https:\/\/yoast.com\/wordpress\/plugins\/seo\/ -->\n<title>EMA Krosspett R\u00f6r 2700mm S80 - EMA Sverige<\/title>\n<meta name=\"description\" content=\"EMA Krosspett R\u00f6r 2700mm S80. - V\u00e5ra krosspett har utbytbara toppar\" \/>\n<meta name=\"robots\" content=\"noindex, follow, max-snippet:-1, max-image-preview:large, max-video-preview:-1\" \/>\n<meta property=\"og:locale\" content=\"fi_FI\" \/>\n<meta property=\"og:type\" content=\"article\" \/>\n<meta property=\"og:title\" content=\"EMA Krosspett R\u00f6r 2700mm S80 - EMA Sverige\" \/>\n<meta property=\"og:description\" content=\"EMA Krosspett R\u00f6r 2700mm S80. - V\u00e5ra krosspett har utbytbara toppar\" \/>\n<meta property=\"og:url\" content=\"https:\/\/emastaging.hemsida.eu\/fi\/produkt\/ema-krosspett-ror-2700mm-s80\/\" \/>\n<meta property=\"og:site_name\" content=\"EMA Sverige\" \/>\n<meta property=\"article:modified_time\" content=\"2023-09-01T07:38:10+00:00\" \/>\n<meta name=\"twitter:card\" content=\"summary_large_image\" \/>\n<script type=\"application\/ld+json\" class=\"yoast-schema-graph\">{\"@context\":\"https:\/\/schema.org\",\"@graph\":[{\"@type\":\"WebPage\",\"@id\":\"https:\/\/emastaging.hemsida.eu\/fi\/produkt\/ema-krosspett-ror-2700mm-s80\/\",\"url\":\"https:\/\/emastaging.hemsida.eu\/fi\/produkt\/ema-krosspett-ror-2700mm-s80\/\",\"name\":\"EMA Krosspett R\u00f6r 2700mm S80 - EMA Sverige\",\"isPartOf\":{\"@id\":\"https:\/\/emastaging.hemsida.eu\/fi\/#website\"},\"datePublished\":\"2021-03-16T09:52:51+00:00\",\"dateModified\":\"2023-09-01T07:38:10+00:00\",\"description\":\"EMA Krosspett R\u00f6r 2700mm S80. - V\u00e5ra krosspett har utbytbara toppar\",\"breadcrumb\":{\"@id\":\"https:\/\/emastaging.hemsida.eu\/fi\/produkt\/ema-krosspett-ror-2700mm-s80\/#breadcrumb\"},\"inLanguage\":\"fi\",\"potentialAction\":[{\"@type\":\"ReadAction\",\"target\":[\"https:\/\/emastaging.hemsida.eu\/fi\/produkt\/ema-krosspett-ror-2700mm-s80\/\"]}]},{\"@type\":\"BreadcrumbList\",\"@id\":\"https:\/\/emastaging.hemsida.eu\/fi\/produkt\/ema-krosspett-ror-2700mm-s80\/#breadcrumb\",\"itemListElement\":[{\"@type\":\"ListItem\",\"position\":1,\"name\":\"Hem\",\"item\":\"https:\/\/emastaging.hemsida.eu\/fi\/ema-ruotsi\/\"},{\"@type\":\"ListItem\",\"position\":2,\"name\":\"Tuoteryhm\u00e4t\",\"item\":\"https:\/\/emastaging.hemsida.eu\/fi\/tuoteryhmat\/\"},{\"@type\":\"ListItem\",\"position\":3,\"name\":\"EMA Krosspett R\u00f6r 2700mm S80\"}]},{\"@type\":\"WebSite\",\"@id\":\"https:\/\/emastaging.hemsida.eu\/fi\/#website\",\"url\":\"https:\/\/emastaging.hemsida.eu\/fi\/\",\"name\":\"EMA Sverige\",\"description\":\"\",\"potentialAction\":[{\"@type\":\"SearchAction\",\"target\":{\"@type\":\"EntryPoint\",\"urlTemplate\":\"https:\/\/emastaging.hemsida.eu\/fi\/?s={search_term_string}\"},\"query-input\":\"required name=search_term_string\"}],\"inLanguage\":\"fi\"}]}<\/script>\n<!-- \/ Yoast SEO plugin. -->","yoast_head_json":{"title":"EMA Krosspett R\u00f6r 2700mm S80 - EMA Sverige","description":"EMA Krosspett R\u00f6r 2700mm S80. - V\u00e5ra krosspett har utbytbara toppar","robots":{"index":"noindex","follow":"follow","max-snippet":"max-snippet:-1","max-image-preview":"max-image-preview:large","max-video-preview":"max-video-preview:-1"},"og_locale":"fi_FI","og_type":"article","og_title":"EMA Krosspett R\u00f6r 2700mm S80 - EMA Sverige","og_description":"EMA Krosspett R\u00f6r 2700mm S80. - V\u00e5ra krosspett har utbytbara toppar","og_url":"https:\/\/emastaging.hemsida.eu\/fi\/produkt\/ema-krosspett-ror-2700mm-s80\/","og_site_name":"EMA Sverige","article_modified_time":"2023-09-01T07:38:10+00:00","twitter_card":"summary_large_image","schema":{"@context":"https:\/\/schema.org","@graph":[{"@type":"WebPage","@id":"https:\/\/emastaging.hemsida.eu\/fi\/produkt\/ema-krosspett-ror-2700mm-s80\/","url":"https:\/\/emastaging.hemsida.eu\/fi\/produkt\/ema-krosspett-ror-2700mm-s80\/","name":"EMA Krosspett R\u00f6r 2700mm S80 - EMA Sverige","isPartOf":{"@id":"https:\/\/emastaging.hemsida.eu\/fi\/#website"},"datePublished":"2021-03-16T09:52:51+00:00","dateModified":"2023-09-01T07:38:10+00:00","description":"EMA Krosspett R\u00f6r 2700mm S80. - V\u00e5ra krosspett har utbytbara toppar","breadcrumb":{"@id":"https:\/\/emastaging.hemsida.eu\/fi\/produkt\/ema-krosspett-ror-2700mm-s80\/#breadcrumb"},"inLanguage":"fi","potentialAction":[{"@type":"ReadAction","target":["https:\/\/emastaging.hemsida.eu\/fi\/produkt\/ema-krosspett-ror-2700mm-s80\/"]}]},{"@type":"BreadcrumbList","@id":"https:\/\/emastaging.hemsida.eu\/fi\/produkt\/ema-krosspett-ror-2700mm-s80\/#breadcrumb","itemListElement":[{"@type":"ListItem","position":1,"name":"Hem","item":"https:\/\/emastaging.hemsida.eu\/fi\/ema-ruotsi\/"},{"@type":"ListItem","position":2,"name":"Tuoteryhm\u00e4t","item":"https:\/\/emastaging.hemsida.eu\/fi\/tuoteryhmat\/"},{"@type":"ListItem","position":3,"name":"EMA Krosspett R\u00f6r 2700mm S80"}]},{"@type":"WebSite","@id":"https:\/\/emastaging.hemsida.eu\/fi\/#website","url":"https:\/\/emastaging.hemsida.eu\/fi\/","name":"EMA Sverige","description":"","potentialAction":[{"@type":"SearchAction","target":{"@type":"EntryPoint","urlTemplate":"https:\/\/emastaging.hemsida.eu\/fi\/?s={search_term_string}"},"query-input":"required name=search_term_string"}],"inLanguage":"fi"}]}},"_links":{"self":[{"href":"https:\/\/emastaging.hemsida.eu\/fi\/wp-json\/wp\/v2\/product\/2201"}],"collection":[{"href":"https:\/\/emastaging.hemsida.eu\/fi\/wp-json\/wp\/v2\/product"}],"about":[{"href":"https:\/\/emastaging.hemsida.eu\/fi\/wp-json\/wp\/v2\/types\/product"}],"wp:attachment":[{"href":"https:\/\/emastaging.hemsida.eu\/fi\/wp-json\/wp\/v2\/media?parent=2201"}],"wp:term":[{"taxonomy":"product_cat","embeddable":true,"href":"https:\/\/emastaging.hemsida.eu\/fi\/wp-json\/wp\/v2\/product_cat?post=2201"},{"taxonomy":"product_tag","embeddable":true,"href":"https:\/\/emastaging.hemsida.eu\/fi\/wp-json\/wp\/v2\/product_tag?post=2201"}],"curies":[{"name":"wp","href":"https:\/\/api.w.org\/{rel}","templated":true}]}}