{"id":1786,"date":"2021-01-20T15:39:41","date_gmt":"2021-01-20T14:39:41","guid":{"rendered":"https:\/\/emasverigev2.adgrowthsites.se\/produkt\/hd-planeringsskopa-1000l-1800mm-b20\/"},"modified":"2023-09-01T09:37:54","modified_gmt":"2023-09-01T07:37:54","slug":"hd-planeringsskopa-1000l-1800mm-b20","status":"publish","type":"product","link":"https:\/\/emastaging.hemsida.eu\/fi\/produkt\/hd-planeringsskopa-1000l-1800mm-b20\/","title":{"rendered":"HD Planeringsskopa 1000L &#8211; 1800mm &#8211; B20"},"content":{"rendered":"<p><sup>HD Planeringsskopa 1000L &#8211; 1800mm &#8211; B20<\/sup><br \/>\nPlaneringsskopor Heavy Duty<br \/>\n<br \/>\u2013  Heavy duty (HD) \u00e4r kraftpaketet i v\u00e5rt produktsortiment. H\u00e4r tummas det inte p\u00e5 n\u00e5got n\u00e4r det kommer till material. Produkterna utrustas med slitribbor i botten samt att produkterna ofta \u00e4r gr\u00f6vre dimensionerande. Detta kraftpaket anv\u00e4nds mest av brukare som st\u00e4ller mycket h\u00f6ga krav p\u00e5 sina produkter och d\u00e4r man ofta arbetar i material samt milj\u00f6er som kr\u00e4ver det lilla extra n\u00e4r det kommer till t\u00e5lighet. Denna kategori av skopor \u00e4r ofta tyngre d\u00e5 man anv\u00e4nder extra st\u00e5l, men detta resulterar i att man f\u00e5r en mycket slitstark skopa.<\/p>\n<p>\u2022\tSk\u00e4r i 500 Brinell <a href=\"https:\/\/www.borox.se\/produkter\/skopst\u00e5l\" target=\"_blank\" rel=\"noopener\">BOROX<\/a><br \/>\n<br \/>\u2022\tSlitskydd p\u00e5 sidorna, gavel fram, botten och slitribbor i <a href=\"https:\/\/www.ssab.com\/products\/brands\/hardox\/products\/hardox-450\" target=\"_blank\" rel=\"noopener\">HARDOX 450<\/a><br \/>\n<br \/>\u2022\tAnpassad f\u00f6r tiltrotator<br \/>\n<br \/>\u2022\tSkyddskeps framf\u00f6r skopf\u00e4stet f\u00f6r att motverka att material kommer in i maskinf\u00e4stet<br \/>\n<br \/>\u2022\tSkopan \u00e4r framtagen tillsammans med maskinf\u00f6rare<\/p>\n","protected":false},"excerpt":{"rendered":"<blockquote><p>&nbsp;<\/p><\/blockquote>\n","protected":false},"featured_media":1202,"template":"","meta":{"_mi_skip_tracking":false,"_monsterinsights_sitenote_active":false,"_monsterinsights_sitenote_note":"","_monsterinsights_sitenote_category":0},"product_cat":[65,176],"product_tag":[],"yoast_head":"<!-- This site is optimized with the Yoast SEO plugin v21.2 - https:\/\/yoast.com\/wordpress\/plugins\/seo\/ -->\n<title>HD Planeringsskopa 1000L - 1800mm - B20 - EMA Sverige<\/title>\n<meta name=\"description\" content=\"HD Planeringsskopa 1000L - 1800mm - B20 Sk\u00e4r i 500 Brinell BOROX. Slitskydd p\u00e5 sidorna, gavel fram, botten och slitribbor i 450 HARDOX\" \/>\n<meta name=\"robots\" content=\"noindex, follow, max-snippet:-1, max-image-preview:large, max-video-preview:-1\" \/>\n<meta property=\"og:locale\" content=\"fi_FI\" \/>\n<meta property=\"og:type\" content=\"article\" \/>\n<meta property=\"og:title\" content=\"HD Planeringsskopa 1000L - 1800mm - B20 - EMA Sverige\" \/>\n<meta property=\"og:description\" content=\"HD Planeringsskopa 1000L - 1800mm - B20 Sk\u00e4r i 500 Brinell BOROX. Slitskydd p\u00e5 sidorna, gavel fram, botten och slitribbor i 450 HARDOX\" \/>\n<meta property=\"og:url\" content=\"https:\/\/emastaging.hemsida.eu\/fi\/produkt\/hd-planeringsskopa-1000l-1800mm-b20\/\" \/>\n<meta property=\"og:site_name\" content=\"EMA Sverige\" \/>\n<meta property=\"article:modified_time\" content=\"2023-09-01T07:37:54+00:00\" \/>\n<meta property=\"og:image\" content=\"https:\/\/emastaging.hemsida.eu\/wp-content\/uploads\/2021\/01\/7294019_1.jpg\" \/>\n\t<meta property=\"og:image:width\" content=\"1000\" \/>\n\t<meta property=\"og:image:height\" content=\"750\" \/>\n\t<meta property=\"og:image:type\" content=\"image\/jpeg\" \/>\n<meta name=\"twitter:card\" content=\"summary_large_image\" \/>\n<meta name=\"twitter:label1\" content=\"Arvioitu lukuaika\" \/>\n\t<meta name=\"twitter:data1\" content=\"1 minuutti\" \/>\n<script type=\"application\/ld+json\" class=\"yoast-schema-graph\">{\"@context\":\"https:\/\/schema.org\",\"@graph\":[{\"@type\":\"WebPage\",\"@id\":\"https:\/\/emastaging.hemsida.eu\/fi\/produkt\/hd-planeringsskopa-1000l-1800mm-b20\/\",\"url\":\"https:\/\/emastaging.hemsida.eu\/fi\/produkt\/hd-planeringsskopa-1000l-1800mm-b20\/\",\"name\":\"HD Planeringsskopa 1000L - 1800mm - B20 - EMA Sverige\",\"isPartOf\":{\"@id\":\"https:\/\/emastaging.hemsida.eu\/fi\/#website\"},\"datePublished\":\"2021-01-20T14:39:41+00:00\",\"dateModified\":\"2023-09-01T07:37:54+00:00\",\"description\":\"HD Planeringsskopa 1000L - 1800mm - B20 Sk\u00e4r i 500 Brinell BOROX. Slitskydd p\u00e5 sidorna, gavel fram, botten och slitribbor i 450 HARDOX\",\"breadcrumb\":{\"@id\":\"https:\/\/emastaging.hemsida.eu\/fi\/produkt\/hd-planeringsskopa-1000l-1800mm-b20\/#breadcrumb\"},\"inLanguage\":\"fi\",\"potentialAction\":[{\"@type\":\"ReadAction\",\"target\":[\"https:\/\/emastaging.hemsida.eu\/fi\/produkt\/hd-planeringsskopa-1000l-1800mm-b20\/\"]}]},{\"@type\":\"BreadcrumbList\",\"@id\":\"https:\/\/emastaging.hemsida.eu\/fi\/produkt\/hd-planeringsskopa-1000l-1800mm-b20\/#breadcrumb\",\"itemListElement\":[{\"@type\":\"ListItem\",\"position\":1,\"name\":\"Hem\",\"item\":\"https:\/\/emastaging.hemsida.eu\/fi\/ema-ruotsi\/\"},{\"@type\":\"ListItem\",\"position\":2,\"name\":\"Tuoteryhm\u00e4t\",\"item\":\"https:\/\/emastaging.hemsida.eu\/fi\/tuoteryhmat\/\"},{\"@type\":\"ListItem\",\"position\":3,\"name\":\"HD Planeringsskopa 1000L &#8211; 1800mm &#8211; B20\"}]},{\"@type\":\"WebSite\",\"@id\":\"https:\/\/emastaging.hemsida.eu\/fi\/#website\",\"url\":\"https:\/\/emastaging.hemsida.eu\/fi\/\",\"name\":\"EMA Sverige\",\"description\":\"\",\"potentialAction\":[{\"@type\":\"SearchAction\",\"target\":{\"@type\":\"EntryPoint\",\"urlTemplate\":\"https:\/\/emastaging.hemsida.eu\/fi\/?s={search_term_string}\"},\"query-input\":\"required name=search_term_string\"}],\"inLanguage\":\"fi\"}]}<\/script>\n<!-- \/ Yoast SEO plugin. -->","yoast_head_json":{"title":"HD Planeringsskopa 1000L - 1800mm - B20 - EMA Sverige","description":"HD Planeringsskopa 1000L - 1800mm - B20 Sk\u00e4r i 500 Brinell BOROX. Slitskydd p\u00e5 sidorna, gavel fram, botten och slitribbor i 450 HARDOX","robots":{"index":"noindex","follow":"follow","max-snippet":"max-snippet:-1","max-image-preview":"max-image-preview:large","max-video-preview":"max-video-preview:-1"},"og_locale":"fi_FI","og_type":"article","og_title":"HD Planeringsskopa 1000L - 1800mm - B20 - EMA Sverige","og_description":"HD Planeringsskopa 1000L - 1800mm - B20 Sk\u00e4r i 500 Brinell BOROX. Slitskydd p\u00e5 sidorna, gavel fram, botten och slitribbor i 450 HARDOX","og_url":"https:\/\/emastaging.hemsida.eu\/fi\/produkt\/hd-planeringsskopa-1000l-1800mm-b20\/","og_site_name":"EMA Sverige","article_modified_time":"2023-09-01T07:37:54+00:00","og_image":[{"width":1000,"height":750,"url":"https:\/\/emastaging.hemsida.eu\/wp-content\/uploads\/2021\/01\/7294019_1.jpg","type":"image\/jpeg"}],"twitter_card":"summary_large_image","twitter_misc":{"Arvioitu lukuaika":"1 minuutti"},"schema":{"@context":"https:\/\/schema.org","@graph":[{"@type":"WebPage","@id":"https:\/\/emastaging.hemsida.eu\/fi\/produkt\/hd-planeringsskopa-1000l-1800mm-b20\/","url":"https:\/\/emastaging.hemsida.eu\/fi\/produkt\/hd-planeringsskopa-1000l-1800mm-b20\/","name":"HD Planeringsskopa 1000L - 1800mm - B20 - EMA Sverige","isPartOf":{"@id":"https:\/\/emastaging.hemsida.eu\/fi\/#website"},"datePublished":"2021-01-20T14:39:41+00:00","dateModified":"2023-09-01T07:37:54+00:00","description":"HD Planeringsskopa 1000L - 1800mm - B20 Sk\u00e4r i 500 Brinell BOROX. Slitskydd p\u00e5 sidorna, gavel fram, botten och slitribbor i 450 HARDOX","breadcrumb":{"@id":"https:\/\/emastaging.hemsida.eu\/fi\/produkt\/hd-planeringsskopa-1000l-1800mm-b20\/#breadcrumb"},"inLanguage":"fi","potentialAction":[{"@type":"ReadAction","target":["https:\/\/emastaging.hemsida.eu\/fi\/produkt\/hd-planeringsskopa-1000l-1800mm-b20\/"]}]},{"@type":"BreadcrumbList","@id":"https:\/\/emastaging.hemsida.eu\/fi\/produkt\/hd-planeringsskopa-1000l-1800mm-b20\/#breadcrumb","itemListElement":[{"@type":"ListItem","position":1,"name":"Hem","item":"https:\/\/emastaging.hemsida.eu\/fi\/ema-ruotsi\/"},{"@type":"ListItem","position":2,"name":"Tuoteryhm\u00e4t","item":"https:\/\/emastaging.hemsida.eu\/fi\/tuoteryhmat\/"},{"@type":"ListItem","position":3,"name":"HD Planeringsskopa 1000L &#8211; 1800mm &#8211; B20"}]},{"@type":"WebSite","@id":"https:\/\/emastaging.hemsida.eu\/fi\/#website","url":"https:\/\/emastaging.hemsida.eu\/fi\/","name":"EMA Sverige","description":"","potentialAction":[{"@type":"SearchAction","target":{"@type":"EntryPoint","urlTemplate":"https:\/\/emastaging.hemsida.eu\/fi\/?s={search_term_string}"},"query-input":"required name=search_term_string"}],"inLanguage":"fi"}]}},"_links":{"self":[{"href":"https:\/\/emastaging.hemsida.eu\/fi\/wp-json\/wp\/v2\/product\/1786"}],"collection":[{"href":"https:\/\/emastaging.hemsida.eu\/fi\/wp-json\/wp\/v2\/product"}],"about":[{"href":"https:\/\/emastaging.hemsida.eu\/fi\/wp-json\/wp\/v2\/types\/product"}],"wp:featuredmedia":[{"embeddable":true,"href":"https:\/\/emastaging.hemsida.eu\/fi\/wp-json\/wp\/v2\/media\/1202"}],"wp:attachment":[{"href":"https:\/\/emastaging.hemsida.eu\/fi\/wp-json\/wp\/v2\/media?parent=1786"}],"wp:term":[{"taxonomy":"product_cat","embeddable":true,"href":"https:\/\/emastaging.hemsida.eu\/fi\/wp-json\/wp\/v2\/product_cat?post=1786"},{"taxonomy":"product_tag","embeddable":true,"href":"https:\/\/emastaging.hemsida.eu\/fi\/wp-json\/wp\/v2\/product_tag?post=1786"}],"curies":[{"name":"wp","href":"https:\/\/api.w.org\/{rel}","templated":true}]}}