{"id":16021,"date":"2024-10-21T11:48:49","date_gmt":"2024-10-21T09:48:49","guid":{"rendered":"https:\/\/emastaging.hemsida.eu\/produkt\/core-va-skopa-350l-600mm-s45\/"},"modified":"2024-10-21T11:48:54","modified_gmt":"2024-10-21T09:48:54","slug":"core-va-skopa-350l-600mm-s45","status":"publish","type":"product","link":"https:\/\/emastaging.hemsida.eu\/fi\/produkt\/core-va-skopa-350l-600mm-s45\/","title":{"rendered":"Core VA skopa &#8211; 350L &#8211; 600mm &#8211; S45"},"content":{"rendered":"<p><sup>Core VA-skopa 600mm &#8211; S45<\/sup><br \/>\n\u2022 Optimal design f\u00f6r effektivt materialfl\u00f6de<br \/>\n\u2022 Designad f\u00f6r att f\u00f6renkla arbetet kring, under kablar och<br \/>\nvattenr\u00f6r \u2022 Varierat utbud med m\u00e5nga olika breddalternativ<br \/>\n\u2022 Sk\u00e4r i HB 500 material = L\u00e5ng livsl\u00e4ngd.<br \/>\n\u2022 Svep, botten och slitskydd i HB450 material<br \/>\n= L\u00e5ng livsl\u00e4ngd <\/p>\n<p>LIVSL\u00c4NGD MED R\u00c4TT MATERIAL<br \/>\nSlitstyrkan i produkterna \u00e4r en stor nyckelfaktor f\u00f6r l\u00f6nsamhet. D\u00e4rf\u00f6r tillverkas EMA Core i material som innehar en Brinellh\u00e5rhet av HB450. <\/p>\n<p>UPPLEV SKILLNADEN<br \/>\nUpplev skillnaden du ocks\u00e5 med EMA Core VA-skopa, en skopa designad f\u00f6r att g\u00f6ra din vardag enklare. Tunnla, gr\u00e4v, justera, flytta &#8211; det \u00e4r bara fantasin som s\u00e4tter gr\u00e4nser! Produkter fr\u00e5n EMA \u00e4r designade f\u00f6r att g\u00f6ra din vardag enklare och mer effektiv. Med fokus p\u00e5 smidighet och prestanda \u00e4r EMA Core det ultimata valet f\u00f6r att effektivisera din verksamhet och minska driftskostnaderna. <\/p>\n","protected":false},"excerpt":{"rendered":"<p>Core VA-skopa 600mm &#8211; S45 \u2022 Optimal design f\u00f6r effektivt materialfl\u00f6de \u2022 Designad f\u00f6r att f\u00f6renkla arbetet kring, under kablar och vattenr\u00f6r \u2022 Varierat utbud med m\u00e5nga olika breddalternativ \u2022 Sk\u00e4r i HB 500 material = L\u00e5ng livsl\u00e4ngd. \u2022 Svep, botten och slitskydd i HB450 material = L\u00e5ng livsl\u00e4ngd LIVSL\u00c4NGD MED R\u00c4TT MATERIAL Slitstyrkan i [&hellip;]<\/p>\n","protected":false},"featured_media":0,"template":"","meta":{"_mi_skip_tracking":false,"_monsterinsights_sitenote_active":false,"_monsterinsights_sitenote_note":"","_monsterinsights_sitenote_category":0},"product_cat":[65,219],"product_tag":[2896],"yoast_head":"<!-- This site is optimized with the Yoast SEO plugin v21.2 - https:\/\/yoast.com\/wordpress\/plugins\/seo\/ -->\n<title>Core VA skopa - 350L - 600mm - S45 - EMA Sverige<\/title>\n<meta name=\"robots\" content=\"noindex, follow, max-snippet:-1, max-image-preview:large, max-video-preview:-1\" \/>\n<meta property=\"og:locale\" content=\"fi_FI\" \/>\n<meta property=\"og:type\" content=\"article\" \/>\n<meta property=\"og:title\" content=\"Core VA skopa - 350L - 600mm - S45 - EMA Sverige\" \/>\n<meta property=\"og:description\" content=\"Core VA-skopa 600mm &#8211; S45 \u2022 Optimal design f\u00f6r effektivt materialfl\u00f6de \u2022 Designad f\u00f6r att f\u00f6renkla arbetet kring, under kablar och vattenr\u00f6r \u2022 Varierat utbud med m\u00e5nga olika breddalternativ \u2022 Sk\u00e4r i HB 500 material = L\u00e5ng livsl\u00e4ngd. \u2022 Svep, botten och slitskydd i HB450 material = L\u00e5ng livsl\u00e4ngd LIVSL\u00c4NGD MED R\u00c4TT MATERIAL Slitstyrkan i [&hellip;]\" \/>\n<meta property=\"og:url\" content=\"https:\/\/emastaging.hemsida.eu\/fi\/produkt\/core-va-skopa-350l-600mm-s45\/\" \/>\n<meta property=\"og:site_name\" content=\"EMA Sverige\" \/>\n<meta property=\"article:modified_time\" content=\"2024-10-21T09:48:54+00:00\" \/>\n<meta name=\"twitter:card\" content=\"summary_large_image\" \/>\n<meta name=\"twitter:label1\" content=\"Arvioitu lukuaika\" \/>\n\t<meta name=\"twitter:data1\" content=\"1 minuutti\" \/>\n<script type=\"application\/ld+json\" class=\"yoast-schema-graph\">{\"@context\":\"https:\/\/schema.org\",\"@graph\":[{\"@type\":\"WebPage\",\"@id\":\"https:\/\/emastaging.hemsida.eu\/fi\/produkt\/core-va-skopa-350l-600mm-s45\/\",\"url\":\"https:\/\/emastaging.hemsida.eu\/fi\/produkt\/core-va-skopa-350l-600mm-s45\/\",\"name\":\"Core VA skopa - 350L - 600mm - S45 - EMA Sverige\",\"isPartOf\":{\"@id\":\"https:\/\/emastaging.hemsida.eu\/fi\/#website\"},\"datePublished\":\"2024-10-21T09:48:49+00:00\",\"dateModified\":\"2024-10-21T09:48:54+00:00\",\"breadcrumb\":{\"@id\":\"https:\/\/emastaging.hemsida.eu\/fi\/produkt\/core-va-skopa-350l-600mm-s45\/#breadcrumb\"},\"inLanguage\":\"fi\",\"potentialAction\":[{\"@type\":\"ReadAction\",\"target\":[\"https:\/\/emastaging.hemsida.eu\/fi\/produkt\/core-va-skopa-350l-600mm-s45\/\"]}]},{\"@type\":\"BreadcrumbList\",\"@id\":\"https:\/\/emastaging.hemsida.eu\/fi\/produkt\/core-va-skopa-350l-600mm-s45\/#breadcrumb\",\"itemListElement\":[{\"@type\":\"ListItem\",\"position\":1,\"name\":\"Hem\",\"item\":\"https:\/\/emastaging.hemsida.eu\/fi\/ema-ruotsi\/\"},{\"@type\":\"ListItem\",\"position\":2,\"name\":\"Tuoteryhm\u00e4t\",\"item\":\"https:\/\/emastaging.hemsida.eu\/fi\/tuoteryhmat\/\"},{\"@type\":\"ListItem\",\"position\":3,\"name\":\"Core VA skopa &#8211; 350L &#8211; 600mm &#8211; S45\"}]},{\"@type\":\"WebSite\",\"@id\":\"https:\/\/emastaging.hemsida.eu\/fi\/#website\",\"url\":\"https:\/\/emastaging.hemsida.eu\/fi\/\",\"name\":\"EMA Sverige\",\"description\":\"\",\"potentialAction\":[{\"@type\":\"SearchAction\",\"target\":{\"@type\":\"EntryPoint\",\"urlTemplate\":\"https:\/\/emastaging.hemsida.eu\/fi\/?s={search_term_string}\"},\"query-input\":\"required name=search_term_string\"}],\"inLanguage\":\"fi\"}]}<\/script>\n<!-- \/ Yoast SEO plugin. -->","yoast_head_json":{"title":"Core VA skopa - 350L - 600mm - S45 - EMA Sverige","robots":{"index":"noindex","follow":"follow","max-snippet":"max-snippet:-1","max-image-preview":"max-image-preview:large","max-video-preview":"max-video-preview:-1"},"og_locale":"fi_FI","og_type":"article","og_title":"Core VA skopa - 350L - 600mm - S45 - EMA Sverige","og_description":"Core VA-skopa 600mm &#8211; S45 \u2022 Optimal design f\u00f6r effektivt materialfl\u00f6de \u2022 Designad f\u00f6r att f\u00f6renkla arbetet kring, under kablar och vattenr\u00f6r \u2022 Varierat utbud med m\u00e5nga olika breddalternativ \u2022 Sk\u00e4r i HB 500 material = L\u00e5ng livsl\u00e4ngd. \u2022 Svep, botten och slitskydd i HB450 material = L\u00e5ng livsl\u00e4ngd LIVSL\u00c4NGD MED R\u00c4TT MATERIAL Slitstyrkan i [&hellip;]","og_url":"https:\/\/emastaging.hemsida.eu\/fi\/produkt\/core-va-skopa-350l-600mm-s45\/","og_site_name":"EMA Sverige","article_modified_time":"2024-10-21T09:48:54+00:00","twitter_card":"summary_large_image","twitter_misc":{"Arvioitu lukuaika":"1 minuutti"},"schema":{"@context":"https:\/\/schema.org","@graph":[{"@type":"WebPage","@id":"https:\/\/emastaging.hemsida.eu\/fi\/produkt\/core-va-skopa-350l-600mm-s45\/","url":"https:\/\/emastaging.hemsida.eu\/fi\/produkt\/core-va-skopa-350l-600mm-s45\/","name":"Core VA skopa - 350L - 600mm - S45 - EMA Sverige","isPartOf":{"@id":"https:\/\/emastaging.hemsida.eu\/fi\/#website"},"datePublished":"2024-10-21T09:48:49+00:00","dateModified":"2024-10-21T09:48:54+00:00","breadcrumb":{"@id":"https:\/\/emastaging.hemsida.eu\/fi\/produkt\/core-va-skopa-350l-600mm-s45\/#breadcrumb"},"inLanguage":"fi","potentialAction":[{"@type":"ReadAction","target":["https:\/\/emastaging.hemsida.eu\/fi\/produkt\/core-va-skopa-350l-600mm-s45\/"]}]},{"@type":"BreadcrumbList","@id":"https:\/\/emastaging.hemsida.eu\/fi\/produkt\/core-va-skopa-350l-600mm-s45\/#breadcrumb","itemListElement":[{"@type":"ListItem","position":1,"name":"Hem","item":"https:\/\/emastaging.hemsida.eu\/fi\/ema-ruotsi\/"},{"@type":"ListItem","position":2,"name":"Tuoteryhm\u00e4t","item":"https:\/\/emastaging.hemsida.eu\/fi\/tuoteryhmat\/"},{"@type":"ListItem","position":3,"name":"Core VA skopa &#8211; 350L &#8211; 600mm &#8211; S45"}]},{"@type":"WebSite","@id":"https:\/\/emastaging.hemsida.eu\/fi\/#website","url":"https:\/\/emastaging.hemsida.eu\/fi\/","name":"EMA Sverige","description":"","potentialAction":[{"@type":"SearchAction","target":{"@type":"EntryPoint","urlTemplate":"https:\/\/emastaging.hemsida.eu\/fi\/?s={search_term_string}"},"query-input":"required name=search_term_string"}],"inLanguage":"fi"}]}},"_links":{"self":[{"href":"https:\/\/emastaging.hemsida.eu\/fi\/wp-json\/wp\/v2\/product\/16021"}],"collection":[{"href":"https:\/\/emastaging.hemsida.eu\/fi\/wp-json\/wp\/v2\/product"}],"about":[{"href":"https:\/\/emastaging.hemsida.eu\/fi\/wp-json\/wp\/v2\/types\/product"}],"wp:attachment":[{"href":"https:\/\/emastaging.hemsida.eu\/fi\/wp-json\/wp\/v2\/media?parent=16021"}],"wp:term":[{"taxonomy":"product_cat","embeddable":true,"href":"https:\/\/emastaging.hemsida.eu\/fi\/wp-json\/wp\/v2\/product_cat?post=16021"},{"taxonomy":"product_tag","embeddable":true,"href":"https:\/\/emastaging.hemsida.eu\/fi\/wp-json\/wp\/v2\/product_tag?post=16021"}],"curies":[{"name":"wp","href":"https:\/\/api.w.org\/{rel}","templated":true}]}}