{"id":15962,"date":"2024-10-21T11:47:53","date_gmt":"2024-10-21T09:47:53","guid":{"rendered":"https:\/\/emastaging.hemsida.eu\/produkt\/core-djupskopa-280l-600mm-s50\/"},"modified":"2024-10-21T11:47:58","modified_gmt":"2024-10-21T09:47:58","slug":"core-djupskopa-280l-600mm-s50","status":"publish","type":"product","link":"https:\/\/emastaging.hemsida.eu\/fi\/produkt\/core-djupskopa-280l-600mm-s50\/","title":{"rendered":"Core djupskopa &#8211; 280L &#8211; 600mm &#8211; S50"},"content":{"rendered":"<p><sup>Core djupskopa 600mm &#8211; S50<\/sup><br \/>\n\u2022 Optimal design f\u00f6r effektivt materialfl\u00f6de<br \/>\n\u2022 Varierat utbud med m\u00e5nga olika bredd och designalternativ.<br \/>\n\u2022 Sk\u00e4r i HB 500 material = L\u00e5ng livsl\u00e4ngd<br \/>\n\u2022 Svep, botten och slitskydd i HB450 material = L\u00e5ng livsl\u00e4ngd<br \/>\n\u2022 CAT J typ tandsystem<\/p>\n<p>LIVSL\u00c4NGD MED R\u00c4TT MATERIAL<br \/>\nSlitstyrkan i produkterna \u00e4r en stor nyckelfaktor f\u00f6r l\u00f6nsamhet. D\u00e4rf\u00f6r tillverkas EMA Core i material som innehar en Brinellh\u00e5rhet av HB450. <\/p>\n<p>SMIDIGHET OCH PRESTANDA<br \/>\nEMA Core Djupskopa \u00e4r ett steg fram\u00e5t i EMA:s utveckling av entreprenadutrustning. Genom att v\u00e4lja EMA Core f\u00e5r du inte bara tillg\u00e5ng till p\u00e5litliga och kostnadseffektiva produkter, utan \u00e4ven verktyg som \u00e4r designade f\u00f6r att g\u00f6ra din vardag enklare och mer effektiv. Med fokus p\u00e5 smidighet och prestanda \u00e4r EMA Core det ultimata valet f\u00f6r att effektivisera din verksamhet och minska driftskostnaderna<\/p>\n","protected":false},"excerpt":{"rendered":"<p>Core djupskopa 600mm &#8211; S50 \u2022 Optimal design f\u00f6r effektivt materialfl\u00f6de \u2022 Varierat utbud med m\u00e5nga olika bredd och designalternativ. \u2022 Sk\u00e4r i HB 500 material = L\u00e5ng livsl\u00e4ngd \u2022 Svep, botten och slitskydd i HB450 material = L\u00e5ng livsl\u00e4ngd \u2022 CAT J typ tandsystem LIVSL\u00c4NGD MED R\u00c4TT MATERIAL Slitstyrkan i produkterna \u00e4r en stor [&hellip;]<\/p>\n","protected":false},"featured_media":0,"template":"","meta":{"_mi_skip_tracking":false,"_monsterinsights_sitenote_active":false,"_monsterinsights_sitenote_note":"","_monsterinsights_sitenote_category":0},"product_cat":[257,65],"product_tag":[2896],"yoast_head":"<!-- This site is optimized with the Yoast SEO plugin v21.2 - https:\/\/yoast.com\/wordpress\/plugins\/seo\/ -->\n<title>Core djupskopa - 280L - 600mm - S50 - EMA Sverige<\/title>\n<meta name=\"robots\" content=\"noindex, follow, max-snippet:-1, max-image-preview:large, max-video-preview:-1\" \/>\n<meta property=\"og:locale\" content=\"fi_FI\" \/>\n<meta property=\"og:type\" content=\"article\" \/>\n<meta property=\"og:title\" content=\"Core djupskopa - 280L - 600mm - S50 - EMA Sverige\" \/>\n<meta property=\"og:description\" content=\"Core djupskopa 600mm &#8211; S50 \u2022 Optimal design f\u00f6r effektivt materialfl\u00f6de \u2022 Varierat utbud med m\u00e5nga olika bredd och designalternativ. \u2022 Sk\u00e4r i HB 500 material = L\u00e5ng livsl\u00e4ngd \u2022 Svep, botten och slitskydd i HB450 material = L\u00e5ng livsl\u00e4ngd \u2022 CAT J typ tandsystem LIVSL\u00c4NGD MED R\u00c4TT MATERIAL Slitstyrkan i produkterna \u00e4r en stor [&hellip;]\" \/>\n<meta property=\"og:url\" content=\"https:\/\/emastaging.hemsida.eu\/fi\/produkt\/core-djupskopa-280l-600mm-s50\/\" \/>\n<meta property=\"og:site_name\" content=\"EMA Sverige\" \/>\n<meta property=\"article:modified_time\" content=\"2024-10-21T09:47:58+00:00\" \/>\n<meta name=\"twitter:card\" content=\"summary_large_image\" \/>\n<meta name=\"twitter:label1\" content=\"Arvioitu lukuaika\" \/>\n\t<meta name=\"twitter:data1\" content=\"1 minuutti\" \/>\n<script type=\"application\/ld+json\" class=\"yoast-schema-graph\">{\"@context\":\"https:\/\/schema.org\",\"@graph\":[{\"@type\":\"WebPage\",\"@id\":\"https:\/\/emastaging.hemsida.eu\/fi\/produkt\/core-djupskopa-280l-600mm-s50\/\",\"url\":\"https:\/\/emastaging.hemsida.eu\/fi\/produkt\/core-djupskopa-280l-600mm-s50\/\",\"name\":\"Core djupskopa - 280L - 600mm - S50 - EMA Sverige\",\"isPartOf\":{\"@id\":\"https:\/\/emastaging.hemsida.eu\/fi\/#website\"},\"datePublished\":\"2024-10-21T09:47:53+00:00\",\"dateModified\":\"2024-10-21T09:47:58+00:00\",\"breadcrumb\":{\"@id\":\"https:\/\/emastaging.hemsida.eu\/fi\/produkt\/core-djupskopa-280l-600mm-s50\/#breadcrumb\"},\"inLanguage\":\"fi\",\"potentialAction\":[{\"@type\":\"ReadAction\",\"target\":[\"https:\/\/emastaging.hemsida.eu\/fi\/produkt\/core-djupskopa-280l-600mm-s50\/\"]}]},{\"@type\":\"BreadcrumbList\",\"@id\":\"https:\/\/emastaging.hemsida.eu\/fi\/produkt\/core-djupskopa-280l-600mm-s50\/#breadcrumb\",\"itemListElement\":[{\"@type\":\"ListItem\",\"position\":1,\"name\":\"Hem\",\"item\":\"https:\/\/emastaging.hemsida.eu\/fi\/ema-ruotsi\/\"},{\"@type\":\"ListItem\",\"position\":2,\"name\":\"Tuoteryhm\u00e4t\",\"item\":\"https:\/\/emastaging.hemsida.eu\/fi\/tuoteryhmat\/\"},{\"@type\":\"ListItem\",\"position\":3,\"name\":\"Core djupskopa &#8211; 280L &#8211; 600mm &#8211; S50\"}]},{\"@type\":\"WebSite\",\"@id\":\"https:\/\/emastaging.hemsida.eu\/fi\/#website\",\"url\":\"https:\/\/emastaging.hemsida.eu\/fi\/\",\"name\":\"EMA Sverige\",\"description\":\"\",\"potentialAction\":[{\"@type\":\"SearchAction\",\"target\":{\"@type\":\"EntryPoint\",\"urlTemplate\":\"https:\/\/emastaging.hemsida.eu\/fi\/?s={search_term_string}\"},\"query-input\":\"required name=search_term_string\"}],\"inLanguage\":\"fi\"}]}<\/script>\n<!-- \/ Yoast SEO plugin. -->","yoast_head_json":{"title":"Core djupskopa - 280L - 600mm - S50 - EMA Sverige","robots":{"index":"noindex","follow":"follow","max-snippet":"max-snippet:-1","max-image-preview":"max-image-preview:large","max-video-preview":"max-video-preview:-1"},"og_locale":"fi_FI","og_type":"article","og_title":"Core djupskopa - 280L - 600mm - S50 - EMA Sverige","og_description":"Core djupskopa 600mm &#8211; S50 \u2022 Optimal design f\u00f6r effektivt materialfl\u00f6de \u2022 Varierat utbud med m\u00e5nga olika bredd och designalternativ. \u2022 Sk\u00e4r i HB 500 material = L\u00e5ng livsl\u00e4ngd \u2022 Svep, botten och slitskydd i HB450 material = L\u00e5ng livsl\u00e4ngd \u2022 CAT J typ tandsystem LIVSL\u00c4NGD MED R\u00c4TT MATERIAL Slitstyrkan i produkterna \u00e4r en stor [&hellip;]","og_url":"https:\/\/emastaging.hemsida.eu\/fi\/produkt\/core-djupskopa-280l-600mm-s50\/","og_site_name":"EMA Sverige","article_modified_time":"2024-10-21T09:47:58+00:00","twitter_card":"summary_large_image","twitter_misc":{"Arvioitu lukuaika":"1 minuutti"},"schema":{"@context":"https:\/\/schema.org","@graph":[{"@type":"WebPage","@id":"https:\/\/emastaging.hemsida.eu\/fi\/produkt\/core-djupskopa-280l-600mm-s50\/","url":"https:\/\/emastaging.hemsida.eu\/fi\/produkt\/core-djupskopa-280l-600mm-s50\/","name":"Core djupskopa - 280L - 600mm - S50 - EMA Sverige","isPartOf":{"@id":"https:\/\/emastaging.hemsida.eu\/fi\/#website"},"datePublished":"2024-10-21T09:47:53+00:00","dateModified":"2024-10-21T09:47:58+00:00","breadcrumb":{"@id":"https:\/\/emastaging.hemsida.eu\/fi\/produkt\/core-djupskopa-280l-600mm-s50\/#breadcrumb"},"inLanguage":"fi","potentialAction":[{"@type":"ReadAction","target":["https:\/\/emastaging.hemsida.eu\/fi\/produkt\/core-djupskopa-280l-600mm-s50\/"]}]},{"@type":"BreadcrumbList","@id":"https:\/\/emastaging.hemsida.eu\/fi\/produkt\/core-djupskopa-280l-600mm-s50\/#breadcrumb","itemListElement":[{"@type":"ListItem","position":1,"name":"Hem","item":"https:\/\/emastaging.hemsida.eu\/fi\/ema-ruotsi\/"},{"@type":"ListItem","position":2,"name":"Tuoteryhm\u00e4t","item":"https:\/\/emastaging.hemsida.eu\/fi\/tuoteryhmat\/"},{"@type":"ListItem","position":3,"name":"Core djupskopa &#8211; 280L &#8211; 600mm &#8211; S50"}]},{"@type":"WebSite","@id":"https:\/\/emastaging.hemsida.eu\/fi\/#website","url":"https:\/\/emastaging.hemsida.eu\/fi\/","name":"EMA Sverige","description":"","potentialAction":[{"@type":"SearchAction","target":{"@type":"EntryPoint","urlTemplate":"https:\/\/emastaging.hemsida.eu\/fi\/?s={search_term_string}"},"query-input":"required name=search_term_string"}],"inLanguage":"fi"}]}},"_links":{"self":[{"href":"https:\/\/emastaging.hemsida.eu\/fi\/wp-json\/wp\/v2\/product\/15962"}],"collection":[{"href":"https:\/\/emastaging.hemsida.eu\/fi\/wp-json\/wp\/v2\/product"}],"about":[{"href":"https:\/\/emastaging.hemsida.eu\/fi\/wp-json\/wp\/v2\/types\/product"}],"wp:attachment":[{"href":"https:\/\/emastaging.hemsida.eu\/fi\/wp-json\/wp\/v2\/media?parent=15962"}],"wp:term":[{"taxonomy":"product_cat","embeddable":true,"href":"https:\/\/emastaging.hemsida.eu\/fi\/wp-json\/wp\/v2\/product_cat?post=15962"},{"taxonomy":"product_tag","embeddable":true,"href":"https:\/\/emastaging.hemsida.eu\/fi\/wp-json\/wp\/v2\/product_tag?post=15962"}],"curies":[{"name":"wp","href":"https:\/\/api.w.org\/{rel}","templated":true}]}}