{"id":1354,"date":"2021-01-20T14:31:26","date_gmt":"2021-01-20T14:31:26","guid":{"rendered":"https:\/\/emasverigev2.adgrowthsites.se\/produkt\/std-spontskopa-3000mm-s70\/"},"modified":"2023-09-01T09:33:20","modified_gmt":"2023-09-01T07:33:20","slug":"std-spontskopa-3000mm-s70","status":"publish","type":"product","link":"https:\/\/emastaging.hemsida.eu\/fi\/produkt\/std-spontskopa-3000mm-s70\/","title":{"rendered":"Std Spontskopa 3000mm &#8211; S70"},"content":{"rendered":"<p><sup>Std Spontskopa 3000mm &#8211; S70<\/sup><br \/>\n\u2013 Perfekt n\u00e4r du ska tunnla under t ex fj\u00e4rrv\u00e4rme,<br \/>\nVA och n\u00e4r du beh\u00f6ver extra r\u00e4ckvidd. Hela skopan \u00e4r gjord av S355-st\u00e5l.<\/p>\n","protected":false},"excerpt":{"rendered":"<p>Std Spontskopa 3000mm &#8211; S70 \u2013 Perfekt n\u00e4r du ska tunnla under t ex fj\u00e4rrv\u00e4rme, VA och n\u00e4r du beh\u00f6ver extra r\u00e4ckvidd. Hela skopan \u00e4r gjord av S355-st\u00e5l.<\/p>\n","protected":false},"featured_media":9048,"template":"","meta":{"_mi_skip_tracking":false,"_monsterinsights_sitenote_active":false,"_monsterinsights_sitenote_note":"","_monsterinsights_sitenote_category":0},"product_cat":[1029],"product_tag":[],"yoast_head":"<!-- This site is optimized with the Yoast SEO plugin v21.2 - https:\/\/yoast.com\/wordpress\/plugins\/seo\/ -->\n<title>Std Spontskopa 3000mm - S70 - EMA Sverige<\/title>\n<meta name=\"description\" content=\"Std Spontskopa 3000mm - S70. Perfekt n\u00e4r du ska tunnla under t ex fj\u00e4rrv\u00e4rme, VA och n\u00e4r du beh\u00f6ver extra r\u00e4ckvidd. Hela skopan \u00e4r gjord av S355-st\u00e5l.\" \/>\n<meta name=\"robots\" content=\"noindex, follow, max-snippet:-1, max-image-preview:large, max-video-preview:-1\" \/>\n<meta property=\"og:locale\" content=\"fi_FI\" \/>\n<meta property=\"og:type\" content=\"article\" \/>\n<meta property=\"og:title\" content=\"Std Spontskopa 3000mm - S70 - EMA Sverige\" \/>\n<meta property=\"og:description\" content=\"Std Spontskopa 3000mm - S70. Perfekt n\u00e4r du ska tunnla under t ex fj\u00e4rrv\u00e4rme, VA och n\u00e4r du beh\u00f6ver extra r\u00e4ckvidd. Hela skopan \u00e4r gjord av S355-st\u00e5l.\" \/>\n<meta property=\"og:url\" content=\"https:\/\/emastaging.hemsida.eu\/fi\/produkt\/std-spontskopa-3000mm-s70\/\" \/>\n<meta property=\"og:site_name\" content=\"EMA Sverige\" \/>\n<meta property=\"article:modified_time\" content=\"2023-09-01T07:33:20+00:00\" \/>\n<meta property=\"og:image\" content=\"https:\/\/emastaging.hemsida.eu\/wp-content\/uploads\/2021\/01\/PRO-005854-07260010_a.jpg\" \/>\n\t<meta property=\"og:image:width\" content=\"1000\" \/>\n\t<meta property=\"og:image:height\" content=\"750\" \/>\n\t<meta property=\"og:image:type\" content=\"image\/jpeg\" \/>\n<meta name=\"twitter:card\" content=\"summary_large_image\" \/>\n<meta name=\"twitter:label1\" content=\"Arvioitu lukuaika\" \/>\n\t<meta name=\"twitter:data1\" content=\"1 minuutti\" \/>\n<script type=\"application\/ld+json\" class=\"yoast-schema-graph\">{\"@context\":\"https:\/\/schema.org\",\"@graph\":[{\"@type\":\"WebPage\",\"@id\":\"https:\/\/emastaging.hemsida.eu\/fi\/produkt\/std-spontskopa-3000mm-s70\/\",\"url\":\"https:\/\/emastaging.hemsida.eu\/fi\/produkt\/std-spontskopa-3000mm-s70\/\",\"name\":\"Std Spontskopa 3000mm - S70 - EMA Sverige\",\"isPartOf\":{\"@id\":\"https:\/\/emastaging.hemsida.eu\/fi\/#website\"},\"datePublished\":\"2021-01-20T14:31:26+00:00\",\"dateModified\":\"2023-09-01T07:33:20+00:00\",\"description\":\"Std Spontskopa 3000mm - S70. Perfekt n\u00e4r du ska tunnla under t ex fj\u00e4rrv\u00e4rme, VA och n\u00e4r du beh\u00f6ver extra r\u00e4ckvidd. Hela skopan \u00e4r gjord av S355-st\u00e5l.\",\"breadcrumb\":{\"@id\":\"https:\/\/emastaging.hemsida.eu\/fi\/produkt\/std-spontskopa-3000mm-s70\/#breadcrumb\"},\"inLanguage\":\"fi\",\"potentialAction\":[{\"@type\":\"ReadAction\",\"target\":[\"https:\/\/emastaging.hemsida.eu\/fi\/produkt\/std-spontskopa-3000mm-s70\/\"]}]},{\"@type\":\"BreadcrumbList\",\"@id\":\"https:\/\/emastaging.hemsida.eu\/fi\/produkt\/std-spontskopa-3000mm-s70\/#breadcrumb\",\"itemListElement\":[{\"@type\":\"ListItem\",\"position\":1,\"name\":\"Hem\",\"item\":\"https:\/\/emastaging.hemsida.eu\/fi\/ema-ruotsi\/\"},{\"@type\":\"ListItem\",\"position\":2,\"name\":\"Tuoteryhm\u00e4t\",\"item\":\"https:\/\/emastaging.hemsida.eu\/fi\/tuoteryhmat\/\"},{\"@type\":\"ListItem\",\"position\":3,\"name\":\"Std Spontskopa 3000mm &#8211; S70\"}]},{\"@type\":\"WebSite\",\"@id\":\"https:\/\/emastaging.hemsida.eu\/fi\/#website\",\"url\":\"https:\/\/emastaging.hemsida.eu\/fi\/\",\"name\":\"EMA Sverige\",\"description\":\"\",\"potentialAction\":[{\"@type\":\"SearchAction\",\"target\":{\"@type\":\"EntryPoint\",\"urlTemplate\":\"https:\/\/emastaging.hemsida.eu\/fi\/?s={search_term_string}\"},\"query-input\":\"required name=search_term_string\"}],\"inLanguage\":\"fi\"}]}<\/script>\n<!-- \/ Yoast SEO plugin. -->","yoast_head_json":{"title":"Std Spontskopa 3000mm - S70 - EMA Sverige","description":"Std Spontskopa 3000mm - S70. Perfekt n\u00e4r du ska tunnla under t ex fj\u00e4rrv\u00e4rme, VA och n\u00e4r du beh\u00f6ver extra r\u00e4ckvidd. Hela skopan \u00e4r gjord av S355-st\u00e5l.","robots":{"index":"noindex","follow":"follow","max-snippet":"max-snippet:-1","max-image-preview":"max-image-preview:large","max-video-preview":"max-video-preview:-1"},"og_locale":"fi_FI","og_type":"article","og_title":"Std Spontskopa 3000mm - S70 - EMA Sverige","og_description":"Std Spontskopa 3000mm - S70. Perfekt n\u00e4r du ska tunnla under t ex fj\u00e4rrv\u00e4rme, VA och n\u00e4r du beh\u00f6ver extra r\u00e4ckvidd. Hela skopan \u00e4r gjord av S355-st\u00e5l.","og_url":"https:\/\/emastaging.hemsida.eu\/fi\/produkt\/std-spontskopa-3000mm-s70\/","og_site_name":"EMA Sverige","article_modified_time":"2023-09-01T07:33:20+00:00","og_image":[{"width":1000,"height":750,"url":"https:\/\/emastaging.hemsida.eu\/wp-content\/uploads\/2021\/01\/PRO-005854-07260010_a.jpg","type":"image\/jpeg"}],"twitter_card":"summary_large_image","twitter_misc":{"Arvioitu lukuaika":"1 minuutti"},"schema":{"@context":"https:\/\/schema.org","@graph":[{"@type":"WebPage","@id":"https:\/\/emastaging.hemsida.eu\/fi\/produkt\/std-spontskopa-3000mm-s70\/","url":"https:\/\/emastaging.hemsida.eu\/fi\/produkt\/std-spontskopa-3000mm-s70\/","name":"Std Spontskopa 3000mm - S70 - EMA Sverige","isPartOf":{"@id":"https:\/\/emastaging.hemsida.eu\/fi\/#website"},"datePublished":"2021-01-20T14:31:26+00:00","dateModified":"2023-09-01T07:33:20+00:00","description":"Std Spontskopa 3000mm - S70. Perfekt n\u00e4r du ska tunnla under t ex fj\u00e4rrv\u00e4rme, VA och n\u00e4r du beh\u00f6ver extra r\u00e4ckvidd. Hela skopan \u00e4r gjord av S355-st\u00e5l.","breadcrumb":{"@id":"https:\/\/emastaging.hemsida.eu\/fi\/produkt\/std-spontskopa-3000mm-s70\/#breadcrumb"},"inLanguage":"fi","potentialAction":[{"@type":"ReadAction","target":["https:\/\/emastaging.hemsida.eu\/fi\/produkt\/std-spontskopa-3000mm-s70\/"]}]},{"@type":"BreadcrumbList","@id":"https:\/\/emastaging.hemsida.eu\/fi\/produkt\/std-spontskopa-3000mm-s70\/#breadcrumb","itemListElement":[{"@type":"ListItem","position":1,"name":"Hem","item":"https:\/\/emastaging.hemsida.eu\/fi\/ema-ruotsi\/"},{"@type":"ListItem","position":2,"name":"Tuoteryhm\u00e4t","item":"https:\/\/emastaging.hemsida.eu\/fi\/tuoteryhmat\/"},{"@type":"ListItem","position":3,"name":"Std Spontskopa 3000mm &#8211; S70"}]},{"@type":"WebSite","@id":"https:\/\/emastaging.hemsida.eu\/fi\/#website","url":"https:\/\/emastaging.hemsida.eu\/fi\/","name":"EMA Sverige","description":"","potentialAction":[{"@type":"SearchAction","target":{"@type":"EntryPoint","urlTemplate":"https:\/\/emastaging.hemsida.eu\/fi\/?s={search_term_string}"},"query-input":"required name=search_term_string"}],"inLanguage":"fi"}]}},"_links":{"self":[{"href":"https:\/\/emastaging.hemsida.eu\/fi\/wp-json\/wp\/v2\/product\/1354"}],"collection":[{"href":"https:\/\/emastaging.hemsida.eu\/fi\/wp-json\/wp\/v2\/product"}],"about":[{"href":"https:\/\/emastaging.hemsida.eu\/fi\/wp-json\/wp\/v2\/types\/product"}],"wp:featuredmedia":[{"embeddable":true,"href":"https:\/\/emastaging.hemsida.eu\/fi\/wp-json\/wp\/v2\/media\/9048"}],"wp:attachment":[{"href":"https:\/\/emastaging.hemsida.eu\/fi\/wp-json\/wp\/v2\/media?parent=1354"}],"wp:term":[{"taxonomy":"product_cat","embeddable":true,"href":"https:\/\/emastaging.hemsida.eu\/fi\/wp-json\/wp\/v2\/product_cat?post=1354"},{"taxonomy":"product_tag","embeddable":true,"href":"https:\/\/emastaging.hemsida.eu\/fi\/wp-json\/wp\/v2\/product_tag?post=1354"}],"curies":[{"name":"wp","href":"https:\/\/api.w.org\/{rel}","templated":true}]}}