{"id":13510,"date":"2021-01-20T15:35:47","date_gmt":"2023-01-16T13:57:51","guid":{"rendered":"https:\/\/emasweden.com\/produkt\/std-kuokkakauha-50l-kynsilla-410mm-s30-150\/"},"modified":"2023-01-16T14:57:51","modified_gmt":"2023-01-16T13:57:51","slug":"std-kuokkakauha-50l-kynsilla-410mm-s30-150","status":"publish","type":"product","link":"https:\/\/emastaging.hemsida.eu\/fi\/produkt\/std-kuokkakauha-50l-kynsilla-410mm-s30-150\/","title":{"rendered":"Std Kuokkakauha 50L kynsill\u00e4 &#8211; 410mm &#8211; S30\/150"},"content":{"rendered":"<p>Kuokkakauha &#8211; Standard duty (STD) on laadusta tinkim\u00e4tt\u00e4 eritt\u00e4in edullinen osa valikoimaamme. Hardoxia\u00ae k\u00e4ytet\u00e4\u00e4n pinnoille, joilla materiaaliin kohdistuu suuri rasitus. Hardox\u00ae antaa tuotteelle pidemm\u00e4n k\u00e4ytt\u00f6i\u00e4n. T\u00e4m\u00e4 tuote on suunnattu k\u00e4ytt\u00e4jille, jotka asettavat tuotteilleen korkeat vaatimukset, arvostavat korkeaa suorituskyky\u00e4 ja jotka pitk\u00e4ll\u00e4 aikav\u00e4lill\u00e4 haluavat edist\u00e4\u00e4 parempaa kannattavuutta.<\/p>\n<p>\u2022 Huulilevy 500 Brinell Borox<br \/>\n<br \/>\u2022 Muotoilu, kulutussuojat kyljiss\u00e4 ja pohja 450 Hardox<br \/>\n<br \/>\u2022 CAT-kynsij\u00e4rjestelm\u00e4<br \/>\n<br \/>\u2022 Kauha on kehitetty yhdess\u00e4 koneenk\u00e4ytt\u00e4jien kanssa<br \/>\n<\/br><\/p>\n","protected":false},"excerpt":{"rendered":"<p>Kuokkakauha &#8211; Standard duty (STD) on laadusta tinkim\u00e4tt\u00e4 eritt\u00e4in edullinen osa valikoimaamme. Hardoxia\u00ae k\u00e4ytet\u00e4\u00e4n pinnoille, joilla materiaaliin kohdistuu suuri rasitus. Hardox\u00ae antaa tuotteelle pidemm\u00e4n k\u00e4ytt\u00f6i\u00e4n. T\u00e4m\u00e4 tuote on suunnattu k\u00e4ytt\u00e4jille, jotka asettavat tuotteilleen korkeat vaatimukset, arvostavat korkeaa suorituskyky\u00e4 ja jotka pitk\u00e4ll\u00e4 aikav\u00e4lill\u00e4 haluavat edist\u00e4\u00e4 parempaa kannattavuutta. \u2022 Huulilevy 500 Brinell Borox \u2022 Muotoilu, kulutussuojat kyljiss\u00e4 [&hellip;]<\/p>\n","protected":false},"featured_media":68,"template":"","meta":{"_mi_skip_tracking":false,"_monsterinsights_sitenote_active":false,"_monsterinsights_sitenote_note":"","_monsterinsights_sitenote_category":0},"product_cat":[2168,2173],"product_tag":[],"yoast_head":"<!-- This site is optimized with the Yoast SEO plugin v21.2 - https:\/\/yoast.com\/wordpress\/plugins\/seo\/ -->\n<title>Std Kuokkakauha 50L kynsill\u00e4 - 410mm - S30\/150 - EMA Sverige<\/title>\n<meta name=\"robots\" content=\"noindex, follow, max-snippet:-1, max-image-preview:large, max-video-preview:-1\" \/>\n<meta property=\"og:locale\" content=\"fi_FI\" \/>\n<meta property=\"og:type\" content=\"article\" \/>\n<meta property=\"og:title\" content=\"Std Kuokkakauha 50L kynsill\u00e4 - 410mm - S30\/150 - EMA Sverige\" \/>\n<meta property=\"og:description\" content=\"Kuokkakauha &#8211; Standard duty (STD) on laadusta tinkim\u00e4tt\u00e4 eritt\u00e4in edullinen osa valikoimaamme. Hardoxia\u00ae k\u00e4ytet\u00e4\u00e4n pinnoille, joilla materiaaliin kohdistuu suuri rasitus. Hardox\u00ae antaa tuotteelle pidemm\u00e4n k\u00e4ytt\u00f6i\u00e4n. T\u00e4m\u00e4 tuote on suunnattu k\u00e4ytt\u00e4jille, jotka asettavat tuotteilleen korkeat vaatimukset, arvostavat korkeaa suorituskyky\u00e4 ja jotka pitk\u00e4ll\u00e4 aikav\u00e4lill\u00e4 haluavat edist\u00e4\u00e4 parempaa kannattavuutta. \u2022 Huulilevy 500 Brinell Borox \u2022 Muotoilu, kulutussuojat kyljiss\u00e4 [&hellip;]\" \/>\n<meta property=\"og:url\" content=\"https:\/\/emastaging.hemsida.eu\/fi\/produkt\/std-kuokkakauha-50l-kynsilla-410mm-s30-150\/\" \/>\n<meta property=\"og:site_name\" content=\"EMA Sverige\" \/>\n<meta name=\"twitter:card\" content=\"summary_large_image\" \/>\n<script type=\"application\/ld+json\" class=\"yoast-schema-graph\">{\"@context\":\"https:\/\/schema.org\",\"@graph\":[{\"@type\":\"WebPage\",\"@id\":\"https:\/\/emastaging.hemsida.eu\/fi\/produkt\/std-kuokkakauha-50l-kynsilla-410mm-s30-150\/\",\"url\":\"https:\/\/emastaging.hemsida.eu\/fi\/produkt\/std-kuokkakauha-50l-kynsilla-410mm-s30-150\/\",\"name\":\"Std Kuokkakauha 50L kynsill\u00e4 - 410mm - S30\/150 - EMA Sverige\",\"isPartOf\":{\"@id\":\"https:\/\/emastaging.hemsida.eu\/fi\/#website\"},\"datePublished\":\"2023-01-16T13:57:51+00:00\",\"dateModified\":\"2023-01-16T13:57:51+00:00\",\"breadcrumb\":{\"@id\":\"https:\/\/emastaging.hemsida.eu\/fi\/produkt\/std-kuokkakauha-50l-kynsilla-410mm-s30-150\/#breadcrumb\"},\"inLanguage\":\"fi\",\"potentialAction\":[{\"@type\":\"ReadAction\",\"target\":[\"https:\/\/emastaging.hemsida.eu\/fi\/produkt\/std-kuokkakauha-50l-kynsilla-410mm-s30-150\/\"]}]},{\"@type\":\"BreadcrumbList\",\"@id\":\"https:\/\/emastaging.hemsida.eu\/fi\/produkt\/std-kuokkakauha-50l-kynsilla-410mm-s30-150\/#breadcrumb\",\"itemListElement\":[{\"@type\":\"ListItem\",\"position\":1,\"name\":\"Hem\",\"item\":\"https:\/\/emastaging.hemsida.eu\/fi\/ema-ruotsi\/\"},{\"@type\":\"ListItem\",\"position\":2,\"name\":\"Tuoteryhm\u00e4t\",\"item\":\"https:\/\/emastaging.hemsida.eu\/fi\/tuoteryhmat\/\"},{\"@type\":\"ListItem\",\"position\":3,\"name\":\"Std Kuokkakauha 50L kynsill\u00e4 &#8211; 410mm &#8211; S30\/150\"}]},{\"@type\":\"WebSite\",\"@id\":\"https:\/\/emastaging.hemsida.eu\/fi\/#website\",\"url\":\"https:\/\/emastaging.hemsida.eu\/fi\/\",\"name\":\"EMA Sverige\",\"description\":\"\",\"potentialAction\":[{\"@type\":\"SearchAction\",\"target\":{\"@type\":\"EntryPoint\",\"urlTemplate\":\"https:\/\/emastaging.hemsida.eu\/fi\/?s={search_term_string}\"},\"query-input\":\"required name=search_term_string\"}],\"inLanguage\":\"fi\"}]}<\/script>\n<!-- \/ Yoast SEO plugin. -->","yoast_head_json":{"title":"Std Kuokkakauha 50L kynsill\u00e4 - 410mm - S30\/150 - EMA Sverige","robots":{"index":"noindex","follow":"follow","max-snippet":"max-snippet:-1","max-image-preview":"max-image-preview:large","max-video-preview":"max-video-preview:-1"},"og_locale":"fi_FI","og_type":"article","og_title":"Std Kuokkakauha 50L kynsill\u00e4 - 410mm - S30\/150 - EMA Sverige","og_description":"Kuokkakauha &#8211; Standard duty (STD) on laadusta tinkim\u00e4tt\u00e4 eritt\u00e4in edullinen osa valikoimaamme. Hardoxia\u00ae k\u00e4ytet\u00e4\u00e4n pinnoille, joilla materiaaliin kohdistuu suuri rasitus. Hardox\u00ae antaa tuotteelle pidemm\u00e4n k\u00e4ytt\u00f6i\u00e4n. T\u00e4m\u00e4 tuote on suunnattu k\u00e4ytt\u00e4jille, jotka asettavat tuotteilleen korkeat vaatimukset, arvostavat korkeaa suorituskyky\u00e4 ja jotka pitk\u00e4ll\u00e4 aikav\u00e4lill\u00e4 haluavat edist\u00e4\u00e4 parempaa kannattavuutta. \u2022 Huulilevy 500 Brinell Borox \u2022 Muotoilu, kulutussuojat kyljiss\u00e4 [&hellip;]","og_url":"https:\/\/emastaging.hemsida.eu\/fi\/produkt\/std-kuokkakauha-50l-kynsilla-410mm-s30-150\/","og_site_name":"EMA Sverige","twitter_card":"summary_large_image","schema":{"@context":"https:\/\/schema.org","@graph":[{"@type":"WebPage","@id":"https:\/\/emastaging.hemsida.eu\/fi\/produkt\/std-kuokkakauha-50l-kynsilla-410mm-s30-150\/","url":"https:\/\/emastaging.hemsida.eu\/fi\/produkt\/std-kuokkakauha-50l-kynsilla-410mm-s30-150\/","name":"Std Kuokkakauha 50L kynsill\u00e4 - 410mm - S30\/150 - EMA Sverige","isPartOf":{"@id":"https:\/\/emastaging.hemsida.eu\/fi\/#website"},"datePublished":"2023-01-16T13:57:51+00:00","dateModified":"2023-01-16T13:57:51+00:00","breadcrumb":{"@id":"https:\/\/emastaging.hemsida.eu\/fi\/produkt\/std-kuokkakauha-50l-kynsilla-410mm-s30-150\/#breadcrumb"},"inLanguage":"fi","potentialAction":[{"@type":"ReadAction","target":["https:\/\/emastaging.hemsida.eu\/fi\/produkt\/std-kuokkakauha-50l-kynsilla-410mm-s30-150\/"]}]},{"@type":"BreadcrumbList","@id":"https:\/\/emastaging.hemsida.eu\/fi\/produkt\/std-kuokkakauha-50l-kynsilla-410mm-s30-150\/#breadcrumb","itemListElement":[{"@type":"ListItem","position":1,"name":"Hem","item":"https:\/\/emastaging.hemsida.eu\/fi\/ema-ruotsi\/"},{"@type":"ListItem","position":2,"name":"Tuoteryhm\u00e4t","item":"https:\/\/emastaging.hemsida.eu\/fi\/tuoteryhmat\/"},{"@type":"ListItem","position":3,"name":"Std Kuokkakauha 50L kynsill\u00e4 &#8211; 410mm &#8211; S30\/150"}]},{"@type":"WebSite","@id":"https:\/\/emastaging.hemsida.eu\/fi\/#website","url":"https:\/\/emastaging.hemsida.eu\/fi\/","name":"EMA Sverige","description":"","potentialAction":[{"@type":"SearchAction","target":{"@type":"EntryPoint","urlTemplate":"https:\/\/emastaging.hemsida.eu\/fi\/?s={search_term_string}"},"query-input":"required name=search_term_string"}],"inLanguage":"fi"}]}},"_links":{"self":[{"href":"https:\/\/emastaging.hemsida.eu\/fi\/wp-json\/wp\/v2\/product\/13510"}],"collection":[{"href":"https:\/\/emastaging.hemsida.eu\/fi\/wp-json\/wp\/v2\/product"}],"about":[{"href":"https:\/\/emastaging.hemsida.eu\/fi\/wp-json\/wp\/v2\/types\/product"}],"wp:featuredmedia":[{"embeddable":true,"href":"https:\/\/emastaging.hemsida.eu\/fi\/wp-json\/wp\/v2\/media\/68"}],"wp:attachment":[{"href":"https:\/\/emastaging.hemsida.eu\/fi\/wp-json\/wp\/v2\/media?parent=13510"}],"wp:term":[{"taxonomy":"product_cat","embeddable":true,"href":"https:\/\/emastaging.hemsida.eu\/fi\/wp-json\/wp\/v2\/product_cat?post=13510"},{"taxonomy":"product_tag","embeddable":true,"href":"https:\/\/emastaging.hemsida.eu\/fi\/wp-json\/wp\/v2\/product_tag?post=13510"}],"curies":[{"name":"wp","href":"https:\/\/api.w.org\/{rel}","templated":true}]}}