{"id":13478,"date":"2021-01-20T15:36:30","date_gmt":"2023-01-16T13:09:12","guid":{"rendered":"https:\/\/emasweden.com\/produkt\/hd-kuokkakauha-50l-kynsilla-410mm-s30-150\/"},"modified":"2023-01-16T14:09:12","modified_gmt":"2023-01-16T13:09:12","slug":"hd-kuokkakauha-50l-kynsilla-410mm-s30-150","status":"publish","type":"product","link":"https:\/\/emastaging.hemsida.eu\/fi\/produkt\/hd-kuokkakauha-50l-kynsilla-410mm-s30-150\/","title":{"rendered":"HD Kuokkakauha 50L kynsill\u00e4 &#8211; 410mm &#8211; S30\/150"},"content":{"rendered":"<p>HD Kuokkakauha 50L kynsill\u00e4 &#8211; 410mm &#8211; S30\/150. Heavy duty (HD) on tuotevalikoimamme tehopaketti. T\u00e4m\u00e4n kanssa ei materiaalien suhteen tehd\u00e4 kompromisseja. Laitteet on varustettu pohjan kulutuskiskoilla ja ne on usein normaalia paksumpia. T\u00e4t\u00e4 tehopakettia k\u00e4ytt\u00e4v\u00e4t enimm\u00e4kseen k\u00e4ytt\u00e4j\u00e4t, jotka asettavat tuotteilleen eritt\u00e4in korkeat vaatimukset. He ty\u00f6skentelev\u00e4t usein materiaaleilla ja ymp\u00e4rist\u00f6iss\u00e4, jotka vaativat hieman ylim\u00e4\u00e4r\u00e4ist\u00e4 kest\u00e4vyyden suhteen. T\u00e4m\u00e4n luokan kauhat ovat usein raskaampia, koska k\u00e4ytet\u00e4\u00e4n ylim\u00e4\u00e4r\u00e4ist\u00e4 ter\u00e4st\u00e4. Tuloksena on eritt\u00e4in kest\u00e4v\u00e4 kauha.<\/p>\n<p>\u2022 Huulilevy 500 Brinell <a href=\"https:\/\/www.borox.se\/produkter\/skopst%C3%A5l\" target=\"_blank\" rel=\"noopener\">Borox<\/a><br \/>\n<br \/>\u2022 Kulutussuojat kyljiss\u00e4, pohja ja kulutussuojat 450 <a href=\"https:\/\/www.ssab.com\/products\/brands\/hardox\/products\/hardox-450\" target=\"_blank\" rel=\"noopener\">HARDOX<\/a><br \/>\n<br \/>\u2022 CAT-kynsij\u00e4rjestelm\u00e4<br \/>\n<br \/>\u2022 Kauha on kehitetty yhdess\u00e4 koneenk\u00e4ytt\u00e4jien kanssa\n<\/ul>\n","protected":false},"excerpt":{"rendered":"<p>HD Kuokkakauha 50L kynsill\u00e4 &#8211; 410mm &#8211; S30\/150. Heavy duty (HD) on tuotevalikoimamme tehopaketti. T\u00e4m\u00e4n kanssa ei materiaalien suhteen tehd\u00e4 kompromisseja. Laitteet on varustettu pohjan kulutuskiskoilla ja ne on usein normaalia paksumpia. T\u00e4t\u00e4 tehopakettia k\u00e4ytt\u00e4v\u00e4t enimm\u00e4kseen k\u00e4ytt\u00e4j\u00e4t, jotka asettavat tuotteilleen eritt\u00e4in korkeat vaatimukset. He ty\u00f6skentelev\u00e4t usein materiaaleilla ja ymp\u00e4rist\u00f6iss\u00e4, jotka vaativat hieman ylim\u00e4\u00e4r\u00e4ist\u00e4 kest\u00e4vyyden suhteen. [&hellip;]<\/p>\n","protected":false},"featured_media":13468,"template":"","meta":{"_mi_skip_tracking":false,"_monsterinsights_sitenote_active":false,"_monsterinsights_sitenote_note":"","_monsterinsights_sitenote_category":0},"product_cat":[2168,2173],"product_tag":[],"yoast_head":"<!-- This site is optimized with the Yoast SEO plugin v21.2 - https:\/\/yoast.com\/wordpress\/plugins\/seo\/ -->\n<title>HD Kuokkakauha 50L kynsill\u00e4 - 410mm - S30\/150 - EMA Sverige<\/title>\n<meta name=\"description\" content=\"HD Kuokkakauha 50L kynsill\u00e4 - 410mm - S30\/150 Huulilevy 500 Brinell Borox. Muotoilu, kulutussuojat kyljiss\u00e4 ja pohja 450 Hardox\u00ae\" \/>\n<meta name=\"robots\" content=\"noindex, follow, max-snippet:-1, max-image-preview:large, max-video-preview:-1\" \/>\n<meta property=\"og:locale\" content=\"fi_FI\" \/>\n<meta property=\"og:type\" content=\"article\" \/>\n<meta property=\"og:title\" content=\"HD Kuokkakauha 50L kynsill\u00e4 - 410mm - S30\/150 - EMA Sverige\" \/>\n<meta property=\"og:description\" content=\"HD Kuokkakauha 50L kynsill\u00e4 - 410mm - S30\/150 Huulilevy 500 Brinell Borox. Muotoilu, kulutussuojat kyljiss\u00e4 ja pohja 450 Hardox\u00ae\" \/>\n<meta property=\"og:url\" content=\"https:\/\/emastaging.hemsida.eu\/fi\/produkt\/hd-kuokkakauha-50l-kynsilla-410mm-s30-150\/\" \/>\n<meta property=\"og:site_name\" content=\"EMA Sverige\" \/>\n<meta property=\"og:image\" content=\"https:\/\/emastaging.hemsida.eu\/wp-content\/uploads\/2021\/01\/7291054_1.jpg\" \/>\n\t<meta property=\"og:image:width\" content=\"1000\" \/>\n\t<meta property=\"og:image:height\" content=\"750\" \/>\n\t<meta property=\"og:image:type\" content=\"image\/jpeg\" \/>\n<meta name=\"twitter:card\" content=\"summary_large_image\" \/>\n<meta name=\"twitter:label1\" content=\"Arvioitu lukuaika\" \/>\n\t<meta name=\"twitter:data1\" content=\"1 minuutti\" \/>\n<script type=\"application\/ld+json\" class=\"yoast-schema-graph\">{\"@context\":\"https:\/\/schema.org\",\"@graph\":[{\"@type\":\"WebPage\",\"@id\":\"https:\/\/emastaging.hemsida.eu\/fi\/produkt\/hd-kuokkakauha-50l-kynsilla-410mm-s30-150\/\",\"url\":\"https:\/\/emastaging.hemsida.eu\/fi\/produkt\/hd-kuokkakauha-50l-kynsilla-410mm-s30-150\/\",\"name\":\"HD Kuokkakauha 50L kynsill\u00e4 - 410mm - S30\/150 - EMA Sverige\",\"isPartOf\":{\"@id\":\"https:\/\/emastaging.hemsida.eu\/fi\/#website\"},\"datePublished\":\"2023-01-16T13:09:12+00:00\",\"dateModified\":\"2023-01-16T13:09:12+00:00\",\"description\":\"HD Kuokkakauha 50L kynsill\u00e4 - 410mm - S30\/150 Huulilevy 500 Brinell Borox. Muotoilu, kulutussuojat kyljiss\u00e4 ja pohja 450 Hardox\u00ae\",\"breadcrumb\":{\"@id\":\"https:\/\/emastaging.hemsida.eu\/fi\/produkt\/hd-kuokkakauha-50l-kynsilla-410mm-s30-150\/#breadcrumb\"},\"inLanguage\":\"fi\",\"potentialAction\":[{\"@type\":\"ReadAction\",\"target\":[\"https:\/\/emastaging.hemsida.eu\/fi\/produkt\/hd-kuokkakauha-50l-kynsilla-410mm-s30-150\/\"]}]},{\"@type\":\"BreadcrumbList\",\"@id\":\"https:\/\/emastaging.hemsida.eu\/fi\/produkt\/hd-kuokkakauha-50l-kynsilla-410mm-s30-150\/#breadcrumb\",\"itemListElement\":[{\"@type\":\"ListItem\",\"position\":1,\"name\":\"Hem\",\"item\":\"https:\/\/emastaging.hemsida.eu\/fi\/ema-ruotsi\/\"},{\"@type\":\"ListItem\",\"position\":2,\"name\":\"Tuoteryhm\u00e4t\",\"item\":\"https:\/\/emastaging.hemsida.eu\/fi\/tuoteryhmat\/\"},{\"@type\":\"ListItem\",\"position\":3,\"name\":\"HD Kuokkakauha 50L kynsill\u00e4 &#8211; 410mm &#8211; S30\/150\"}]},{\"@type\":\"WebSite\",\"@id\":\"https:\/\/emastaging.hemsida.eu\/fi\/#website\",\"url\":\"https:\/\/emastaging.hemsida.eu\/fi\/\",\"name\":\"EMA Sverige\",\"description\":\"\",\"potentialAction\":[{\"@type\":\"SearchAction\",\"target\":{\"@type\":\"EntryPoint\",\"urlTemplate\":\"https:\/\/emastaging.hemsida.eu\/fi\/?s={search_term_string}\"},\"query-input\":\"required name=search_term_string\"}],\"inLanguage\":\"fi\"}]}<\/script>\n<!-- \/ Yoast SEO plugin. -->","yoast_head_json":{"title":"HD Kuokkakauha 50L kynsill\u00e4 - 410mm - S30\/150 - EMA Sverige","description":"HD Kuokkakauha 50L kynsill\u00e4 - 410mm - S30\/150 Huulilevy 500 Brinell Borox. Muotoilu, kulutussuojat kyljiss\u00e4 ja pohja 450 Hardox\u00ae","robots":{"index":"noindex","follow":"follow","max-snippet":"max-snippet:-1","max-image-preview":"max-image-preview:large","max-video-preview":"max-video-preview:-1"},"og_locale":"fi_FI","og_type":"article","og_title":"HD Kuokkakauha 50L kynsill\u00e4 - 410mm - S30\/150 - EMA Sverige","og_description":"HD Kuokkakauha 50L kynsill\u00e4 - 410mm - S30\/150 Huulilevy 500 Brinell Borox. Muotoilu, kulutussuojat kyljiss\u00e4 ja pohja 450 Hardox\u00ae","og_url":"https:\/\/emastaging.hemsida.eu\/fi\/produkt\/hd-kuokkakauha-50l-kynsilla-410mm-s30-150\/","og_site_name":"EMA Sverige","og_image":[{"width":1000,"height":750,"url":"https:\/\/emastaging.hemsida.eu\/wp-content\/uploads\/2021\/01\/7291054_1.jpg","type":"image\/jpeg"}],"twitter_card":"summary_large_image","twitter_misc":{"Arvioitu lukuaika":"1 minuutti"},"schema":{"@context":"https:\/\/schema.org","@graph":[{"@type":"WebPage","@id":"https:\/\/emastaging.hemsida.eu\/fi\/produkt\/hd-kuokkakauha-50l-kynsilla-410mm-s30-150\/","url":"https:\/\/emastaging.hemsida.eu\/fi\/produkt\/hd-kuokkakauha-50l-kynsilla-410mm-s30-150\/","name":"HD Kuokkakauha 50L kynsill\u00e4 - 410mm - S30\/150 - EMA Sverige","isPartOf":{"@id":"https:\/\/emastaging.hemsida.eu\/fi\/#website"},"datePublished":"2023-01-16T13:09:12+00:00","dateModified":"2023-01-16T13:09:12+00:00","description":"HD Kuokkakauha 50L kynsill\u00e4 - 410mm - S30\/150 Huulilevy 500 Brinell Borox. Muotoilu, kulutussuojat kyljiss\u00e4 ja pohja 450 Hardox\u00ae","breadcrumb":{"@id":"https:\/\/emastaging.hemsida.eu\/fi\/produkt\/hd-kuokkakauha-50l-kynsilla-410mm-s30-150\/#breadcrumb"},"inLanguage":"fi","potentialAction":[{"@type":"ReadAction","target":["https:\/\/emastaging.hemsida.eu\/fi\/produkt\/hd-kuokkakauha-50l-kynsilla-410mm-s30-150\/"]}]},{"@type":"BreadcrumbList","@id":"https:\/\/emastaging.hemsida.eu\/fi\/produkt\/hd-kuokkakauha-50l-kynsilla-410mm-s30-150\/#breadcrumb","itemListElement":[{"@type":"ListItem","position":1,"name":"Hem","item":"https:\/\/emastaging.hemsida.eu\/fi\/ema-ruotsi\/"},{"@type":"ListItem","position":2,"name":"Tuoteryhm\u00e4t","item":"https:\/\/emastaging.hemsida.eu\/fi\/tuoteryhmat\/"},{"@type":"ListItem","position":3,"name":"HD Kuokkakauha 50L kynsill\u00e4 &#8211; 410mm &#8211; S30\/150"}]},{"@type":"WebSite","@id":"https:\/\/emastaging.hemsida.eu\/fi\/#website","url":"https:\/\/emastaging.hemsida.eu\/fi\/","name":"EMA Sverige","description":"","potentialAction":[{"@type":"SearchAction","target":{"@type":"EntryPoint","urlTemplate":"https:\/\/emastaging.hemsida.eu\/fi\/?s={search_term_string}"},"query-input":"required name=search_term_string"}],"inLanguage":"fi"}]}},"_links":{"self":[{"href":"https:\/\/emastaging.hemsida.eu\/fi\/wp-json\/wp\/v2\/product\/13478"}],"collection":[{"href":"https:\/\/emastaging.hemsida.eu\/fi\/wp-json\/wp\/v2\/product"}],"about":[{"href":"https:\/\/emastaging.hemsida.eu\/fi\/wp-json\/wp\/v2\/types\/product"}],"wp:featuredmedia":[{"embeddable":true,"href":"https:\/\/emastaging.hemsida.eu\/fi\/wp-json\/wp\/v2\/media\/13468"}],"wp:attachment":[{"href":"https:\/\/emastaging.hemsida.eu\/fi\/wp-json\/wp\/v2\/media?parent=13478"}],"wp:term":[{"taxonomy":"product_cat","embeddable":true,"href":"https:\/\/emastaging.hemsida.eu\/fi\/wp-json\/wp\/v2\/product_cat?post=13478"},{"taxonomy":"product_tag","embeddable":true,"href":"https:\/\/emastaging.hemsida.eu\/fi\/wp-json\/wp\/v2\/product_tag?post=13478"}],"curies":[{"name":"wp","href":"https:\/\/api.w.org\/{rel}","templated":true}]}}