{"id":13345,"date":"2021-01-20T15:37:10","date_gmt":"2023-01-10T14:48:12","guid":{"rendered":"https:\/\/emasweden.com\/produkt\/hdr-louhoskauha-2500l-delta-huulilevy-4kpl-j550-hampaita-1840mm-smp105\/"},"modified":"2023-01-10T15:48:12","modified_gmt":"2023-01-10T14:48:12","slug":"hdr-louhoskauha-2500l-delta-huulilevy-4kpl-j550-hampaita-1840mm-smp105","status":"publish","type":"product","link":"https:\/\/emastaging.hemsida.eu\/fi\/produkt\/hdr-louhoskauha-2500l-delta-huulilevy-4kpl-j550-hampaita-1840mm-smp105\/","title":{"rendered":"HDR Louhoskauha 2500L delta huulilevy &#8211; 4kpl J550 hampaita &#8211; 1840mm &#8211; SMP105"},"content":{"rendered":"<p>HDR Louhoskauha 2500L delta huulilevy &#8211; 4kpl J550 hampaita &#8211; 1840mm &#8211; SMP105 Heavy Duty Rock -sarjan kauhat on valmistettu eritt\u00e4in kest\u00e4vist\u00e4 Hardox\u00ae 450 ja 500 materiaaleista. T\u00e4m\u00e4n sarjan tuotteet ovat eritt\u00e4in kest\u00e4vi\u00e4 ja suunniteltu toimimaan mahdollisimman tehokkaasti vaativissa olosuhteissa. Kulutuspinnat on sijoitettu k\u00e4ytetyimmille alueille suojaamaan perusrunkoa. T\u00e4m\u00e4n sarjan kauhat voidaan varustaa my\u00f6s yksil\u00f6llisten toiveiden mukaan.<\/p>\n<p>\u2022 Huulilevy HARDOX 500<br \/>\n<br \/>\u2022 Pohja, reunat, runko ja kyljet <a href=\"https:\/\/www.ssab.com\/products\/brands\/hardox\/products\/hardox-450\" target=\"_blank\" rel=\"noopener\">HARDOX<\/a> 450<br \/>\n<br \/>\u2022 Kulutussuojan lis\u00e4 hampaiden yl\u00e4- ja alapuolella.<br \/>\n<br \/>\u2022 Maitohampaat vakiona<br \/>\n<br \/>\u2022 Kulutustangot sis\u00e4\u00e4n- ja ulosp\u00e4in <a href=\"https:\/\/www.ssab.com\/products\/brands\/hardox\/products\/hardox-500\" target=\"_blank\" rel=\"noopener\">HARDOX<\/a> 500<br \/>\n<br \/>\u2022 Suora tai delta huulilevy\n<\/ul>\n","protected":false},"excerpt":{"rendered":"<p>HDR Louhoskauha 2500L delta huulilevy &#8211; 4kpl J550 hampaita &#8211; 1840mm &#8211; SMP105 Heavy Duty Rock -sarjan kauhat on valmistettu eritt\u00e4in kest\u00e4vist\u00e4 Hardox\u00ae 450 ja 500 materiaaleista. T\u00e4m\u00e4n sarjan tuotteet ovat eritt\u00e4in kest\u00e4vi\u00e4 ja suunniteltu toimimaan mahdollisimman tehokkaasti vaativissa olosuhteissa. Kulutuspinnat on sijoitettu k\u00e4ytetyimmille alueille suojaamaan perusrunkoa. T\u00e4m\u00e4n sarjan kauhat voidaan varustaa my\u00f6s yksil\u00f6llisten toiveiden [&hellip;]<\/p>\n","protected":false},"featured_media":3169,"template":"","meta":{"_mi_skip_tracking":false,"_monsterinsights_sitenote_active":false,"_monsterinsights_sitenote_note":"","_monsterinsights_sitenote_category":0},"product_cat":[2168,2172],"product_tag":[],"yoast_head":"<!-- This site is optimized with the Yoast SEO plugin v21.2 - https:\/\/yoast.com\/wordpress\/plugins\/seo\/ -->\n<title>HDR Louhoskauha 2500L delta huulilevy - 4kpl J550 hampaita - 1840mm - SMP105 - EMA Sverige<\/title>\n<meta name=\"description\" content=\"HDR Louhoskauha 2500L delta huulilevy - 4kpl J550 hampaita - 1840mm - SMP105. Kulutustangot sis\u00e4\u00e4n- ja ulosp\u00e4in HARDOX 500. Pohja, kyljet, reuna ja runko HARDOX 450.\" \/>\n<meta name=\"robots\" content=\"noindex, follow, max-snippet:-1, max-image-preview:large, max-video-preview:-1\" \/>\n<meta property=\"og:locale\" content=\"fi_FI\" \/>\n<meta property=\"og:type\" content=\"article\" \/>\n<meta property=\"og:title\" content=\"HDR Louhoskauha 2500L delta huulilevy - 4kpl J550 hampaita - 1840mm - SMP105 - EMA Sverige\" \/>\n<meta property=\"og:description\" content=\"HDR Louhoskauha 2500L delta huulilevy - 4kpl J550 hampaita - 1840mm - SMP105. Kulutustangot sis\u00e4\u00e4n- ja ulosp\u00e4in HARDOX 500. Pohja, kyljet, reuna ja runko HARDOX 450.\" \/>\n<meta property=\"og:url\" content=\"https:\/\/emastaging.hemsida.eu\/fi\/produkt\/hdr-louhoskauha-2500l-delta-huulilevy-4kpl-j550-hampaita-1840mm-smp105\/\" \/>\n<meta property=\"og:site_name\" content=\"EMA Sverige\" \/>\n<meta property=\"og:image\" content=\"https:\/\/emastaging.hemsida.eu\/wp-content\/uploads\/2021\/01\/7291172_1.jpg\" \/>\n\t<meta property=\"og:image:width\" content=\"1000\" \/>\n\t<meta property=\"og:image:height\" content=\"750\" \/>\n\t<meta property=\"og:image:type\" content=\"image\/jpeg\" \/>\n<meta name=\"twitter:card\" content=\"summary_large_image\" \/>\n<script type=\"application\/ld+json\" class=\"yoast-schema-graph\">{\"@context\":\"https:\/\/schema.org\",\"@graph\":[{\"@type\":\"WebPage\",\"@id\":\"https:\/\/emastaging.hemsida.eu\/fi\/produkt\/hdr-louhoskauha-2500l-delta-huulilevy-4kpl-j550-hampaita-1840mm-smp105\/\",\"url\":\"https:\/\/emastaging.hemsida.eu\/fi\/produkt\/hdr-louhoskauha-2500l-delta-huulilevy-4kpl-j550-hampaita-1840mm-smp105\/\",\"name\":\"HDR Louhoskauha 2500L delta huulilevy - 4kpl J550 hampaita - 1840mm - SMP105 - EMA Sverige\",\"isPartOf\":{\"@id\":\"https:\/\/emastaging.hemsida.eu\/fi\/#website\"},\"datePublished\":\"2023-01-10T14:48:12+00:00\",\"dateModified\":\"2023-01-10T14:48:12+00:00\",\"description\":\"HDR Louhoskauha 2500L delta huulilevy - 4kpl J550 hampaita - 1840mm - SMP105. Kulutustangot sis\u00e4\u00e4n- ja ulosp\u00e4in HARDOX 500. Pohja, kyljet, reuna ja runko HARDOX 450.\",\"breadcrumb\":{\"@id\":\"https:\/\/emastaging.hemsida.eu\/fi\/produkt\/hdr-louhoskauha-2500l-delta-huulilevy-4kpl-j550-hampaita-1840mm-smp105\/#breadcrumb\"},\"inLanguage\":\"fi\",\"potentialAction\":[{\"@type\":\"ReadAction\",\"target\":[\"https:\/\/emastaging.hemsida.eu\/fi\/produkt\/hdr-louhoskauha-2500l-delta-huulilevy-4kpl-j550-hampaita-1840mm-smp105\/\"]}]},{\"@type\":\"BreadcrumbList\",\"@id\":\"https:\/\/emastaging.hemsida.eu\/fi\/produkt\/hdr-louhoskauha-2500l-delta-huulilevy-4kpl-j550-hampaita-1840mm-smp105\/#breadcrumb\",\"itemListElement\":[{\"@type\":\"ListItem\",\"position\":1,\"name\":\"Hem\",\"item\":\"https:\/\/emastaging.hemsida.eu\/fi\/ema-ruotsi\/\"},{\"@type\":\"ListItem\",\"position\":2,\"name\":\"Tuoteryhm\u00e4t\",\"item\":\"https:\/\/emastaging.hemsida.eu\/fi\/tuoteryhmat\/\"},{\"@type\":\"ListItem\",\"position\":3,\"name\":\"HDR Louhoskauha 2500L delta huulilevy &#8211; 4kpl J550 hampaita &#8211; 1840mm &#8211; SMP105\"}]},{\"@type\":\"WebSite\",\"@id\":\"https:\/\/emastaging.hemsida.eu\/fi\/#website\",\"url\":\"https:\/\/emastaging.hemsida.eu\/fi\/\",\"name\":\"EMA Sverige\",\"description\":\"\",\"potentialAction\":[{\"@type\":\"SearchAction\",\"target\":{\"@type\":\"EntryPoint\",\"urlTemplate\":\"https:\/\/emastaging.hemsida.eu\/fi\/?s={search_term_string}\"},\"query-input\":\"required name=search_term_string\"}],\"inLanguage\":\"fi\"}]}<\/script>\n<!-- \/ Yoast SEO plugin. -->","yoast_head_json":{"title":"HDR Louhoskauha 2500L delta huulilevy - 4kpl J550 hampaita - 1840mm - SMP105 - EMA Sverige","description":"HDR Louhoskauha 2500L delta huulilevy - 4kpl J550 hampaita - 1840mm - SMP105. Kulutustangot sis\u00e4\u00e4n- ja ulosp\u00e4in HARDOX 500. Pohja, kyljet, reuna ja runko HARDOX 450.","robots":{"index":"noindex","follow":"follow","max-snippet":"max-snippet:-1","max-image-preview":"max-image-preview:large","max-video-preview":"max-video-preview:-1"},"og_locale":"fi_FI","og_type":"article","og_title":"HDR Louhoskauha 2500L delta huulilevy - 4kpl J550 hampaita - 1840mm - SMP105 - EMA Sverige","og_description":"HDR Louhoskauha 2500L delta huulilevy - 4kpl J550 hampaita - 1840mm - SMP105. Kulutustangot sis\u00e4\u00e4n- ja ulosp\u00e4in HARDOX 500. Pohja, kyljet, reuna ja runko HARDOX 450.","og_url":"https:\/\/emastaging.hemsida.eu\/fi\/produkt\/hdr-louhoskauha-2500l-delta-huulilevy-4kpl-j550-hampaita-1840mm-smp105\/","og_site_name":"EMA Sverige","og_image":[{"width":1000,"height":750,"url":"https:\/\/emastaging.hemsida.eu\/wp-content\/uploads\/2021\/01\/7291172_1.jpg","type":"image\/jpeg"}],"twitter_card":"summary_large_image","schema":{"@context":"https:\/\/schema.org","@graph":[{"@type":"WebPage","@id":"https:\/\/emastaging.hemsida.eu\/fi\/produkt\/hdr-louhoskauha-2500l-delta-huulilevy-4kpl-j550-hampaita-1840mm-smp105\/","url":"https:\/\/emastaging.hemsida.eu\/fi\/produkt\/hdr-louhoskauha-2500l-delta-huulilevy-4kpl-j550-hampaita-1840mm-smp105\/","name":"HDR Louhoskauha 2500L delta huulilevy - 4kpl J550 hampaita - 1840mm - SMP105 - EMA Sverige","isPartOf":{"@id":"https:\/\/emastaging.hemsida.eu\/fi\/#website"},"datePublished":"2023-01-10T14:48:12+00:00","dateModified":"2023-01-10T14:48:12+00:00","description":"HDR Louhoskauha 2500L delta huulilevy - 4kpl J550 hampaita - 1840mm - SMP105. Kulutustangot sis\u00e4\u00e4n- ja ulosp\u00e4in HARDOX 500. Pohja, kyljet, reuna ja runko HARDOX 450.","breadcrumb":{"@id":"https:\/\/emastaging.hemsida.eu\/fi\/produkt\/hdr-louhoskauha-2500l-delta-huulilevy-4kpl-j550-hampaita-1840mm-smp105\/#breadcrumb"},"inLanguage":"fi","potentialAction":[{"@type":"ReadAction","target":["https:\/\/emastaging.hemsida.eu\/fi\/produkt\/hdr-louhoskauha-2500l-delta-huulilevy-4kpl-j550-hampaita-1840mm-smp105\/"]}]},{"@type":"BreadcrumbList","@id":"https:\/\/emastaging.hemsida.eu\/fi\/produkt\/hdr-louhoskauha-2500l-delta-huulilevy-4kpl-j550-hampaita-1840mm-smp105\/#breadcrumb","itemListElement":[{"@type":"ListItem","position":1,"name":"Hem","item":"https:\/\/emastaging.hemsida.eu\/fi\/ema-ruotsi\/"},{"@type":"ListItem","position":2,"name":"Tuoteryhm\u00e4t","item":"https:\/\/emastaging.hemsida.eu\/fi\/tuoteryhmat\/"},{"@type":"ListItem","position":3,"name":"HDR Louhoskauha 2500L delta huulilevy &#8211; 4kpl J550 hampaita &#8211; 1840mm &#8211; SMP105"}]},{"@type":"WebSite","@id":"https:\/\/emastaging.hemsida.eu\/fi\/#website","url":"https:\/\/emastaging.hemsida.eu\/fi\/","name":"EMA Sverige","description":"","potentialAction":[{"@type":"SearchAction","target":{"@type":"EntryPoint","urlTemplate":"https:\/\/emastaging.hemsida.eu\/fi\/?s={search_term_string}"},"query-input":"required name=search_term_string"}],"inLanguage":"fi"}]}},"_links":{"self":[{"href":"https:\/\/emastaging.hemsida.eu\/fi\/wp-json\/wp\/v2\/product\/13345"}],"collection":[{"href":"https:\/\/emastaging.hemsida.eu\/fi\/wp-json\/wp\/v2\/product"}],"about":[{"href":"https:\/\/emastaging.hemsida.eu\/fi\/wp-json\/wp\/v2\/types\/product"}],"wp:featuredmedia":[{"embeddable":true,"href":"https:\/\/emastaging.hemsida.eu\/fi\/wp-json\/wp\/v2\/media\/3169"}],"wp:attachment":[{"href":"https:\/\/emastaging.hemsida.eu\/fi\/wp-json\/wp\/v2\/media?parent=13345"}],"wp:term":[{"taxonomy":"product_cat","embeddable":true,"href":"https:\/\/emastaging.hemsida.eu\/fi\/wp-json\/wp\/v2\/product_cat?post=13345"},{"taxonomy":"product_tag","embeddable":true,"href":"https:\/\/emastaging.hemsida.eu\/fi\/wp-json\/wp\/v2\/product_tag?post=13345"}],"curies":[{"name":"wp","href":"https:\/\/api.w.org\/{rel}","templated":true}]}}