{"id":13282,"date":"2021-01-20T15:38:07","date_gmt":"2023-01-09T14:37:24","guid":{"rendered":"https:\/\/emasweden.com\/produkt\/hdrp-louhoskauha-panssari-2800l-delta-huulilevy-5kpl-j550-hampaita-2040mm-smp105\/"},"modified":"2023-01-09T15:37:24","modified_gmt":"2023-01-09T14:37:24","slug":"hdrp-louhoskauha-panssari-2800l-delta-huulilevy-5kpl-j550-hampaita-2040mm-smp105","status":"publish","type":"product","link":"https:\/\/emastaging.hemsida.eu\/fi\/produkt\/hdrp-louhoskauha-panssari-2800l-delta-huulilevy-5kpl-j550-hampaita-2040mm-smp105\/","title":{"rendered":"HDRP Louhoskauha Panssari 2800L delta huulilevy &#8211; 5kpl J550 hampaita &#8211; 2040mm &#8211; SMP105"},"content":{"rendered":"<p><sup>HDRP Louhoskauha Panssari 2800L delta huulilevy &#8211; 5kpl J550 hampaita &#8211; 2040mm &#8211; SMP105<\/sup><br \/>\n<br \/>\n\u2013 Heavy Duty Rock Panssari \u2013<br \/>\n<br \/>EMA 500 PANSSARI on pitk\u00e4lti rakennettu eritt\u00e4in kest\u00e4v\u00e4st\u00e4 Hardox\u00ae 500 -materiaalista. Se tarkoittaa sit\u00e4, ett\u00e4 t\u00e4m\u00e4n sarjan tuotteilla on eritt\u00e4in pitk\u00e4 elinkaari jopa vaikeimmissa ymp\u00e4rist\u00f6iss\u00e4.<br \/>\n<br \/> PANSSARI-sarjan kauhat on varustettu kannan suojilla, maitohampailla, kulutuskiekoilla ja chocko-tangoilla ja ne voidaan my\u00f6s varustaa yksil\u00f6llisten toiveiden mukaan. <br \/>Valitseminen materiaaliksi Hardox\u00ae 500 tarkoittaa my\u00f6s sit\u00e4, ett\u00e4 voit poistaa kuluvia osia, kuten sivusein\u00e4n suojat, mik\u00e4 tarkoittaa kevyemp\u00e4\u00e4 painoa ja pienemp\u00e4\u00e4 polttoaineenkulutusta.<\/p>\n<p>Huulilevy, kyljet, kulutustangot ja runko <a href=\"https:\/\/www.ssab.com\/products\/brands\/hardox\/products\/hardox-500\" target=\"_blank\" rel=\"noopener\">HARDOX 500<\/a>.<br \/>\n<br \/>\u2022 Pohja ja reunat <a href=\"https:\/\/www.ssab.com\/products\/brands\/hardox\/products\/hardox-450\" target=\"_blank\" rel=\"noopener\">HARDOX 450<\/a><br \/>\n<br \/>\u2022 Kulutussuojan lis\u00e4 hampaiden yl\u00e4- ja alapuolella.<br \/>\n<br \/>\u2022 Maitohampaat vakiona<br \/>\n<br \/>\u2022 Suora tai delta huulilevy\n<\/ul>\n","protected":false},"excerpt":{"rendered":"<p>HDRP Louhoskauha Panssari 2800L delta huulilevy &#8211; 5kpl J550 hampaita &#8211; 2040mm &#8211; SMP105 \u2013 Heavy Duty Rock Panssari \u2013 EMA 500 PANSSARI on pitk\u00e4lti rakennettu eritt\u00e4in kest\u00e4v\u00e4st\u00e4 Hardox\u00ae 500 -materiaalista. Se tarkoittaa sit\u00e4, ett\u00e4 t\u00e4m\u00e4n sarjan tuotteilla on eritt\u00e4in pitk\u00e4 elinkaari jopa vaikeimmissa ymp\u00e4rist\u00f6iss\u00e4. PANSSARI-sarjan kauhat on varustettu kannan suojilla, maitohampailla, kulutuskiekoilla ja chocko-tangoilla [&hellip;]<\/p>\n","protected":false},"featured_media":1190,"template":"","meta":{"_mi_skip_tracking":false,"_monsterinsights_sitenote_active":false,"_monsterinsights_sitenote_note":"","_monsterinsights_sitenote_category":0},"product_cat":[2168,2172],"product_tag":[],"yoast_head":"<!-- This site is optimized with the Yoast SEO plugin v21.2 - https:\/\/yoast.com\/wordpress\/plugins\/seo\/ -->\n<title>HDRP Louhoskauha Panssari 2800L delta huulilevy - 5kpl J550 hampaita - 2040mm - SMP105 - EMA Sverige<\/title>\n<meta name=\"description\" content=\"HDRP Louhoskauha Panssari 2800L delta huulilevy - 5kpl J550 hampaita - 2040mm - SMP105. Huulilevy, kyljet, kulutustangot ja runko HARDOX 500. Pohja ja kyljet HARDOX 450.\" \/>\n<meta name=\"robots\" content=\"noindex, follow, max-snippet:-1, max-image-preview:large, max-video-preview:-1\" \/>\n<meta property=\"og:locale\" content=\"fi_FI\" \/>\n<meta property=\"og:type\" content=\"article\" \/>\n<meta property=\"og:title\" content=\"HDRP Louhoskauha Panssari 2800L delta huulilevy - 5kpl J550 hampaita - 2040mm - SMP105 - EMA Sverige\" \/>\n<meta property=\"og:description\" content=\"HDRP Louhoskauha Panssari 2800L delta huulilevy - 5kpl J550 hampaita - 2040mm - SMP105. Huulilevy, kyljet, kulutustangot ja runko HARDOX 500. Pohja ja kyljet HARDOX 450.\" \/>\n<meta property=\"og:url\" content=\"https:\/\/emastaging.hemsida.eu\/fi\/produkt\/hdrp-louhoskauha-panssari-2800l-delta-huulilevy-5kpl-j550-hampaita-2040mm-smp105\/\" \/>\n<meta property=\"og:site_name\" content=\"EMA Sverige\" \/>\n<meta property=\"og:image\" content=\"https:\/\/emastaging.hemsida.eu\/wp-content\/uploads\/2021\/01\/7291303_1.jpg\" \/>\n\t<meta property=\"og:image:width\" content=\"1000\" \/>\n\t<meta property=\"og:image:height\" content=\"750\" \/>\n\t<meta property=\"og:image:type\" content=\"image\/jpeg\" \/>\n<meta name=\"twitter:card\" content=\"summary_large_image\" \/>\n<meta name=\"twitter:label1\" content=\"Arvioitu lukuaika\" \/>\n\t<meta name=\"twitter:data1\" content=\"1 minuutti\" \/>\n<script type=\"application\/ld+json\" class=\"yoast-schema-graph\">{\"@context\":\"https:\/\/schema.org\",\"@graph\":[{\"@type\":\"WebPage\",\"@id\":\"https:\/\/emastaging.hemsida.eu\/fi\/produkt\/hdrp-louhoskauha-panssari-2800l-delta-huulilevy-5kpl-j550-hampaita-2040mm-smp105\/\",\"url\":\"https:\/\/emastaging.hemsida.eu\/fi\/produkt\/hdrp-louhoskauha-panssari-2800l-delta-huulilevy-5kpl-j550-hampaita-2040mm-smp105\/\",\"name\":\"HDRP Louhoskauha Panssari 2800L delta huulilevy - 5kpl J550 hampaita - 2040mm - SMP105 - EMA Sverige\",\"isPartOf\":{\"@id\":\"https:\/\/emastaging.hemsida.eu\/fi\/#website\"},\"datePublished\":\"2023-01-09T14:37:24+00:00\",\"dateModified\":\"2023-01-09T14:37:24+00:00\",\"description\":\"HDRP Louhoskauha Panssari 2800L delta huulilevy - 5kpl J550 hampaita - 2040mm - SMP105. Huulilevy, kyljet, kulutustangot ja runko HARDOX 500. Pohja ja kyljet HARDOX 450.\",\"breadcrumb\":{\"@id\":\"https:\/\/emastaging.hemsida.eu\/fi\/produkt\/hdrp-louhoskauha-panssari-2800l-delta-huulilevy-5kpl-j550-hampaita-2040mm-smp105\/#breadcrumb\"},\"inLanguage\":\"fi\",\"potentialAction\":[{\"@type\":\"ReadAction\",\"target\":[\"https:\/\/emastaging.hemsida.eu\/fi\/produkt\/hdrp-louhoskauha-panssari-2800l-delta-huulilevy-5kpl-j550-hampaita-2040mm-smp105\/\"]}]},{\"@type\":\"BreadcrumbList\",\"@id\":\"https:\/\/emastaging.hemsida.eu\/fi\/produkt\/hdrp-louhoskauha-panssari-2800l-delta-huulilevy-5kpl-j550-hampaita-2040mm-smp105\/#breadcrumb\",\"itemListElement\":[{\"@type\":\"ListItem\",\"position\":1,\"name\":\"Hem\",\"item\":\"https:\/\/emastaging.hemsida.eu\/fi\/ema-ruotsi\/\"},{\"@type\":\"ListItem\",\"position\":2,\"name\":\"Tuoteryhm\u00e4t\",\"item\":\"https:\/\/emastaging.hemsida.eu\/fi\/tuoteryhmat\/\"},{\"@type\":\"ListItem\",\"position\":3,\"name\":\"HDRP Louhoskauha Panssari 2800L delta huulilevy &#8211; 5kpl J550 hampaita &#8211; 2040mm &#8211; SMP105\"}]},{\"@type\":\"WebSite\",\"@id\":\"https:\/\/emastaging.hemsida.eu\/fi\/#website\",\"url\":\"https:\/\/emastaging.hemsida.eu\/fi\/\",\"name\":\"EMA Sverige\",\"description\":\"\",\"potentialAction\":[{\"@type\":\"SearchAction\",\"target\":{\"@type\":\"EntryPoint\",\"urlTemplate\":\"https:\/\/emastaging.hemsida.eu\/fi\/?s={search_term_string}\"},\"query-input\":\"required name=search_term_string\"}],\"inLanguage\":\"fi\"}]}<\/script>\n<!-- \/ Yoast SEO plugin. -->","yoast_head_json":{"title":"HDRP Louhoskauha Panssari 2800L delta huulilevy - 5kpl J550 hampaita - 2040mm - SMP105 - EMA Sverige","description":"HDRP Louhoskauha Panssari 2800L delta huulilevy - 5kpl J550 hampaita - 2040mm - SMP105. Huulilevy, kyljet, kulutustangot ja runko HARDOX 500. Pohja ja kyljet HARDOX 450.","robots":{"index":"noindex","follow":"follow","max-snippet":"max-snippet:-1","max-image-preview":"max-image-preview:large","max-video-preview":"max-video-preview:-1"},"og_locale":"fi_FI","og_type":"article","og_title":"HDRP Louhoskauha Panssari 2800L delta huulilevy - 5kpl J550 hampaita - 2040mm - SMP105 - EMA Sverige","og_description":"HDRP Louhoskauha Panssari 2800L delta huulilevy - 5kpl J550 hampaita - 2040mm - SMP105. Huulilevy, kyljet, kulutustangot ja runko HARDOX 500. Pohja ja kyljet HARDOX 450.","og_url":"https:\/\/emastaging.hemsida.eu\/fi\/produkt\/hdrp-louhoskauha-panssari-2800l-delta-huulilevy-5kpl-j550-hampaita-2040mm-smp105\/","og_site_name":"EMA Sverige","og_image":[{"width":1000,"height":750,"url":"https:\/\/emastaging.hemsida.eu\/wp-content\/uploads\/2021\/01\/7291303_1.jpg","type":"image\/jpeg"}],"twitter_card":"summary_large_image","twitter_misc":{"Arvioitu lukuaika":"1 minuutti"},"schema":{"@context":"https:\/\/schema.org","@graph":[{"@type":"WebPage","@id":"https:\/\/emastaging.hemsida.eu\/fi\/produkt\/hdrp-louhoskauha-panssari-2800l-delta-huulilevy-5kpl-j550-hampaita-2040mm-smp105\/","url":"https:\/\/emastaging.hemsida.eu\/fi\/produkt\/hdrp-louhoskauha-panssari-2800l-delta-huulilevy-5kpl-j550-hampaita-2040mm-smp105\/","name":"HDRP Louhoskauha Panssari 2800L delta huulilevy - 5kpl J550 hampaita - 2040mm - SMP105 - EMA Sverige","isPartOf":{"@id":"https:\/\/emastaging.hemsida.eu\/fi\/#website"},"datePublished":"2023-01-09T14:37:24+00:00","dateModified":"2023-01-09T14:37:24+00:00","description":"HDRP Louhoskauha Panssari 2800L delta huulilevy - 5kpl J550 hampaita - 2040mm - SMP105. Huulilevy, kyljet, kulutustangot ja runko HARDOX 500. Pohja ja kyljet HARDOX 450.","breadcrumb":{"@id":"https:\/\/emastaging.hemsida.eu\/fi\/produkt\/hdrp-louhoskauha-panssari-2800l-delta-huulilevy-5kpl-j550-hampaita-2040mm-smp105\/#breadcrumb"},"inLanguage":"fi","potentialAction":[{"@type":"ReadAction","target":["https:\/\/emastaging.hemsida.eu\/fi\/produkt\/hdrp-louhoskauha-panssari-2800l-delta-huulilevy-5kpl-j550-hampaita-2040mm-smp105\/"]}]},{"@type":"BreadcrumbList","@id":"https:\/\/emastaging.hemsida.eu\/fi\/produkt\/hdrp-louhoskauha-panssari-2800l-delta-huulilevy-5kpl-j550-hampaita-2040mm-smp105\/#breadcrumb","itemListElement":[{"@type":"ListItem","position":1,"name":"Hem","item":"https:\/\/emastaging.hemsida.eu\/fi\/ema-ruotsi\/"},{"@type":"ListItem","position":2,"name":"Tuoteryhm\u00e4t","item":"https:\/\/emastaging.hemsida.eu\/fi\/tuoteryhmat\/"},{"@type":"ListItem","position":3,"name":"HDRP Louhoskauha Panssari 2800L delta huulilevy &#8211; 5kpl J550 hampaita &#8211; 2040mm &#8211; SMP105"}]},{"@type":"WebSite","@id":"https:\/\/emastaging.hemsida.eu\/fi\/#website","url":"https:\/\/emastaging.hemsida.eu\/fi\/","name":"EMA Sverige","description":"","potentialAction":[{"@type":"SearchAction","target":{"@type":"EntryPoint","urlTemplate":"https:\/\/emastaging.hemsida.eu\/fi\/?s={search_term_string}"},"query-input":"required name=search_term_string"}],"inLanguage":"fi"}]}},"_links":{"self":[{"href":"https:\/\/emastaging.hemsida.eu\/fi\/wp-json\/wp\/v2\/product\/13282"}],"collection":[{"href":"https:\/\/emastaging.hemsida.eu\/fi\/wp-json\/wp\/v2\/product"}],"about":[{"href":"https:\/\/emastaging.hemsida.eu\/fi\/wp-json\/wp\/v2\/types\/product"}],"wp:featuredmedia":[{"embeddable":true,"href":"https:\/\/emastaging.hemsida.eu\/fi\/wp-json\/wp\/v2\/media\/1190"}],"wp:attachment":[{"href":"https:\/\/emastaging.hemsida.eu\/fi\/wp-json\/wp\/v2\/media?parent=13282"}],"wp:term":[{"taxonomy":"product_cat","embeddable":true,"href":"https:\/\/emastaging.hemsida.eu\/fi\/wp-json\/wp\/v2\/product_cat?post=13282"},{"taxonomy":"product_tag","embeddable":true,"href":"https:\/\/emastaging.hemsida.eu\/fi\/wp-json\/wp\/v2\/product_tag?post=13282"}],"curies":[{"name":"wp","href":"https:\/\/api.w.org\/{rel}","templated":true}]}}