{"id":13027,"date":"2021-01-20T15:35:43","date_gmt":"2022-12-14T16:48:35","guid":{"rendered":"https:\/\/emasweden.com\/produkt\/hd-tasauspalkki-huulilevylla-2500mm-ilman-kiinniketta\/"},"modified":"2023-02-13T17:27:01","modified_gmt":"2023-02-13T16:27:01","slug":"hd-tasauspalkki-huulilevylla-2500mm-ilman-kiinniketta","status":"publish","type":"product","link":"https:\/\/emastaging.hemsida.eu\/fi\/produkt\/hd-tasauspalkki-huulilevylla-2500mm-ilman-kiinniketta\/","title":{"rendered":"HD Tasauspalkki huulilevyll\u00e4 &#8211; 2500mm &#8211; Ilman kiinnikett\u00e4."},"content":{"rendered":"<p><sup>HD Avj\u00e4mningsbalk med blad &#8211; 2500mm &#8211; Utan f\u00e4ste<\/sup><br \/>\n\u2013  Vi har valt att ha skurna kanter p\u00e5 framsidan av avj\u00e4mningsbalken f\u00f6r att skapa<br \/>\nen skopdel vilket m\u00f6jligg\u00f6r att enkelt f\u00e5 med sig material, vi har \u00e4ven tagit fram en<br \/>\nmodell med \u00e4n st\u00f6rre skopdel f\u00f6r maskinisten som vill f\u00e5 med sig \u00e4n mer material,<br \/>\nv\u00e4nligen l\u00e4s om Avj\u00e4mningsbalk Med Skopa.<\/p>\n<p>Avj\u00e4mningsbalken har \u00e4ven en stor uppsamlingsyta i framkant vilket medf\u00f6r att n\u00e4r<br \/>\ndu jobbar med balken s\u00e5 har du hela tiden med dig gott om material som kan fylla<br \/>\nut oj\u00e4mnheter i marken. Balken f\u00f6ljer i tv\u00e5 alternativ med svetsat f\u00e4ste eller bultade<br \/>\nf\u00e4sten, detta g\u00f6r att man kan montera olika f\u00e4sten samt justera f\u00e4stet hur du vill att<br \/>\ndet skall sitta.<\/p>\n<p>\u2022 Smidig produkt f\u00f6r justering och planering av material<\/p>\n<p>\u2022 Hardox p\u00e5 utsatta slitdelar<\/p>\n<p>\u2022 Den djupa konstruktionen g\u00f6r att den inte dyker ner i<br \/>\nmaterialet utan h\u00e5ller sig plan<\/p>\n","protected":false},"excerpt":{"rendered":"<p>HD Avj\u00e4mningsbalk med blad &#8211; 2500mm &#8211; Utan f\u00e4ste \u2013 Vi har valt att ha skurna kanter p\u00e5 framsidan av avj\u00e4mningsbalken f\u00f6r att skapa en skopdel vilket m\u00f6jligg\u00f6r att enkelt f\u00e5 med sig material, vi har \u00e4ven tagit fram en modell med \u00e4n st\u00f6rre skopdel f\u00f6r maskinisten som vill f\u00e5 med sig \u00e4n mer material, [&hellip;]<\/p>\n","protected":false},"featured_media":5185,"template":"","meta":{"_mi_skip_tracking":false,"_monsterinsights_sitenote_active":false,"_monsterinsights_sitenote_note":"","_monsterinsights_sitenote_category":0},"product_cat":[2168,2171,2891],"product_tag":[],"yoast_head":"<!-- This site is optimized with the Yoast SEO plugin v21.2 - https:\/\/yoast.com\/wordpress\/plugins\/seo\/ -->\n<title>HD Tasauspalkki huulilevyll\u00e4 - 2500mm - Ilman kiinnikett\u00e4. - EMA Sverige<\/title>\n<meta name=\"description\" content=\"HD Tasauspalkki huulilevyll\u00e4 - 2500mm - Ilman kiinnikett\u00e4.\" \/>\n<meta name=\"robots\" content=\"noindex, follow, max-snippet:-1, max-image-preview:large, max-video-preview:-1\" \/>\n<meta property=\"og:locale\" content=\"fi_FI\" \/>\n<meta property=\"og:type\" content=\"article\" \/>\n<meta property=\"og:title\" content=\"HD Tasauspalkki huulilevyll\u00e4 - 2500mm - Ilman kiinnikett\u00e4. - EMA Sverige\" \/>\n<meta property=\"og:description\" content=\"HD Tasauspalkki huulilevyll\u00e4 - 2500mm - Ilman kiinnikett\u00e4.\" \/>\n<meta property=\"og:url\" content=\"https:\/\/emastaging.hemsida.eu\/fi\/produkt\/hd-tasauspalkki-huulilevylla-2500mm-ilman-kiinniketta\/\" \/>\n<meta property=\"og:site_name\" content=\"EMA Sverige\" \/>\n<meta property=\"article:modified_time\" content=\"2023-02-13T16:27:01+00:00\" \/>\n<meta name=\"twitter:card\" content=\"summary_large_image\" \/>\n<meta name=\"twitter:label1\" content=\"Arvioitu lukuaika\" \/>\n\t<meta name=\"twitter:data1\" content=\"1 minuutti\" \/>\n<script type=\"application\/ld+json\" class=\"yoast-schema-graph\">{\"@context\":\"https:\/\/schema.org\",\"@graph\":[{\"@type\":\"WebPage\",\"@id\":\"https:\/\/emastaging.hemsida.eu\/fi\/produkt\/hd-tasauspalkki-huulilevylla-2500mm-ilman-kiinniketta\/\",\"url\":\"https:\/\/emastaging.hemsida.eu\/fi\/produkt\/hd-tasauspalkki-huulilevylla-2500mm-ilman-kiinniketta\/\",\"name\":\"HD Tasauspalkki huulilevyll\u00e4 - 2500mm - Ilman kiinnikett\u00e4. - EMA Sverige\",\"isPartOf\":{\"@id\":\"https:\/\/emastaging.hemsida.eu\/fi\/#website\"},\"datePublished\":\"2022-12-14T16:48:35+00:00\",\"dateModified\":\"2023-02-13T16:27:01+00:00\",\"description\":\"HD Tasauspalkki huulilevyll\u00e4 - 2500mm - Ilman kiinnikett\u00e4.\",\"breadcrumb\":{\"@id\":\"https:\/\/emastaging.hemsida.eu\/fi\/produkt\/hd-tasauspalkki-huulilevylla-2500mm-ilman-kiinniketta\/#breadcrumb\"},\"inLanguage\":\"fi\",\"potentialAction\":[{\"@type\":\"ReadAction\",\"target\":[\"https:\/\/emastaging.hemsida.eu\/fi\/produkt\/hd-tasauspalkki-huulilevylla-2500mm-ilman-kiinniketta\/\"]}]},{\"@type\":\"BreadcrumbList\",\"@id\":\"https:\/\/emastaging.hemsida.eu\/fi\/produkt\/hd-tasauspalkki-huulilevylla-2500mm-ilman-kiinniketta\/#breadcrumb\",\"itemListElement\":[{\"@type\":\"ListItem\",\"position\":1,\"name\":\"Hem\",\"item\":\"https:\/\/emastaging.hemsida.eu\/fi\/ema-ruotsi\/\"},{\"@type\":\"ListItem\",\"position\":2,\"name\":\"Tuoteryhm\u00e4t\",\"item\":\"https:\/\/emastaging.hemsida.eu\/fi\/tuoteryhmat\/\"},{\"@type\":\"ListItem\",\"position\":3,\"name\":\"HD Tasauspalkki huulilevyll\u00e4 &#8211; 2500mm &#8211; Ilman kiinnikett\u00e4.\"}]},{\"@type\":\"WebSite\",\"@id\":\"https:\/\/emastaging.hemsida.eu\/fi\/#website\",\"url\":\"https:\/\/emastaging.hemsida.eu\/fi\/\",\"name\":\"EMA Sverige\",\"description\":\"\",\"potentialAction\":[{\"@type\":\"SearchAction\",\"target\":{\"@type\":\"EntryPoint\",\"urlTemplate\":\"https:\/\/emastaging.hemsida.eu\/fi\/?s={search_term_string}\"},\"query-input\":\"required name=search_term_string\"}],\"inLanguage\":\"fi\"}]}<\/script>\n<!-- \/ Yoast SEO plugin. -->","yoast_head_json":{"title":"HD Tasauspalkki huulilevyll\u00e4 - 2500mm - Ilman kiinnikett\u00e4. - EMA Sverige","description":"HD Tasauspalkki huulilevyll\u00e4 - 2500mm - Ilman kiinnikett\u00e4.","robots":{"index":"noindex","follow":"follow","max-snippet":"max-snippet:-1","max-image-preview":"max-image-preview:large","max-video-preview":"max-video-preview:-1"},"og_locale":"fi_FI","og_type":"article","og_title":"HD Tasauspalkki huulilevyll\u00e4 - 2500mm - Ilman kiinnikett\u00e4. - EMA Sverige","og_description":"HD Tasauspalkki huulilevyll\u00e4 - 2500mm - Ilman kiinnikett\u00e4.","og_url":"https:\/\/emastaging.hemsida.eu\/fi\/produkt\/hd-tasauspalkki-huulilevylla-2500mm-ilman-kiinniketta\/","og_site_name":"EMA Sverige","article_modified_time":"2023-02-13T16:27:01+00:00","twitter_card":"summary_large_image","twitter_misc":{"Arvioitu lukuaika":"1 minuutti"},"schema":{"@context":"https:\/\/schema.org","@graph":[{"@type":"WebPage","@id":"https:\/\/emastaging.hemsida.eu\/fi\/produkt\/hd-tasauspalkki-huulilevylla-2500mm-ilman-kiinniketta\/","url":"https:\/\/emastaging.hemsida.eu\/fi\/produkt\/hd-tasauspalkki-huulilevylla-2500mm-ilman-kiinniketta\/","name":"HD Tasauspalkki huulilevyll\u00e4 - 2500mm - Ilman kiinnikett\u00e4. - EMA Sverige","isPartOf":{"@id":"https:\/\/emastaging.hemsida.eu\/fi\/#website"},"datePublished":"2022-12-14T16:48:35+00:00","dateModified":"2023-02-13T16:27:01+00:00","description":"HD Tasauspalkki huulilevyll\u00e4 - 2500mm - Ilman kiinnikett\u00e4.","breadcrumb":{"@id":"https:\/\/emastaging.hemsida.eu\/fi\/produkt\/hd-tasauspalkki-huulilevylla-2500mm-ilman-kiinniketta\/#breadcrumb"},"inLanguage":"fi","potentialAction":[{"@type":"ReadAction","target":["https:\/\/emastaging.hemsida.eu\/fi\/produkt\/hd-tasauspalkki-huulilevylla-2500mm-ilman-kiinniketta\/"]}]},{"@type":"BreadcrumbList","@id":"https:\/\/emastaging.hemsida.eu\/fi\/produkt\/hd-tasauspalkki-huulilevylla-2500mm-ilman-kiinniketta\/#breadcrumb","itemListElement":[{"@type":"ListItem","position":1,"name":"Hem","item":"https:\/\/emastaging.hemsida.eu\/fi\/ema-ruotsi\/"},{"@type":"ListItem","position":2,"name":"Tuoteryhm\u00e4t","item":"https:\/\/emastaging.hemsida.eu\/fi\/tuoteryhmat\/"},{"@type":"ListItem","position":3,"name":"HD Tasauspalkki huulilevyll\u00e4 &#8211; 2500mm &#8211; Ilman kiinnikett\u00e4."}]},{"@type":"WebSite","@id":"https:\/\/emastaging.hemsida.eu\/fi\/#website","url":"https:\/\/emastaging.hemsida.eu\/fi\/","name":"EMA Sverige","description":"","potentialAction":[{"@type":"SearchAction","target":{"@type":"EntryPoint","urlTemplate":"https:\/\/emastaging.hemsida.eu\/fi\/?s={search_term_string}"},"query-input":"required name=search_term_string"}],"inLanguage":"fi"}]}},"_links":{"self":[{"href":"https:\/\/emastaging.hemsida.eu\/fi\/wp-json\/wp\/v2\/product\/13027"}],"collection":[{"href":"https:\/\/emastaging.hemsida.eu\/fi\/wp-json\/wp\/v2\/product"}],"about":[{"href":"https:\/\/emastaging.hemsida.eu\/fi\/wp-json\/wp\/v2\/types\/product"}],"wp:featuredmedia":[{"embeddable":true,"href":"https:\/\/emastaging.hemsida.eu\/fi\/wp-json\/wp\/v2\/media\/5185"}],"wp:attachment":[{"href":"https:\/\/emastaging.hemsida.eu\/fi\/wp-json\/wp\/v2\/media?parent=13027"}],"wp:term":[{"taxonomy":"product_cat","embeddable":true,"href":"https:\/\/emastaging.hemsida.eu\/fi\/wp-json\/wp\/v2\/product_cat?post=13027"},{"taxonomy":"product_tag","embeddable":true,"href":"https:\/\/emastaging.hemsida.eu\/fi\/wp-json\/wp\/v2\/product_tag?post=13027"}],"curies":[{"name":"wp","href":"https:\/\/api.w.org\/{rel}","templated":true}]}}