{"id":13014,"date":"2021-01-20T15:31:51","date_gmt":"2022-12-14T16:13:46","guid":{"rendered":"https:\/\/emasweden.com\/produkt\/asfalttileikkuri-s70-keskitetty-450mm\/"},"modified":"2023-02-13T17:26:03","modified_gmt":"2023-02-13T16:26:03","slug":"asfalttileikkuri-s70-keskitetty-450mm","status":"publish","type":"product","link":"https:\/\/emastaging.hemsida.eu\/fi\/produkt\/asfalttileikkuri-s70-keskitetty-450mm\/","title":{"rendered":"Asfalttileikkuri S70 Keskitetty &#8211; 450mm"},"content":{"rendered":"<p><sup>Asfaltsk\u00e4rare S70 Centrummonterad &#8211; 450mm<\/sup><br \/>\nAsfaltsk\u00e4rare centrummonterad<\/p>\n<p>\u2013  Med en centrummonterad trissa f\u00e5r du mer kraft mot marken och kan l\u00e4ttare sk\u00e4ra dig genom asfalten.<\/p>\n<p>\u2022\tRobust design<\/p>\n<p>\u2022\tTrissa i HARDOX 450<\/p>\n<p>\u2022\tSkyddad sm\u00f6rjnippel<\/p>\n<p>\u2022\tSvetsat centrumnav<\/p>\n<p>\u2022\tDesignad f\u00f6r maximalt sk\u00e4rdjup<\/p>\n","protected":false},"excerpt":{"rendered":"<p>Asfaltsk\u00e4rare S70 Centrummonterad &#8211; 450mm Asfaltsk\u00e4rare centrummonterad \u2013 Med en centrummonterad trissa f\u00e5r du mer kraft mot marken och kan l\u00e4ttare sk\u00e4ra dig genom asfalten. \u2022 Robust design \u2022 Trissa i HARDOX 450 \u2022 Skyddad sm\u00f6rjnippel \u2022 Svetsat centrumnav \u2022 Designad f\u00f6r maximalt sk\u00e4rdjup<\/p>\n","protected":false},"featured_media":3752,"template":"","meta":{"_mi_skip_tracking":false,"_monsterinsights_sitenote_active":false,"_monsterinsights_sitenote_note":"","_monsterinsights_sitenote_category":0},"product_cat":[2170,2168],"product_tag":[],"yoast_head":"<!-- This site is optimized with the Yoast SEO plugin v21.2 - https:\/\/yoast.com\/wordpress\/plugins\/seo\/ -->\n<title>Asfalttileikkuri S70 Keskitetty - 450mm - EMA Sverige<\/title>\n<meta name=\"description\" content=\"Asfalttileikkuri S70 Keskitetty - 450mm. Ter\u00e4 HARDOX 450. Suojattu rasvanippa Hitsattu keski\u00f6, suunniteltu maksimaaliseen leikkaussyvyyteen.\" \/>\n<meta name=\"robots\" content=\"noindex, follow, max-snippet:-1, max-image-preview:large, max-video-preview:-1\" \/>\n<meta property=\"og:locale\" content=\"fi_FI\" \/>\n<meta property=\"og:type\" content=\"article\" \/>\n<meta property=\"og:title\" content=\"Asfalttileikkuri S70 Keskitetty - 450mm - EMA Sverige\" \/>\n<meta property=\"og:description\" content=\"Asfalttileikkuri S70 Keskitetty - 450mm. Ter\u00e4 HARDOX 450. Suojattu rasvanippa Hitsattu keski\u00f6, suunniteltu maksimaaliseen leikkaussyvyyteen.\" \/>\n<meta property=\"og:url\" content=\"https:\/\/emastaging.hemsida.eu\/fi\/produkt\/asfalttileikkuri-s70-keskitetty-450mm\/\" \/>\n<meta property=\"og:site_name\" content=\"EMA Sverige\" \/>\n<meta property=\"article:modified_time\" content=\"2023-02-13T16:26:03+00:00\" \/>\n<meta name=\"twitter:card\" content=\"summary_large_image\" \/>\n<script type=\"application\/ld+json\" class=\"yoast-schema-graph\">{\"@context\":\"https:\/\/schema.org\",\"@graph\":[{\"@type\":\"WebPage\",\"@id\":\"https:\/\/emastaging.hemsida.eu\/fi\/produkt\/asfalttileikkuri-s70-keskitetty-450mm\/\",\"url\":\"https:\/\/emastaging.hemsida.eu\/fi\/produkt\/asfalttileikkuri-s70-keskitetty-450mm\/\",\"name\":\"Asfalttileikkuri S70 Keskitetty - 450mm - EMA Sverige\",\"isPartOf\":{\"@id\":\"https:\/\/emastaging.hemsida.eu\/fi\/#website\"},\"datePublished\":\"2022-12-14T16:13:46+00:00\",\"dateModified\":\"2023-02-13T16:26:03+00:00\",\"description\":\"Asfalttileikkuri S70 Keskitetty - 450mm. Ter\u00e4 HARDOX 450. Suojattu rasvanippa Hitsattu keski\u00f6, suunniteltu maksimaaliseen leikkaussyvyyteen.\",\"breadcrumb\":{\"@id\":\"https:\/\/emastaging.hemsida.eu\/fi\/produkt\/asfalttileikkuri-s70-keskitetty-450mm\/#breadcrumb\"},\"inLanguage\":\"fi\",\"potentialAction\":[{\"@type\":\"ReadAction\",\"target\":[\"https:\/\/emastaging.hemsida.eu\/fi\/produkt\/asfalttileikkuri-s70-keskitetty-450mm\/\"]}]},{\"@type\":\"BreadcrumbList\",\"@id\":\"https:\/\/emastaging.hemsida.eu\/fi\/produkt\/asfalttileikkuri-s70-keskitetty-450mm\/#breadcrumb\",\"itemListElement\":[{\"@type\":\"ListItem\",\"position\":1,\"name\":\"Hem\",\"item\":\"https:\/\/emastaging.hemsida.eu\/fi\/ema-ruotsi\/\"},{\"@type\":\"ListItem\",\"position\":2,\"name\":\"Tuoteryhm\u00e4t\",\"item\":\"https:\/\/emastaging.hemsida.eu\/fi\/tuoteryhmat\/\"},{\"@type\":\"ListItem\",\"position\":3,\"name\":\"Asfalttileikkuri S70 Keskitetty &#8211; 450mm\"}]},{\"@type\":\"WebSite\",\"@id\":\"https:\/\/emastaging.hemsida.eu\/fi\/#website\",\"url\":\"https:\/\/emastaging.hemsida.eu\/fi\/\",\"name\":\"EMA Sverige\",\"description\":\"\",\"potentialAction\":[{\"@type\":\"SearchAction\",\"target\":{\"@type\":\"EntryPoint\",\"urlTemplate\":\"https:\/\/emastaging.hemsida.eu\/fi\/?s={search_term_string}\"},\"query-input\":\"required name=search_term_string\"}],\"inLanguage\":\"fi\"}]}<\/script>\n<!-- \/ Yoast SEO plugin. -->","yoast_head_json":{"title":"Asfalttileikkuri S70 Keskitetty - 450mm - EMA Sverige","description":"Asfalttileikkuri S70 Keskitetty - 450mm. Ter\u00e4 HARDOX 450. Suojattu rasvanippa Hitsattu keski\u00f6, suunniteltu maksimaaliseen leikkaussyvyyteen.","robots":{"index":"noindex","follow":"follow","max-snippet":"max-snippet:-1","max-image-preview":"max-image-preview:large","max-video-preview":"max-video-preview:-1"},"og_locale":"fi_FI","og_type":"article","og_title":"Asfalttileikkuri S70 Keskitetty - 450mm - EMA Sverige","og_description":"Asfalttileikkuri S70 Keskitetty - 450mm. Ter\u00e4 HARDOX 450. Suojattu rasvanippa Hitsattu keski\u00f6, suunniteltu maksimaaliseen leikkaussyvyyteen.","og_url":"https:\/\/emastaging.hemsida.eu\/fi\/produkt\/asfalttileikkuri-s70-keskitetty-450mm\/","og_site_name":"EMA Sverige","article_modified_time":"2023-02-13T16:26:03+00:00","twitter_card":"summary_large_image","schema":{"@context":"https:\/\/schema.org","@graph":[{"@type":"WebPage","@id":"https:\/\/emastaging.hemsida.eu\/fi\/produkt\/asfalttileikkuri-s70-keskitetty-450mm\/","url":"https:\/\/emastaging.hemsida.eu\/fi\/produkt\/asfalttileikkuri-s70-keskitetty-450mm\/","name":"Asfalttileikkuri S70 Keskitetty - 450mm - EMA Sverige","isPartOf":{"@id":"https:\/\/emastaging.hemsida.eu\/fi\/#website"},"datePublished":"2022-12-14T16:13:46+00:00","dateModified":"2023-02-13T16:26:03+00:00","description":"Asfalttileikkuri S70 Keskitetty - 450mm. Ter\u00e4 HARDOX 450. Suojattu rasvanippa Hitsattu keski\u00f6, suunniteltu maksimaaliseen leikkaussyvyyteen.","breadcrumb":{"@id":"https:\/\/emastaging.hemsida.eu\/fi\/produkt\/asfalttileikkuri-s70-keskitetty-450mm\/#breadcrumb"},"inLanguage":"fi","potentialAction":[{"@type":"ReadAction","target":["https:\/\/emastaging.hemsida.eu\/fi\/produkt\/asfalttileikkuri-s70-keskitetty-450mm\/"]}]},{"@type":"BreadcrumbList","@id":"https:\/\/emastaging.hemsida.eu\/fi\/produkt\/asfalttileikkuri-s70-keskitetty-450mm\/#breadcrumb","itemListElement":[{"@type":"ListItem","position":1,"name":"Hem","item":"https:\/\/emastaging.hemsida.eu\/fi\/ema-ruotsi\/"},{"@type":"ListItem","position":2,"name":"Tuoteryhm\u00e4t","item":"https:\/\/emastaging.hemsida.eu\/fi\/tuoteryhmat\/"},{"@type":"ListItem","position":3,"name":"Asfalttileikkuri S70 Keskitetty &#8211; 450mm"}]},{"@type":"WebSite","@id":"https:\/\/emastaging.hemsida.eu\/fi\/#website","url":"https:\/\/emastaging.hemsida.eu\/fi\/","name":"EMA Sverige","description":"","potentialAction":[{"@type":"SearchAction","target":{"@type":"EntryPoint","urlTemplate":"https:\/\/emastaging.hemsida.eu\/fi\/?s={search_term_string}"},"query-input":"required name=search_term_string"}],"inLanguage":"fi"}]}},"_links":{"self":[{"href":"https:\/\/emastaging.hemsida.eu\/fi\/wp-json\/wp\/v2\/product\/13014"}],"collection":[{"href":"https:\/\/emastaging.hemsida.eu\/fi\/wp-json\/wp\/v2\/product"}],"about":[{"href":"https:\/\/emastaging.hemsida.eu\/fi\/wp-json\/wp\/v2\/types\/product"}],"wp:featuredmedia":[{"embeddable":true,"href":"https:\/\/emastaging.hemsida.eu\/fi\/wp-json\/wp\/v2\/media\/3752"}],"wp:attachment":[{"href":"https:\/\/emastaging.hemsida.eu\/fi\/wp-json\/wp\/v2\/media?parent=13014"}],"wp:term":[{"taxonomy":"product_cat","embeddable":true,"href":"https:\/\/emastaging.hemsida.eu\/fi\/wp-json\/wp\/v2\/product_cat?post=13014"},{"taxonomy":"product_tag","embeddable":true,"href":"https:\/\/emastaging.hemsida.eu\/fi\/wp-json\/wp\/v2\/product_tag?post=13014"}],"curies":[{"name":"wp","href":"https:\/\/api.w.org\/{rel}","templated":true}]}}