{"id":13013,"date":"2021-01-20T15:31:52","date_gmt":"2022-12-14T16:09:42","guid":{"rendered":"https:\/\/emasweden.com\/produkt\/asfalttileikkuri-s40-asennettu-eteen-400mm\/"},"modified":"2023-04-19T08:57:21","modified_gmt":"2023-04-19T06:57:21","slug":"asfalttileikkuri-s40-asennettu-eteen-400mm","status":"publish","type":"product","link":"https:\/\/emastaging.hemsida.eu\/fi\/produkt\/asfalttileikkuri-s40-asennettu-eteen-400mm\/","title":{"rendered":"Asfalttileikkuri S40 Asennettu eteen &#8211; 400mm"},"content":{"rendered":"<p><sup>Asfaltsk\u00e4rare S40 Frontmonterad &#8211; 400mm<\/sup><br \/>\nAsfaltsk\u00e4rare Frontmonterad<\/p>\n<p>\u2013 En frontmonterad trissa f\u00f6renklar jobbet d\u00e5 du kommer n\u00e4rmre t ex husgrunden.<\/p>\n<p>&#8211; Robust design<\/p>\n<p>&#8211; Trissa i <strong><a href=\"https:\/\/www.ssab.com\/sv-se\/varumarken-och-produkter\/hardox\/produktprogram\/450\">HARDOX 450<\/a><\/strong><\/p>\n<p>&#8211; Skyddad sm\u00f6rjnippel<\/p>\n<p>&#8211; Svetsat centrumnav<\/p>\n<p>&#8211; Designad f\u00f6r maximalt sk\u00e4rdjup<\/p>\n<p>&nbsp;<\/p>\n<p>Bl\u00e4ddra mellan de olika asfaltsk\u00e4rarna\u00a0<strong><a href=\"https:\/\/emastaging.hemsida.eu\/produkt-kategori\/gravmaskin\/asfaltskarare\/\">h\u00e4r!<\/a><\/strong><\/p>\n","protected":false},"excerpt":{"rendered":"<p>Asfaltsk\u00e4rare S40 Frontmonterad &#8211; 400mm Asfaltsk\u00e4rare Frontmonterad \u2013 En frontmonterad trissa f\u00f6renklar jobbet d\u00e5 du kommer n\u00e4rmre t ex husgrunden. &#8211; Robust design &#8211; Trissa i HARDOX 450 &#8211; Skyddad sm\u00f6rjnippel &#8211; Svetsat centrumnav &#8211; Designad f\u00f6r maximalt sk\u00e4rdjup &nbsp; Bl\u00e4ddra mellan de olika asfaltsk\u00e4rarna\u00a0h\u00e4r!<\/p>\n","protected":false},"featured_media":3776,"template":"","meta":{"_mi_skip_tracking":false,"_monsterinsights_sitenote_active":false,"_monsterinsights_sitenote_note":"","_monsterinsights_sitenote_category":0},"product_cat":[2170,2168],"product_tag":[],"yoast_head":"<!-- This site is optimized with the Yoast SEO plugin v21.2 - https:\/\/yoast.com\/wordpress\/plugins\/seo\/ -->\n<title>Asfalttileikkuri S40 Asennettu eteen - 400mm - EMA Sverige<\/title>\n<meta name=\"description\" content=\"Asfalttileikkuri S40 Asennettu eteen - 400mm Vankka rakenne, ter\u00e4 HARDOX 450. Suojattu rasvanippa ja hitsattu keski\u00f6.\" \/>\n<meta name=\"robots\" content=\"noindex, follow, max-snippet:-1, max-image-preview:large, max-video-preview:-1\" \/>\n<meta property=\"og:locale\" content=\"fi_FI\" \/>\n<meta property=\"og:type\" content=\"article\" \/>\n<meta property=\"og:title\" content=\"Asfalttileikkuri S40 Asennettu eteen - 400mm - EMA Sverige\" \/>\n<meta property=\"og:description\" content=\"Asfalttileikkuri S40 Asennettu eteen - 400mm Vankka rakenne, ter\u00e4 HARDOX 450. Suojattu rasvanippa ja hitsattu keski\u00f6.\" \/>\n<meta property=\"og:url\" content=\"https:\/\/emastaging.hemsida.eu\/fi\/produkt\/asfalttileikkuri-s40-asennettu-eteen-400mm\/\" \/>\n<meta property=\"og:site_name\" content=\"EMA Sverige\" \/>\n<meta property=\"article:modified_time\" content=\"2023-04-19T06:57:21+00:00\" \/>\n<meta name=\"twitter:card\" content=\"summary_large_image\" \/>\n<script type=\"application\/ld+json\" class=\"yoast-schema-graph\">{\"@context\":\"https:\/\/schema.org\",\"@graph\":[{\"@type\":\"WebPage\",\"@id\":\"https:\/\/emastaging.hemsida.eu\/fi\/produkt\/asfalttileikkuri-s40-asennettu-eteen-400mm\/\",\"url\":\"https:\/\/emastaging.hemsida.eu\/fi\/produkt\/asfalttileikkuri-s40-asennettu-eteen-400mm\/\",\"name\":\"Asfalttileikkuri S40 Asennettu eteen - 400mm - EMA Sverige\",\"isPartOf\":{\"@id\":\"https:\/\/emastaging.hemsida.eu\/fi\/#website\"},\"datePublished\":\"2022-12-14T16:09:42+00:00\",\"dateModified\":\"2023-04-19T06:57:21+00:00\",\"description\":\"Asfalttileikkuri S40 Asennettu eteen - 400mm Vankka rakenne, ter\u00e4 HARDOX 450. Suojattu rasvanippa ja hitsattu keski\u00f6.\",\"breadcrumb\":{\"@id\":\"https:\/\/emastaging.hemsida.eu\/fi\/produkt\/asfalttileikkuri-s40-asennettu-eteen-400mm\/#breadcrumb\"},\"inLanguage\":\"fi\",\"potentialAction\":[{\"@type\":\"ReadAction\",\"target\":[\"https:\/\/emastaging.hemsida.eu\/fi\/produkt\/asfalttileikkuri-s40-asennettu-eteen-400mm\/\"]}]},{\"@type\":\"BreadcrumbList\",\"@id\":\"https:\/\/emastaging.hemsida.eu\/fi\/produkt\/asfalttileikkuri-s40-asennettu-eteen-400mm\/#breadcrumb\",\"itemListElement\":[{\"@type\":\"ListItem\",\"position\":1,\"name\":\"Hem\",\"item\":\"https:\/\/emastaging.hemsida.eu\/fi\/ema-ruotsi\/\"},{\"@type\":\"ListItem\",\"position\":2,\"name\":\"Tuoteryhm\u00e4t\",\"item\":\"https:\/\/emastaging.hemsida.eu\/fi\/tuoteryhmat\/\"},{\"@type\":\"ListItem\",\"position\":3,\"name\":\"Asfalttileikkuri S40 Asennettu eteen &#8211; 400mm\"}]},{\"@type\":\"WebSite\",\"@id\":\"https:\/\/emastaging.hemsida.eu\/fi\/#website\",\"url\":\"https:\/\/emastaging.hemsida.eu\/fi\/\",\"name\":\"EMA Sverige\",\"description\":\"\",\"potentialAction\":[{\"@type\":\"SearchAction\",\"target\":{\"@type\":\"EntryPoint\",\"urlTemplate\":\"https:\/\/emastaging.hemsida.eu\/fi\/?s={search_term_string}\"},\"query-input\":\"required name=search_term_string\"}],\"inLanguage\":\"fi\"}]}<\/script>\n<!-- \/ Yoast SEO plugin. -->","yoast_head_json":{"title":"Asfalttileikkuri S40 Asennettu eteen - 400mm - EMA Sverige","description":"Asfalttileikkuri S40 Asennettu eteen - 400mm Vankka rakenne, ter\u00e4 HARDOX 450. Suojattu rasvanippa ja hitsattu keski\u00f6.","robots":{"index":"noindex","follow":"follow","max-snippet":"max-snippet:-1","max-image-preview":"max-image-preview:large","max-video-preview":"max-video-preview:-1"},"og_locale":"fi_FI","og_type":"article","og_title":"Asfalttileikkuri S40 Asennettu eteen - 400mm - EMA Sverige","og_description":"Asfalttileikkuri S40 Asennettu eteen - 400mm Vankka rakenne, ter\u00e4 HARDOX 450. Suojattu rasvanippa ja hitsattu keski\u00f6.","og_url":"https:\/\/emastaging.hemsida.eu\/fi\/produkt\/asfalttileikkuri-s40-asennettu-eteen-400mm\/","og_site_name":"EMA Sverige","article_modified_time":"2023-04-19T06:57:21+00:00","twitter_card":"summary_large_image","schema":{"@context":"https:\/\/schema.org","@graph":[{"@type":"WebPage","@id":"https:\/\/emastaging.hemsida.eu\/fi\/produkt\/asfalttileikkuri-s40-asennettu-eteen-400mm\/","url":"https:\/\/emastaging.hemsida.eu\/fi\/produkt\/asfalttileikkuri-s40-asennettu-eteen-400mm\/","name":"Asfalttileikkuri S40 Asennettu eteen - 400mm - EMA Sverige","isPartOf":{"@id":"https:\/\/emastaging.hemsida.eu\/fi\/#website"},"datePublished":"2022-12-14T16:09:42+00:00","dateModified":"2023-04-19T06:57:21+00:00","description":"Asfalttileikkuri S40 Asennettu eteen - 400mm Vankka rakenne, ter\u00e4 HARDOX 450. Suojattu rasvanippa ja hitsattu keski\u00f6.","breadcrumb":{"@id":"https:\/\/emastaging.hemsida.eu\/fi\/produkt\/asfalttileikkuri-s40-asennettu-eteen-400mm\/#breadcrumb"},"inLanguage":"fi","potentialAction":[{"@type":"ReadAction","target":["https:\/\/emastaging.hemsida.eu\/fi\/produkt\/asfalttileikkuri-s40-asennettu-eteen-400mm\/"]}]},{"@type":"BreadcrumbList","@id":"https:\/\/emastaging.hemsida.eu\/fi\/produkt\/asfalttileikkuri-s40-asennettu-eteen-400mm\/#breadcrumb","itemListElement":[{"@type":"ListItem","position":1,"name":"Hem","item":"https:\/\/emastaging.hemsida.eu\/fi\/ema-ruotsi\/"},{"@type":"ListItem","position":2,"name":"Tuoteryhm\u00e4t","item":"https:\/\/emastaging.hemsida.eu\/fi\/tuoteryhmat\/"},{"@type":"ListItem","position":3,"name":"Asfalttileikkuri S40 Asennettu eteen &#8211; 400mm"}]},{"@type":"WebSite","@id":"https:\/\/emastaging.hemsida.eu\/fi\/#website","url":"https:\/\/emastaging.hemsida.eu\/fi\/","name":"EMA Sverige","description":"","potentialAction":[{"@type":"SearchAction","target":{"@type":"EntryPoint","urlTemplate":"https:\/\/emastaging.hemsida.eu\/fi\/?s={search_term_string}"},"query-input":"required name=search_term_string"}],"inLanguage":"fi"}]}},"_links":{"self":[{"href":"https:\/\/emastaging.hemsida.eu\/fi\/wp-json\/wp\/v2\/product\/13013"}],"collection":[{"href":"https:\/\/emastaging.hemsida.eu\/fi\/wp-json\/wp\/v2\/product"}],"about":[{"href":"https:\/\/emastaging.hemsida.eu\/fi\/wp-json\/wp\/v2\/types\/product"}],"wp:featuredmedia":[{"embeddable":true,"href":"https:\/\/emastaging.hemsida.eu\/fi\/wp-json\/wp\/v2\/media\/3776"}],"wp:attachment":[{"href":"https:\/\/emastaging.hemsida.eu\/fi\/wp-json\/wp\/v2\/media?parent=13013"}],"wp:term":[{"taxonomy":"product_cat","embeddable":true,"href":"https:\/\/emastaging.hemsida.eu\/fi\/wp-json\/wp\/v2\/product_cat?post=13013"},{"taxonomy":"product_tag","embeddable":true,"href":"https:\/\/emastaging.hemsida.eu\/fi\/wp-json\/wp\/v2\/product_tag?post=13013"}],"curies":[{"name":"wp","href":"https:\/\/api.w.org\/{rel}","templated":true}]}}