{"id":12411,"date":"2021-03-16T11:15:13","date_gmt":"2022-07-25T09:03:19","guid":{"rendered":"https:\/\/emasweden.com\/produkt\/hd-tasauskauha-3500mm-ilman-kiinniketta\/"},"modified":"2022-07-25T11:03:19","modified_gmt":"2022-07-25T09:03:19","slug":"hd-tasauskauha-3500mm-ilman-kinniketta","status":"publish","type":"product","link":"https:\/\/emastaging.hemsida.eu\/fi\/produkt\/hd-tasauskauha-3500mm-ilman-kinniketta\/","title":{"rendered":"HD Tasauskauha 3500mm &#8211; Ilman kiinnikett\u00e4"},"content":{"rendered":"<p><sup>HD Tasauskauha 3500mm &#8211; Ilman kiinnikett\u00e4<\/sup><br \/>\n\u2013 Tehokas ty\u00f6kalu suurien pintojen tasaamiseen. Hardox\u00ae 450 kulutuspinnoilla ja kyljiss\u00e4 Hardox\u00ae 450 my\u00f6s kyljiss\u00e4 paremman kest\u00e4vyyden ja taloudellisuuden varmistamiseksi.<\/p>\n<p>\u2022 Borox leikkuuter\u00e4t<br \/>\n<br \/>\u2022 Hardox\u00ae 450 kulutuspinnoilla ja kyljiss\u00e4<br \/>\n<br \/>\u2022 Sis\u00e4- ja ulkovahvikkeet parempaa v\u00e4\u00e4nt\u00f6j\u00e4ykkyytt\u00e4 varten<br \/>\n<br \/>\u2022 Tehokas ty\u00f6kalu suurien pintojen tasaamiseen<\/p>\n","protected":false},"excerpt":{"rendered":"<p>HD Tasauskauha 3500mm &#8211; Ilman kiinnikett\u00e4 \u2013 Tehokas ty\u00f6kalu suurien pintojen tasaamiseen. Hardox\u00ae 450 kulutuspinnoilla ja kyljiss\u00e4 Hardox\u00ae 450 my\u00f6s kyljiss\u00e4 paremman kest\u00e4vyyden ja taloudellisuuden varmistamiseksi. \u2022 Borox leikkuuter\u00e4t \u2022 Hardox\u00ae 450 kulutuspinnoilla ja kyljiss\u00e4 \u2022 Sis\u00e4- ja ulkovahvikkeet parempaa v\u00e4\u00e4nt\u00f6j\u00e4ykkyytt\u00e4 varten \u2022 Tehokas ty\u00f6kalu suurien pintojen tasaamiseen<\/p>\n","protected":false},"featured_media":2597,"template":"","meta":{"_mi_skip_tracking":false,"_monsterinsights_sitenote_active":false,"_monsterinsights_sitenote_note":"","_monsterinsights_sitenote_category":0},"product_cat":[2168,2182],"product_tag":[],"yoast_head":"<!-- This site is optimized with the Yoast SEO plugin v21.2 - https:\/\/yoast.com\/wordpress\/plugins\/seo\/ -->\n<title>HD Tasauskauha 3500mm - Ilman kiinnikett\u00e4 - EMA Sverige<\/title>\n<meta name=\"description\" content=\"HD Tasauskauha 3500mm - Ilman kiinnikett\u00e4. Borox leikkuuter\u00e4t, Hardox\u00ae 450 kulutuspinnat. Tehokas ty\u00f6kalu suurien pintojen tasaamiseen\" \/>\n<meta name=\"robots\" content=\"noindex, follow, max-snippet:-1, max-image-preview:large, max-video-preview:-1\" \/>\n<meta property=\"og:locale\" content=\"fi_FI\" \/>\n<meta property=\"og:type\" content=\"article\" \/>\n<meta property=\"og:title\" content=\"HD Tasauskauha 3500mm - Ilman kiinnikett\u00e4 - EMA Sverige\" \/>\n<meta property=\"og:description\" content=\"HD Tasauskauha 3500mm - Ilman kiinnikett\u00e4. Borox leikkuuter\u00e4t, Hardox\u00ae 450 kulutuspinnat. Tehokas ty\u00f6kalu suurien pintojen tasaamiseen\" \/>\n<meta property=\"og:url\" content=\"https:\/\/emastaging.hemsida.eu\/fi\/produkt\/hd-tasauskauha-3500mm-ilman-kinniketta\/\" \/>\n<meta property=\"og:site_name\" content=\"EMA Sverige\" \/>\n<meta property=\"og:image\" content=\"https:\/\/emastaging.hemsida.eu\/wp-content\/uploads\/2021\/03\/7296028_1.jpg\" \/>\n\t<meta property=\"og:image:width\" content=\"1000\" \/>\n\t<meta property=\"og:image:height\" content=\"750\" \/>\n\t<meta property=\"og:image:type\" content=\"image\/jpeg\" \/>\n<meta name=\"twitter:card\" content=\"summary_large_image\" \/>\n<script type=\"application\/ld+json\" class=\"yoast-schema-graph\">{\"@context\":\"https:\/\/schema.org\",\"@graph\":[{\"@type\":\"WebPage\",\"@id\":\"https:\/\/emastaging.hemsida.eu\/fi\/produkt\/hd-tasauskauha-3500mm-ilman-kinniketta\/\",\"url\":\"https:\/\/emastaging.hemsida.eu\/fi\/produkt\/hd-tasauskauha-3500mm-ilman-kinniketta\/\",\"name\":\"HD Tasauskauha 3500mm - Ilman kiinnikett\u00e4 - EMA Sverige\",\"isPartOf\":{\"@id\":\"https:\/\/emastaging.hemsida.eu\/fi\/#website\"},\"datePublished\":\"2022-07-25T09:03:19+00:00\",\"dateModified\":\"2022-07-25T09:03:19+00:00\",\"description\":\"HD Tasauskauha 3500mm - Ilman kiinnikett\u00e4. Borox leikkuuter\u00e4t, Hardox\u00ae 450 kulutuspinnat. Tehokas ty\u00f6kalu suurien pintojen tasaamiseen\",\"breadcrumb\":{\"@id\":\"https:\/\/emastaging.hemsida.eu\/fi\/produkt\/hd-tasauskauha-3500mm-ilman-kinniketta\/#breadcrumb\"},\"inLanguage\":\"fi\",\"potentialAction\":[{\"@type\":\"ReadAction\",\"target\":[\"https:\/\/emastaging.hemsida.eu\/fi\/produkt\/hd-tasauskauha-3500mm-ilman-kinniketta\/\"]}]},{\"@type\":\"BreadcrumbList\",\"@id\":\"https:\/\/emastaging.hemsida.eu\/fi\/produkt\/hd-tasauskauha-3500mm-ilman-kinniketta\/#breadcrumb\",\"itemListElement\":[{\"@type\":\"ListItem\",\"position\":1,\"name\":\"Hem\",\"item\":\"https:\/\/emastaging.hemsida.eu\/fi\/ema-ruotsi\/\"},{\"@type\":\"ListItem\",\"position\":2,\"name\":\"Tuoteryhm\u00e4t\",\"item\":\"https:\/\/emastaging.hemsida.eu\/fi\/tuoteryhmat\/\"},{\"@type\":\"ListItem\",\"position\":3,\"name\":\"HD Tasauskauha 3500mm &#8211; Ilman kiinnikett\u00e4\"}]},{\"@type\":\"WebSite\",\"@id\":\"https:\/\/emastaging.hemsida.eu\/fi\/#website\",\"url\":\"https:\/\/emastaging.hemsida.eu\/fi\/\",\"name\":\"EMA Sverige\",\"description\":\"\",\"potentialAction\":[{\"@type\":\"SearchAction\",\"target\":{\"@type\":\"EntryPoint\",\"urlTemplate\":\"https:\/\/emastaging.hemsida.eu\/fi\/?s={search_term_string}\"},\"query-input\":\"required name=search_term_string\"}],\"inLanguage\":\"fi\"}]}<\/script>\n<!-- \/ Yoast SEO plugin. -->","yoast_head_json":{"title":"HD Tasauskauha 3500mm - Ilman kiinnikett\u00e4 - EMA Sverige","description":"HD Tasauskauha 3500mm - Ilman kiinnikett\u00e4. Borox leikkuuter\u00e4t, Hardox\u00ae 450 kulutuspinnat. Tehokas ty\u00f6kalu suurien pintojen tasaamiseen","robots":{"index":"noindex","follow":"follow","max-snippet":"max-snippet:-1","max-image-preview":"max-image-preview:large","max-video-preview":"max-video-preview:-1"},"og_locale":"fi_FI","og_type":"article","og_title":"HD Tasauskauha 3500mm - Ilman kiinnikett\u00e4 - EMA Sverige","og_description":"HD Tasauskauha 3500mm - Ilman kiinnikett\u00e4. Borox leikkuuter\u00e4t, Hardox\u00ae 450 kulutuspinnat. Tehokas ty\u00f6kalu suurien pintojen tasaamiseen","og_url":"https:\/\/emastaging.hemsida.eu\/fi\/produkt\/hd-tasauskauha-3500mm-ilman-kinniketta\/","og_site_name":"EMA Sverige","og_image":[{"width":1000,"height":750,"url":"https:\/\/emastaging.hemsida.eu\/wp-content\/uploads\/2021\/03\/7296028_1.jpg","type":"image\/jpeg"}],"twitter_card":"summary_large_image","schema":{"@context":"https:\/\/schema.org","@graph":[{"@type":"WebPage","@id":"https:\/\/emastaging.hemsida.eu\/fi\/produkt\/hd-tasauskauha-3500mm-ilman-kinniketta\/","url":"https:\/\/emastaging.hemsida.eu\/fi\/produkt\/hd-tasauskauha-3500mm-ilman-kinniketta\/","name":"HD Tasauskauha 3500mm - Ilman kiinnikett\u00e4 - EMA Sverige","isPartOf":{"@id":"https:\/\/emastaging.hemsida.eu\/fi\/#website"},"datePublished":"2022-07-25T09:03:19+00:00","dateModified":"2022-07-25T09:03:19+00:00","description":"HD Tasauskauha 3500mm - Ilman kiinnikett\u00e4. Borox leikkuuter\u00e4t, Hardox\u00ae 450 kulutuspinnat. Tehokas ty\u00f6kalu suurien pintojen tasaamiseen","breadcrumb":{"@id":"https:\/\/emastaging.hemsida.eu\/fi\/produkt\/hd-tasauskauha-3500mm-ilman-kinniketta\/#breadcrumb"},"inLanguage":"fi","potentialAction":[{"@type":"ReadAction","target":["https:\/\/emastaging.hemsida.eu\/fi\/produkt\/hd-tasauskauha-3500mm-ilman-kinniketta\/"]}]},{"@type":"BreadcrumbList","@id":"https:\/\/emastaging.hemsida.eu\/fi\/produkt\/hd-tasauskauha-3500mm-ilman-kinniketta\/#breadcrumb","itemListElement":[{"@type":"ListItem","position":1,"name":"Hem","item":"https:\/\/emastaging.hemsida.eu\/fi\/ema-ruotsi\/"},{"@type":"ListItem","position":2,"name":"Tuoteryhm\u00e4t","item":"https:\/\/emastaging.hemsida.eu\/fi\/tuoteryhmat\/"},{"@type":"ListItem","position":3,"name":"HD Tasauskauha 3500mm &#8211; Ilman kiinnikett\u00e4"}]},{"@type":"WebSite","@id":"https:\/\/emastaging.hemsida.eu\/fi\/#website","url":"https:\/\/emastaging.hemsida.eu\/fi\/","name":"EMA Sverige","description":"","potentialAction":[{"@type":"SearchAction","target":{"@type":"EntryPoint","urlTemplate":"https:\/\/emastaging.hemsida.eu\/fi\/?s={search_term_string}"},"query-input":"required name=search_term_string"}],"inLanguage":"fi"}]}},"_links":{"self":[{"href":"https:\/\/emastaging.hemsida.eu\/fi\/wp-json\/wp\/v2\/product\/12411"}],"collection":[{"href":"https:\/\/emastaging.hemsida.eu\/fi\/wp-json\/wp\/v2\/product"}],"about":[{"href":"https:\/\/emastaging.hemsida.eu\/fi\/wp-json\/wp\/v2\/types\/product"}],"wp:featuredmedia":[{"embeddable":true,"href":"https:\/\/emastaging.hemsida.eu\/fi\/wp-json\/wp\/v2\/media\/2597"}],"wp:attachment":[{"href":"https:\/\/emastaging.hemsida.eu\/fi\/wp-json\/wp\/v2\/media?parent=12411"}],"wp:term":[{"taxonomy":"product_cat","embeddable":true,"href":"https:\/\/emastaging.hemsida.eu\/fi\/wp-json\/wp\/v2\/product_cat?post=12411"},{"taxonomy":"product_tag","embeddable":true,"href":"https:\/\/emastaging.hemsida.eu\/fi\/wp-json\/wp\/v2\/product_tag?post=12411"}],"curies":[{"name":"wp","href":"https:\/\/api.w.org\/{rel}","templated":true}]}}