{"id":11820,"date":"2021-08-10T13:14:13","date_gmt":"2022-06-30T15:25:47","guid":{"rendered":"https:\/\/emasweden.com\/produkt\/hd-valppakauha-1500l-huulilevylla-1800mm-s80\/"},"modified":"2022-06-30T17:25:47","modified_gmt":"2022-06-30T15:25:47","slug":"hd-valppakauha-1500l-sivuveitsella-1800mm-s80","status":"publish","type":"product","link":"https:\/\/emastaging.hemsida.eu\/fi\/produkt\/hd-valppakauha-1500l-sivuveitsella-1800mm-s80\/","title":{"rendered":"HD V\u00e4lpp\u00e4kauha 1500L huulilevyll\u00e4 &#8211; 1800mm &#8211; S80"},"content":{"rendered":"<p><sup>HD V\u00e4lpp\u00e4kauha 1500L huulilevyll\u00e4 &#8211; 1800mm &#8211; S80<\/sup><br \/>\n\u2013 V\u00e4lpp\u00e4kauhoissamme on suosittujen tilttikauhojen muoto, ts. pitk\u00e4ll\u00e4 pohjalla. Olemme valinneet py\u00f6re\u00e4n raudan parhaan seulontakyvyn ja k\u00e4ytt\u00f6i\u00e4n vuoksi.<br \/>\nReilusti vahvistettu huulilevvy antaa vakautta koko kauhan rakenteelle.<\/p>\n<p>\u2022 Vankka ja ainutlaatuinen, pidennetyll\u00e4 pohjalla tarjoaa tehokkaan seulonta-alan.<br \/>\n<br \/>\u2022 Huulilevy 500 brinell <a href=\"https:\/\/www.borox.se\/produkter\/skopst%C3%A5l\" target=\"_blank\" rel=\"noopener\">BOROX<\/a>.<br \/>\n<br \/>\u2022 Kulutuspinnat vahvistettu <a href=\"https:\/\/www.ssab.com\/products\/brands\/hardox\/products\/hardox-450\" target=\"_blank\" rel=\"noopener\">HARDOX 450<\/a>.<br \/>\n<br \/>\u2022 Rakenteeseen asennetut akselit parantavat kest\u00e4vyytt\u00e4 ja vakautta.<\/p>\n","protected":false},"excerpt":{"rendered":"<p>HD V\u00e4lpp\u00e4kauha 1500L huulilevyll\u00e4 &#8211; 1800mm &#8211; S80 \u2013 V\u00e4lpp\u00e4kauhoissamme on suosittujen tilttikauhojen muoto, ts. pitk\u00e4ll\u00e4 pohjalla. Olemme valinneet py\u00f6re\u00e4n raudan parhaan seulontakyvyn ja k\u00e4ytt\u00f6i\u00e4n vuoksi. Reilusti vahvistettu huulilevvy antaa vakautta koko kauhan rakenteelle. \u2022 Vankka ja ainutlaatuinen, pidennetyll\u00e4 pohjalla tarjoaa tehokkaan seulonta-alan. \u2022 Huulilevy 500 brinell BOROX. \u2022 Kulutuspinnat vahvistettu HARDOX 450. \u2022 Rakenteeseen [&hellip;]<\/p>\n","protected":false},"featured_media":11821,"template":"","meta":{"_mi_skip_tracking":false,"_monsterinsights_sitenote_active":false,"_monsterinsights_sitenote_note":"","_monsterinsights_sitenote_category":0},"product_cat":[2168,2176],"product_tag":[],"yoast_head":"<!-- This site is optimized with the Yoast SEO plugin v21.2 - https:\/\/yoast.com\/wordpress\/plugins\/seo\/ -->\n<title>HD V\u00e4lpp\u00e4kauha 1500L huulilevyll\u00e4 - 1800mm - S80 - EMA Sverige<\/title>\n<meta name=\"description\" content=\"HD V\u00e4lpp\u00e4kauha 1500L sivuveitsill\u00e4 - 1800mm - S80 Vankka ja ainutlaatuinen, pidennetyll\u00e4 pohjalla tarjoaa tehokkaan seulonta-alan. Rakenteeseen asennetut akselit parantavat kest\u00e4vyytt\u00e4 ja vakautta.\" \/>\n<meta name=\"robots\" content=\"noindex, follow, max-snippet:-1, max-image-preview:large, max-video-preview:-1\" \/>\n<meta property=\"og:locale\" content=\"fi_FI\" \/>\n<meta property=\"og:type\" content=\"article\" \/>\n<meta property=\"og:title\" content=\"HD V\u00e4lpp\u00e4kauha 1500L huulilevyll\u00e4 - 1800mm - S80 - EMA Sverige\" \/>\n<meta property=\"og:description\" content=\"HD V\u00e4lpp\u00e4kauha 1500L sivuveitsill\u00e4 - 1800mm - S80 Vankka ja ainutlaatuinen, pidennetyll\u00e4 pohjalla tarjoaa tehokkaan seulonta-alan. Rakenteeseen asennetut akselit parantavat kest\u00e4vyytt\u00e4 ja vakautta.\" \/>\n<meta property=\"og:url\" content=\"https:\/\/emastaging.hemsida.eu\/fi\/produkt\/hd-valppakauha-1500l-sivuveitsella-1800mm-s80\/\" \/>\n<meta property=\"og:site_name\" content=\"EMA Sverige\" \/>\n<meta property=\"og:image\" content=\"https:\/\/emastaging.hemsida.eu\/wp-content\/uploads\/2021\/01\/7292155_1-10.jpg\" \/>\n\t<meta property=\"og:image:width\" content=\"1000\" \/>\n\t<meta property=\"og:image:height\" content=\"750\" \/>\n\t<meta property=\"og:image:type\" content=\"image\/jpeg\" \/>\n<meta name=\"twitter:card\" content=\"summary_large_image\" \/>\n<script type=\"application\/ld+json\" class=\"yoast-schema-graph\">{\"@context\":\"https:\/\/schema.org\",\"@graph\":[{\"@type\":\"WebPage\",\"@id\":\"https:\/\/emastaging.hemsida.eu\/fi\/produkt\/hd-valppakauha-1500l-sivuveitsella-1800mm-s80\/\",\"url\":\"https:\/\/emastaging.hemsida.eu\/fi\/produkt\/hd-valppakauha-1500l-sivuveitsella-1800mm-s80\/\",\"name\":\"HD V\u00e4lpp\u00e4kauha 1500L huulilevyll\u00e4 - 1800mm - S80 - EMA Sverige\",\"isPartOf\":{\"@id\":\"https:\/\/emastaging.hemsida.eu\/fi\/#website\"},\"datePublished\":\"2022-06-30T15:25:47+00:00\",\"dateModified\":\"2022-06-30T15:25:47+00:00\",\"description\":\"HD V\u00e4lpp\u00e4kauha 1500L sivuveitsill\u00e4 - 1800mm - S80 Vankka ja ainutlaatuinen, pidennetyll\u00e4 pohjalla tarjoaa tehokkaan seulonta-alan. Rakenteeseen asennetut akselit parantavat kest\u00e4vyytt\u00e4 ja vakautta.\",\"breadcrumb\":{\"@id\":\"https:\/\/emastaging.hemsida.eu\/fi\/produkt\/hd-valppakauha-1500l-sivuveitsella-1800mm-s80\/#breadcrumb\"},\"inLanguage\":\"fi\",\"potentialAction\":[{\"@type\":\"ReadAction\",\"target\":[\"https:\/\/emastaging.hemsida.eu\/fi\/produkt\/hd-valppakauha-1500l-sivuveitsella-1800mm-s80\/\"]}]},{\"@type\":\"BreadcrumbList\",\"@id\":\"https:\/\/emastaging.hemsida.eu\/fi\/produkt\/hd-valppakauha-1500l-sivuveitsella-1800mm-s80\/#breadcrumb\",\"itemListElement\":[{\"@type\":\"ListItem\",\"position\":1,\"name\":\"Hem\",\"item\":\"https:\/\/emastaging.hemsida.eu\/fi\/ema-ruotsi\/\"},{\"@type\":\"ListItem\",\"position\":2,\"name\":\"Tuoteryhm\u00e4t\",\"item\":\"https:\/\/emastaging.hemsida.eu\/fi\/tuoteryhmat\/\"},{\"@type\":\"ListItem\",\"position\":3,\"name\":\"HD V\u00e4lpp\u00e4kauha 1500L huulilevyll\u00e4 &#8211; 1800mm &#8211; S80\"}]},{\"@type\":\"WebSite\",\"@id\":\"https:\/\/emastaging.hemsida.eu\/fi\/#website\",\"url\":\"https:\/\/emastaging.hemsida.eu\/fi\/\",\"name\":\"EMA Sverige\",\"description\":\"\",\"potentialAction\":[{\"@type\":\"SearchAction\",\"target\":{\"@type\":\"EntryPoint\",\"urlTemplate\":\"https:\/\/emastaging.hemsida.eu\/fi\/?s={search_term_string}\"},\"query-input\":\"required name=search_term_string\"}],\"inLanguage\":\"fi\"}]}<\/script>\n<!-- \/ Yoast SEO plugin. -->","yoast_head_json":{"title":"HD V\u00e4lpp\u00e4kauha 1500L huulilevyll\u00e4 - 1800mm - S80 - EMA Sverige","description":"HD V\u00e4lpp\u00e4kauha 1500L sivuveitsill\u00e4 - 1800mm - S80 Vankka ja ainutlaatuinen, pidennetyll\u00e4 pohjalla tarjoaa tehokkaan seulonta-alan. Rakenteeseen asennetut akselit parantavat kest\u00e4vyytt\u00e4 ja vakautta.","robots":{"index":"noindex","follow":"follow","max-snippet":"max-snippet:-1","max-image-preview":"max-image-preview:large","max-video-preview":"max-video-preview:-1"},"og_locale":"fi_FI","og_type":"article","og_title":"HD V\u00e4lpp\u00e4kauha 1500L huulilevyll\u00e4 - 1800mm - S80 - EMA Sverige","og_description":"HD V\u00e4lpp\u00e4kauha 1500L sivuveitsill\u00e4 - 1800mm - S80 Vankka ja ainutlaatuinen, pidennetyll\u00e4 pohjalla tarjoaa tehokkaan seulonta-alan. Rakenteeseen asennetut akselit parantavat kest\u00e4vyytt\u00e4 ja vakautta.","og_url":"https:\/\/emastaging.hemsida.eu\/fi\/produkt\/hd-valppakauha-1500l-sivuveitsella-1800mm-s80\/","og_site_name":"EMA Sverige","og_image":[{"width":1000,"height":750,"url":"https:\/\/emastaging.hemsida.eu\/wp-content\/uploads\/2021\/01\/7292155_1-10.jpg","type":"image\/jpeg"}],"twitter_card":"summary_large_image","schema":{"@context":"https:\/\/schema.org","@graph":[{"@type":"WebPage","@id":"https:\/\/emastaging.hemsida.eu\/fi\/produkt\/hd-valppakauha-1500l-sivuveitsella-1800mm-s80\/","url":"https:\/\/emastaging.hemsida.eu\/fi\/produkt\/hd-valppakauha-1500l-sivuveitsella-1800mm-s80\/","name":"HD V\u00e4lpp\u00e4kauha 1500L huulilevyll\u00e4 - 1800mm - S80 - EMA Sverige","isPartOf":{"@id":"https:\/\/emastaging.hemsida.eu\/fi\/#website"},"datePublished":"2022-06-30T15:25:47+00:00","dateModified":"2022-06-30T15:25:47+00:00","description":"HD V\u00e4lpp\u00e4kauha 1500L sivuveitsill\u00e4 - 1800mm - S80 Vankka ja ainutlaatuinen, pidennetyll\u00e4 pohjalla tarjoaa tehokkaan seulonta-alan. Rakenteeseen asennetut akselit parantavat kest\u00e4vyytt\u00e4 ja vakautta.","breadcrumb":{"@id":"https:\/\/emastaging.hemsida.eu\/fi\/produkt\/hd-valppakauha-1500l-sivuveitsella-1800mm-s80\/#breadcrumb"},"inLanguage":"fi","potentialAction":[{"@type":"ReadAction","target":["https:\/\/emastaging.hemsida.eu\/fi\/produkt\/hd-valppakauha-1500l-sivuveitsella-1800mm-s80\/"]}]},{"@type":"BreadcrumbList","@id":"https:\/\/emastaging.hemsida.eu\/fi\/produkt\/hd-valppakauha-1500l-sivuveitsella-1800mm-s80\/#breadcrumb","itemListElement":[{"@type":"ListItem","position":1,"name":"Hem","item":"https:\/\/emastaging.hemsida.eu\/fi\/ema-ruotsi\/"},{"@type":"ListItem","position":2,"name":"Tuoteryhm\u00e4t","item":"https:\/\/emastaging.hemsida.eu\/fi\/tuoteryhmat\/"},{"@type":"ListItem","position":3,"name":"HD V\u00e4lpp\u00e4kauha 1500L huulilevyll\u00e4 &#8211; 1800mm &#8211; S80"}]},{"@type":"WebSite","@id":"https:\/\/emastaging.hemsida.eu\/fi\/#website","url":"https:\/\/emastaging.hemsida.eu\/fi\/","name":"EMA Sverige","description":"","potentialAction":[{"@type":"SearchAction","target":{"@type":"EntryPoint","urlTemplate":"https:\/\/emastaging.hemsida.eu\/fi\/?s={search_term_string}"},"query-input":"required name=search_term_string"}],"inLanguage":"fi"}]}},"_links":{"self":[{"href":"https:\/\/emastaging.hemsida.eu\/fi\/wp-json\/wp\/v2\/product\/11820"}],"collection":[{"href":"https:\/\/emastaging.hemsida.eu\/fi\/wp-json\/wp\/v2\/product"}],"about":[{"href":"https:\/\/emastaging.hemsida.eu\/fi\/wp-json\/wp\/v2\/types\/product"}],"wp:featuredmedia":[{"embeddable":true,"href":"https:\/\/emastaging.hemsida.eu\/fi\/wp-json\/wp\/v2\/media\/11821"}],"wp:attachment":[{"href":"https:\/\/emastaging.hemsida.eu\/fi\/wp-json\/wp\/v2\/media?parent=11820"}],"wp:term":[{"taxonomy":"product_cat","embeddable":true,"href":"https:\/\/emastaging.hemsida.eu\/fi\/wp-json\/wp\/v2\/product_cat?post=11820"},{"taxonomy":"product_tag","embeddable":true,"href":"https:\/\/emastaging.hemsida.eu\/fi\/wp-json\/wp\/v2\/product_tag?post=11820"}],"curies":[{"name":"wp","href":"https:\/\/api.w.org\/{rel}","templated":true}]}}