{"id":13140,"date":"2022-05-20T11:50:28","date_gmt":"2022-05-20T09:50:28","guid":{"rendered":"https:\/\/emasweden.com\/aterforsaljare\/"},"modified":"2023-08-30T11:27:27","modified_gmt":"2023-08-30T09:27:27","slug":"jalleenmyyjat","status":"publish","type":"page","link":"https:\/\/emastaging.hemsida.eu\/fi\/jalleenmyyjat\/","title":{"rendered":"J\u00e4lleenmyyj\u00e4t"},"content":{"rendered":"\t\t<div data-elementor-type=\"wp-page\" data-elementor-id=\"13140\" class=\"elementor elementor-13140 elementor-11342\" data-elementor-post-type=\"page\">\n\t\t\t\t\t\t\t\t\t<section class=\"elementor-section elementor-top-section elementor-element elementor-element-5d19996 elementor-section-boxed elementor-section-height-default elementor-section-height-default\" data-id=\"5d19996\" data-element_type=\"section\" data-settings=\"{&quot;background_background&quot;:&quot;classic&quot;,&quot;jet_parallax_layout_list&quot;:[]}\">\n\t\t\t\t\t\t<div class=\"elementor-container elementor-column-gap-no\">\n\t\t\t\t\t<div class=\"elementor-column elementor-col-100 elementor-top-column elementor-element elementor-element-376eb22\" data-id=\"376eb22\" data-element_type=\"column\">\n\t\t\t<div class=\"elementor-widget-wrap elementor-element-populated\">\n\t\t\t\t\t\t\t\t<div class=\"elementor-element elementor-element-6beac60 elementor-widget elementor-widget-heading\" data-id=\"6beac60\" data-element_type=\"widget\" data-widget_type=\"heading.default\">\n\t\t\t\t<div class=\"elementor-widget-container\">\n\t\t\t<h2 class=\"elementor-heading-title elementor-size-default\">J\u00e4lleenmyyj\u00e4t<\/h2>\t\t<\/div>\n\t\t\t\t<\/div>\n\t\t\t\t<div class=\"elementor-element elementor-element-c3c4473 elementor-widget elementor-widget-woocommerce-breadcrumb\" data-id=\"c3c4473\" data-element_type=\"widget\" data-widget_type=\"woocommerce-breadcrumb.default\">\n\t\t\t\t<div class=\"elementor-widget-container\">\n\t\t\t<nav class=\"woocommerce-breadcrumb\">Etusivu<\/nav>\t\t<\/div>\n\t\t\t\t<\/div>\n\t\t\t\t\t<\/div>\n\t\t<\/div>\n\t\t\t\t\t\t\t<\/div>\n\t\t<\/section>\n\t\t\t\t<section class=\"elementor-section elementor-top-section elementor-element elementor-element-8431c0c elementor-section-full_width elementor-section-height-default elementor-section-height-default\" data-id=\"8431c0c\" data-element_type=\"section\" data-settings=\"{&quot;background_background&quot;:&quot;classic&quot;,&quot;jet_parallax_layout_list&quot;:[]}\">\n\t\t\t\t\t\t<div class=\"elementor-container elementor-column-gap-no\">\n\t\t\t\t\t<div class=\"elementor-column elementor-col-50 elementor-top-column elementor-element elementor-element-f039ec4\" data-id=\"f039ec4\" data-element_type=\"column\">\n\t\t\t<div class=\"elementor-widget-wrap elementor-element-populated\">\n\t\t\t\t\t\t\t\t<div class=\"elementor-element elementor-element-8c7d71f elementor-widget elementor-widget-jet-map\" data-id=\"8c7d71f\" data-element_type=\"widget\" data-widget_type=\"jet-map.default\">\n\t\t\t\t<div class=\"elementor-widget-container\">\n\t\t\t<div class=\"jet-map\" data-init=\"{&quot;center&quot;:{&quot;lat&quot;:37.8031146,&quot;lng&quot;:-31.5422303},&quot;zoom&quot;:2,&quot;scrollwheel&quot;:true,&quot;zoomControl&quot;:false,&quot;fullscreenControl&quot;:false,&quot;streetViewControl&quot;:false,&quot;mapTypeControl&quot;:false,&quot;pinsAutoClose&quot;:false,&quot;styles&quot;:[{&quot;featureType&quot;:&quot;all&quot;,&quot;elementType&quot;:&quot;labels.text.fill&quot;,&quot;stylers&quot;:[{&quot;saturation&quot;:36},{&quot;color&quot;:&quot;#909090&quot;},{&quot;lightness&quot;:40},{&quot;visibility&quot;:&quot;on&quot;}]},{&quot;featureType&quot;:&quot;all&quot;,&quot;elementType&quot;:&quot;labels.text.stroke&quot;,&quot;stylers&quot;:[{&quot;visibility&quot;:&quot;on&quot;},{&quot;color&quot;:&quot;#000000&quot;},{&quot;lightness&quot;:16},{&quot;weight&quot;:&quot;0.01&quot;}]},{&quot;featureType&quot;:&quot;all&quot;,&quot;elementType&quot;:&quot;labels.icon&quot;,&quot;stylers&quot;:[{&quot;visibility&quot;:&quot;off&quot;}]},{&quot;featureType&quot;:&quot;administrative&quot;,&quot;elementType&quot;:&quot;geometry.fill&quot;,&quot;stylers&quot;:[{&quot;color&quot;:&quot;#000000&quot;},{&quot;lightness&quot;:20}]},{&quot;featureType&quot;:&quot;administrative&quot;,&quot;elementType&quot;:&quot;geometry.stroke&quot;,&quot;stylers&quot;:[{&quot;color&quot;:&quot;#000000&quot;},{&quot;lightness&quot;:17},{&quot;weight&quot;:1.2}]},{&quot;featureType&quot;:&quot;administrative&quot;,&quot;elementType&quot;:&quot;labels&quot;,&quot;stylers&quot;:[{&quot;color&quot;:&quot;#ffffff&quot;},{&quot;weight&quot;:&quot;0.18&quot;}]},{&quot;featureType&quot;:&quot;landscape&quot;,&quot;elementType&quot;:&quot;geometry&quot;,&quot;stylers&quot;:[{&quot;color&quot;:&quot;#777777&quot;},{&quot;lightness&quot;:20}]},{&quot;featureType&quot;:&quot;poi&quot;,&quot;elementType&quot;:&quot;geometry&quot;,&quot;stylers&quot;:[{&quot;color&quot;:&quot;#000000&quot;},{&quot;lightness&quot;:21}]},{&quot;featureType&quot;:&quot;road.highway&quot;,&quot;elementType&quot;:&quot;geometry.fill&quot;,&quot;stylers&quot;:[{&quot;color&quot;:&quot;#000000&quot;},{&quot;lightness&quot;:17}]},{&quot;featureType&quot;:&quot;road.highway&quot;,&quot;elementType&quot;:&quot;geometry.stroke&quot;,&quot;stylers&quot;:[{&quot;color&quot;:&quot;#000000&quot;},{&quot;lightness&quot;:29},{&quot;weight&quot;:0.2}]},{&quot;featureType&quot;:&quot;road.arterial&quot;,&quot;elementType&quot;:&quot;geometry&quot;,&quot;stylers&quot;:[{&quot;color&quot;:&quot;#000000&quot;},{&quot;lightness&quot;:18}]},{&quot;featureType&quot;:&quot;road.local&quot;,&quot;elementType&quot;:&quot;geometry&quot;,&quot;stylers&quot;:[{&quot;color&quot;:&quot;#000000&quot;},{&quot;lightness&quot;:16}]},{&quot;featureType&quot;:&quot;transit&quot;,&quot;elementType&quot;:&quot;geometry&quot;,&quot;stylers&quot;:[{&quot;color&quot;:&quot;#000000&quot;},{&quot;lightness&quot;:19}]},{&quot;featureType&quot;:&quot;water&quot;,&quot;elementType&quot;:&quot;geometry&quot;,&quot;stylers&quot;:[{&quot;color&quot;:&quot;#343434&quot;},{&quot;lightness&quot;:17}]}]}\" data-pins=\"[{&quot;address&quot;:&quot;Ehns gata 6, 511 56, Kinna&quot;,&quot;position&quot;:{&quot;lat&quot;:57.4945681,&quot;lng&quot;:12.6830278},&quot;desc&quot;:&quot;&lt;h3&gt;Rondellen&lt;br \\\/&gt;Maskin AB&lt;\\\/h3&gt;&lt;p&gt;&lt;br \\\/&gt;0320-450998&lt;br \\\/&gt;Ehns gata 6, 511 56, Kinna&lt;\\\/p&gt;&quot;,&quot;state&quot;:&quot;hidden&quot;,&quot;image&quot;:&quot;https:\\\/\\\/emastaging.hemsida.eu\\\/wp-content\\\/uploads\\\/2023\\\/08\\\/pin_map-1.svg&quot;,&quot;image_width&quot;:60,&quot;image_height&quot;:80},{&quot;address&quot;:&quot;seestrasse 3, CH-6078 Lungern&quot;,&quot;position&quot;:{&quot;lat&quot;:46.7858255,&quot;lng&quot;:8.1592105},&quot;desc&quot;:&quot;&lt;h3&gt;Spezwork Gmbh, CH-6078 Lungern.&lt;\\\/h3&gt;&lt;p&gt;Sven Schwertfeger&lt;br \\\/&gt;+41 78 889 10 96&lt;br \\\/&gt;sven.schwertfeger@bluewin.ck&lt;br \\\/&gt;&lt;br \\\/&gt;&lt;em&gt;Switzerland&lt;\\\/em&gt;&lt;\\\/p&gt;&quot;,&quot;state&quot;:&quot;visible&quot;,&quot;image&quot;:&quot;https:\\\/\\\/emastaging.hemsida.eu\\\/wp-content\\\/uploads\\\/2023\\\/08\\\/pin_map-1.svg&quot;,&quot;image_width&quot;:60,&quot;image_height&quot;:80}]\"><\/div>\t\t<\/div>\n\t\t\t\t<\/div>\n\t\t\t\t\t<\/div>\n\t\t<\/div>\n\t\t\t\t<div class=\"elementor-column elementor-col-50 elementor-top-column elementor-element elementor-element-827b79f\" data-id=\"827b79f\" data-element_type=\"column\" data-settings=\"{&quot;background_background&quot;:&quot;classic&quot;}\">\n\t\t\t<div class=\"elementor-widget-wrap elementor-element-populated\">\n\t\t\t\t\t\t\t\t<div class=\"elementor-element elementor-element-67cfd6d elementor-widget elementor-widget-heading\" data-id=\"67cfd6d\" data-element_type=\"widget\" data-widget_type=\"heading.default\">\n\t\t\t\t<div class=\"elementor-widget-container\">\n\t\t\t<h2 class=\"elementor-heading-title elementor-size-default\">J\u00c4LLEENMYYJ\u00c4T JA MARKKINAKONTAKTIT<\/h2>\t\t<\/div>\n\t\t\t\t<\/div>\n\t\t\t\t<div class=\"elementor-element elementor-element-2b051f9 elementor-widget elementor-widget-text-editor\" data-id=\"2b051f9\" data-element_type=\"widget\" data-widget_type=\"text-editor.default\">\n\t\t\t\t<div class=\"elementor-widget-container\">\n\t\t\t\t\t\t\t<p>Oletko kiinnostunut ostamaan EMA tuotteita<br \/>Ota yhteys l\u00e4himp\u00e4\u00e4n j\u00e4lleenmyyj\u00e4\u00e4n niin saat hinta- ja toimitusaika tietoja.<\/p>\t\t\t\t\t\t<\/div>\n\t\t\t\t<\/div>\n\t\t\t\t<div class=\"elementor-element elementor-element-cba51f0 elementor-widget elementor-widget-heading\" data-id=\"cba51f0\" data-element_type=\"widget\" data-widget_type=\"heading.default\">\n\t\t\t\t<div class=\"elementor-widget-container\">\n\t\t\t<h2 class=\"elementor-heading-title elementor-size-default\">J\u00e4lleenmyyj\u00e4<\/h2>\t\t<\/div>\n\t\t\t\t<\/div>\n\t\t\t\t<div class=\"elementor-element elementor-element-6a159d1 elementor-widget elementor-widget-text-editor\" data-id=\"6a159d1\" data-element_type=\"widget\" data-widget_type=\"text-editor.default\">\n\t\t\t\t<div class=\"elementor-widget-container\">\n\t\t\t\t\t\t\t<p><span style=\"color: var( --e-global-color-a601b3b ); font-family: var( --e-global-typography-6918ef6-font-family ), Sans-serif; font-size: var( --e-global-typography-6918ef6-font-size ); font-weight: var( --e-global-typography-6918ef6-font-weight ); letter-spacing: var( --e-global-typography-6918ef6-letter-spacing ); text-transform: var( --e-global-typography-6918ef6-text-transform ); word-spacing: var( --e-global-typography-6918ef6-word-spacing ); background-color: var( --e-global-color-ca29c8a );\">Kiitos kiinnostuksestasi tulla j\u00e4lleenmyyj\u00e4ksi! Odottavaisin mielin tutkimme t\u00e4t\u00e4 yhteisty\u00f6t\u00e4 ja autamme sinua saavuttamaan menestyst\u00e4 osana j\u00e4lleenmyyj\u00e4verkostoamme. Ole hyv\u00e4 ja ota yhteytt\u00e4 J\u00f8rgeniin lis\u00e4tietojen saamiseksi. <\/span><span style=\"color: var( --e-global-color-a601b3b ); font-family: var( --e-global-typography-6918ef6-font-family ), Sans-serif; font-size: var( --e-global-typography-6918ef6-font-size ); font-weight: var( --e-global-typography-6918ef6-font-weight ); letter-spacing: var( --e-global-typography-6918ef6-letter-spacing ); text-transform: var( --e-global-typography-6918ef6-text-transform ); word-spacing: var( --e-global-typography-6918ef6-word-spacing ); background-color: var( --e-global-color-ca29c8a );\"><span style=\"font-weight: var( --e-global-typography-6918ef6-font-weight ); letter-spacing: var( --e-global-typography-6918ef6-letter-spacing ); text-transform: var( --e-global-typography-6918ef6-text-transform ); word-spacing: var( --e-global-typography-6918ef6-word-spacing );\"><a href=\"https:\/\/cegroup.no\/\" target=\"_blank\" rel=\"noopener\"><u>Paina t\u00e4st\u00e4.<\/u><\/a><\/span><\/span><\/p>\t\t\t\t\t\t<\/div>\n\t\t\t\t<\/div>\n\t\t\t\t<div class=\"elementor-element elementor-element-d2838ae elementor-icon-list--layout-traditional elementor-list-item-link-full_width elementor-widget elementor-widget-icon-list\" data-id=\"d2838ae\" data-element_type=\"widget\" data-widget_type=\"icon-list.default\">\n\t\t\t\t<div class=\"elementor-widget-container\">\n\t\t\t\t\t<ul class=\"elementor-icon-list-items\">\n\t\t\t\t\t\t\t<li class=\"elementor-icon-list-item\">\n\t\t\t\t\t\t\t\t\t\t\t<a href=\"https:\/\/cegroup.no\/jorgen-bundgaard-randa\/\" target=\"_blank\">\n\n\t\t\t\t\t\t\t\t\t\t\t\t<span class=\"elementor-icon-list-icon\">\n\t\t\t\t\t\t\t<i aria-hidden=\"true\" class=\"far fa-user\"><\/i>\t\t\t\t\t\t<\/span>\n\t\t\t\t\t\t\t\t\t\t<span class=\"elementor-icon-list-text\">J\u00f8rgen Bundgaard Randa<\/span>\n\t\t\t\t\t\t\t\t\t\t\t<\/a>\n\t\t\t\t\t\t\t\t\t<\/li>\n\t\t\t\t\t\t\t\t<li class=\"elementor-icon-list-item\">\n\t\t\t\t\t\t\t\t\t\t\t<a href=\"http:\/\/+45%2024%2048%2093%2003\">\n\n\t\t\t\t\t\t\t\t\t\t\t\t<span class=\"elementor-icon-list-icon\">\n\t\t\t\t\t\t\t<i aria-hidden=\"true\" class=\"fas fa-phone\"><\/i>\t\t\t\t\t\t<\/span>\n\t\t\t\t\t\t\t\t\t\t<span class=\"elementor-icon-list-text\"> +45 24 48 93 03<\/span>\n\t\t\t\t\t\t\t\t\t\t\t<\/a>\n\t\t\t\t\t\t\t\t\t<\/li>\n\t\t\t\t\t\t\t\t<li class=\"elementor-icon-list-item\">\n\t\t\t\t\t\t\t\t\t\t\t<a href=\"mailto:sales@cegroup.no\">\n\n\t\t\t\t\t\t\t\t\t\t\t\t<span class=\"elementor-icon-list-icon\">\n\t\t\t\t\t\t\t<i aria-hidden=\"true\" class=\"far fa-envelope\"><\/i>\t\t\t\t\t\t<\/span>\n\t\t\t\t\t\t\t\t\t\t<span class=\"elementor-icon-list-text\">sales@cegroup.no<\/span>\n\t\t\t\t\t\t\t\t\t\t\t<\/a>\n\t\t\t\t\t\t\t\t\t<\/li>\n\t\t\t\t\t\t<\/ul>\n\t\t\t\t<\/div>\n\t\t\t\t<\/div>\n\t\t\t\t\t<\/div>\n\t\t<\/div>\n\t\t\t\t\t\t\t<\/div>\n\t\t<\/section>\n\t\t\t\t\t\t\t<\/div>\n\t\t","protected":false},"excerpt":{"rendered":"<p>J\u00e4lleenmyyj\u00e4t J\u00c4LLEENMYYJ\u00c4T JA MARKKINAKONTAKTIT Oletko kiinnostunut ostamaan EMA tuotteitaOta yhteys l\u00e4himp\u00e4\u00e4n j\u00e4lleenmyyj\u00e4\u00e4n niin saat hinta- ja toimitusaika tietoja. J\u00e4lleenmyyj\u00e4 Kiitos kiinnostuksestasi tulla j\u00e4lleenmyyj\u00e4ksi! Odottavaisin mielin tutkimme t\u00e4t\u00e4 yhteisty\u00f6t\u00e4 ja autamme sinua saavuttamaan menestyst\u00e4 osana j\u00e4lleenmyyj\u00e4verkostoamme. Ole hyv\u00e4 ja ota yhteytt\u00e4 J\u00f8rgeniin lis\u00e4tietojen saamiseksi. Paina t\u00e4st\u00e4. J\u00f8rgen Bundgaard Randa +45 24 48 93 03 sales@cegroup.no<\/p>\n","protected":false},"author":177,"featured_media":0,"parent":0,"menu_order":0,"comment_status":"closed","ping_status":"closed","template":"","meta":{"_mi_skip_tracking":false,"_monsterinsights_sitenote_active":false,"_monsterinsights_sitenote_note":"","_monsterinsights_sitenote_category":0,"footnotes":""},"yoast_head":"<!-- This site is optimized with the Yoast SEO plugin v21.2 - https:\/\/yoast.com\/wordpress\/plugins\/seo\/ -->\n<title>J\u00e4lleenmyyj\u00e4t - EMA Sverige<\/title>\n<meta name=\"robots\" content=\"noindex, follow, max-snippet:-1, max-image-preview:large, max-video-preview:-1\" \/>\n<meta property=\"og:locale\" content=\"fi_FI\" \/>\n<meta property=\"og:type\" content=\"article\" \/>\n<meta property=\"og:title\" content=\"J\u00e4lleenmyyj\u00e4t - EMA Sverige\" \/>\n<meta property=\"og:description\" content=\"J\u00e4lleenmyyj\u00e4t J\u00c4LLEENMYYJ\u00c4T JA MARKKINAKONTAKTIT Oletko kiinnostunut ostamaan EMA tuotteitaOta yhteys l\u00e4himp\u00e4\u00e4n j\u00e4lleenmyyj\u00e4\u00e4n niin saat hinta- ja toimitusaika tietoja. J\u00e4lleenmyyj\u00e4 Kiitos kiinnostuksestasi tulla j\u00e4lleenmyyj\u00e4ksi! Odottavaisin mielin tutkimme t\u00e4t\u00e4 yhteisty\u00f6t\u00e4 ja autamme sinua saavuttamaan menestyst\u00e4 osana j\u00e4lleenmyyj\u00e4verkostoamme. Ole hyv\u00e4 ja ota yhteytt\u00e4 J\u00f8rgeniin lis\u00e4tietojen saamiseksi. Paina t\u00e4st\u00e4. J\u00f8rgen Bundgaard Randa +45 24 48 93 03 sales@cegroup.no\" \/>\n<meta property=\"og:url\" content=\"https:\/\/emastaging.hemsida.eu\/fi\/jalleenmyyjat\/\" \/>\n<meta property=\"og:site_name\" content=\"EMA Sverige\" \/>\n<meta property=\"article:modified_time\" content=\"2023-08-30T09:27:27+00:00\" \/>\n<meta name=\"twitter:card\" content=\"summary_large_image\" \/>\n<meta name=\"twitter:label1\" content=\"Arvioitu lukuaika\" \/>\n\t<meta name=\"twitter:data1\" content=\"10 minuuttia\" \/>\n<script type=\"application\/ld+json\" class=\"yoast-schema-graph\">{\"@context\":\"https:\/\/schema.org\",\"@graph\":[{\"@type\":\"WebPage\",\"@id\":\"https:\/\/emastaging.hemsida.eu\/fi\/jalleenmyyjat\/\",\"url\":\"https:\/\/emastaging.hemsida.eu\/fi\/jalleenmyyjat\/\",\"name\":\"J\u00e4lleenmyyj\u00e4t - EMA Sverige\",\"isPartOf\":{\"@id\":\"https:\/\/emastaging.hemsida.eu\/fi\/#website\"},\"datePublished\":\"2022-05-20T09:50:28+00:00\",\"dateModified\":\"2023-08-30T09:27:27+00:00\",\"breadcrumb\":{\"@id\":\"https:\/\/emastaging.hemsida.eu\/fi\/jalleenmyyjat\/#breadcrumb\"},\"inLanguage\":\"fi\",\"potentialAction\":[{\"@type\":\"ReadAction\",\"target\":[\"https:\/\/emastaging.hemsida.eu\/fi\/jalleenmyyjat\/\"]}]},{\"@type\":\"BreadcrumbList\",\"@id\":\"https:\/\/emastaging.hemsida.eu\/fi\/jalleenmyyjat\/#breadcrumb\",\"itemListElement\":[{\"@type\":\"ListItem\",\"position\":1,\"name\":\"Hem\",\"item\":\"https:\/\/emastaging.hemsida.eu\/fi\/ema-ruotsi\/\"},{\"@type\":\"ListItem\",\"position\":2,\"name\":\"J\u00e4lleenmyyj\u00e4t\"}]},{\"@type\":\"WebSite\",\"@id\":\"https:\/\/emastaging.hemsida.eu\/fi\/#website\",\"url\":\"https:\/\/emastaging.hemsida.eu\/fi\/\",\"name\":\"EMA Sverige\",\"description\":\"\",\"potentialAction\":[{\"@type\":\"SearchAction\",\"target\":{\"@type\":\"EntryPoint\",\"urlTemplate\":\"https:\/\/emastaging.hemsida.eu\/fi\/?s={search_term_string}\"},\"query-input\":\"required name=search_term_string\"}],\"inLanguage\":\"fi\"}]}<\/script>\n<!-- \/ Yoast SEO plugin. -->","yoast_head_json":{"title":"J\u00e4lleenmyyj\u00e4t - EMA Sverige","robots":{"index":"noindex","follow":"follow","max-snippet":"max-snippet:-1","max-image-preview":"max-image-preview:large","max-video-preview":"max-video-preview:-1"},"og_locale":"fi_FI","og_type":"article","og_title":"J\u00e4lleenmyyj\u00e4t - EMA Sverige","og_description":"J\u00e4lleenmyyj\u00e4t J\u00c4LLEENMYYJ\u00c4T JA MARKKINAKONTAKTIT Oletko kiinnostunut ostamaan EMA tuotteitaOta yhteys l\u00e4himp\u00e4\u00e4n j\u00e4lleenmyyj\u00e4\u00e4n niin saat hinta- ja toimitusaika tietoja. J\u00e4lleenmyyj\u00e4 Kiitos kiinnostuksestasi tulla j\u00e4lleenmyyj\u00e4ksi! Odottavaisin mielin tutkimme t\u00e4t\u00e4 yhteisty\u00f6t\u00e4 ja autamme sinua saavuttamaan menestyst\u00e4 osana j\u00e4lleenmyyj\u00e4verkostoamme. Ole hyv\u00e4 ja ota yhteytt\u00e4 J\u00f8rgeniin lis\u00e4tietojen saamiseksi. Paina t\u00e4st\u00e4. J\u00f8rgen Bundgaard Randa +45 24 48 93 03 sales@cegroup.no","og_url":"https:\/\/emastaging.hemsida.eu\/fi\/jalleenmyyjat\/","og_site_name":"EMA Sverige","article_modified_time":"2023-08-30T09:27:27+00:00","twitter_card":"summary_large_image","twitter_misc":{"Arvioitu lukuaika":"10 minuuttia"},"schema":{"@context":"https:\/\/schema.org","@graph":[{"@type":"WebPage","@id":"https:\/\/emastaging.hemsida.eu\/fi\/jalleenmyyjat\/","url":"https:\/\/emastaging.hemsida.eu\/fi\/jalleenmyyjat\/","name":"J\u00e4lleenmyyj\u00e4t - EMA Sverige","isPartOf":{"@id":"https:\/\/emastaging.hemsida.eu\/fi\/#website"},"datePublished":"2022-05-20T09:50:28+00:00","dateModified":"2023-08-30T09:27:27+00:00","breadcrumb":{"@id":"https:\/\/emastaging.hemsida.eu\/fi\/jalleenmyyjat\/#breadcrumb"},"inLanguage":"fi","potentialAction":[{"@type":"ReadAction","target":["https:\/\/emastaging.hemsida.eu\/fi\/jalleenmyyjat\/"]}]},{"@type":"BreadcrumbList","@id":"https:\/\/emastaging.hemsida.eu\/fi\/jalleenmyyjat\/#breadcrumb","itemListElement":[{"@type":"ListItem","position":1,"name":"Hem","item":"https:\/\/emastaging.hemsida.eu\/fi\/ema-ruotsi\/"},{"@type":"ListItem","position":2,"name":"J\u00e4lleenmyyj\u00e4t"}]},{"@type":"WebSite","@id":"https:\/\/emastaging.hemsida.eu\/fi\/#website","url":"https:\/\/emastaging.hemsida.eu\/fi\/","name":"EMA Sverige","description":"","potentialAction":[{"@type":"SearchAction","target":{"@type":"EntryPoint","urlTemplate":"https:\/\/emastaging.hemsida.eu\/fi\/?s={search_term_string}"},"query-input":"required name=search_term_string"}],"inLanguage":"fi"}]}},"_links":{"self":[{"href":"https:\/\/emastaging.hemsida.eu\/fi\/wp-json\/wp\/v2\/pages\/13140"}],"collection":[{"href":"https:\/\/emastaging.hemsida.eu\/fi\/wp-json\/wp\/v2\/pages"}],"about":[{"href":"https:\/\/emastaging.hemsida.eu\/fi\/wp-json\/wp\/v2\/types\/page"}],"author":[{"embeddable":true,"href":"https:\/\/emastaging.hemsida.eu\/fi\/wp-json\/wp\/v2\/users\/177"}],"replies":[{"embeddable":true,"href":"https:\/\/emastaging.hemsida.eu\/fi\/wp-json\/wp\/v2\/comments?post=13140"}],"version-history":[{"count":27,"href":"https:\/\/emastaging.hemsida.eu\/fi\/wp-json\/wp\/v2\/pages\/13140\/revisions"}],"predecessor-version":[{"id":15474,"href":"https:\/\/emastaging.hemsida.eu\/fi\/wp-json\/wp\/v2\/pages\/13140\/revisions\/15474"}],"wp:attachment":[{"href":"https:\/\/emastaging.hemsida.eu\/fi\/wp-json\/wp\/v2\/media?parent=13140"}],"curies":[{"name":"wp","href":"https:\/\/api.w.org\/{rel}","templated":true}]}}