{"id":12874,"date":"2022-12-08T12:10:21","date_gmt":"2022-12-08T11:10:21","guid":{"rendered":"https:\/\/emasweden.com\/?page_id=12874"},"modified":"2023-08-22T10:08:56","modified_gmt":"2023-08-22T08:08:56","slug":"ota-meihin-yhteytta","status":"publish","type":"page","link":"https:\/\/emastaging.hemsida.eu\/fi\/ota-meihin-yhteytta\/","title":{"rendered":"Ota meihin yhteytt\u00e4"},"content":{"rendered":"\t\t<div data-elementor-type=\"wp-page\" data-elementor-id=\"12874\" class=\"elementor elementor-12874 elementor-10268\" data-elementor-post-type=\"page\">\n\t\t\t\t\t\t\t\t\t<section class=\"elementor-section elementor-top-section elementor-element elementor-element-918f42e elementor-section-boxed elementor-section-height-default elementor-section-height-default\" data-id=\"918f42e\" data-element_type=\"section\" data-settings=\"{&quot;background_background&quot;:&quot;classic&quot;,&quot;jet_parallax_layout_list&quot;:[]}\">\n\t\t\t\t\t\t<div class=\"elementor-container elementor-column-gap-no\">\n\t\t\t\t\t<div class=\"elementor-column elementor-col-100 elementor-top-column elementor-element elementor-element-a4abff4\" data-id=\"a4abff4\" data-element_type=\"column\">\n\t\t\t<div class=\"elementor-widget-wrap elementor-element-populated\">\n\t\t\t\t\t\t\t\t<div class=\"elementor-element elementor-element-274bb62 elementor-widget elementor-widget-heading\" data-id=\"274bb62\" data-element_type=\"widget\" data-widget_type=\"heading.default\">\n\t\t\t\t<div class=\"elementor-widget-container\">\n\t\t\t<h2 class=\"elementor-heading-title elementor-size-default\">OTA YHTEYTT\u00c4<\/h2>\t\t<\/div>\n\t\t\t\t<\/div>\n\t\t\t\t<div class=\"elementor-element elementor-element-5d199bb elementor-widget elementor-widget-woocommerce-breadcrumb\" data-id=\"5d199bb\" data-element_type=\"widget\" data-widget_type=\"woocommerce-breadcrumb.default\">\n\t\t\t\t<div class=\"elementor-widget-container\">\n\t\t\t<nav class=\"woocommerce-breadcrumb\">Etusivu<\/nav>\t\t<\/div>\n\t\t\t\t<\/div>\n\t\t\t\t\t<\/div>\n\t\t<\/div>\n\t\t\t\t\t\t\t<\/div>\n\t\t<\/section>\n\t\t\t\t<section class=\"elementor-section elementor-top-section elementor-element elementor-element-74433223 elementor-section-full_width elementor-reverse-mobile elementor-section-height-default elementor-section-height-default\" data-id=\"74433223\" data-element_type=\"section\" data-settings=\"{&quot;background_background&quot;:&quot;classic&quot;,&quot;jet_parallax_layout_list&quot;:[]}\">\n\t\t\t\t\t\t<div class=\"elementor-container elementor-column-gap-no\">\n\t\t\t\t\t<div class=\"elementor-column elementor-col-50 elementor-top-column elementor-element elementor-element-34fd6e5c\" data-id=\"34fd6e5c\" data-element_type=\"column\">\n\t\t\t<div class=\"elementor-widget-wrap elementor-element-populated\">\n\t\t\t\t\t\t\t\t<div class=\"elementor-element elementor-element-a05f3dc elementor-widget elementor-widget-jet-map\" data-id=\"a05f3dc\" data-element_type=\"widget\" data-widget_type=\"jet-map.default\">\n\t\t\t\t<div class=\"elementor-widget-container\">\n\t\t\t<div class=\"jet-map\" data-init=\"{&quot;center&quot;:{&quot;lat&quot;:60.60568909999999,&quot;lng&quot;:24.8609391},&quot;zoom&quot;:15,&quot;scrollwheel&quot;:true,&quot;zoomControl&quot;:false,&quot;fullscreenControl&quot;:false,&quot;streetViewControl&quot;:false,&quot;mapTypeControl&quot;:false,&quot;pinsAutoClose&quot;:false,&quot;styles&quot;:[{&quot;featureType&quot;:&quot;all&quot;,&quot;elementType&quot;:&quot;labels.text.fill&quot;,&quot;stylers&quot;:[{&quot;saturation&quot;:36},{&quot;color&quot;:&quot;#909090&quot;},{&quot;lightness&quot;:40},{&quot;visibility&quot;:&quot;on&quot;}]},{&quot;featureType&quot;:&quot;all&quot;,&quot;elementType&quot;:&quot;labels.text.stroke&quot;,&quot;stylers&quot;:[{&quot;visibility&quot;:&quot;on&quot;},{&quot;color&quot;:&quot;#000000&quot;},{&quot;lightness&quot;:16},{&quot;weight&quot;:&quot;0.01&quot;}]},{&quot;featureType&quot;:&quot;all&quot;,&quot;elementType&quot;:&quot;labels.icon&quot;,&quot;stylers&quot;:[{&quot;visibility&quot;:&quot;off&quot;}]},{&quot;featureType&quot;:&quot;administrative&quot;,&quot;elementType&quot;:&quot;geometry.fill&quot;,&quot;stylers&quot;:[{&quot;color&quot;:&quot;#000000&quot;},{&quot;lightness&quot;:20}]},{&quot;featureType&quot;:&quot;administrative&quot;,&quot;elementType&quot;:&quot;geometry.stroke&quot;,&quot;stylers&quot;:[{&quot;color&quot;:&quot;#000000&quot;},{&quot;lightness&quot;:17},{&quot;weight&quot;:1.2}]},{&quot;featureType&quot;:&quot;administrative&quot;,&quot;elementType&quot;:&quot;labels&quot;,&quot;stylers&quot;:[{&quot;color&quot;:&quot;#ffffff&quot;},{&quot;weight&quot;:&quot;0.18&quot;}]},{&quot;featureType&quot;:&quot;landscape&quot;,&quot;elementType&quot;:&quot;geometry&quot;,&quot;stylers&quot;:[{&quot;color&quot;:&quot;#777777&quot;},{&quot;lightness&quot;:20}]},{&quot;featureType&quot;:&quot;poi&quot;,&quot;elementType&quot;:&quot;geometry&quot;,&quot;stylers&quot;:[{&quot;color&quot;:&quot;#000000&quot;},{&quot;lightness&quot;:21}]},{&quot;featureType&quot;:&quot;road.highway&quot;,&quot;elementType&quot;:&quot;geometry.fill&quot;,&quot;stylers&quot;:[{&quot;color&quot;:&quot;#000000&quot;},{&quot;lightness&quot;:17}]},{&quot;featureType&quot;:&quot;road.highway&quot;,&quot;elementType&quot;:&quot;geometry.stroke&quot;,&quot;stylers&quot;:[{&quot;color&quot;:&quot;#000000&quot;},{&quot;lightness&quot;:29},{&quot;weight&quot;:0.2}]},{&quot;featureType&quot;:&quot;road.arterial&quot;,&quot;elementType&quot;:&quot;geometry&quot;,&quot;stylers&quot;:[{&quot;color&quot;:&quot;#000000&quot;},{&quot;lightness&quot;:18}]},{&quot;featureType&quot;:&quot;road.local&quot;,&quot;elementType&quot;:&quot;geometry&quot;,&quot;stylers&quot;:[{&quot;color&quot;:&quot;#000000&quot;},{&quot;lightness&quot;:16}]},{&quot;featureType&quot;:&quot;transit&quot;,&quot;elementType&quot;:&quot;geometry&quot;,&quot;stylers&quot;:[{&quot;color&quot;:&quot;#000000&quot;},{&quot;lightness&quot;:19}]},{&quot;featureType&quot;:&quot;water&quot;,&quot;elementType&quot;:&quot;geometry&quot;,&quot;stylers&quot;:[{&quot;color&quot;:&quot;#343434&quot;},{&quot;lightness&quot;:17}]}]}\" data-pins=\"[{&quot;address&quot;:&quot;Mets\\u00e4mutilantie 1 05460 Hyvink\\u00e4\\u00e4&quot;,&quot;position&quot;:{&quot;lat&quot;:60.60568909999999,&quot;lng&quot;:24.8609391},&quot;desc&quot;:&quot;&quot;,&quot;state&quot;:&quot;hidden&quot;,&quot;image&quot;:&quot;https:\\\/\\\/emastaging.hemsida.eu\\\/wp-content\\\/uploads\\\/2022\\\/05\\\/pin_map.svg&quot;,&quot;image_width&quot;:80,&quot;image_height&quot;:80}]\"><\/div>\t\t<\/div>\n\t\t\t\t<\/div>\n\t\t\t\t\t<\/div>\n\t\t<\/div>\n\t\t\t\t<div class=\"elementor-column elementor-col-50 elementor-top-column elementor-element elementor-element-0284d3b\" data-id=\"0284d3b\" data-element_type=\"column\" data-settings=\"{&quot;background_background&quot;:&quot;classic&quot;}\">\n\t\t\t<div class=\"elementor-widget-wrap elementor-element-populated\">\n\t\t\t\t\t\t\t\t<div class=\"elementor-element elementor-element-b3ec515 elementor-widget elementor-widget-heading\" data-id=\"b3ec515\" data-element_type=\"widget\" data-widget_type=\"heading.default\">\n\t\t\t\t<div class=\"elementor-widget-container\">\n\t\t\t<h2 class=\"elementor-heading-title elementor-size-default\">EMA in Finland<\/h2>\t\t<\/div>\n\t\t\t\t<\/div>\n\t\t\t\t<div class=\"elementor-element elementor-element-9a32655 elementor-icon-list--layout-traditional elementor-list-item-link-full_width elementor-widget elementor-widget-icon-list\" data-id=\"9a32655\" data-element_type=\"widget\" data-widget_type=\"icon-list.default\">\n\t\t\t\t<div class=\"elementor-widget-container\">\n\t\t\t\t\t<ul class=\"elementor-icon-list-items\">\n\t\t\t\t\t\t\t<li class=\"elementor-icon-list-item\">\n\t\t\t\t\t\t\t\t\t\t\t<a href=\"https:\/\/www.google.com\/maps\/place\/Mets%C3%A4mutilantie+1,+05460+Hyvink%C3%A4%C3%A4,+Finland\/@60.6065641,24.8602472,17z\/data=!3m1!4b1!4m5!3m4!1s0x468e0f31e7639325:0xd7ab4e9ac6e182d0!8m2!3d60.6065641!4d24.8624359\">\n\n\t\t\t\t\t\t\t\t\t\t\t\t<span class=\"elementor-icon-list-icon\">\n\t\t\t\t\t\t\t<i aria-hidden=\"true\" class=\"fas fa-map-marker-alt\"><\/i>\t\t\t\t\t\t<\/span>\n\t\t\t\t\t\t\t\t\t\t<span class=\"elementor-icon-list-text\">Mets\u00e4mutilantie 1, 05460 Hyvink\u00e4\u00e4<\/span>\n\t\t\t\t\t\t\t\t\t\t\t<\/a>\n\t\t\t\t\t\t\t\t\t<\/li>\n\t\t\t\t\t\t\t\t<li class=\"elementor-icon-list-item\">\n\t\t\t\t\t\t\t\t\t\t\t<a href=\"tel:0400-479034\">\n\n\t\t\t\t\t\t\t\t\t\t\t\t<span class=\"elementor-icon-list-icon\">\n\t\t\t\t\t\t\t<i aria-hidden=\"true\" class=\"fas fa-phone\"><\/i>\t\t\t\t\t\t<\/span>\n\t\t\t\t\t\t\t\t\t\t<span class=\"elementor-icon-list-text\">0400-479034<\/span>\n\t\t\t\t\t\t\t\t\t\t\t<\/a>\n\t\t\t\t\t\t\t\t\t<\/li>\n\t\t\t\t\t\t\t\t<li class=\"elementor-icon-list-item\">\n\t\t\t\t\t\t\t\t\t\t\t<a href=\"mailto:ha@cegroup.fi\">\n\n\t\t\t\t\t\t\t\t\t\t\t\t<span class=\"elementor-icon-list-icon\">\n\t\t\t\t\t\t\t<i aria-hidden=\"true\" class=\"far fa-envelope\"><\/i>\t\t\t\t\t\t<\/span>\n\t\t\t\t\t\t\t\t\t\t<span class=\"elementor-icon-list-text\">ha@cegroup.fi<\/span>\n\t\t\t\t\t\t\t\t\t\t\t<\/a>\n\t\t\t\t\t\t\t\t\t<\/li>\n\t\t\t\t\t\t\t\t<li class=\"elementor-icon-list-item\">\n\t\t\t\t\t\t\t\t\t\t\t<span class=\"elementor-icon-list-icon\">\n\t\t\t\t\t\t\t<i aria-hidden=\"true\" class=\"far fa-user\"><\/i>\t\t\t\t\t\t<\/span>\n\t\t\t\t\t\t\t\t\t\t<span class=\"elementor-icon-list-text\">Kontaktihenkil\u00f6: Area Sales Manager Harri \u00c5str\u00f6m<\/span>\n\t\t\t\t\t\t\t\t\t<\/li>\n\t\t\t\t\t\t<\/ul>\n\t\t\t\t<\/div>\n\t\t\t\t<\/div>\n\t\t\t\t\t<\/div>\n\t\t<\/div>\n\t\t\t\t\t\t\t<\/div>\n\t\t<\/section>\n\t\t\t\t<section class=\"elementor-section elementor-top-section elementor-element elementor-element-8ff8867 elementor-section-boxed elementor-section-height-default elementor-section-height-default\" data-id=\"8ff8867\" data-element_type=\"section\" data-settings=\"{&quot;background_background&quot;:&quot;classic&quot;,&quot;jet_parallax_layout_list&quot;:[]}\">\n\t\t\t\t\t\t<div class=\"elementor-container elementor-column-gap-no\">\n\t\t\t\t\t<div class=\"elementor-column elementor-col-100 elementor-top-column elementor-element elementor-element-f2cad17\" data-id=\"f2cad17\" data-element_type=\"column\">\n\t\t\t<div class=\"elementor-widget-wrap elementor-element-populated\">\n\t\t\t\t\t\t\t\t<div class=\"elementor-element elementor-element-ae8c930 elementor-align-justify elementor-widget__width-inherit elementor-widget elementor-widget-button\" data-id=\"ae8c930\" data-element_type=\"widget\" data-widget_type=\"button.default\">\n\t\t\t\t<div class=\"elementor-widget-container\">\n\t\t\t\t\t<div class=\"elementor-button-wrapper\">\n\t\t\t<a class=\"elementor-button elementor-button-link elementor-size-sm\" href=\"https:\/\/cegroup.no\/about-us\/#section-529-625\">\n\t\t\t\t\t\t<span class=\"elementor-button-content-wrapper\">\n\t\t\t\t\t\t<span class=\"elementor-button-text\">Yhteystiedot meille t\u00e4\u00e4lt\u00e4 CEG Finland<\/span>\n\t\t<\/span>\n\t\t\t\t\t<\/a>\n\t\t<\/div>\n\t\t\t\t<\/div>\n\t\t\t\t<\/div>\n\t\t\t\t\t<\/div>\n\t\t<\/div>\n\t\t\t\t\t\t\t<\/div>\n\t\t<\/section>\n\t\t\t\t\t\t\t<\/div>\n\t\t","protected":false},"excerpt":{"rendered":"<p>OTA YHTEYTT\u00c4 EMA in Finland Mets\u00e4mutilantie 1, 05460 Hyvink\u00e4\u00e4 0400-479034 ha@cegroup.fi Kontaktihenkil\u00f6: Area Sales Manager Harri \u00c5str\u00f6m Yhteystiedot meille t\u00e4\u00e4lt\u00e4 CEG Finland<\/p>\n","protected":false},"author":177,"featured_media":0,"parent":0,"menu_order":0,"comment_status":"closed","ping_status":"closed","template":"","meta":{"_mi_skip_tracking":false,"_monsterinsights_sitenote_active":false,"_monsterinsights_sitenote_note":"","_monsterinsights_sitenote_category":0,"footnotes":""},"yoast_head":"<!-- This site is optimized with the Yoast SEO plugin v21.2 - https:\/\/yoast.com\/wordpress\/plugins\/seo\/ -->\n<title>Ota meihin yhteytt\u00e4 - EMA Sverige<\/title>\n<meta name=\"robots\" content=\"noindex, follow, max-snippet:-1, max-image-preview:large, max-video-preview:-1\" \/>\n<meta property=\"og:locale\" content=\"fi_FI\" \/>\n<meta property=\"og:type\" content=\"article\" \/>\n<meta property=\"og:title\" content=\"Ota meihin yhteytt\u00e4 - EMA Sverige\" \/>\n<meta property=\"og:description\" content=\"OTA YHTEYTT\u00c4 EMA in Finland Mets\u00e4mutilantie 1, 05460 Hyvink\u00e4\u00e4 0400-479034 ha@cegroup.fi Kontaktihenkil\u00f6: Area Sales Manager Harri \u00c5str\u00f6m Yhteystiedot meille t\u00e4\u00e4lt\u00e4 CEG Finland\" \/>\n<meta property=\"og:url\" content=\"https:\/\/emastaging.hemsida.eu\/fi\/ota-meihin-yhteytta\/\" \/>\n<meta property=\"og:site_name\" content=\"EMA Sverige\" \/>\n<meta property=\"article:modified_time\" content=\"2023-08-22T08:08:56+00:00\" \/>\n<meta name=\"twitter:card\" content=\"summary_large_image\" \/>\n<meta name=\"twitter:label1\" content=\"Arvioitu lukuaika\" \/>\n\t<meta name=\"twitter:data1\" content=\"7 minuuttia\" \/>\n<script type=\"application\/ld+json\" class=\"yoast-schema-graph\">{\"@context\":\"https:\/\/schema.org\",\"@graph\":[{\"@type\":\"WebPage\",\"@id\":\"https:\/\/emastaging.hemsida.eu\/fi\/ota-meihin-yhteytta\/\",\"url\":\"https:\/\/emastaging.hemsida.eu\/fi\/ota-meihin-yhteytta\/\",\"name\":\"Ota meihin yhteytt\u00e4 - EMA Sverige\",\"isPartOf\":{\"@id\":\"https:\/\/emastaging.hemsida.eu\/fi\/#website\"},\"datePublished\":\"2022-12-08T11:10:21+00:00\",\"dateModified\":\"2023-08-22T08:08:56+00:00\",\"breadcrumb\":{\"@id\":\"https:\/\/emastaging.hemsida.eu\/fi\/ota-meihin-yhteytta\/#breadcrumb\"},\"inLanguage\":\"fi\",\"potentialAction\":[{\"@type\":\"ReadAction\",\"target\":[\"https:\/\/emastaging.hemsida.eu\/fi\/ota-meihin-yhteytta\/\"]}]},{\"@type\":\"BreadcrumbList\",\"@id\":\"https:\/\/emastaging.hemsida.eu\/fi\/ota-meihin-yhteytta\/#breadcrumb\",\"itemListElement\":[{\"@type\":\"ListItem\",\"position\":1,\"name\":\"Hem\",\"item\":\"https:\/\/emastaging.hemsida.eu\/fi\/ema-ruotsi\/\"},{\"@type\":\"ListItem\",\"position\":2,\"name\":\"Ota meihin yhteytt\u00e4\"}]},{\"@type\":\"WebSite\",\"@id\":\"https:\/\/emastaging.hemsida.eu\/fi\/#website\",\"url\":\"https:\/\/emastaging.hemsida.eu\/fi\/\",\"name\":\"EMA Sverige\",\"description\":\"\",\"potentialAction\":[{\"@type\":\"SearchAction\",\"target\":{\"@type\":\"EntryPoint\",\"urlTemplate\":\"https:\/\/emastaging.hemsida.eu\/fi\/?s={search_term_string}\"},\"query-input\":\"required name=search_term_string\"}],\"inLanguage\":\"fi\"}]}<\/script>\n<!-- \/ Yoast SEO plugin. -->","yoast_head_json":{"title":"Ota meihin yhteytt\u00e4 - EMA Sverige","robots":{"index":"noindex","follow":"follow","max-snippet":"max-snippet:-1","max-image-preview":"max-image-preview:large","max-video-preview":"max-video-preview:-1"},"og_locale":"fi_FI","og_type":"article","og_title":"Ota meihin yhteytt\u00e4 - EMA Sverige","og_description":"OTA YHTEYTT\u00c4 EMA in Finland Mets\u00e4mutilantie 1, 05460 Hyvink\u00e4\u00e4 0400-479034 ha@cegroup.fi Kontaktihenkil\u00f6: Area Sales Manager Harri \u00c5str\u00f6m Yhteystiedot meille t\u00e4\u00e4lt\u00e4 CEG Finland","og_url":"https:\/\/emastaging.hemsida.eu\/fi\/ota-meihin-yhteytta\/","og_site_name":"EMA Sverige","article_modified_time":"2023-08-22T08:08:56+00:00","twitter_card":"summary_large_image","twitter_misc":{"Arvioitu lukuaika":"7 minuuttia"},"schema":{"@context":"https:\/\/schema.org","@graph":[{"@type":"WebPage","@id":"https:\/\/emastaging.hemsida.eu\/fi\/ota-meihin-yhteytta\/","url":"https:\/\/emastaging.hemsida.eu\/fi\/ota-meihin-yhteytta\/","name":"Ota meihin yhteytt\u00e4 - EMA Sverige","isPartOf":{"@id":"https:\/\/emastaging.hemsida.eu\/fi\/#website"},"datePublished":"2022-12-08T11:10:21+00:00","dateModified":"2023-08-22T08:08:56+00:00","breadcrumb":{"@id":"https:\/\/emastaging.hemsida.eu\/fi\/ota-meihin-yhteytta\/#breadcrumb"},"inLanguage":"fi","potentialAction":[{"@type":"ReadAction","target":["https:\/\/emastaging.hemsida.eu\/fi\/ota-meihin-yhteytta\/"]}]},{"@type":"BreadcrumbList","@id":"https:\/\/emastaging.hemsida.eu\/fi\/ota-meihin-yhteytta\/#breadcrumb","itemListElement":[{"@type":"ListItem","position":1,"name":"Hem","item":"https:\/\/emastaging.hemsida.eu\/fi\/ema-ruotsi\/"},{"@type":"ListItem","position":2,"name":"Ota meihin yhteytt\u00e4"}]},{"@type":"WebSite","@id":"https:\/\/emastaging.hemsida.eu\/fi\/#website","url":"https:\/\/emastaging.hemsida.eu\/fi\/","name":"EMA Sverige","description":"","potentialAction":[{"@type":"SearchAction","target":{"@type":"EntryPoint","urlTemplate":"https:\/\/emastaging.hemsida.eu\/fi\/?s={search_term_string}"},"query-input":"required name=search_term_string"}],"inLanguage":"fi"}]}},"_links":{"self":[{"href":"https:\/\/emastaging.hemsida.eu\/fi\/wp-json\/wp\/v2\/pages\/12874"}],"collection":[{"href":"https:\/\/emastaging.hemsida.eu\/fi\/wp-json\/wp\/v2\/pages"}],"about":[{"href":"https:\/\/emastaging.hemsida.eu\/fi\/wp-json\/wp\/v2\/types\/page"}],"author":[{"embeddable":true,"href":"https:\/\/emastaging.hemsida.eu\/fi\/wp-json\/wp\/v2\/users\/177"}],"replies":[{"embeddable":true,"href":"https:\/\/emastaging.hemsida.eu\/fi\/wp-json\/wp\/v2\/comments?post=12874"}],"version-history":[{"count":46,"href":"https:\/\/emastaging.hemsida.eu\/fi\/wp-json\/wp\/v2\/pages\/12874\/revisions"}],"predecessor-version":[{"id":15309,"href":"https:\/\/emastaging.hemsida.eu\/fi\/wp-json\/wp\/v2\/pages\/12874\/revisions\/15309"}],"wp:attachment":[{"href":"https:\/\/emastaging.hemsida.eu\/fi\/wp-json\/wp\/v2\/media?parent=12874"}],"curies":[{"name":"wp","href":"https:\/\/api.w.org\/{rel}","templated":true}]}}