{"id":8361,"date":"2021-01-20T15:31:57","date_gmt":"2021-10-04T13:26:46","guid":{"rendered":"https:\/\/emasweden.com\/produkt\/asphalt-cutter-b20-front-mounted-450mm\/"},"modified":"2023-04-19T08:57:23","modified_gmt":"2023-04-19T06:57:23","slug":"asphalt-cutter-b20-front-mounted-450mm","status":"publish","type":"product","link":"https:\/\/emastaging.hemsida.eu\/en\/produkt\/asphalt-cutter-b20-front-mounted-450mm\/","title":{"rendered":"Asphalt cutter B20 Front mounted &#8211; 450mm"},"content":{"rendered":"<p><sup>Asfaltsk\u00e4rare B20 Frontmonterad &#8211; 450mm<\/sup><br \/>\nAsfaltsk\u00e4rare Frontmonterad<\/p>\n<p>\u2013 En frontmonterad trissa f\u00f6renklar jobbet d\u00e5 du kommer n\u00e4rmre t ex husgrunden.<\/p>\n<p>Robust design<\/p>\n<p>&#8211; Trissa i <strong><a href=\"https:\/\/www.ssab.com\/sv-se\/varumarken-och-produkter\/hardox\/produktprogram\/450\">HARDOX 450<\/a><\/strong><\/p>\n<p>&#8211; Skyddad sm\u00f6rjnippel<\/p>\n<p>&#8211; Svetsat centrumnav<\/p>\n<p>&#8211; Designad f\u00f6r maximalt sk\u00e4rdjup<\/p>\n<p>&nbsp;<\/p>\n<p>Bl\u00e4ddra mellan fler asfaltsk\u00e4rare\u00a0<strong><a href=\"https:\/\/emastaging.hemsida.eu\/produkt-kategori\/gravmaskin\/asfaltskarare\/\">h\u00e4r!<\/a><\/strong><\/p>\n","protected":false},"excerpt":{"rendered":"<p>Asfaltsk\u00e4rare B20 Frontmonterad &#8211; 450mm Asfaltsk\u00e4rare Frontmonterad \u2013 En frontmonterad trissa f\u00f6renklar jobbet d\u00e5 du kommer n\u00e4rmre t ex husgrunden. Robust design &#8211; Trissa i HARDOX 450 &#8211; Skyddad sm\u00f6rjnippel &#8211; Svetsat centrumnav &#8211; Designad f\u00f6r maximalt sk\u00e4rdjup &nbsp; Bl\u00e4ddra mellan fler asfaltsk\u00e4rare\u00a0h\u00e4r!<\/p>\n","protected":false},"featured_media":3835,"template":"","meta":{"_mi_skip_tracking":false,"_monsterinsights_sitenote_active":false,"_monsterinsights_sitenote_note":"","_monsterinsights_sitenote_category":0},"product_cat":[1134,1087],"product_tag":[],"yoast_head":"<!-- This site is optimized with the Yoast SEO plugin v21.2 - https:\/\/yoast.com\/wordpress\/plugins\/seo\/ -->\n<title>Asphalt cutter B20 Front mounted - 450mm - EMA Sverige<\/title>\n<meta name=\"description\" content=\"Asphalt cutter B20 Front mounted - 450mm Robust design, pulley in HARDOX 450. Protected grease nipple and has welded center hub.\" \/>\n<meta name=\"robots\" content=\"noindex, follow, max-snippet:-1, max-image-preview:large, max-video-preview:-1\" \/>\n<meta property=\"og:locale\" content=\"en_US\" \/>\n<meta property=\"og:type\" content=\"article\" \/>\n<meta property=\"og:title\" content=\"Asphalt cutter B20 Front mounted - 450mm - EMA Sverige\" \/>\n<meta property=\"og:description\" content=\"Asphalt cutter B20 Front mounted - 450mm Robust design, pulley in HARDOX 450. Protected grease nipple and has welded center hub.\" \/>\n<meta property=\"og:url\" content=\"https:\/\/emastaging.hemsida.eu\/en\/produkt\/asphalt-cutter-b20-front-mounted-450mm\/\" \/>\n<meta property=\"og:site_name\" content=\"EMA Sverige\" \/>\n<meta property=\"article:modified_time\" content=\"2023-04-19T06:57:23+00:00\" \/>\n<meta name=\"twitter:card\" content=\"summary_large_image\" \/>\n<script type=\"application\/ld+json\" class=\"yoast-schema-graph\">{\"@context\":\"https:\/\/schema.org\",\"@graph\":[{\"@type\":\"WebPage\",\"@id\":\"https:\/\/emastaging.hemsida.eu\/en\/produkt\/asphalt-cutter-b20-front-mounted-450mm\/\",\"url\":\"https:\/\/emastaging.hemsida.eu\/en\/produkt\/asphalt-cutter-b20-front-mounted-450mm\/\",\"name\":\"Asphalt cutter B20 Front mounted - 450mm - EMA Sverige\",\"isPartOf\":{\"@id\":\"https:\/\/emastaging.hemsida.eu\/en\/#website\"},\"datePublished\":\"2021-10-04T13:26:46+00:00\",\"dateModified\":\"2023-04-19T06:57:23+00:00\",\"description\":\"Asphalt cutter B20 Front mounted - 450mm Robust design, pulley in HARDOX 450. Protected grease nipple and has welded center hub.\",\"breadcrumb\":{\"@id\":\"https:\/\/emastaging.hemsida.eu\/en\/produkt\/asphalt-cutter-b20-front-mounted-450mm\/#breadcrumb\"},\"inLanguage\":\"en-US\",\"potentialAction\":[{\"@type\":\"ReadAction\",\"target\":[\"https:\/\/emastaging.hemsida.eu\/en\/produkt\/asphalt-cutter-b20-front-mounted-450mm\/\"]}]},{\"@type\":\"BreadcrumbList\",\"@id\":\"https:\/\/emastaging.hemsida.eu\/en\/produkt\/asphalt-cutter-b20-front-mounted-450mm\/#breadcrumb\",\"itemListElement\":[{\"@type\":\"ListItem\",\"position\":1,\"name\":\"Home\",\"item\":\"https:\/\/emastaging.hemsida.eu\/en\/ema-sweden\/\"},{\"@type\":\"ListItem\",\"position\":2,\"name\":\"Products\",\"item\":\"https:\/\/emastaging.hemsida.eu\/en\/products\/\"},{\"@type\":\"ListItem\",\"position\":3,\"name\":\"Asphalt cutter B20 Front mounted &#8211; 450mm\"}]},{\"@type\":\"WebSite\",\"@id\":\"https:\/\/emastaging.hemsida.eu\/en\/#website\",\"url\":\"https:\/\/emastaging.hemsida.eu\/en\/\",\"name\":\"EMA Sverige\",\"description\":\"\",\"potentialAction\":[{\"@type\":\"SearchAction\",\"target\":{\"@type\":\"EntryPoint\",\"urlTemplate\":\"https:\/\/emastaging.hemsida.eu\/en\/?s={search_term_string}\"},\"query-input\":\"required name=search_term_string\"}],\"inLanguage\":\"en-US\"}]}<\/script>\n<!-- \/ Yoast SEO plugin. -->","yoast_head_json":{"title":"Asphalt cutter B20 Front mounted - 450mm - EMA Sverige","description":"Asphalt cutter B20 Front mounted - 450mm Robust design, pulley in HARDOX 450. Protected grease nipple and has welded center hub.","robots":{"index":"noindex","follow":"follow","max-snippet":"max-snippet:-1","max-image-preview":"max-image-preview:large","max-video-preview":"max-video-preview:-1"},"og_locale":"en_US","og_type":"article","og_title":"Asphalt cutter B20 Front mounted - 450mm - EMA Sverige","og_description":"Asphalt cutter B20 Front mounted - 450mm Robust design, pulley in HARDOX 450. Protected grease nipple and has welded center hub.","og_url":"https:\/\/emastaging.hemsida.eu\/en\/produkt\/asphalt-cutter-b20-front-mounted-450mm\/","og_site_name":"EMA Sverige","article_modified_time":"2023-04-19T06:57:23+00:00","twitter_card":"summary_large_image","schema":{"@context":"https:\/\/schema.org","@graph":[{"@type":"WebPage","@id":"https:\/\/emastaging.hemsida.eu\/en\/produkt\/asphalt-cutter-b20-front-mounted-450mm\/","url":"https:\/\/emastaging.hemsida.eu\/en\/produkt\/asphalt-cutter-b20-front-mounted-450mm\/","name":"Asphalt cutter B20 Front mounted - 450mm - EMA Sverige","isPartOf":{"@id":"https:\/\/emastaging.hemsida.eu\/en\/#website"},"datePublished":"2021-10-04T13:26:46+00:00","dateModified":"2023-04-19T06:57:23+00:00","description":"Asphalt cutter B20 Front mounted - 450mm Robust design, pulley in HARDOX 450. Protected grease nipple and has welded center hub.","breadcrumb":{"@id":"https:\/\/emastaging.hemsida.eu\/en\/produkt\/asphalt-cutter-b20-front-mounted-450mm\/#breadcrumb"},"inLanguage":"en-US","potentialAction":[{"@type":"ReadAction","target":["https:\/\/emastaging.hemsida.eu\/en\/produkt\/asphalt-cutter-b20-front-mounted-450mm\/"]}]},{"@type":"BreadcrumbList","@id":"https:\/\/emastaging.hemsida.eu\/en\/produkt\/asphalt-cutter-b20-front-mounted-450mm\/#breadcrumb","itemListElement":[{"@type":"ListItem","position":1,"name":"Home","item":"https:\/\/emastaging.hemsida.eu\/en\/ema-sweden\/"},{"@type":"ListItem","position":2,"name":"Products","item":"https:\/\/emastaging.hemsida.eu\/en\/products\/"},{"@type":"ListItem","position":3,"name":"Asphalt cutter B20 Front mounted &#8211; 450mm"}]},{"@type":"WebSite","@id":"https:\/\/emastaging.hemsida.eu\/en\/#website","url":"https:\/\/emastaging.hemsida.eu\/en\/","name":"EMA Sverige","description":"","potentialAction":[{"@type":"SearchAction","target":{"@type":"EntryPoint","urlTemplate":"https:\/\/emastaging.hemsida.eu\/en\/?s={search_term_string}"},"query-input":"required name=search_term_string"}],"inLanguage":"en-US"}]}},"_links":{"self":[{"href":"https:\/\/emastaging.hemsida.eu\/en\/wp-json\/wp\/v2\/product\/8361"}],"collection":[{"href":"https:\/\/emastaging.hemsida.eu\/en\/wp-json\/wp\/v2\/product"}],"about":[{"href":"https:\/\/emastaging.hemsida.eu\/en\/wp-json\/wp\/v2\/types\/product"}],"wp:featuredmedia":[{"embeddable":true,"href":"https:\/\/emastaging.hemsida.eu\/en\/wp-json\/wp\/v2\/media\/3835"}],"wp:attachment":[{"href":"https:\/\/emastaging.hemsida.eu\/en\/wp-json\/wp\/v2\/media?parent=8361"}],"wp:term":[{"taxonomy":"product_cat","embeddable":true,"href":"https:\/\/emastaging.hemsida.eu\/en\/wp-json\/wp\/v2\/product_cat?post=8361"},{"taxonomy":"product_tag","embeddable":true,"href":"https:\/\/emastaging.hemsida.eu\/en\/wp-json\/wp\/v2\/product_tag?post=8361"}],"curies":[{"name":"wp","href":"https:\/\/api.w.org\/{rel}","templated":true}]}}