{"id":8277,"date":"2021-01-20T15:35:37","date_gmt":"2021-10-04T13:24:01","guid":{"rendered":"https:\/\/emasweden.com\/produkt\/hd-leveling-beam-with-roller-2500mm-without-bracket\/"},"modified":"2023-05-10T18:37:20","modified_gmt":"2023-05-10T16:37:20","slug":"hd-leveling-beam-with-roller-2500mm-without-bracket","status":"publish","type":"product","link":"https:\/\/emastaging.hemsida.eu\/en\/produkt\/hd-leveling-beam-with-roller-2500mm-without-bracket\/","title":{"rendered":"HD Leveling beam with roller 2500mm &#8211; Without bracket"},"content":{"rendered":"<p><sup>HD Avj\u00e4mningsbalk med rulle 2500mm &#8211; Utan f\u00e4ste<\/sup><br \/>\n\u2013 Smidig produkt f\u00f6r justering och planering av material. P\u00e5 liten tid kan du justera en mycket stor yta. Med rullen s\u00e4kerst\u00e4ller du att f\u00e5 en j\u00e4mn och fin yta innan t.ex. asfaltering<\/p>\n<p>V\u00e5ra Heavy Duty Avj\u00e4mningsbalkar med rulle \u00e4r en mycket kraftigare konstruktion med 325mm rulle och skraplist tillkommer p\u00e5 samtliga.<\/p>\n<p>&#8211; Justerbar rulle 1 \u2013 5 mm<\/p>\n<p>&#8211; <a href=\"https:\/\/www.ssab.com\/sv-se\/varumarken-och-produkter\/hardox\"><strong>Hardox<\/strong><\/a> p\u00e5 utsatta slitdelar<\/p>\n<p>&#8211; <a href=\"https:\/\/emastaging.hemsida.eu\/produkt-kategori\/gravmaskin\/faste-kabelplog\/\"><strong>Bultade f\u00e4sten<\/strong><\/a><\/p>\n<p>&#8211; Skraplist p\u00e5 samtliga HD med rulle<\/p>\n","protected":false},"excerpt":{"rendered":"<p>HD Avj\u00e4mningsbalk med rulle 2500mm &#8211; Utan f\u00e4ste \u2013 Smidig produkt f\u00f6r justering och planering av material. P\u00e5 liten tid kan du justera en mycket stor yta. Med rullen s\u00e4kerst\u00e4ller du att f\u00e5 en j\u00e4mn och fin yta innan t.ex. asfaltering V\u00e5ra Heavy Duty Avj\u00e4mningsbalkar med rulle \u00e4r en mycket kraftigare konstruktion med 325mm rulle [&hellip;]<\/p>\n","protected":false},"featured_media":5223,"template":"","meta":{"_mi_skip_tracking":false,"_monsterinsights_sitenote_active":false,"_monsterinsights_sitenote_note":"","_monsterinsights_sitenote_category":0},"product_cat":[1087,1253,2886],"product_tag":[],"yoast_head":"<!-- This site is optimized with the Yoast SEO plugin v21.2 - https:\/\/yoast.com\/wordpress\/plugins\/seo\/ -->\n<title>HD Leveling beam with roller 2500mm - Without bracket - EMA Sverige<\/title>\n<meta name=\"description\" content=\"HD Leveling beam with roller 2500mm - Without bracket. Adjustable roller 1 - 5 mm with scraper strip, Hardox on exposed wear parts and Bolted brackets.\" \/>\n<meta name=\"robots\" content=\"noindex, follow, max-snippet:-1, max-image-preview:large, max-video-preview:-1\" \/>\n<meta property=\"og:locale\" content=\"en_US\" \/>\n<meta property=\"og:type\" content=\"article\" \/>\n<meta property=\"og:title\" content=\"HD Leveling beam with roller 2500mm - Without bracket - EMA Sverige\" \/>\n<meta property=\"og:description\" content=\"HD Leveling beam with roller 2500mm - Without bracket. Adjustable roller 1 - 5 mm with scraper strip, Hardox on exposed wear parts and Bolted brackets.\" \/>\n<meta property=\"og:url\" content=\"https:\/\/emastaging.hemsida.eu\/en\/produkt\/hd-leveling-beam-with-roller-2500mm-without-bracket\/\" \/>\n<meta property=\"og:site_name\" content=\"EMA Sverige\" \/>\n<meta property=\"article:modified_time\" content=\"2023-05-10T16:37:20+00:00\" \/>\n<meta name=\"twitter:card\" content=\"summary_large_image\" \/>\n<script type=\"application\/ld+json\" class=\"yoast-schema-graph\">{\"@context\":\"https:\/\/schema.org\",\"@graph\":[{\"@type\":\"WebPage\",\"@id\":\"https:\/\/emastaging.hemsida.eu\/en\/produkt\/hd-leveling-beam-with-roller-2500mm-without-bracket\/\",\"url\":\"https:\/\/emastaging.hemsida.eu\/en\/produkt\/hd-leveling-beam-with-roller-2500mm-without-bracket\/\",\"name\":\"HD Leveling beam with roller 2500mm - Without bracket - EMA Sverige\",\"isPartOf\":{\"@id\":\"https:\/\/emastaging.hemsida.eu\/en\/#website\"},\"datePublished\":\"2021-10-04T13:24:01+00:00\",\"dateModified\":\"2023-05-10T16:37:20+00:00\",\"description\":\"HD Leveling beam with roller 2500mm - Without bracket. Adjustable roller 1 - 5 mm with scraper strip, Hardox on exposed wear parts and Bolted brackets.\",\"breadcrumb\":{\"@id\":\"https:\/\/emastaging.hemsida.eu\/en\/produkt\/hd-leveling-beam-with-roller-2500mm-without-bracket\/#breadcrumb\"},\"inLanguage\":\"en-US\",\"potentialAction\":[{\"@type\":\"ReadAction\",\"target\":[\"https:\/\/emastaging.hemsida.eu\/en\/produkt\/hd-leveling-beam-with-roller-2500mm-without-bracket\/\"]}]},{\"@type\":\"BreadcrumbList\",\"@id\":\"https:\/\/emastaging.hemsida.eu\/en\/produkt\/hd-leveling-beam-with-roller-2500mm-without-bracket\/#breadcrumb\",\"itemListElement\":[{\"@type\":\"ListItem\",\"position\":1,\"name\":\"Home\",\"item\":\"https:\/\/emastaging.hemsida.eu\/en\/ema-sweden\/\"},{\"@type\":\"ListItem\",\"position\":2,\"name\":\"Products\",\"item\":\"https:\/\/emastaging.hemsida.eu\/en\/products\/\"},{\"@type\":\"ListItem\",\"position\":3,\"name\":\"HD Leveling beam with roller 2500mm &#8211; Without bracket\"}]},{\"@type\":\"WebSite\",\"@id\":\"https:\/\/emastaging.hemsida.eu\/en\/#website\",\"url\":\"https:\/\/emastaging.hemsida.eu\/en\/\",\"name\":\"EMA Sverige\",\"description\":\"\",\"potentialAction\":[{\"@type\":\"SearchAction\",\"target\":{\"@type\":\"EntryPoint\",\"urlTemplate\":\"https:\/\/emastaging.hemsida.eu\/en\/?s={search_term_string}\"},\"query-input\":\"required name=search_term_string\"}],\"inLanguage\":\"en-US\"}]}<\/script>\n<!-- \/ Yoast SEO plugin. -->","yoast_head_json":{"title":"HD Leveling beam with roller 2500mm - Without bracket - EMA Sverige","description":"HD Leveling beam with roller 2500mm - Without bracket. Adjustable roller 1 - 5 mm with scraper strip, Hardox on exposed wear parts and Bolted brackets.","robots":{"index":"noindex","follow":"follow","max-snippet":"max-snippet:-1","max-image-preview":"max-image-preview:large","max-video-preview":"max-video-preview:-1"},"og_locale":"en_US","og_type":"article","og_title":"HD Leveling beam with roller 2500mm - Without bracket - EMA Sverige","og_description":"HD Leveling beam with roller 2500mm - Without bracket. Adjustable roller 1 - 5 mm with scraper strip, Hardox on exposed wear parts and Bolted brackets.","og_url":"https:\/\/emastaging.hemsida.eu\/en\/produkt\/hd-leveling-beam-with-roller-2500mm-without-bracket\/","og_site_name":"EMA Sverige","article_modified_time":"2023-05-10T16:37:20+00:00","twitter_card":"summary_large_image","schema":{"@context":"https:\/\/schema.org","@graph":[{"@type":"WebPage","@id":"https:\/\/emastaging.hemsida.eu\/en\/produkt\/hd-leveling-beam-with-roller-2500mm-without-bracket\/","url":"https:\/\/emastaging.hemsida.eu\/en\/produkt\/hd-leveling-beam-with-roller-2500mm-without-bracket\/","name":"HD Leveling beam with roller 2500mm - Without bracket - EMA Sverige","isPartOf":{"@id":"https:\/\/emastaging.hemsida.eu\/en\/#website"},"datePublished":"2021-10-04T13:24:01+00:00","dateModified":"2023-05-10T16:37:20+00:00","description":"HD Leveling beam with roller 2500mm - Without bracket. Adjustable roller 1 - 5 mm with scraper strip, Hardox on exposed wear parts and Bolted brackets.","breadcrumb":{"@id":"https:\/\/emastaging.hemsida.eu\/en\/produkt\/hd-leveling-beam-with-roller-2500mm-without-bracket\/#breadcrumb"},"inLanguage":"en-US","potentialAction":[{"@type":"ReadAction","target":["https:\/\/emastaging.hemsida.eu\/en\/produkt\/hd-leveling-beam-with-roller-2500mm-without-bracket\/"]}]},{"@type":"BreadcrumbList","@id":"https:\/\/emastaging.hemsida.eu\/en\/produkt\/hd-leveling-beam-with-roller-2500mm-without-bracket\/#breadcrumb","itemListElement":[{"@type":"ListItem","position":1,"name":"Home","item":"https:\/\/emastaging.hemsida.eu\/en\/ema-sweden\/"},{"@type":"ListItem","position":2,"name":"Products","item":"https:\/\/emastaging.hemsida.eu\/en\/products\/"},{"@type":"ListItem","position":3,"name":"HD Leveling beam with roller 2500mm &#8211; Without bracket"}]},{"@type":"WebSite","@id":"https:\/\/emastaging.hemsida.eu\/en\/#website","url":"https:\/\/emastaging.hemsida.eu\/en\/","name":"EMA Sverige","description":"","potentialAction":[{"@type":"SearchAction","target":{"@type":"EntryPoint","urlTemplate":"https:\/\/emastaging.hemsida.eu\/en\/?s={search_term_string}"},"query-input":"required name=search_term_string"}],"inLanguage":"en-US"}]}},"_links":{"self":[{"href":"https:\/\/emastaging.hemsida.eu\/en\/wp-json\/wp\/v2\/product\/8277"}],"collection":[{"href":"https:\/\/emastaging.hemsida.eu\/en\/wp-json\/wp\/v2\/product"}],"about":[{"href":"https:\/\/emastaging.hemsida.eu\/en\/wp-json\/wp\/v2\/types\/product"}],"wp:featuredmedia":[{"embeddable":true,"href":"https:\/\/emastaging.hemsida.eu\/en\/wp-json\/wp\/v2\/media\/5223"}],"wp:attachment":[{"href":"https:\/\/emastaging.hemsida.eu\/en\/wp-json\/wp\/v2\/media?parent=8277"}],"wp:term":[{"taxonomy":"product_cat","embeddable":true,"href":"https:\/\/emastaging.hemsida.eu\/en\/wp-json\/wp\/v2\/product_cat?post=8277"},{"taxonomy":"product_tag","embeddable":true,"href":"https:\/\/emastaging.hemsida.eu\/en\/wp-json\/wp\/v2\/product_tag?post=8277"}],"curies":[{"name":"wp","href":"https:\/\/api.w.org\/{rel}","templated":true}]}}