{"id":1569,"date":"2021-01-20T15:35:35","date_gmt":"2021-01-20T14:35:35","guid":{"rendered":"https:\/\/emasverigev2.adgrowthsites.se\/produkt\/std-planeringsbalk-med-rulle-2500mm-utan-faste\/"},"modified":"2023-09-28T23:23:37","modified_gmt":"2023-09-28T21:23:37","slug":"std-planeringsbalk-med-rulle-2500mm-utan-faste","status":"publish","type":"product","link":"https:\/\/emastaging.hemsida.eu\/en\/produkt\/std-planeringsbalk-med-rulle-2500mm-utan-faste\/","title":{"rendered":"Std Avj\u00e4mningsbalk med rulle 2500mm &#8211; Utan f\u00e4ste"},"content":{"rendered":"<p><sup>Std Avj\u00e4mningsbalk med rulle 2500mm &#8211; Utan f\u00e4ste<\/sup><br \/>\n\u2013 Smidig produkt f\u00f6r justering och planering av material. P\u00e5 liten tid kan du justera en mycket stor yta. Med rullen s\u00e4kerst\u00e4ller du att f\u00e5 en j\u00e4mn och fin yta innan t.ex. asfaltering<\/p>\n<p>V\u00e5ra Standard Avj\u00e4mningsbalkar med rulle har \u00d8 325mm utan skraplist p\u00e5 samtliga.<\/p>\n<p><sup>Std Avj\u00e4mningsbalk med rulle 2500mm &#8211; Utan f\u00e4ste<\/sup><\/p>\n<p>\u2013 Justerbar rulle 1 \u2013 5 mm<\/p>\n<p>\u2013\u00a0<a href=\"https:\/\/www.ssab.com\/sv-se\/varumarken-och-produkter\/hardox\"><strong>Hardox<\/strong><\/a>\u00a0p\u00e5 utsatta slitdelar<\/p>\n<p>\u2013\u00a0<a href=\"https:\/\/emastaging.hemsida.eu\/produkt-kategori\/gravmaskin\/faste-kabelplog\/\"><strong>Bultade f\u00e4sten<\/strong><\/a><\/p>\n<p>\u2013 Skraplist p\u00e5 samtliga HD med rulle<\/p>\n","protected":false},"excerpt":{"rendered":"<p>Std Avj\u00e4mningsbalk med rulle 2500mm &#8211; Utan f\u00e4ste \u2013 Smidig produkt f\u00f6r justering och planering av material. P\u00e5 liten tid kan du justera en mycket stor yta. Med rullen s\u00e4kerst\u00e4ller du att f\u00e5 en j\u00e4mn och fin yta innan t.ex. asfaltering V\u00e5ra Standard Avj\u00e4mningsbalkar med rulle har \u00d8 325mm utan skraplist p\u00e5 samtliga. Std Avj\u00e4mningsbalk [&hellip;]<\/p>\n","protected":false},"featured_media":7412,"template":"","meta":{"_mi_skip_tracking":false,"_monsterinsights_sitenote_active":false,"_monsterinsights_sitenote_note":"","_monsterinsights_sitenote_category":0},"product_cat":[2883,1024,65],"product_tag":[],"yoast_head":"<!-- This site is optimized with the Yoast SEO plugin v21.2 - https:\/\/yoast.com\/wordpress\/plugins\/seo\/ -->\n<title>Std Avj\u00e4mningsbalk med rulle 2500mm - Utan f\u00e4ste - EMA Sverige<\/title>\n<meta name=\"description\" content=\"Std Avj\u00e4mningsbalk med rulle 2500mm - Utan f\u00e4ste. Justerbar rulle 1 \u2013 5 mm, Hardox p\u00e5 utsatta slitdelar och Bultade f\u00e4sten.\" \/>\n<meta name=\"robots\" content=\"noindex, follow, max-snippet:-1, max-image-preview:large, max-video-preview:-1\" \/>\n<meta property=\"og:locale\" content=\"en_US\" \/>\n<meta property=\"og:type\" content=\"article\" \/>\n<meta property=\"og:title\" content=\"Std Avj\u00e4mningsbalk med rulle 2500mm - Utan f\u00e4ste - EMA Sverige\" \/>\n<meta property=\"og:description\" content=\"Std Avj\u00e4mningsbalk med rulle 2500mm - Utan f\u00e4ste. Justerbar rulle 1 \u2013 5 mm, Hardox p\u00e5 utsatta slitdelar och Bultade f\u00e4sten.\" \/>\n<meta property=\"og:url\" content=\"https:\/\/emastaging.hemsida.eu\/en\/produkt\/std-planeringsbalk-med-rulle-2500mm-utan-faste\/\" \/>\n<meta property=\"og:site_name\" content=\"EMA Sverige\" \/>\n<meta property=\"article:modified_time\" content=\"2023-09-28T21:23:37+00:00\" \/>\n<meta property=\"og:image\" content=\"https:\/\/emastaging.hemsida.eu\/wp-content\/uploads\/2021\/01\/Gi-GB-2000L-1-1.jpg\" \/>\n\t<meta property=\"og:image:width\" content=\"1000\" \/>\n\t<meta property=\"og:image:height\" content=\"750\" \/>\n\t<meta property=\"og:image:type\" content=\"image\/jpeg\" \/>\n<meta name=\"twitter:card\" content=\"summary_large_image\" \/>\n<meta name=\"twitter:label1\" content=\"Est. reading time\" \/>\n\t<meta name=\"twitter:data1\" content=\"1 minute\" \/>\n<script type=\"application\/ld+json\" class=\"yoast-schema-graph\">{\"@context\":\"https:\/\/schema.org\",\"@graph\":[{\"@type\":\"WebPage\",\"@id\":\"https:\/\/emastaging.hemsida.eu\/en\/produkt\/std-planeringsbalk-med-rulle-2500mm-utan-faste\/\",\"url\":\"https:\/\/emastaging.hemsida.eu\/en\/produkt\/std-planeringsbalk-med-rulle-2500mm-utan-faste\/\",\"name\":\"Std Avj\u00e4mningsbalk med rulle 2500mm - Utan f\u00e4ste - EMA Sverige\",\"isPartOf\":{\"@id\":\"https:\/\/emastaging.hemsida.eu\/en\/#website\"},\"datePublished\":\"2021-01-20T14:35:35+00:00\",\"dateModified\":\"2023-09-28T21:23:37+00:00\",\"description\":\"Std Avj\u00e4mningsbalk med rulle 2500mm - Utan f\u00e4ste. Justerbar rulle 1 \u2013 5 mm, Hardox p\u00e5 utsatta slitdelar och Bultade f\u00e4sten.\",\"breadcrumb\":{\"@id\":\"https:\/\/emastaging.hemsida.eu\/en\/produkt\/std-planeringsbalk-med-rulle-2500mm-utan-faste\/#breadcrumb\"},\"inLanguage\":\"en-US\",\"potentialAction\":[{\"@type\":\"ReadAction\",\"target\":[\"https:\/\/emastaging.hemsida.eu\/en\/produkt\/std-planeringsbalk-med-rulle-2500mm-utan-faste\/\"]}]},{\"@type\":\"BreadcrumbList\",\"@id\":\"https:\/\/emastaging.hemsida.eu\/en\/produkt\/std-planeringsbalk-med-rulle-2500mm-utan-faste\/#breadcrumb\",\"itemListElement\":[{\"@type\":\"ListItem\",\"position\":1,\"name\":\"Home\",\"item\":\"https:\/\/emastaging.hemsida.eu\/en\/ema-sweden\/\"},{\"@type\":\"ListItem\",\"position\":2,\"name\":\"Products\",\"item\":\"https:\/\/emastaging.hemsida.eu\/en\/products\/\"},{\"@type\":\"ListItem\",\"position\":3,\"name\":\"Std Avj\u00e4mningsbalk med rulle 2500mm &#8211; Utan f\u00e4ste\"}]},{\"@type\":\"WebSite\",\"@id\":\"https:\/\/emastaging.hemsida.eu\/en\/#website\",\"url\":\"https:\/\/emastaging.hemsida.eu\/en\/\",\"name\":\"EMA Sverige\",\"description\":\"\",\"potentialAction\":[{\"@type\":\"SearchAction\",\"target\":{\"@type\":\"EntryPoint\",\"urlTemplate\":\"https:\/\/emastaging.hemsida.eu\/en\/?s={search_term_string}\"},\"query-input\":\"required name=search_term_string\"}],\"inLanguage\":\"en-US\"}]}<\/script>\n<!-- \/ Yoast SEO plugin. -->","yoast_head_json":{"title":"Std Avj\u00e4mningsbalk med rulle 2500mm - Utan f\u00e4ste - EMA Sverige","description":"Std Avj\u00e4mningsbalk med rulle 2500mm - Utan f\u00e4ste. Justerbar rulle 1 \u2013 5 mm, Hardox p\u00e5 utsatta slitdelar och Bultade f\u00e4sten.","robots":{"index":"noindex","follow":"follow","max-snippet":"max-snippet:-1","max-image-preview":"max-image-preview:large","max-video-preview":"max-video-preview:-1"},"og_locale":"en_US","og_type":"article","og_title":"Std Avj\u00e4mningsbalk med rulle 2500mm - Utan f\u00e4ste - EMA Sverige","og_description":"Std Avj\u00e4mningsbalk med rulle 2500mm - Utan f\u00e4ste. Justerbar rulle 1 \u2013 5 mm, Hardox p\u00e5 utsatta slitdelar och Bultade f\u00e4sten.","og_url":"https:\/\/emastaging.hemsida.eu\/en\/produkt\/std-planeringsbalk-med-rulle-2500mm-utan-faste\/","og_site_name":"EMA Sverige","article_modified_time":"2023-09-28T21:23:37+00:00","og_image":[{"width":1000,"height":750,"url":"https:\/\/emastaging.hemsida.eu\/wp-content\/uploads\/2021\/01\/Gi-GB-2000L-1-1.jpg","type":"image\/jpeg"}],"twitter_card":"summary_large_image","twitter_misc":{"Est. reading time":"1 minute"},"schema":{"@context":"https:\/\/schema.org","@graph":[{"@type":"WebPage","@id":"https:\/\/emastaging.hemsida.eu\/en\/produkt\/std-planeringsbalk-med-rulle-2500mm-utan-faste\/","url":"https:\/\/emastaging.hemsida.eu\/en\/produkt\/std-planeringsbalk-med-rulle-2500mm-utan-faste\/","name":"Std Avj\u00e4mningsbalk med rulle 2500mm - Utan f\u00e4ste - EMA Sverige","isPartOf":{"@id":"https:\/\/emastaging.hemsida.eu\/en\/#website"},"datePublished":"2021-01-20T14:35:35+00:00","dateModified":"2023-09-28T21:23:37+00:00","description":"Std Avj\u00e4mningsbalk med rulle 2500mm - Utan f\u00e4ste. Justerbar rulle 1 \u2013 5 mm, Hardox p\u00e5 utsatta slitdelar och Bultade f\u00e4sten.","breadcrumb":{"@id":"https:\/\/emastaging.hemsida.eu\/en\/produkt\/std-planeringsbalk-med-rulle-2500mm-utan-faste\/#breadcrumb"},"inLanguage":"en-US","potentialAction":[{"@type":"ReadAction","target":["https:\/\/emastaging.hemsida.eu\/en\/produkt\/std-planeringsbalk-med-rulle-2500mm-utan-faste\/"]}]},{"@type":"BreadcrumbList","@id":"https:\/\/emastaging.hemsida.eu\/en\/produkt\/std-planeringsbalk-med-rulle-2500mm-utan-faste\/#breadcrumb","itemListElement":[{"@type":"ListItem","position":1,"name":"Home","item":"https:\/\/emastaging.hemsida.eu\/en\/ema-sweden\/"},{"@type":"ListItem","position":2,"name":"Products","item":"https:\/\/emastaging.hemsida.eu\/en\/products\/"},{"@type":"ListItem","position":3,"name":"Std Avj\u00e4mningsbalk med rulle 2500mm &#8211; Utan f\u00e4ste"}]},{"@type":"WebSite","@id":"https:\/\/emastaging.hemsida.eu\/en\/#website","url":"https:\/\/emastaging.hemsida.eu\/en\/","name":"EMA Sverige","description":"","potentialAction":[{"@type":"SearchAction","target":{"@type":"EntryPoint","urlTemplate":"https:\/\/emastaging.hemsida.eu\/en\/?s={search_term_string}"},"query-input":"required name=search_term_string"}],"inLanguage":"en-US"}]}},"_links":{"self":[{"href":"https:\/\/emastaging.hemsida.eu\/en\/wp-json\/wp\/v2\/product\/1569"}],"collection":[{"href":"https:\/\/emastaging.hemsida.eu\/en\/wp-json\/wp\/v2\/product"}],"about":[{"href":"https:\/\/emastaging.hemsida.eu\/en\/wp-json\/wp\/v2\/types\/product"}],"wp:featuredmedia":[{"embeddable":true,"href":"https:\/\/emastaging.hemsida.eu\/en\/wp-json\/wp\/v2\/media\/7412"}],"wp:attachment":[{"href":"https:\/\/emastaging.hemsida.eu\/en\/wp-json\/wp\/v2\/media?parent=1569"}],"wp:term":[{"taxonomy":"product_cat","embeddable":true,"href":"https:\/\/emastaging.hemsida.eu\/en\/wp-json\/wp\/v2\/product_cat?post=1569"},{"taxonomy":"product_tag","embeddable":true,"href":"https:\/\/emastaging.hemsida.eu\/en\/wp-json\/wp\/v2\/product_tag?post=1569"}],"curies":[{"name":"wp","href":"https:\/\/api.w.org\/{rel}","templated":true}]}}